{"id":15682,"date":"2020-02-03T15:46:43","date_gmt":"2020-02-03T14:46:43","guid":{"rendered":"https:\/\/www.ville-celles-sur-belle.com\/?page_id=15682"},"modified":"2025-12-10T14:24:20","modified_gmt":"2025-12-10T13:24:20","slug":"bulletins_municipaux","status":"publish","type":"page","link":"https:\/\/www.ville-celles-sur-belle.com\/en\/ville-active\/bulletins_municipaux\/","title":{"rendered":"Bulletins municipaux"},"content":{"rendered":"<div id=\"banniere_contenu\" class=\"wpb_row vc_row-fluid full-width-section section  section-no-parallax  stretch\" data-speed=\"1\" style=\"\"><div class=\"col span_12 color-dark left\">\n\t<div class=\"vc_col-sm-12 wpb_column column_container col no-padding color-dark\" style=\"\" data-animation=\"\" data-delay=\"\">\n\t\t<div class=\"wpb_wrapper\">\n\t\t\t<div class=\"single_image wpb_content_element align-left\" data-animation=\"none\" data-delay=\"0\"><img width=\"2304\" height=\"912\" src=\"https:\/\/www.ville-celles-sur-belle.com\/wp-content\/uploads\/2020\/01\/slide1.jpg\" class=\"attachment-full\" alt=\"\" loading=\"lazy\" srcset=\"https:\/\/www.ville-celles-sur-belle.com\/wp-content\/uploads\/2020\/01\/slide1.jpg 2304w, https:\/\/www.ville-celles-sur-belle.com\/wp-content\/uploads\/2020\/01\/slide1-300x119.jpg 300w, https:\/\/www.ville-celles-sur-belle.com\/wp-content\/uploads\/2020\/01\/slide1-1024x405.jpg 1024w, https:\/\/www.ville-celles-sur-belle.com\/wp-content\/uploads\/2020\/01\/slide1-768x304.jpg 768w, https:\/\/www.ville-celles-sur-belle.com\/wp-content\/uploads\/2020\/01\/slide1-1536x608.jpg 1536w, https:\/\/www.ville-celles-sur-belle.com\/wp-content\/uploads\/2020\/01\/slide1-2048x811.jpg 2048w\" sizes=\"(max-width: 2304px) 100vw, 2304px\" \/><\/div>\n\t\t<\/div> \n\t<\/div> \n<\/div><\/div><div  class=\"wpb_row vc_row-fluid standard-section section  section-no-parallax  stretch\" data-speed=\"1\" style=\"padding-top: 20px; \"><div class=\"col span_12 color-dark left\">\n\t<div class=\"vc_col-sm-6 wpb_column column_container col no-padding color-dark\" style=\"\" data-animation=\"\" data-delay=\"\">\n\t\t<div class=\"wpb_wrapper\">\n\t\t\t<div class=\"single_image wpb_content_element align-left\" data-animation=\"none\" data-delay=\"0\"><a href=\"https:\/\/www.ville-celles-sur-belle.com\/wp-content\/uploads\/2025\/10\/Le-Petit-Echo-Octobre-2025-HD_compressed.pdf\" target=\"_blank\"><img width=\"655\" height=\"876\" src=\"https:\/\/www.ville-celles-sur-belle.com\/wp-content\/uploads\/2025\/10\/couv_echos_belle_oct_2025.png\" class=\"attachment-full\" alt=\"\" loading=\"lazy\" srcset=\"https:\/\/www.ville-celles-sur-belle.com\/wp-content\/uploads\/2025\/10\/couv_echos_belle_oct_2025.png 655w, https:\/\/www.ville-celles-sur-belle.com\/wp-content\/uploads\/2025\/10\/couv_echos_belle_oct_2025-224x300.png 224w, https:\/\/www.ville-celles-sur-belle.com\/wp-content\/uploads\/2025\/10\/couv_echos_belle_oct_2025-9x12.png 9w\" sizes=\"(max-width: 655px) 100vw, 655px\" \/><\/a><\/div>\n\t\t<\/div> \n\t<\/div> \n\n\t<div class=\"vc_col-sm-6 wpb_column column_container col no-padding color-dark\" style=\"\" data-animation=\"\" data-delay=\"\">\n\t\t<div class=\"wpb_wrapper\">\n\t\t\t<div class=\"spacer\" style=\"height: 40px;\"><\/div>\n\t<div class=\"wpb_text_column wpb_content_element\" >\n\t\t<div class=\"wpb_wrapper\">\n\t\t\t<div class=\"\" style=\"text-align: center;\"><span class=\"\">Les <strong>\u00c9chos de la Belle<\/strong>, c&rsquo;est le<\/span><span class=\"\">\u00a0bulletin municipal de Celles-sur-Belle qui\u00a0<\/span><span class=\"\">est \u00e9dit\u00e9 deux \u00e0 trois fois par an. <\/span><span class=\"\">Il vous permet de vos tenir informer sur les diff\u00e9rentes actions r\u00e9alis\u00e9es au sein de notre commune et de nos communes d\u00e9l\u00e9gu\u00e9es (<\/span><span class=\"\">(budget, d\u00e9marches administratives, actions des diff\u00e9rents services)\u00a0<\/span><span class=\"\">mais <\/span><span class=\"\">\u00e9galement un moyen de promouvoir les activit\u00e9s de nos associations et de nos entreprises. <strong>Le Petit \u00c9cho<\/strong> est une version all\u00e9g\u00e9e, 4 pages, qui permet de patienter jusqu&rsquo;au prochain bulletin !<br \/>\n<\/span><\/div>\n<div><\/div>\n<div><\/div>\n<div><\/div>\n<div class=\"\" style=\"text-align: center;\"><strong><span class=\"\">Bonne lecture \u00e0 vous !<br \/>\n<\/span><\/strong><\/div>\n\n\t\t<\/div>\n\t<\/div>\n<div class=\"spacer\" style=\"height: 30px;\"><\/div>\n\t<div class=\"wpb_text_column wpb_content_element\" >\n\t\t<div class=\"wpb_wrapper\">\n\t\t\t<h3>Pr\u00e9c\u00e9dentes publications<\/h3>\n\n\t\t<\/div>\n\t<\/div>\n<div class=\"vc_tta-container\" data-vc-action=\"collapse\"><div class=\"vc_general vc_tta vc_tta-accordion vc_tta-color-grey vc_tta-style-classic vc_tta-shape-square vc_tta-o-shape-group vc_tta-controls-align-left\"><div class=\"vc_tta-panels-container\"><div class=\"vc_tta-panels\"><div class=\"vc_tta-panel\" id=\"1737991822985-67a4c4ce-d023\" data-vc-content=\".vc_tta-panel-body\"><div class=\"vc_tta-panel-heading\"><h4 class=\"vc_tta-panel-title vc_tta-controls-icon-position-left\"><a href=\"#1737991822985-67a4c4ce-d023\" data-vc-accordion data-vc-container=\".vc_tta-container\"><span class=\"vc_tta-title-text\">2025<\/span><i class=\"vc_tta-controls-icon vc_tta-controls-icon-plus\"><\/i><\/a><\/h4><\/div><div class=\"vc_tta-panel-body\"><a href=\"https:\/\/www.ville-celles-sur-belle.com\/wp-content\/uploads\/2025\/01\/LES-E\u0301CHOS-DE-LA-BELLE-janvier-2025-24-01_A4.pdf\" target=\"_self\" class=\"button color-1 small\" style=\"border-radius: 2px;\">Janvier 2025<\/a><a href=\"https:\/\/www.ville-celles-sur-belle.com\/wp-content\/uploads\/2025\/12\/Le-Petit-Echo-Octobre-2025-web.pdf\" target=\"_self\" class=\"button color-1 small\" style=\"border-radius: 2px;\">Novembre 2025<\/a><\/div><\/div><div class=\"vc_tta-panel\" id=\"1608710578220-2876aa0a-74cd\" data-vc-content=\".vc_tta-panel-body\"><div class=\"vc_tta-panel-heading\"><h4 class=\"vc_tta-panel-title vc_tta-controls-icon-position-left\"><a href=\"#1608710578220-2876aa0a-74cd\" data-vc-accordion data-vc-container=\".vc_tta-container\"><span class=\"vc_tta-title-text\">2024<\/span><i class=\"vc_tta-controls-icon vc_tta-controls-icon-plus\"><\/i><\/a><\/h4><\/div><div class=\"vc_tta-panel-body\"><a href=\"https:\/\/www.ville-celles-sur-belle.com\/wp-content\/uploads\/2024\/01\/LES-ECHOS-DE-LA-BELLE-janvier-2024-web.pdf\" target=\"_blank\" class=\"button color-1 small\" style=\"border-radius: ;\"><i class='fa fa-file'><\/i>Janvier 2024<\/a><a href=\"https:\/\/www.ville-celles-sur-belle.com\/wp-content\/uploads\/2024\/03\/Le-Petit-Echo-Mars-2024-VF.pdf\" target=\"_blank\" class=\"button color-1 small\" style=\"border-radius: ;\"><i class='fa fa-file'><\/i>Mars 2024 &#8211; Petit Echo<\/a><a href=\"https:\/\/www.ville-celles-sur-belle.com\/wp-content\/uploads\/2024\/07\/Le-Petit-Echo-Juin-2024-VF.pdf\" target=\"_blank\" class=\"button color-1 small\" style=\"border-radius: ;\"><i class='fa fa-file'><\/i>Juillet 2024 &#8211; Petit Echo<\/a><a href=\"https:\/\/www.ville-celles-sur-belle.com\/wp-content\/uploads\/2024\/10\/Le-Petit-Echo-Octobre-2024-cor.pdf\" target=\"_blank\" class=\"button color-1 small\" style=\"border-radius: ;\"><i class='fa fa-file'><\/i>Novembre 2024 &#8211; Petit Echo<\/a><\/div><\/div><div class=\"vc_tta-panel\" id=\"1705929427304-e329ee49-8f7f\" data-vc-content=\".vc_tta-panel-body\"><div class=\"vc_tta-panel-heading\"><h4 class=\"vc_tta-panel-title vc_tta-controls-icon-position-left\"><a href=\"#1705929427304-e329ee49-8f7f\" data-vc-accordion data-vc-container=\".vc_tta-container\"><span class=\"vc_tta-title-text\">2023<\/span><i class=\"vc_tta-controls-icon vc_tta-controls-icon-plus\"><\/i><\/a><\/h4><\/div><div class=\"vc_tta-panel-body\"><a href=\"https:\/\/www.ville-celles-sur-belle.com\/wp-content\/uploads\/2023\/02\/LES-ECHOS-DE-LA-BELLE-janvier-2023.pdf\" target=\"_blank\" class=\"button color-1 small\" style=\"border-radius: ;\"><i class='fa fa-file'><\/i>Janvier 2023<\/a><a href=\"https:\/\/www.ville-celles-sur-belle.com\/wp-content\/uploads\/2023\/03\/Le-Petit-Echo-de-la-Belle-Mars-2023-web-page-a-page.pdf\" target=\"_blank\" class=\"button color-1 small\" style=\"border-radius: ;\"><i class='fa fa-file'><\/i>Mars 2023 &#8211; Petit \u00c9cho<\/a><a href=\"https:\/\/www.ville-celles-sur-belle.com\/wp-content\/uploads\/2023\/07\/LES-ECHOS-DE-LA-BELLE-juillet-2023-web.pdf\" target=\"_blank\" class=\"button color-1 small\" style=\"border-radius: ;\"><i class='fa fa-file'><\/i>Juillet 2023 <\/a><a href=\"https:\/\/www.ville-celles-sur-belle.com\/wp-content\/uploads\/2023\/10\/Le-Petit-Echo-novembre-2023-web.pdf\" target=\"_blank\" class=\"button color-1 small\" style=\"border-radius: ;\"><i class='fa fa-file'><\/i>Novembre 2023<\/a><\/div><\/div><div class=\"vc_tta-panel\" id=\"1646734451082-37547a8f-85e9\" data-vc-content=\".vc_tta-panel-body\"><div class=\"vc_tta-panel-heading\"><h4 class=\"vc_tta-panel-title vc_tta-controls-icon-position-left\"><a href=\"#1646734451082-37547a8f-85e9\" data-vc-accordion data-vc-container=\".vc_tta-container\"><span class=\"vc_tta-title-text\">2022<\/span><i class=\"vc_tta-controls-icon vc_tta-controls-icon-plus\"><\/i><\/a><\/h4><\/div><div class=\"vc_tta-panel-body\"><a href=\"https:\/\/www.ville-celles-sur-belle.com\/wp-content\/uploads\/2022\/10\/Bulletin-Info-Octobre-2022.pdf\" target=\"_blank\" class=\"button color-1 small\" style=\"border-radius: 2px;\">Novembre 2022 &#8211; Petit \u00c9cho<\/a><\/div><\/div><\/div><\/div><\/div><\/div>\n\t\t<\/div> \n\t<\/div> \n<\/div><\/div>","protected":false},"excerpt":{"rendered":"Les \u00c9chos de la Belle, c'est le\u00a0bulletin municipal de Celles-sur-Belle qui\u00a0est \u00e9dit\u00e9 deux \u00e0 trois fois par an. Il vous permet de vos tenir informer sur les diff\u00e9rentes actions r\u00e9alis\u00e9es au sein de notre commune et de nos communes d\u00e9l\u00e9gu\u00e9es ((budget, d\u00e9marches administratives, actions des diff\u00e9rents services)\u00a0mais \u00e9galement un moyen de promouvoir les activit\u00e9s de nos associations et de nos entreprises. Le Petit \u00c9cho est une version all\u00e9g\u00e9e, 4 pages, qui permet de patienter jusqu'au prochain bulletin ! Bonne lecture \u00e0 vous ! Pr\u00e9c\u00e9dentes publications 2025Janvier 2025Novembre 20252024Janvier 2024Mars 2024 - Petit EchoJuillet 2024 - Petit EchoNovembre 2024 - Petit Echo2023Janvier 2023Mars 2023 - Petit \u00c9choJuillet 2023 Novembre 20232022Novembre 2022 - Petit \u00c9cho","protected":false},"author":4,"featured_media":0,"parent":15628,"menu_order":0,"comment_status":"closed","ping_status":"closed","template":"","meta":[],"yoast_head":"<!-- This site is optimized with the Yoast SEO plugin v17.0 - https:\/\/yoast.com\/wordpress\/plugins\/seo\/ -->\n<title>Bulletins municipaux - Mairie de Celles-sur-Belle<\/title>\n<meta name=\"robots\" content=\"index, follow, max-snippet:-1, max-image-preview:large, max-video-preview:-1\" \/>\n<link rel=\"canonical\" href=\"https:\/\/www.ville-celles-sur-belle.com\/en\/ville-active\/bulletins_municipaux\/\" \/>\n<meta property=\"og:locale\" content=\"en_GB\" \/>\n<meta property=\"og:type\" content=\"article\" \/>\n<meta property=\"og:title\" content=\"Bulletins municipaux - Mairie de Celles-sur-Belle\" \/>\n<meta property=\"og:url\" content=\"https:\/\/www.ville-celles-sur-belle.com\/en\/ville-active\/bulletins_municipaux\/\" \/>\n<meta property=\"og:site_name\" content=\"Mairie de Celles-sur-Belle\" \/>\n<meta property=\"article:modified_time\" content=\"2025-12-10T13:24:20+00:00\" \/>\n<meta name=\"twitter:card\" content=\"summary_large_image\" \/>\n<meta name=\"twitter:label1\" content=\"Estimated reading time\" \/>\n\t<meta name=\"twitter:data1\" content=\"1 minute\" \/>\n<script type=\"application\/ld+json\" class=\"yoast-schema-graph\">{\"@context\":\"https:\/\/schema.org\",\"@graph\":[{\"@type\":\"WebSite\",\"@id\":\"https:\/\/www.ville-celles-sur-belle.com\/#website\",\"url\":\"https:\/\/www.ville-celles-sur-belle.com\/\",\"name\":\"Mairie de Celles-sur-Belle\",\"description\":\"Belle \\u00e0 investir\",\"potentialAction\":[{\"@type\":\"SearchAction\",\"target\":{\"@type\":\"EntryPoint\",\"urlTemplate\":\"https:\/\/www.ville-celles-sur-belle.com\/?s={search_term_string}\"},\"query-input\":\"required name=search_term_string\"}],\"inLanguage\":\"en-GB\"},{\"@type\":\"WebPage\",\"@id\":\"https:\/\/www.ville-celles-sur-belle.com\/ville-active\/bulletins_municipaux\/#webpage\",\"url\":\"https:\/\/www.ville-celles-sur-belle.com\/ville-active\/bulletins_municipaux\/\",\"name\":\"Bulletins municipaux - Mairie de Celles-sur-Belle\",\"isPartOf\":{\"@id\":\"https:\/\/www.ville-celles-sur-belle.com\/#website\"},\"datePublished\":\"2020-02-03T14:46:43+00:00\",\"dateModified\":\"2025-12-10T13:24:20+00:00\",\"breadcrumb\":{\"@id\":\"https:\/\/www.ville-celles-sur-belle.com\/ville-active\/bulletins_municipaux\/#breadcrumb\"},\"inLanguage\":\"en-GB\",\"potentialAction\":[{\"@type\":\"ReadAction\",\"target\":[\"https:\/\/www.ville-celles-sur-belle.com\/ville-active\/bulletins_municipaux\/\"]}]},{\"@type\":\"BreadcrumbList\",\"@id\":\"https:\/\/www.ville-celles-sur-belle.com\/ville-active\/bulletins_municipaux\/#breadcrumb\",\"itemListElement\":[{\"@type\":\"ListItem\",\"position\":1,\"name\":\"Accueil\",\"item\":\"https:\/\/www.ville-celles-sur-belle.com\/\"},{\"@type\":\"ListItem\",\"position\":2,\"name\":\"Ville active\",\"item\":\"https:\/\/www.ville-celles-sur-belle.com\/ville-active\/\"},{\"@type\":\"ListItem\",\"position\":3,\"name\":\"Bulletins municipaux\"}]}]}<\/script>\n<!-- \/ Yoast SEO plugin. -->","yoast_head_json":{"title":"Bulletins municipaux - Mairie de Celles-sur-Belle","robots":{"index":"index","follow":"follow","max-snippet":"max-snippet:-1","max-image-preview":"max-image-preview:large","max-video-preview":"max-video-preview:-1"},"canonical":"https:\/\/www.ville-celles-sur-belle.com\/en\/ville-active\/bulletins_municipaux\/","og_locale":"en_GB","og_type":"article","og_title":"Bulletins municipaux - Mairie de Celles-sur-Belle","og_url":"https:\/\/www.ville-celles-sur-belle.com\/en\/ville-active\/bulletins_municipaux\/","og_site_name":"Mairie de Celles-sur-Belle","article_modified_time":"2025-12-10T13:24:20+00:00","twitter_card":"summary_large_image","twitter_misc":{"Estimated reading time":"1 minute"},"schema":{"@context":"https:\/\/schema.org","@graph":[{"@type":"WebSite","@id":"https:\/\/www.ville-celles-sur-belle.com\/#website","url":"https:\/\/www.ville-celles-sur-belle.com\/","name":"Mairie de Celles-sur-Belle","description":"Belle \u00e0 investir","potentialAction":[{"@type":"SearchAction","target":{"@type":"EntryPoint","urlTemplate":"https:\/\/www.ville-celles-sur-belle.com\/?s={search_term_string}"},"query-input":"required name=search_term_string"}],"inLanguage":"en-GB"},{"@type":"WebPage","@id":"https:\/\/www.ville-celles-sur-belle.com\/ville-active\/bulletins_municipaux\/#webpage","url":"https:\/\/www.ville-celles-sur-belle.com\/ville-active\/bulletins_municipaux\/","name":"Bulletins municipaux - Mairie de Celles-sur-Belle","isPartOf":{"@id":"https:\/\/www.ville-celles-sur-belle.com\/#website"},"datePublished":"2020-02-03T14:46:43+00:00","dateModified":"2025-12-10T13:24:20+00:00","breadcrumb":{"@id":"https:\/\/www.ville-celles-sur-belle.com\/ville-active\/bulletins_municipaux\/#breadcrumb"},"inLanguage":"en-GB","potentialAction":[{"@type":"ReadAction","target":["https:\/\/www.ville-celles-sur-belle.com\/ville-active\/bulletins_municipaux\/"]}]},{"@type":"BreadcrumbList","@id":"https:\/\/www.ville-celles-sur-belle.com\/ville-active\/bulletins_municipaux\/#breadcrumb","itemListElement":[{"@type":"ListItem","position":1,"name":"Accueil","item":"https:\/\/www.ville-celles-sur-belle.com\/"},{"@type":"ListItem","position":2,"name":"Ville active","item":"https:\/\/www.ville-celles-sur-belle.com\/ville-active\/"},{"@type":"ListItem","position":3,"name":"Bulletins municipaux"}]}]}},"_links":{"self":[{"href":"https:\/\/www.ville-celles-sur-belle.com\/en\/wp-json\/wp\/v2\/pages\/15682"}],"collection":[{"href":"https:\/\/www.ville-celles-sur-belle.com\/en\/wp-json\/wp\/v2\/pages"}],"about":[{"href":"https:\/\/www.ville-celles-sur-belle.com\/en\/wp-json\/wp\/v2\/types\/page"}],"author":[{"embeddable":true,"href":"https:\/\/www.ville-celles-sur-belle.com\/en\/wp-json\/wp\/v2\/users\/4"}],"replies":[{"embeddable":true,"href":"https:\/\/www.ville-celles-sur-belle.com\/en\/wp-json\/wp\/v2\/comments?post=15682"}],"version-history":[{"count":79,"href":"https:\/\/www.ville-celles-sur-belle.com\/en\/wp-json\/wp\/v2\/pages\/15682\/revisions"}],"predecessor-version":[{"id":20589,"href":"https:\/\/www.ville-celles-sur-belle.com\/en\/wp-json\/wp\/v2\/pages\/15682\/revisions\/20589"}],"up":[{"embeddable":true,"href":"https:\/\/www.ville-celles-sur-belle.com\/en\/wp-json\/wp\/v2\/pages\/15628"}],"wp:attachment":[{"href":"https:\/\/www.ville-celles-sur-belle.com\/en\/wp-json\/wp\/v2\/media?parent=15682"}],"curies":[{"name":"wp","href":"https:\/\/api.w.org\/{rel}","templated":true}]}}