{"id":15694,"date":"2020-02-03T15:49:52","date_gmt":"2020-02-03T14:49:52","guid":{"rendered":"https:\/\/www.ville-celles-sur-belle.com\/?page_id=15694"},"modified":"2026-02-04T11:23:29","modified_gmt":"2026-02-04T10:23:29","slug":"petiteenfance","status":"publish","type":"page","link":"https:\/\/www.ville-celles-sur-belle.com\/en\/ville-active\/enfance-jeunesse\/petiteenfance\/","title":{"rendered":"Petite Enfance"},"content":{"rendered":"<div id=\"banniere_contenu\" class=\"wpb_row vc_row-fluid full-width-section section  section-no-parallax  stretch\" data-speed=\"1\" style=\"\"><div class=\"col span_12 color-dark left\">\n\t<div class=\"vc_col-sm-12 wpb_column column_container col no-padding color-dark\" style=\"\" data-animation=\"\" data-delay=\"\">\n\t\t<div class=\"wpb_wrapper\">\n\t\t\t<div class=\"single_image wpb_content_element align-left\" data-animation=\"none\" data-delay=\"0\"><img width=\"2304\" height=\"912\" src=\"https:\/\/www.ville-celles-sur-belle.com\/wp-content\/uploads\/2020\/01\/slide1.jpg\" class=\"attachment-full\" alt=\"\" loading=\"lazy\" srcset=\"https:\/\/www.ville-celles-sur-belle.com\/wp-content\/uploads\/2020\/01\/slide1.jpg 2304w, https:\/\/www.ville-celles-sur-belle.com\/wp-content\/uploads\/2020\/01\/slide1-300x119.jpg 300w, https:\/\/www.ville-celles-sur-belle.com\/wp-content\/uploads\/2020\/01\/slide1-1024x405.jpg 1024w, https:\/\/www.ville-celles-sur-belle.com\/wp-content\/uploads\/2020\/01\/slide1-768x304.jpg 768w, https:\/\/www.ville-celles-sur-belle.com\/wp-content\/uploads\/2020\/01\/slide1-1536x608.jpg 1536w, https:\/\/www.ville-celles-sur-belle.com\/wp-content\/uploads\/2020\/01\/slide1-2048x811.jpg 2048w\" sizes=\"(max-width: 2304px) 100vw, 2304px\" \/><\/div>\n\t\t<\/div> \n\t<\/div> \n<\/div><\/div><div  class=\"wpb_row vc_row-fluid standard-section section  section-no-parallax  stretch\" data-speed=\"1\" style=\"padding-top: 100px; \"><div class=\"col span_12 color-dark left\">\n\t<div class=\"vc_col-sm-3 wpb_column column_container col no-padding color-dark\" style=\"\" data-animation=\"\" data-delay=\"\">\n\t\t<div class=\"wpb_wrapper\">\n\t\t\t<div class=\"spacer\" style=\"height: 40px;\"><\/div><div class=\"single_image wpb_content_element align-left\" data-animation=\"none\" data-delay=\"0\"><img width=\"969\" height=\"646\" src=\"https:\/\/www.ville-celles-sur-belle.com\/wp-content\/uploads\/2020\/03\/Capture-1.png\" class=\"attachment-full\" alt=\"Cube enfant\" loading=\"lazy\" srcset=\"https:\/\/www.ville-celles-sur-belle.com\/wp-content\/uploads\/2020\/03\/Capture-1.png 969w, https:\/\/www.ville-celles-sur-belle.com\/wp-content\/uploads\/2020\/03\/Capture-1-300x200.png 300w, https:\/\/www.ville-celles-sur-belle.com\/wp-content\/uploads\/2020\/03\/Capture-1-768x512.png 768w, https:\/\/www.ville-celles-sur-belle.com\/wp-content\/uploads\/2020\/03\/Capture-1-600x400.png 600w\" sizes=\"(max-width: 969px) 100vw, 969px\" \/><\/div><div class=\"spacer\" style=\"height: 30px;\"><\/div><div class=\"single_image wpb_content_element align-left\" data-animation=\"none\" data-delay=\"0\"><img width=\"285\" height=\"224\" src=\"https:\/\/www.ville-celles-sur-belle.com\/wp-content\/uploads\/2020\/03\/logo-mellois-poitou.jpg\" class=\"attachment-full\" alt=\"\" loading=\"lazy\" \/><\/div>\n\t\t<\/div> \n\t<\/div> \n\n\t<div class=\"vc_col-sm-9 wpb_column column_container col no-padding color-dark\" style=\"\" data-animation=\"\" data-delay=\"\">\n\t\t<div class=\"wpb_wrapper\">\n\t\t\t\n\t<div class=\"wpb_text_column wpb_content_element\" >\n\t\t<div class=\"wpb_wrapper\">\n\t\t\t<h2>Prendre soin des mini-cellois(es)<\/h2>\n\n\t\t<\/div>\n\t<\/div>\n\n\t<div class=\"wpb_text_column wpb_content_element\" >\n\t\t<div class=\"wpb_wrapper\">\n\t\t\t<p>La mairie de Celles-sur-Belle est aux c\u00f4t\u00e9s des futurs parents et des enfants.<\/p>\n<p>Les nombreux <a href=\"https:\/\/www.melloisenpoitou.fr\/les-actions\/education-et-enfance-jeunesse\/57-petite-enfance-0-6-ans\" target=\"_blank\" rel=\"noopener\">services Petite Enfance<\/a> mis en place par la communaut\u00e9 de communes Mellois en Poitou sont aussi \u00e0 votre disposition.<\/p>\n<p>&nbsp;<\/p>\n<p>Parmi eux, sur le secteur cellois :<\/p>\n<p>Le <a href=\"https:\/\/www.facebook.com\/ram.lemanegenchante.cccelles\" target=\"_blank\" rel=\"noopener\"><strong>Relais Petite Enfance (RPE)<\/strong>, <strong>LE MAN\u00c8GE ENCHANT\u00c9<\/strong><\/a><br \/>\nSitu\u00e9 au 17 rue de la voie basse \u00e0 Celles-sur-Belle, c&rsquo;est un lieu d\u2019information, de rencontres, d\u2019animation et d\u2019\u00e9changes entre assistant(e)s maternel(le)s. Le RPE peut \u00e9galement venir en aide aux futurs parents dans leur d\u00e9marches de recherche d&rsquo;assistant(e)s maternel(le)s, leurs d\u00e9marches administratives, etc.<br \/>\nT\u00e9l. 05 49 33 52 99 \/ <a href=\"mailto:corinne.patarin@melloisenpoitou.fr\" target=\"_blank\" rel=\"noopener\">corinne.patarin@melloisenpoitou.fr<\/a><\/p>\n<p>Le <a href=\"https:\/\/www.facebook.com\/animatriceparentalite\" target=\"_blank\" rel=\"noopener\"><strong>Lieu d&rsquo;accueil enfants-parents (LAEP), LA BULLE D&rsquo;AIR<\/strong><\/a><br \/>\nCet espace am\u00e9nag\u00e9 pour les 0 \u00e0 6 ans est situ\u00e9 \u00e0 la m\u00eame adresse que le RPE (17 rue de la voie basse, Celles-sur-Belle). Futurs parents, parents, grands-parents, toute personne ayant un lien familial avec l\u2019enfant, peuvent partager un temps avec leur(s) enfant(s).\u00a0 C\u2019est l\u2019occasion de faire une pause en dehors de la maison. C\u2019est gratuit, anonyme et ouvert \u00e0 tous.<br \/>\nT\u00e9l. 06 22 16 34 32 \/ <a href=\"mailto:karen.maitre@melloisenpoitou.fr\">karen.maitre@melloisenpoitou.fr<\/a><\/p>\n<p>La<a href=\"https:\/\/www.facebook.com\/animatriceparentalite\"><strong> Gym c\u00e2line et Gym 3 pommes<\/strong><\/a><br \/>\nIl s&rsquo;agit d&rsquo;un temps parent-enfant 9mois-3ans non scolaris\u00e9 (gym c\u00e2line) ou d&rsquo;un temps enfant +3ans seul dans un espace de motricit\u00e9 adapt\u00e9, \u00e0 la Structure Petite Enfance, 17 rue voie basse, Celles-sur-Belle<br \/>\nT\u00e9l. 06 22 16 34 32 \/ <a href=\"mailto:marie.audebert@melloisenpoitou.fr\">marie.audebert@melloisenpoitou.fr<\/a><\/p>\n<p>L&rsquo;<a href=\"https:\/\/www.facebook.com\/animatriceparentalite\"><strong>Action Passerelle<\/strong><\/a><br \/>\nCette action consiste \u00e0 vous accompagner, parents et futurs \u00e9coliers, sur plusieurs temps d\u2019immersion dans ce qui sera leur classe. Une d\u00e9couverte tout en douceur, de janvier \u00e0 juin pour une rentr\u00e9e de septembre en toute l\u00e9g\u00e8ret\u00e9.<br \/>\nT\u00e9l. 06 22 16 34 32 \/ <a href=\"mailto:karen.maitre@melloisenpoitou.fr\">karen.maitre@melloisenpoitou.fr<\/a><\/p>\n\n\t\t<\/div>\n\t<\/div>\n\n\t\t<\/div> \n\t<\/div> \n<\/div><\/div>","protected":false},"excerpt":{"rendered":"Prendre soin des mini-cellois(es) La mairie de Celles-sur-Belle est aux c\u00f4t\u00e9s des futurs parents et des enfants. Les nombreux services Petite Enfance mis en place par la communaut\u00e9 de communes Mellois en Poitou sont aussi \u00e0 votre disposition. &nbsp; Parmi eux, sur le secteur cellois : Le Relais Petite Enfance (RPE), LE MAN\u00c8GE ENCHANT\u00c9 Situ\u00e9 au 17 rue de la voie basse \u00e0 Celles-sur-Belle, c'est un lieu d\u2019information, de rencontres, d\u2019animation et d\u2019\u00e9changes entre assistant(e)s maternel(le)s. Le RPE peut \u00e9galement venir en aide aux futurs parents dans leur d\u00e9marches de recherche d'assistant(e)s maternel(le)s, leurs d\u00e9marches administratives, etc. T\u00e9l. 05 49 33 52 99 \/ corinne.patarin@melloisenpoitou.fr Le Lieu d'accueil enfants-parents (LAEP), LA BULLE D'AIR Cet espace am\u00e9nag\u00e9 pour les 0 \u00e0 6 ans est situ\u00e9 \u00e0 la m\u00eame adresse que le RPE (17 rue de la voie basse, Celles-sur-Belle). Futurs parents, parents, grands-parents, toute personne ayant un lien familial avec l\u2019enfant, peuvent partager un temps avec leur(s) enfant(s).\u00a0 C\u2019est l\u2019occasion de faire une pause en dehors de la maison. C\u2019est gratuit, anonyme et ouvert \u00e0 tous. T\u00e9l. 06 22 16 34 32 \/ karen.maitre@melloisenpoitou.fr La Gym c\u00e2line et Gym 3 pommes Il s'agit d'un temps parent-enfant 9mois-3ans non scolaris\u00e9 (gym c\u00e2line) [...]","protected":false},"author":4,"featured_media":0,"parent":15684,"menu_order":0,"comment_status":"closed","ping_status":"closed","template":"","meta":[],"yoast_head":"<!-- This site is optimized with the Yoast SEO plugin v17.0 - https:\/\/yoast.com\/wordpress\/plugins\/seo\/ -->\n<title>Petite Enfance - Mairie de Celles-sur-Belle<\/title>\n<meta name=\"robots\" content=\"index, follow, max-snippet:-1, max-image-preview:large, max-video-preview:-1\" \/>\n<link rel=\"canonical\" href=\"https:\/\/www.ville-celles-sur-belle.com\/en\/ville-active\/enfance-jeunesse\/petiteenfance\/\" \/>\n<meta property=\"og:locale\" content=\"en_GB\" \/>\n<meta property=\"og:type\" content=\"article\" \/>\n<meta property=\"og:title\" content=\"Petite Enfance - Mairie de Celles-sur-Belle\" \/>\n<meta property=\"og:url\" content=\"https:\/\/www.ville-celles-sur-belle.com\/en\/ville-active\/enfance-jeunesse\/petiteenfance\/\" \/>\n<meta property=\"og:site_name\" content=\"Mairie de Celles-sur-Belle\" \/>\n<meta property=\"article:modified_time\" content=\"2026-02-04T10:23:29+00:00\" \/>\n<meta name=\"twitter:card\" content=\"summary_large_image\" \/>\n<meta name=\"twitter:label1\" content=\"Estimated reading time\" \/>\n\t<meta name=\"twitter:data1\" content=\"1 minute\" \/>\n<script type=\"application\/ld+json\" class=\"yoast-schema-graph\">{\"@context\":\"https:\/\/schema.org\",\"@graph\":[{\"@type\":\"WebSite\",\"@id\":\"https:\/\/www.ville-celles-sur-belle.com\/#website\",\"url\":\"https:\/\/www.ville-celles-sur-belle.com\/\",\"name\":\"Mairie de Celles-sur-Belle\",\"description\":\"Belle \\u00e0 investir\",\"potentialAction\":[{\"@type\":\"SearchAction\",\"target\":{\"@type\":\"EntryPoint\",\"urlTemplate\":\"https:\/\/www.ville-celles-sur-belle.com\/?s={search_term_string}\"},\"query-input\":\"required name=search_term_string\"}],\"inLanguage\":\"en-GB\"},{\"@type\":\"WebPage\",\"@id\":\"https:\/\/www.ville-celles-sur-belle.com\/ville-active\/enfance-jeunesse\/petiteenfance\/#webpage\",\"url\":\"https:\/\/www.ville-celles-sur-belle.com\/ville-active\/enfance-jeunesse\/petiteenfance\/\",\"name\":\"Petite Enfance - Mairie de Celles-sur-Belle\",\"isPartOf\":{\"@id\":\"https:\/\/www.ville-celles-sur-belle.com\/#website\"},\"datePublished\":\"2020-02-03T14:49:52+00:00\",\"dateModified\":\"2026-02-04T10:23:29+00:00\",\"breadcrumb\":{\"@id\":\"https:\/\/www.ville-celles-sur-belle.com\/ville-active\/enfance-jeunesse\/petiteenfance\/#breadcrumb\"},\"inLanguage\":\"en-GB\",\"potentialAction\":[{\"@type\":\"ReadAction\",\"target\":[\"https:\/\/www.ville-celles-sur-belle.com\/ville-active\/enfance-jeunesse\/petiteenfance\/\"]}]},{\"@type\":\"BreadcrumbList\",\"@id\":\"https:\/\/www.ville-celles-sur-belle.com\/ville-active\/enfance-jeunesse\/petiteenfance\/#breadcrumb\",\"itemListElement\":[{\"@type\":\"ListItem\",\"position\":1,\"name\":\"Accueil\",\"item\":\"https:\/\/www.ville-celles-sur-belle.com\/\"},{\"@type\":\"ListItem\",\"position\":2,\"name\":\"Ville active\",\"item\":\"https:\/\/www.ville-celles-sur-belle.com\/ville-active\/\"},{\"@type\":\"ListItem\",\"position\":3,\"name\":\"Enfance jeunesse\",\"item\":\"https:\/\/www.ville-celles-sur-belle.com\/ville-active\/enfance-jeunesse\/\"},{\"@type\":\"ListItem\",\"position\":4,\"name\":\"Petite Enfance\"}]}]}<\/script>\n<!-- \/ Yoast SEO plugin. -->","yoast_head_json":{"title":"Petite Enfance - Mairie de Celles-sur-Belle","robots":{"index":"index","follow":"follow","max-snippet":"max-snippet:-1","max-image-preview":"max-image-preview:large","max-video-preview":"max-video-preview:-1"},"canonical":"https:\/\/www.ville-celles-sur-belle.com\/en\/ville-active\/enfance-jeunesse\/petiteenfance\/","og_locale":"en_GB","og_type":"article","og_title":"Petite Enfance - Mairie de Celles-sur-Belle","og_url":"https:\/\/www.ville-celles-sur-belle.com\/en\/ville-active\/enfance-jeunesse\/petiteenfance\/","og_site_name":"Mairie de Celles-sur-Belle","article_modified_time":"2026-02-04T10:23:29+00:00","twitter_card":"summary_large_image","twitter_misc":{"Estimated reading time":"1 minute"},"schema":{"@context":"https:\/\/schema.org","@graph":[{"@type":"WebSite","@id":"https:\/\/www.ville-celles-sur-belle.com\/#website","url":"https:\/\/www.ville-celles-sur-belle.com\/","name":"Mairie de Celles-sur-Belle","description":"Belle \u00e0 investir","potentialAction":[{"@type":"SearchAction","target":{"@type":"EntryPoint","urlTemplate":"https:\/\/www.ville-celles-sur-belle.com\/?s={search_term_string}"},"query-input":"required name=search_term_string"}],"inLanguage":"en-GB"},{"@type":"WebPage","@id":"https:\/\/www.ville-celles-sur-belle.com\/ville-active\/enfance-jeunesse\/petiteenfance\/#webpage","url":"https:\/\/www.ville-celles-sur-belle.com\/ville-active\/enfance-jeunesse\/petiteenfance\/","name":"Petite Enfance - Mairie de Celles-sur-Belle","isPartOf":{"@id":"https:\/\/www.ville-celles-sur-belle.com\/#website"},"datePublished":"2020-02-03T14:49:52+00:00","dateModified":"2026-02-04T10:23:29+00:00","breadcrumb":{"@id":"https:\/\/www.ville-celles-sur-belle.com\/ville-active\/enfance-jeunesse\/petiteenfance\/#breadcrumb"},"inLanguage":"en-GB","potentialAction":[{"@type":"ReadAction","target":["https:\/\/www.ville-celles-sur-belle.com\/ville-active\/enfance-jeunesse\/petiteenfance\/"]}]},{"@type":"BreadcrumbList","@id":"https:\/\/www.ville-celles-sur-belle.com\/ville-active\/enfance-jeunesse\/petiteenfance\/#breadcrumb","itemListElement":[{"@type":"ListItem","position":1,"name":"Accueil","item":"https:\/\/www.ville-celles-sur-belle.com\/"},{"@type":"ListItem","position":2,"name":"Ville active","item":"https:\/\/www.ville-celles-sur-belle.com\/ville-active\/"},{"@type":"ListItem","position":3,"name":"Enfance jeunesse","item":"https:\/\/www.ville-celles-sur-belle.com\/ville-active\/enfance-jeunesse\/"},{"@type":"ListItem","position":4,"name":"Petite Enfance"}]}]}},"_links":{"self":[{"href":"https:\/\/www.ville-celles-sur-belle.com\/en\/wp-json\/wp\/v2\/pages\/15694"}],"collection":[{"href":"https:\/\/www.ville-celles-sur-belle.com\/en\/wp-json\/wp\/v2\/pages"}],"about":[{"href":"https:\/\/www.ville-celles-sur-belle.com\/en\/wp-json\/wp\/v2\/types\/page"}],"author":[{"embeddable":true,"href":"https:\/\/www.ville-celles-sur-belle.com\/en\/wp-json\/wp\/v2\/users\/4"}],"replies":[{"embeddable":true,"href":"https:\/\/www.ville-celles-sur-belle.com\/en\/wp-json\/wp\/v2\/comments?post=15694"}],"version-history":[{"count":43,"href":"https:\/\/www.ville-celles-sur-belle.com\/en\/wp-json\/wp\/v2\/pages\/15694\/revisions"}],"predecessor-version":[{"id":20648,"href":"https:\/\/www.ville-celles-sur-belle.com\/en\/wp-json\/wp\/v2\/pages\/15694\/revisions\/20648"}],"up":[{"embeddable":true,"href":"https:\/\/www.ville-celles-sur-belle.com\/en\/wp-json\/wp\/v2\/pages\/15684"}],"wp:attachment":[{"href":"https:\/\/www.ville-celles-sur-belle.com\/en\/wp-json\/wp\/v2\/media?parent=15694"}],"curies":[{"name":"wp","href":"https:\/\/api.w.org\/{rel}","templated":true}]}}