{"id":15698,"date":"2020-02-03T15:50:37","date_gmt":"2020-02-03T14:50:37","guid":{"rendered":"https:\/\/www.ville-celles-sur-belle.com\/?page_id=15698"},"modified":"2020-08-12T13:17:45","modified_gmt":"2020-08-12T11:17:45","slug":"transports-scolaire","status":"publish","type":"page","link":"https:\/\/www.ville-celles-sur-belle.com\/en\/ville-active\/enfance-jeunesse\/transports-scolaire\/","title":{"rendered":"Transports scolaires"},"content":{"rendered":"<div id=\"banniere_contenu\" class=\"wpb_row vc_row-fluid full-width-section section  section-no-parallax  stretch\" data-speed=\"1\" style=\"\"><div class=\"col span_12 color-dark left\">\n\t<div class=\"vc_col-sm-12 wpb_column column_container col no-padding color-dark\" style=\"\" data-animation=\"\" data-delay=\"\">\n\t\t<div class=\"wpb_wrapper\">\n\t\t\t<div class=\"single_image wpb_content_element align-left\" data-animation=\"none\" data-delay=\"0\"><img width=\"2304\" height=\"912\" src=\"https:\/\/www.ville-celles-sur-belle.com\/wp-content\/uploads\/2020\/01\/slide1.jpg\" class=\"attachment-full\" alt=\"\" loading=\"lazy\" srcset=\"https:\/\/www.ville-celles-sur-belle.com\/wp-content\/uploads\/2020\/01\/slide1.jpg 2304w, https:\/\/www.ville-celles-sur-belle.com\/wp-content\/uploads\/2020\/01\/slide1-300x119.jpg 300w, https:\/\/www.ville-celles-sur-belle.com\/wp-content\/uploads\/2020\/01\/slide1-1024x405.jpg 1024w, https:\/\/www.ville-celles-sur-belle.com\/wp-content\/uploads\/2020\/01\/slide1-768x304.jpg 768w, https:\/\/www.ville-celles-sur-belle.com\/wp-content\/uploads\/2020\/01\/slide1-1536x608.jpg 1536w, https:\/\/www.ville-celles-sur-belle.com\/wp-content\/uploads\/2020\/01\/slide1-2048x811.jpg 2048w\" sizes=\"(max-width: 2304px) 100vw, 2304px\" \/><\/div>\n\t\t<\/div> \n\t<\/div> \n<\/div><\/div><div  class=\"wpb_row vc_row-fluid standard-section section  section-no-parallax  stretch\" data-speed=\"1\" style=\"padding-top: 100px; \"><div class=\"col span_12 color-dark left\">\n\t<div class=\"vc_col-sm-3 wpb_column column_container col no-padding color-dark\" style=\"\" data-animation=\"\" data-delay=\"\">\n\t\t<div class=\"wpb_wrapper\">\n\t\t\t<div class=\"spacer\" style=\"height: 50px;\"><\/div><div class=\"flexslider wpb_content_element\"><ul class=\"slides\"><li><img src=\"https:\/\/www.ville-celles-sur-belle.com\/wp-content\/uploads\/2020\/08\/bus.png\" alt=\"\" \/><\/li><\/ul><\/div>\n\t\t<\/div> \n\t<\/div> \n\n\t<div class=\"vc_col-sm-9 wpb_column column_container col no-padding color-dark\" style=\"\" data-animation=\"\" data-delay=\"\">\n\t\t<div class=\"wpb_wrapper\">\n\t\t\t\n\t<div class=\"wpb_text_column wpb_content_element\" >\n\t\t<div class=\"wpb_wrapper\">\n\t\t\t<h2>Transports scolaires<\/h2>\n\n\t\t<\/div>\n\t<\/div>\n\n\t<div class=\"wpb_text_column wpb_content_element\" >\n\t\t<div class=\"wpb_wrapper\">\n\t\t\t<p>Depuis le 1er septembre 2017, l\u2019organisation des transports scolaires (\u00e9coles, coll\u00e8ges et lyc\u00e9es) est de la responsabilit\u00e9 de la <strong>R\u00e9gion Nouvelle-Aquitaine<\/strong>.<\/p>\n<p>&nbsp;<\/p>\n<p>Inscriptions, trajets et horaires, informations pratiques, actualit\u00e9s intemp\u00e9ries et contacts :<\/p>\n<p><a href=\"https:\/\/transports.nouvelle-aquitaine.fr\" target=\"_blank\" rel=\"noopener noreferrer\">https:\/\/transports.nouvelle-aquitaine.fr<\/a><\/p>\n\n\t\t<\/div>\n\t<\/div>\n\n\t\t<\/div> \n\t<\/div> \n<\/div><\/div><div  class=\"wpb_row vc_row-fluid standard-section section  section-no-parallax  stretch\" data-speed=\"1\" style=\"padding-top: 100px; \"><div class=\"col span_12 color-dark left\">\n\t<div class=\"vc_col-sm-12 wpb_column column_container col no-padding color-dark\" style=\"\" data-animation=\"\" data-delay=\"\">\n\t\t<div class=\"wpb_wrapper\">\n\t\t\t\n\t<div class=\"wpb_text_column wpb_content_element\" >\n\t\t<div class=\"wpb_wrapper\">\n\t\t\t<h2>Transports scolaires adapt\u00e9s<\/h2>\n\n\t\t<\/div>\n\t<\/div>\n\n\t<div class=\"wpb_text_column wpb_content_element\" >\n\t\t<div class=\"wpb_wrapper\">\n\t\t\t<p>Pour les \u00e9l\u00e8ves qui, du fait de leur handicap, ne peuvent utiliser les transports en commun courants pour se rendre quotidiennement dans leur \u00e9tablissement scolaire, le D\u00e9partement identifie les besoins de d\u00e9placement, propose des prises en charge adapt\u00e9es en mobilisant des prestataires qui disposent des v\u00e9hicules avec chauffeurs et organise les itin\u00e9raires jusqu&rsquo;aux \u00e9tablissements.<\/p>\n<p><a href=\"https:\/\/deux-sevres.anvergur.org\/departement79\/\" target=\"_blank\" rel=\"noopener noreferrer\">Inscription en ligne<\/a><\/p>\n<p>&nbsp;<\/p>\n<p>T\u00e9l : 05 17 18 81 71<\/p>\n<p>Mail : <a href=\"mailto:transcoladapt@deux-sevres.fr\">transcoladapt@deux-sevres.fr<\/a><\/p>\n\n\t\t<\/div>\n\t<\/div>\n<div class=\"box clearfix style-6 wpb_content_element align-left\" style=\"padding: 30px 30px 30px 30px; \">Adresse : 74 rue Alsace Lorraine &#8211; CS 58880 &#8211; NIORT Cedex<\/div><a href=\"https:\/\/www.deux-sevres.fr\/nos-missions\/les-personnes-handicapees\/le-transport-adapte-faciliter-le-deplacement-des-eleves-en\" target=\"_blank\" class=\"button color-1 small\" style=\"border-radius: 2px;\">En savoir plus<\/a>\n\t\t<\/div> \n\t<\/div> \n<\/div><\/div>","protected":false},"excerpt":{"rendered":"Transports scolaires Depuis le 1er septembre 2017, l\u2019organisation des transports scolaires (\u00e9coles, coll\u00e8ges et lyc\u00e9es) est de la responsabilit\u00e9 de la R\u00e9gion Nouvelle-Aquitaine. &nbsp; Inscriptions, trajets et horaires, informations pratiques, actualit\u00e9s intemp\u00e9ries et contacts : https:\/\/transports.nouvelle-aquitaine.fr Transports scolaires adapt\u00e9s Pour les \u00e9l\u00e8ves qui, du fait de leur handicap, ne peuvent utiliser les transports en commun courants pour se rendre quotidiennement dans leur \u00e9tablissement scolaire, le D\u00e9partement identifie les besoins de d\u00e9placement, propose des prises en charge adapt\u00e9es en mobilisant des prestataires qui disposent des v\u00e9hicules avec chauffeurs et organise les itin\u00e9raires jusqu'aux \u00e9tablissements. Inscription en ligne &nbsp; T\u00e9l : 05 17 18 81 71 Mail : transcoladapt@deux-sevres.fr Adresse : 74 rue Alsace Lorraine - CS 58880 - NIORT CedexEn savoir plus","protected":false},"author":4,"featured_media":0,"parent":15684,"menu_order":0,"comment_status":"closed","ping_status":"closed","template":"","meta":[],"yoast_head":"<!-- This site is optimized with the Yoast SEO plugin v17.0 - https:\/\/yoast.com\/wordpress\/plugins\/seo\/ -->\n<title>Transports scolaires - Mairie de Celles-sur-Belle<\/title>\n<meta name=\"robots\" content=\"index, follow, max-snippet:-1, max-image-preview:large, max-video-preview:-1\" \/>\n<link rel=\"canonical\" href=\"https:\/\/www.ville-celles-sur-belle.com\/en\/ville-active\/enfance-jeunesse\/transports-scolaire\/\" \/>\n<meta property=\"og:locale\" content=\"en_GB\" \/>\n<meta property=\"og:type\" content=\"article\" \/>\n<meta property=\"og:title\" content=\"Transports scolaires - Mairie de Celles-sur-Belle\" \/>\n<meta property=\"og:url\" content=\"https:\/\/www.ville-celles-sur-belle.com\/en\/ville-active\/enfance-jeunesse\/transports-scolaire\/\" \/>\n<meta property=\"og:site_name\" content=\"Mairie de Celles-sur-Belle\" \/>\n<meta property=\"article:modified_time\" content=\"2020-08-12T11:17:45+00:00\" \/>\n<meta name=\"twitter:card\" content=\"summary_large_image\" \/>\n<meta name=\"twitter:label1\" content=\"Estimated reading time\" \/>\n\t<meta name=\"twitter:data1\" content=\"1 minute\" \/>\n<script type=\"application\/ld+json\" class=\"yoast-schema-graph\">{\"@context\":\"https:\/\/schema.org\",\"@graph\":[{\"@type\":\"WebSite\",\"@id\":\"https:\/\/www.ville-celles-sur-belle.com\/#website\",\"url\":\"https:\/\/www.ville-celles-sur-belle.com\/\",\"name\":\"Mairie de Celles-sur-Belle\",\"description\":\"Belle \\u00e0 investir\",\"potentialAction\":[{\"@type\":\"SearchAction\",\"target\":{\"@type\":\"EntryPoint\",\"urlTemplate\":\"https:\/\/www.ville-celles-sur-belle.com\/?s={search_term_string}\"},\"query-input\":\"required name=search_term_string\"}],\"inLanguage\":\"en-GB\"},{\"@type\":\"WebPage\",\"@id\":\"https:\/\/www.ville-celles-sur-belle.com\/ville-active\/enfance-jeunesse\/transports-scolaire\/#webpage\",\"url\":\"https:\/\/www.ville-celles-sur-belle.com\/ville-active\/enfance-jeunesse\/transports-scolaire\/\",\"name\":\"Transports scolaires - Mairie de Celles-sur-Belle\",\"isPartOf\":{\"@id\":\"https:\/\/www.ville-celles-sur-belle.com\/#website\"},\"datePublished\":\"2020-02-03T14:50:37+00:00\",\"dateModified\":\"2020-08-12T11:17:45+00:00\",\"breadcrumb\":{\"@id\":\"https:\/\/www.ville-celles-sur-belle.com\/ville-active\/enfance-jeunesse\/transports-scolaire\/#breadcrumb\"},\"inLanguage\":\"en-GB\",\"potentialAction\":[{\"@type\":\"ReadAction\",\"target\":[\"https:\/\/www.ville-celles-sur-belle.com\/ville-active\/enfance-jeunesse\/transports-scolaire\/\"]}]},{\"@type\":\"BreadcrumbList\",\"@id\":\"https:\/\/www.ville-celles-sur-belle.com\/ville-active\/enfance-jeunesse\/transports-scolaire\/#breadcrumb\",\"itemListElement\":[{\"@type\":\"ListItem\",\"position\":1,\"name\":\"Accueil\",\"item\":\"https:\/\/www.ville-celles-sur-belle.com\/\"},{\"@type\":\"ListItem\",\"position\":2,\"name\":\"Ville active\",\"item\":\"https:\/\/www.ville-celles-sur-belle.com\/ville-active\/\"},{\"@type\":\"ListItem\",\"position\":3,\"name\":\"Enfance jeunesse\",\"item\":\"https:\/\/www.ville-celles-sur-belle.com\/ville-active\/enfance-jeunesse\/\"},{\"@type\":\"ListItem\",\"position\":4,\"name\":\"Transports scolaires\"}]}]}<\/script>\n<!-- \/ Yoast SEO plugin. -->","yoast_head_json":{"title":"Transports scolaires - Mairie de Celles-sur-Belle","robots":{"index":"index","follow":"follow","max-snippet":"max-snippet:-1","max-image-preview":"max-image-preview:large","max-video-preview":"max-video-preview:-1"},"canonical":"https:\/\/www.ville-celles-sur-belle.com\/en\/ville-active\/enfance-jeunesse\/transports-scolaire\/","og_locale":"en_GB","og_type":"article","og_title":"Transports scolaires - Mairie de Celles-sur-Belle","og_url":"https:\/\/www.ville-celles-sur-belle.com\/en\/ville-active\/enfance-jeunesse\/transports-scolaire\/","og_site_name":"Mairie de Celles-sur-Belle","article_modified_time":"2020-08-12T11:17:45+00:00","twitter_card":"summary_large_image","twitter_misc":{"Estimated reading time":"1 minute"},"schema":{"@context":"https:\/\/schema.org","@graph":[{"@type":"WebSite","@id":"https:\/\/www.ville-celles-sur-belle.com\/#website","url":"https:\/\/www.ville-celles-sur-belle.com\/","name":"Mairie de Celles-sur-Belle","description":"Belle \u00e0 investir","potentialAction":[{"@type":"SearchAction","target":{"@type":"EntryPoint","urlTemplate":"https:\/\/www.ville-celles-sur-belle.com\/?s={search_term_string}"},"query-input":"required name=search_term_string"}],"inLanguage":"en-GB"},{"@type":"WebPage","@id":"https:\/\/www.ville-celles-sur-belle.com\/ville-active\/enfance-jeunesse\/transports-scolaire\/#webpage","url":"https:\/\/www.ville-celles-sur-belle.com\/ville-active\/enfance-jeunesse\/transports-scolaire\/","name":"Transports scolaires - Mairie de Celles-sur-Belle","isPartOf":{"@id":"https:\/\/www.ville-celles-sur-belle.com\/#website"},"datePublished":"2020-02-03T14:50:37+00:00","dateModified":"2020-08-12T11:17:45+00:00","breadcrumb":{"@id":"https:\/\/www.ville-celles-sur-belle.com\/ville-active\/enfance-jeunesse\/transports-scolaire\/#breadcrumb"},"inLanguage":"en-GB","potentialAction":[{"@type":"ReadAction","target":["https:\/\/www.ville-celles-sur-belle.com\/ville-active\/enfance-jeunesse\/transports-scolaire\/"]}]},{"@type":"BreadcrumbList","@id":"https:\/\/www.ville-celles-sur-belle.com\/ville-active\/enfance-jeunesse\/transports-scolaire\/#breadcrumb","itemListElement":[{"@type":"ListItem","position":1,"name":"Accueil","item":"https:\/\/www.ville-celles-sur-belle.com\/"},{"@type":"ListItem","position":2,"name":"Ville active","item":"https:\/\/www.ville-celles-sur-belle.com\/ville-active\/"},{"@type":"ListItem","position":3,"name":"Enfance jeunesse","item":"https:\/\/www.ville-celles-sur-belle.com\/ville-active\/enfance-jeunesse\/"},{"@type":"ListItem","position":4,"name":"Transports scolaires"}]}]}},"_links":{"self":[{"href":"https:\/\/www.ville-celles-sur-belle.com\/en\/wp-json\/wp\/v2\/pages\/15698"}],"collection":[{"href":"https:\/\/www.ville-celles-sur-belle.com\/en\/wp-json\/wp\/v2\/pages"}],"about":[{"href":"https:\/\/www.ville-celles-sur-belle.com\/en\/wp-json\/wp\/v2\/types\/page"}],"author":[{"embeddable":true,"href":"https:\/\/www.ville-celles-sur-belle.com\/en\/wp-json\/wp\/v2\/users\/4"}],"replies":[{"embeddable":true,"href":"https:\/\/www.ville-celles-sur-belle.com\/en\/wp-json\/wp\/v2\/comments?post=15698"}],"version-history":[{"count":12,"href":"https:\/\/www.ville-celles-sur-belle.com\/en\/wp-json\/wp\/v2\/pages\/15698\/revisions"}],"predecessor-version":[{"id":17408,"href":"https:\/\/www.ville-celles-sur-belle.com\/en\/wp-json\/wp\/v2\/pages\/15698\/revisions\/17408"}],"up":[{"embeddable":true,"href":"https:\/\/www.ville-celles-sur-belle.com\/en\/wp-json\/wp\/v2\/pages\/15684"}],"wp:attachment":[{"href":"https:\/\/www.ville-celles-sur-belle.com\/en\/wp-json\/wp\/v2\/media?parent=15698"}],"curies":[{"name":"wp","href":"https:\/\/api.w.org\/{rel}","templated":true}]}}