{"id":15718,"date":"2020-02-03T16:08:54","date_gmt":"2020-02-03T15:08:54","guid":{"rendered":"https:\/\/www.ville-celles-sur-belle.com\/?page_id=15718"},"modified":"2025-10-15T11:44:59","modified_gmt":"2025-10-15T09:44:59","slug":"mediatheque","status":"publish","type":"page","link":"https:\/\/www.ville-celles-sur-belle.com\/en\/ville-active\/mediatheque\/","title":{"rendered":"M\u00e9diath\u00e8que"},"content":{"rendered":"<div id=\"banniere_contenu\" class=\"wpb_row vc_row-fluid full-width-section section  section-no-parallax  stretch\" data-speed=\"1\" style=\"\"><div class=\"col span_12 color-dark left\">\n\t<div class=\"vc_col-sm-12 wpb_column column_container col no-padding color-dark\" style=\"\" data-animation=\"\" data-delay=\"\">\n\t\t<div class=\"wpb_wrapper\">\n\t\t\t<div class=\"single_image wpb_content_element align-left\" data-animation=\"none\" data-delay=\"0\"><img width=\"2304\" height=\"912\" src=\"https:\/\/www.ville-celles-sur-belle.com\/wp-content\/uploads\/2020\/01\/slide1.jpg\" class=\"attachment-full\" alt=\"\" loading=\"lazy\" srcset=\"https:\/\/www.ville-celles-sur-belle.com\/wp-content\/uploads\/2020\/01\/slide1.jpg 2304w, https:\/\/www.ville-celles-sur-belle.com\/wp-content\/uploads\/2020\/01\/slide1-300x119.jpg 300w, https:\/\/www.ville-celles-sur-belle.com\/wp-content\/uploads\/2020\/01\/slide1-1024x405.jpg 1024w, https:\/\/www.ville-celles-sur-belle.com\/wp-content\/uploads\/2020\/01\/slide1-768x304.jpg 768w, https:\/\/www.ville-celles-sur-belle.com\/wp-content\/uploads\/2020\/01\/slide1-1536x608.jpg 1536w, https:\/\/www.ville-celles-sur-belle.com\/wp-content\/uploads\/2020\/01\/slide1-2048x811.jpg 2048w\" sizes=\"(max-width: 2304px) 100vw, 2304px\" \/><\/div>\n\t\t<\/div> \n\t<\/div> \n<\/div><\/div><div  class=\"wpb_row vc_row-fluid standard-section section  section-no-parallax  stretch\" data-speed=\"1\" style=\"padding-top: 100px; \"><div class=\"col span_12 color-dark left\">\n\t<div class=\"vc_col-sm-12 wpb_column column_container col no-padding color-dark\" style=\"\" data-animation=\"\" data-delay=\"\">\n\t\t<div class=\"wpb_wrapper\">\n\t\t\t\n\t<div class=\"wpb_text_column wpb_content_element\" >\n\t\t<div class=\"wpb_wrapper\">\n\t\t\t<h2>M\u00e9diath\u00e8que municipale<\/h2>\n\n\t\t<\/div>\n\t<\/div>\n\n\t<div class=\"wpb_text_column wpb_content_element\" >\n\t\t<div class=\"wpb_wrapper\">\n\t\t\t<p>Depuis le 13 avril 2024, la M\u00e9diath\u00e8que est situ\u00e9e au 12 avenue de Limoges, dans l&rsquo;<strong>Espace les 3 Arches<\/strong>, qui accueille \u00e9galement la <a href=\"https:\/\/www.ville-celles-sur-belle.com\/en\/ville-active\/ludotheque\/\">Ludoth\u00e8que Malle de Jeux<\/a>.<\/p>\n<p>La M\u00e9diath\u00e8que municipale est charg\u00e9e de contribuer aux loisirs, \u00e0 la culture, \u00e0 l\u2019information et \u00e0 la documentation de la population.<br \/>\nL\u2019acc\u00e8s et la consultation sur place des livres sont libres et ouverts \u00e0 tous.<\/p>\n\n\t\t<\/div>\n\t<\/div>\n<div class=\"flexslider wpb_content_element\"><ul class=\"slides\"><li><img src=\"https:\/\/www.ville-celles-sur-belle.com\/wp-content\/uploads\/2024\/06\/mediatheque_logo.jpg\" alt=\"\" \/><\/li><li><img src=\"https:\/\/www.ville-celles-sur-belle.com\/wp-content\/uploads\/2024\/04\/437146521_447984331223994_2652290776000224432_n.jpg\" alt=\"\" \/><\/li><li><img src=\"https:\/\/www.ville-celles-sur-belle.com\/wp-content\/uploads\/2024\/06\/mediatheque_jeunesse2.jpg\" alt=\"\" \/><\/li><li><img src=\"https:\/\/www.ville-celles-sur-belle.com\/wp-content\/uploads\/2024\/06\/mediatheque_jeunesse.jpg\" alt=\"\" \/><\/li><li><img src=\"https:\/\/www.ville-celles-sur-belle.com\/wp-content\/uploads\/2024\/06\/mediatheque_ado.jpg\" alt=\"\" \/><\/li><li><img src=\"https:\/\/www.ville-celles-sur-belle.com\/wp-content\/uploads\/2024\/06\/mediatheque_adu3.jpg\" alt=\"\" \/><\/li><li><img src=\"https:\/\/www.ville-celles-sur-belle.com\/wp-content\/uploads\/2024\/06\/mediatheque_adu2.jpg\" alt=\"\" \/><\/li><li><img src=\"https:\/\/www.ville-celles-sur-belle.com\/wp-content\/uploads\/2024\/06\/mediatheque_adu.jpg\" alt=\"\" \/><\/li><li><img src=\"https:\/\/www.ville-celles-sur-belle.com\/wp-content\/uploads\/2024\/06\/mediatheque_expo.jpg\" alt=\"\" \/><\/li><li><img src=\"https:\/\/www.ville-celles-sur-belle.com\/wp-content\/uploads\/2024\/04\/mediatheque_exterieur1.jpg\" alt=\"\" \/><\/li><li><img src=\"https:\/\/www.ville-celles-sur-belle.com\/wp-content\/uploads\/2024\/04\/mediatheque_ouverture.jpg\" alt=\"\" \/><\/li><li><img src=\"https:\/\/www.ville-celles-sur-belle.com\/wp-content\/uploads\/2024\/02\/mediatheque_leader-e1708008385913.png\" alt=\"\" \/><\/li><\/ul><\/div>\n\t\t<\/div> \n\t<\/div> \n<\/div><\/div><div  class=\"wpb_row vc_row-fluid standard-section section  section-no-parallax  stretch\" data-speed=\"1\" style=\"padding-top: 20px; \"><div class=\"col span_12 color-dark left\">\n\t<div class=\"vc_col-sm-6 wpb_column column_container col no-padding color-dark\" style=\"\" data-animation=\"\" data-delay=\"\">\n\t\t<div class=\"wpb_wrapper\">\n\t\t\t\n\t<div class=\"wpb_text_column wpb_content_element\" >\n\t\t<div class=\"wpb_wrapper\">\n\t\t\t<p style=\"text-align: center;\">Actualit\u00e9s, coups de c\u0153urs, animations (b\u00e9b\u00e9s lecteurs, heures du conte, etc.), rendez-vous sur le <a href=\"https:\/\/mediatheque-cellessurbelle.fr\/\" target=\"_blank\" rel=\"noopener noreferrer\">Site Internet,<\/a> la <a href=\"https:\/\/www.facebook.com\/mediathequecelles\/\" target=\"_blank\" rel=\"noopener noreferrer\">Page Facebook <\/a>ou l&rsquo;Application BibAndCo (disponible sur GooglePlay et AppStore)<\/p>\n<p style=\"text-align: center;\">T\u00e9l : 05 16 18 79 29<br \/>\n<a href=\"mailto:mediatheque@villecellessurbelle.fr\">mediatheque@villecellessurbelle.fr<\/a><\/p>\n\n\t\t<\/div>\n\t<\/div>\n\n\t\t<\/div> \n\t<\/div> \n\n\t<div class=\"vc_col-sm-6 wpb_column column_container col no-padding color-dark\" style=\"\" data-animation=\"\" data-delay=\"\">\n\t\t<div class=\"wpb_wrapper\">\n\t\t\t\n\t<div class=\"wpb_text_column wpb_content_element\" >\n\t\t<div class=\"wpb_wrapper\">\n\t\t\t<p style=\"text-align: left;\"><strong><a href=\"https:\/\/www.ville-celles-sur-belle.com\/en\/ville-active\/mediatheque\/mini_logo_mediatheque\/\" rel=\"attachment wp-att-19869\"><img loading=\"lazy\" class=\"wp-image-19869 alignleft\" src=\"https:\/\/www.ville-celles-sur-belle.com\/wp-content\/uploads\/2024\/06\/mini_logo_mediatheque-300x233.png\" alt=\"\" width=\"150\" height=\"117\" srcset=\"https:\/\/www.ville-celles-sur-belle.com\/wp-content\/uploads\/2024\/06\/mini_logo_mediatheque-300x233.png 300w, https:\/\/www.ville-celles-sur-belle.com\/wp-content\/uploads\/2024\/06\/mini_logo_mediatheque-15x12.png 15w, https:\/\/www.ville-celles-sur-belle.com\/wp-content\/uploads\/2024\/06\/mini_logo_mediatheque.png 335w\" sizes=\"(max-width: 150px) 100vw, 150px\" \/><\/a>HORAIRES<\/strong><br \/>\nMardi : 15h &#8211; 19h<br \/>\nMercredi : 10h &#8211; 12h30 \/ 14h-18h<br \/>\nVendredi : 15h-18h<br \/>\nSamedi : 10h-12h30 \/ 14h-17h<\/p>\n\n\t\t<\/div>\n\t<\/div>\n\n\t\t<\/div> \n\t<\/div> \n<\/div><\/div>","protected":false},"excerpt":{"rendered":"M\u00e9diath\u00e8que municipale Depuis le 13 avril 2024, la M\u00e9diath\u00e8que est situ\u00e9e au 12 avenue de Limoges, dans l'Espace les 3 Arches, qui accueille \u00e9galement la Ludoth\u00e8que Malle de Jeux. La M\u00e9diath\u00e8que municipale est charg\u00e9e de contribuer aux loisirs, \u00e0 la culture, \u00e0 l\u2019information et \u00e0 la documentation de la population. L\u2019acc\u00e8s et la consultation sur place des livres sont libres et ouverts \u00e0 tous. Actualit\u00e9s, coups de c\u0153urs, animations (b\u00e9b\u00e9s lecteurs, heures du conte, etc.), rendez-vous sur le Site Internet, la Page Facebook ou l'Application BibAndCo (disponible sur GooglePlay et AppStore) T\u00e9l : 05 16 18 79 29 mediatheque@villecellessurbelle.fr HORAIRES Mardi : 15h - 19h Mercredi : 10h - 12h30 \/ 14h-18h Vendredi : 15h-18h Samedi : 10h-12h30 \/ 14h-17h","protected":false},"author":4,"featured_media":0,"parent":15628,"menu_order":0,"comment_status":"closed","ping_status":"closed","template":"","meta":[],"yoast_head":"<!-- This site is optimized with the Yoast SEO plugin v17.0 - https:\/\/yoast.com\/wordpress\/plugins\/seo\/ -->\n<title>M\u00e9diath\u00e8que - Mairie de Celles-sur-Belle<\/title>\n<meta name=\"robots\" content=\"index, follow, max-snippet:-1, max-image-preview:large, max-video-preview:-1\" \/>\n<link rel=\"canonical\" href=\"https:\/\/www.ville-celles-sur-belle.com\/en\/ville-active\/mediatheque\/\" \/>\n<meta property=\"og:locale\" content=\"en_GB\" \/>\n<meta property=\"og:type\" content=\"article\" \/>\n<meta property=\"og:title\" content=\"M\u00e9diath\u00e8que - Mairie de Celles-sur-Belle\" \/>\n<meta property=\"og:url\" content=\"https:\/\/www.ville-celles-sur-belle.com\/en\/ville-active\/mediatheque\/\" \/>\n<meta property=\"og:site_name\" content=\"Mairie de Celles-sur-Belle\" \/>\n<meta property=\"article:modified_time\" content=\"2025-10-15T09:44:59+00:00\" \/>\n<meta property=\"og:image\" content=\"https:\/\/www.ville-celles-sur-belle.com\/wp-content\/uploads\/2024\/06\/mini_logo_mediatheque-300x233.png\" \/>\n<meta name=\"twitter:card\" content=\"summary_large_image\" \/>\n<meta name=\"twitter:label1\" content=\"Estimated reading time\" \/>\n\t<meta name=\"twitter:data1\" content=\"1 minute\" \/>\n<script type=\"application\/ld+json\" class=\"yoast-schema-graph\">{\"@context\":\"https:\/\/schema.org\",\"@graph\":[{\"@type\":\"WebSite\",\"@id\":\"https:\/\/www.ville-celles-sur-belle.com\/#website\",\"url\":\"https:\/\/www.ville-celles-sur-belle.com\/\",\"name\":\"Mairie de Celles-sur-Belle\",\"description\":\"Belle \\u00e0 investir\",\"potentialAction\":[{\"@type\":\"SearchAction\",\"target\":{\"@type\":\"EntryPoint\",\"urlTemplate\":\"https:\/\/www.ville-celles-sur-belle.com\/?s={search_term_string}\"},\"query-input\":\"required name=search_term_string\"}],\"inLanguage\":\"en-GB\"},{\"@type\":\"ImageObject\",\"@id\":\"https:\/\/www.ville-celles-sur-belle.com\/ville-active\/mediatheque\/#primaryimage\",\"inLanguage\":\"en-GB\",\"url\":\"https:\/\/www.ville-celles-sur-belle.com\/wp-content\/uploads\/2024\/06\/mini_logo_mediatheque.png\",\"contentUrl\":\"https:\/\/www.ville-celles-sur-belle.com\/wp-content\/uploads\/2024\/06\/mini_logo_mediatheque.png\",\"width\":335,\"height\":260},{\"@type\":\"WebPage\",\"@id\":\"https:\/\/www.ville-celles-sur-belle.com\/ville-active\/mediatheque\/#webpage\",\"url\":\"https:\/\/www.ville-celles-sur-belle.com\/ville-active\/mediatheque\/\",\"name\":\"M\\u00e9diath\\u00e8que - Mairie de Celles-sur-Belle\",\"isPartOf\":{\"@id\":\"https:\/\/www.ville-celles-sur-belle.com\/#website\"},\"primaryImageOfPage\":{\"@id\":\"https:\/\/www.ville-celles-sur-belle.com\/ville-active\/mediatheque\/#primaryimage\"},\"datePublished\":\"2020-02-03T15:08:54+00:00\",\"dateModified\":\"2025-10-15T09:44:59+00:00\",\"breadcrumb\":{\"@id\":\"https:\/\/www.ville-celles-sur-belle.com\/ville-active\/mediatheque\/#breadcrumb\"},\"inLanguage\":\"en-GB\",\"potentialAction\":[{\"@type\":\"ReadAction\",\"target\":[\"https:\/\/www.ville-celles-sur-belle.com\/ville-active\/mediatheque\/\"]}]},{\"@type\":\"BreadcrumbList\",\"@id\":\"https:\/\/www.ville-celles-sur-belle.com\/ville-active\/mediatheque\/#breadcrumb\",\"itemListElement\":[{\"@type\":\"ListItem\",\"position\":1,\"name\":\"Accueil\",\"item\":\"https:\/\/www.ville-celles-sur-belle.com\/\"},{\"@type\":\"ListItem\",\"position\":2,\"name\":\"Ville active\",\"item\":\"https:\/\/www.ville-celles-sur-belle.com\/ville-active\/\"},{\"@type\":\"ListItem\",\"position\":3,\"name\":\"M\\u00e9diath\\u00e8que\"}]}]}<\/script>\n<!-- \/ Yoast SEO plugin. -->","yoast_head_json":{"title":"M\u00e9diath\u00e8que - Mairie de Celles-sur-Belle","robots":{"index":"index","follow":"follow","max-snippet":"max-snippet:-1","max-image-preview":"max-image-preview:large","max-video-preview":"max-video-preview:-1"},"canonical":"https:\/\/www.ville-celles-sur-belle.com\/en\/ville-active\/mediatheque\/","og_locale":"en_GB","og_type":"article","og_title":"M\u00e9diath\u00e8que - Mairie de Celles-sur-Belle","og_url":"https:\/\/www.ville-celles-sur-belle.com\/en\/ville-active\/mediatheque\/","og_site_name":"Mairie de Celles-sur-Belle","article_modified_time":"2025-10-15T09:44:59+00:00","og_image":[{"url":"https:\/\/www.ville-celles-sur-belle.com\/wp-content\/uploads\/2024\/06\/mini_logo_mediatheque-300x233.png"}],"twitter_card":"summary_large_image","twitter_misc":{"Estimated reading time":"1 minute"},"schema":{"@context":"https:\/\/schema.org","@graph":[{"@type":"WebSite","@id":"https:\/\/www.ville-celles-sur-belle.com\/#website","url":"https:\/\/www.ville-celles-sur-belle.com\/","name":"Mairie de Celles-sur-Belle","description":"Belle \u00e0 investir","potentialAction":[{"@type":"SearchAction","target":{"@type":"EntryPoint","urlTemplate":"https:\/\/www.ville-celles-sur-belle.com\/?s={search_term_string}"},"query-input":"required name=search_term_string"}],"inLanguage":"en-GB"},{"@type":"ImageObject","@id":"https:\/\/www.ville-celles-sur-belle.com\/ville-active\/mediatheque\/#primaryimage","inLanguage":"en-GB","url":"https:\/\/www.ville-celles-sur-belle.com\/wp-content\/uploads\/2024\/06\/mini_logo_mediatheque.png","contentUrl":"https:\/\/www.ville-celles-sur-belle.com\/wp-content\/uploads\/2024\/06\/mini_logo_mediatheque.png","width":335,"height":260},{"@type":"WebPage","@id":"https:\/\/www.ville-celles-sur-belle.com\/ville-active\/mediatheque\/#webpage","url":"https:\/\/www.ville-celles-sur-belle.com\/ville-active\/mediatheque\/","name":"M\u00e9diath\u00e8que - Mairie de Celles-sur-Belle","isPartOf":{"@id":"https:\/\/www.ville-celles-sur-belle.com\/#website"},"primaryImageOfPage":{"@id":"https:\/\/www.ville-celles-sur-belle.com\/ville-active\/mediatheque\/#primaryimage"},"datePublished":"2020-02-03T15:08:54+00:00","dateModified":"2025-10-15T09:44:59+00:00","breadcrumb":{"@id":"https:\/\/www.ville-celles-sur-belle.com\/ville-active\/mediatheque\/#breadcrumb"},"inLanguage":"en-GB","potentialAction":[{"@type":"ReadAction","target":["https:\/\/www.ville-celles-sur-belle.com\/ville-active\/mediatheque\/"]}]},{"@type":"BreadcrumbList","@id":"https:\/\/www.ville-celles-sur-belle.com\/ville-active\/mediatheque\/#breadcrumb","itemListElement":[{"@type":"ListItem","position":1,"name":"Accueil","item":"https:\/\/www.ville-celles-sur-belle.com\/"},{"@type":"ListItem","position":2,"name":"Ville active","item":"https:\/\/www.ville-celles-sur-belle.com\/ville-active\/"},{"@type":"ListItem","position":3,"name":"M\u00e9diath\u00e8que"}]}]}},"_links":{"self":[{"href":"https:\/\/www.ville-celles-sur-belle.com\/en\/wp-json\/wp\/v2\/pages\/15718"}],"collection":[{"href":"https:\/\/www.ville-celles-sur-belle.com\/en\/wp-json\/wp\/v2\/pages"}],"about":[{"href":"https:\/\/www.ville-celles-sur-belle.com\/en\/wp-json\/wp\/v2\/types\/page"}],"author":[{"embeddable":true,"href":"https:\/\/www.ville-celles-sur-belle.com\/en\/wp-json\/wp\/v2\/users\/4"}],"replies":[{"embeddable":true,"href":"https:\/\/www.ville-celles-sur-belle.com\/en\/wp-json\/wp\/v2\/comments?post=15718"}],"version-history":[{"count":71,"href":"https:\/\/www.ville-celles-sur-belle.com\/en\/wp-json\/wp\/v2\/pages\/15718\/revisions"}],"predecessor-version":[{"id":20474,"href":"https:\/\/www.ville-celles-sur-belle.com\/en\/wp-json\/wp\/v2\/pages\/15718\/revisions\/20474"}],"up":[{"embeddable":true,"href":"https:\/\/www.ville-celles-sur-belle.com\/en\/wp-json\/wp\/v2\/pages\/15628"}],"wp:attachment":[{"href":"https:\/\/www.ville-celles-sur-belle.com\/en\/wp-json\/wp\/v2\/media?parent=15718"}],"curies":[{"name":"wp","href":"https:\/\/api.w.org\/{rel}","templated":true}]}}