{"id":15720,"date":"2020-02-03T16:09:24","date_gmt":"2020-02-03T15:09:24","guid":{"rendered":"https:\/\/www.ville-celles-sur-belle.com\/?page_id=15720"},"modified":"2026-02-11T15:25:17","modified_gmt":"2026-02-11T14:25:17","slug":"salles-municipales","status":"publish","type":"page","link":"https:\/\/www.ville-celles-sur-belle.com\/en\/ville-active\/salles-municipales\/","title":{"rendered":"Salles municipales"},"content":{"rendered":"<div id=\"banniere_contenu\" class=\"wpb_row vc_row-fluid full-width-section section  section-no-parallax  stretch\" data-speed=\"1\" style=\"\"><div class=\"col span_12 color-dark left\">\n\t<div class=\"vc_col-sm-12 wpb_column column_container col no-padding color-dark\" style=\"\" data-animation=\"\" data-delay=\"\">\n\t\t<div class=\"wpb_wrapper\">\n\t\t\t<div class=\"single_image wpb_content_element align-left\" data-animation=\"none\" data-delay=\"0\"><img width=\"2304\" height=\"912\" src=\"https:\/\/www.ville-celles-sur-belle.com\/wp-content\/uploads\/2020\/01\/slide1.jpg\" class=\"attachment-full\" alt=\"\" loading=\"lazy\" srcset=\"https:\/\/www.ville-celles-sur-belle.com\/wp-content\/uploads\/2020\/01\/slide1.jpg 2304w, https:\/\/www.ville-celles-sur-belle.com\/wp-content\/uploads\/2020\/01\/slide1-300x119.jpg 300w, https:\/\/www.ville-celles-sur-belle.com\/wp-content\/uploads\/2020\/01\/slide1-1024x405.jpg 1024w, https:\/\/www.ville-celles-sur-belle.com\/wp-content\/uploads\/2020\/01\/slide1-768x304.jpg 768w, https:\/\/www.ville-celles-sur-belle.com\/wp-content\/uploads\/2020\/01\/slide1-1536x608.jpg 1536w, https:\/\/www.ville-celles-sur-belle.com\/wp-content\/uploads\/2020\/01\/slide1-2048x811.jpg 2048w\" sizes=\"(max-width: 2304px) 100vw, 2304px\" \/><\/div>\n\t\t<\/div> \n\t<\/div> \n<\/div><\/div><div  class=\"wpb_row vc_row-fluid standard-section section  section-no-parallax  stretch\" data-speed=\"1\" style=\"padding-top: 100px; \"><div class=\"col span_12 color-dark left\">\n\t<div class=\"vc_col-sm-4 wpb_column column_container col no-padding color-dark\" style=\"\" data-animation=\"\" data-delay=\"\">\n\t\t<div class=\"wpb_wrapper\">\n\t\t\t<a href=\"https:\/\/www.ville-celles-sur-belle.com\/en\/page-type\/salles-municipales\/salle-des-fetes-de-celles-sur-belle\/\" target=\"_self\" class=\"catimage wpb_content_element color-light\" style=\"height: 300px;;\">\n\t\t\t<span style=\"background-image: url(https:\/\/www.ville-celles-sur-belle.com\/wp-content\/uploads\/2020\/02\/IMAGE0022.jpg); height: 300px;;\"><\/span>\n\t\t\t<div class=\"catimage-overlay clearfix\" style=\"height: 300px;;\">\n\t\t\t\t<div class=\"catimage-text\">SALLE DES F\u00caTES CELLES-SUR-BELLE<\/div>\n\t\t\t<\/div><\/a>\n\t\t<\/div> \n\t<\/div> \n\n\t<div class=\"vc_col-sm-4 wpb_column column_container col no-padding color-dark\" style=\"\" data-animation=\"\" data-delay=\"\">\n\t\t<div class=\"wpb_wrapper\">\n\t\t\t<a href=\"https:\/\/www.ville-celles-sur-belle.com\/en\/page-type\/salles-municipales\/salle-des-jardins\/\" target=\"_self\" class=\"catimage wpb_content_element color-light\" style=\"height: 300px;;\">\n\t\t\t<span style=\"background-image: url(https:\/\/www.ville-celles-sur-belle.com\/wp-content\/uploads\/2020\/02\/IMAGE0032.jpg); height: 300px;;\"><\/span>\n\t\t\t<div class=\"catimage-overlay clearfix\" style=\"height: 300px;;\">\n\t\t\t\t<div class=\"catimage-text\">SALLE DES JARDINS<\/div>\n\t\t\t<\/div><\/a>\n\t\t<\/div> \n\t<\/div> \n\n\t<div class=\"vc_col-sm-4 wpb_column column_container col no-padding color-dark\" style=\"\" data-animation=\"\" data-delay=\"\">\n\t\t<div class=\"wpb_wrapper\">\n\t\t\t<a href=\"https:\/\/www.ville-celles-sur-belle.com\/en\/page-type\/salles-municipales\/salle-des-fetes-de-montigne\/\" target=\"_self\" class=\"catimage wpb_content_element color-light\" style=\"height: 300px;;\">\n\t\t\t<span style=\"background-image: url(https:\/\/www.ville-celles-sur-belle.com\/wp-content\/uploads\/2020\/02\/Salle-f\u00eate-Montign\u00e9.jpg); height: 300px;;\"><\/span>\n\t\t\t<div class=\"catimage-overlay clearfix\" style=\"height: 300px;;\">\n\t\t\t\t<div class=\"catimage-text\">SALLE DES F\u00caTES MONTIGN\u00c9<\/div>\n\t\t\t<\/div><\/a>\n\t\t<\/div> \n\t<\/div> \n<\/div><\/div><div  class=\"wpb_row vc_row-fluid standard-section section  section-no-parallax  stretch\" data-speed=\"1\" style=\"padding-top: 60px; \"><div class=\"col span_12 color-dark left\">\n\t<div class=\"vc_col-sm-4 wpb_column column_container col no-padding color-dark\" style=\"\" data-animation=\"\" data-delay=\"\">\n\t\t<div class=\"wpb_wrapper\">\n\t\t\t<a href=\"https:\/\/www.ville-celles-sur-belle.com\/en\/page-type\/salles-municipales\/salle-des-fetes-de-saint-medard\/\" target=\"_self\" class=\"catimage wpb_content_element color-light\" style=\"height: 300px;;\">\n\t\t\t<span style=\"background-image: url(https:\/\/www.ville-celles-sur-belle.com\/wp-content\/uploads\/2020\/04\/2019-11-19-17-59-45-IMG_7209.jpg); height: 300px;;\"><\/span>\n\t\t\t<div class=\"catimage-overlay clearfix\" style=\"height: 300px;;\">\n\t\t\t\t<div class=\"catimage-text\">SALLE DES F\u00caTES SAINT-M\u00c9DARD<\/div>\n\t\t\t<\/div><\/a>\n\t\t<\/div> \n\t<\/div> \n\n\t<div class=\"vc_col-sm-4 wpb_column column_container col no-padding color-dark\" style=\"\" data-animation=\"\" data-delay=\"\">\n\t\t<div class=\"wpb_wrapper\">\n\t\t\t<a href=\"https:\/\/www.ville-celles-sur-belle.com\/en\/page-type\/salles-municipales\/salle-des-fetes-de-verrines-sous-celles\/\" target=\"_self\" class=\"catimage wpb_content_element color-light\" style=\"height: 300px;;\">\n\t\t\t<span style=\"background-image: url(https:\/\/www.ville-celles-sur-belle.com\/wp-content\/uploads\/2020\/02\/salle-f\u00eates-verrines.jpg); height: 300px;;\"><\/span>\n\t\t\t<div class=\"catimage-overlay clearfix\" style=\"height: 300px;;\">\n\t\t\t\t<div class=\"catimage-text\">SALLE DES F\u00caTES VERRINES<\/div>\n\t\t\t<\/div><\/a>\n\t\t<\/div> \n\t<\/div> \n\n\t<div class=\"vc_col-sm-4 wpb_column column_container col no-padding color-dark\" style=\"\" data-animation=\"\" data-delay=\"\">\n\t\t<div class=\"wpb_wrapper\">\n\t\t\t<a href=\"https:\/\/www.ville-celles-sur-belle.com\/en\/page-type\/salles-municipales\/salle-robert-dalban\/\" target=\"_self\" class=\"catimage wpb_content_element color-light\" style=\"height: 300px;;\">\n\t\t\t<span style=\"background-image: url(https:\/\/www.ville-celles-sur-belle.com\/wp-content\/uploads\/2020\/02\/Les-Halles-2-1.jpg); height: 300px;;\"><\/span>\n\t\t\t<div class=\"catimage-overlay clearfix\" style=\"height: 300px;;\">\n\t\t\t\t<div class=\"catimage-text\">SALLE ROBERT DALBAN<\/div>\n\t\t\t<\/div><\/a>\n\t\t<\/div> \n\t<\/div> \n<\/div><\/div><div  class=\"wpb_row vc_row-fluid standard-section section  section-no-parallax  stretch\" data-speed=\"1\" style=\"padding-top: 60px; \"><div class=\"col span_12 color-dark left\">\n\t<div class=\"vc_col-sm-4 wpb_column column_container col no-padding color-dark\" style=\"\" data-animation=\"\" data-delay=\"\">\n\t\t<div class=\"wpb_wrapper\">\n\t\t\t<a href=\"https:\/\/www.abbaye-royale-celles.com\/copie-de-mariages-%C3%A9v%C3%A9nements-priv%C3%A9s\" target=\"_self\" class=\"catimage wpb_content_element color-light\" style=\"height: 300px;;\">\n\t\t\t<span style=\"background-image: url(https:\/\/www.ville-celles-sur-belle.com\/wp-content\/uploads\/2020\/03\/DSC_0075.jpg); height: 300px;;\"><\/span>\n\t\t\t<div class=\"catimage-overlay clearfix\" style=\"height: 300px;;\">\n\t\t\t\t<div class=\"catimage-text\">SALLES DE L&rsquo;ABBAYE<\/div>\n\t\t\t<\/div><\/a>\n\t\t<\/div> \n\t<\/div> \n\n\t<div class=\"vc_col-sm-4 wpb_column column_container col no-padding color-dark\" style=\"\" data-animation=\"\" data-delay=\"\">\n\t\t<div class=\"wpb_wrapper\">\n\t\t\t<a href=\"https:\/\/www.ville-celles-sur-belle.com\/en\/ville-active\/salles-municipales\/salles-jardin-associations\/\" target=\"_self\" class=\"catimage wpb_content_element color-light\" style=\"height: 300px;;\">\n\t\t\t<span style=\"background-image: url(https:\/\/www.ville-celles-sur-belle.com\/wp-content\/uploads\/2020\/02\/Salle-de-la-Poste-scaled.jpg); height: 300px;;\"><\/span>\n\t\t\t<div class=\"catimage-overlay clearfix\" style=\"height: 300px;;\">\n\t\t\t\t<div class=\"catimage-text\">LE JARDIN DES ASSOCIATIONS<\/div>\n\t\t\t<\/div><\/a>\n\t\t<\/div> \n\t<\/div> \n\n\t<div class=\"vc_col-sm-4 wpb_column column_container col no-padding color-dark\" style=\"\" data-animation=\"\" data-delay=\"\">\n\t\t<div class=\"wpb_wrapper\">\n\t\t\t\n\t<div class=\"wpb_text_column wpb_content_element\" >\n\t\t<div class=\"wpb_wrapper\">\n\t\t\t<h3>Documentation<\/h3>\n\n\t\t<\/div>\n\t<\/div>\n\n\t<div class=\"wpb_text_column wpb_content_element\" >\n\t\t<div class=\"wpb_wrapper\">\n\t\t\t<p>Les tarifs sont indiqu\u00e9s sur chaque page des diff\u00e9rentes salles.<\/p>\n\n\t\t<\/div>\n\t<\/div>\n<a href=\"https:\/\/www.ville-celles-sur-belle.com\/wp-content\/uploads\/2024\/01\/MATERIEL-ASSOCIATIONS-MAJ-2024.pdf\" target=\"_blank\" class=\"button color-1 small\" style=\"border-radius: 2px;\">Formulaire Demande mat\u00e9riel ASSO<\/a><a href=\"https:\/\/www.ville-celles-sur-belle.com\/wp-content\/uploads\/2024\/01\/MATERIEL-PARTICULIERS-MAJ-2024.pdf\" target=\"_blank\" class=\"button color-1 small\" style=\"border-radius: 2px;\">Formulaire Demande mat\u00e9riel PARTICULIER<\/a>\n\t\t<\/div> \n\t<\/div> \n<\/div><\/div>","protected":false},"excerpt":{"rendered":"SALLE DES F\u00caTES CELLES-SUR-BELLE SALLE DES JARDINS SALLE DES F\u00caTES MONTIGN\u00c9 SALLE DES F\u00caTES SAINT-M\u00c9DARD SALLE DES F\u00caTES VERRINES SALLE ROBERT DALBAN SALLES DE L'ABBAYE LE JARDIN DES ASSOCIATIONS Documentation Les tarifs sont indiqu\u00e9s sur chaque page des diff\u00e9rentes salles. Formulaire Demande mat\u00e9riel ASSOFormulaire Demande mat\u00e9riel PARTICULIER","protected":false},"author":4,"featured_media":0,"parent":15628,"menu_order":0,"comment_status":"closed","ping_status":"closed","template":"","meta":[],"yoast_head":"<!-- This site is optimized with the Yoast SEO plugin v17.0 - https:\/\/yoast.com\/wordpress\/plugins\/seo\/ -->\n<title>Salles municipales - Mairie de Celles-sur-Belle<\/title>\n<meta name=\"description\" content=\"Toutes les informations sur les salles des f\u00eates, r\u00e9union, les salles de l&#039;Abbaye Royale, pour les particuliers et associations.\" \/>\n<meta name=\"robots\" content=\"index, follow, max-snippet:-1, max-image-preview:large, max-video-preview:-1\" \/>\n<link rel=\"canonical\" href=\"https:\/\/www.ville-celles-sur-belle.com\/en\/ville-active\/salles-municipales\/\" \/>\n<meta property=\"og:locale\" content=\"en_GB\" \/>\n<meta property=\"og:type\" content=\"article\" \/>\n<meta property=\"og:title\" content=\"Salles municipales - Mairie de Celles-sur-Belle\" \/>\n<meta property=\"og:description\" content=\"Toutes les informations sur les salles des f\u00eates, r\u00e9union, les salles de l&#039;Abbaye Royale, pour les particuliers et associations.\" \/>\n<meta property=\"og:url\" content=\"https:\/\/www.ville-celles-sur-belle.com\/en\/ville-active\/salles-municipales\/\" \/>\n<meta property=\"og:site_name\" content=\"Mairie de Celles-sur-Belle\" \/>\n<meta property=\"article:modified_time\" content=\"2026-02-11T14:25:17+00:00\" \/>\n<meta name=\"twitter:card\" content=\"summary_large_image\" \/>\n<meta name=\"twitter:label1\" content=\"Estimated reading time\" \/>\n\t<meta name=\"twitter:data1\" content=\"1 minute\" \/>\n<script type=\"application\/ld+json\" class=\"yoast-schema-graph\">{\"@context\":\"https:\/\/schema.org\",\"@graph\":[{\"@type\":\"WebSite\",\"@id\":\"https:\/\/www.ville-celles-sur-belle.com\/#website\",\"url\":\"https:\/\/www.ville-celles-sur-belle.com\/\",\"name\":\"Mairie de Celles-sur-Belle\",\"description\":\"Belle \\u00e0 investir\",\"potentialAction\":[{\"@type\":\"SearchAction\",\"target\":{\"@type\":\"EntryPoint\",\"urlTemplate\":\"https:\/\/www.ville-celles-sur-belle.com\/?s={search_term_string}\"},\"query-input\":\"required name=search_term_string\"}],\"inLanguage\":\"en-GB\"},{\"@type\":\"WebPage\",\"@id\":\"https:\/\/www.ville-celles-sur-belle.com\/ville-active\/salles-municipales\/#webpage\",\"url\":\"https:\/\/www.ville-celles-sur-belle.com\/ville-active\/salles-municipales\/\",\"name\":\"Salles municipales - Mairie de Celles-sur-Belle\",\"isPartOf\":{\"@id\":\"https:\/\/www.ville-celles-sur-belle.com\/#website\"},\"datePublished\":\"2020-02-03T15:09:24+00:00\",\"dateModified\":\"2026-02-11T14:25:17+00:00\",\"description\":\"Toutes les informations sur les salles des f\\u00eates, r\\u00e9union, les salles de l'Abbaye Royale, pour les particuliers et associations.\",\"breadcrumb\":{\"@id\":\"https:\/\/www.ville-celles-sur-belle.com\/ville-active\/salles-municipales\/#breadcrumb\"},\"inLanguage\":\"en-GB\",\"potentialAction\":[{\"@type\":\"ReadAction\",\"target\":[\"https:\/\/www.ville-celles-sur-belle.com\/ville-active\/salles-municipales\/\"]}]},{\"@type\":\"BreadcrumbList\",\"@id\":\"https:\/\/www.ville-celles-sur-belle.com\/ville-active\/salles-municipales\/#breadcrumb\",\"itemListElement\":[{\"@type\":\"ListItem\",\"position\":1,\"name\":\"Accueil\",\"item\":\"https:\/\/www.ville-celles-sur-belle.com\/\"},{\"@type\":\"ListItem\",\"position\":2,\"name\":\"Ville active\",\"item\":\"https:\/\/www.ville-celles-sur-belle.com\/ville-active\/\"},{\"@type\":\"ListItem\",\"position\":3,\"name\":\"Salles municipales\"}]}]}<\/script>\n<!-- \/ Yoast SEO plugin. -->","yoast_head_json":{"title":"Salles municipales - Mairie de Celles-sur-Belle","description":"Toutes les informations sur les salles des f\u00eates, r\u00e9union, les salles de l'Abbaye Royale, pour les particuliers et associations.","robots":{"index":"index","follow":"follow","max-snippet":"max-snippet:-1","max-image-preview":"max-image-preview:large","max-video-preview":"max-video-preview:-1"},"canonical":"https:\/\/www.ville-celles-sur-belle.com\/en\/ville-active\/salles-municipales\/","og_locale":"en_GB","og_type":"article","og_title":"Salles municipales - Mairie de Celles-sur-Belle","og_description":"Toutes les informations sur les salles des f\u00eates, r\u00e9union, les salles de l'Abbaye Royale, pour les particuliers et associations.","og_url":"https:\/\/www.ville-celles-sur-belle.com\/en\/ville-active\/salles-municipales\/","og_site_name":"Mairie de Celles-sur-Belle","article_modified_time":"2026-02-11T14:25:17+00:00","twitter_card":"summary_large_image","twitter_misc":{"Estimated reading time":"1 minute"},"schema":{"@context":"https:\/\/schema.org","@graph":[{"@type":"WebSite","@id":"https:\/\/www.ville-celles-sur-belle.com\/#website","url":"https:\/\/www.ville-celles-sur-belle.com\/","name":"Mairie de Celles-sur-Belle","description":"Belle \u00e0 investir","potentialAction":[{"@type":"SearchAction","target":{"@type":"EntryPoint","urlTemplate":"https:\/\/www.ville-celles-sur-belle.com\/?s={search_term_string}"},"query-input":"required name=search_term_string"}],"inLanguage":"en-GB"},{"@type":"WebPage","@id":"https:\/\/www.ville-celles-sur-belle.com\/ville-active\/salles-municipales\/#webpage","url":"https:\/\/www.ville-celles-sur-belle.com\/ville-active\/salles-municipales\/","name":"Salles municipales - Mairie de Celles-sur-Belle","isPartOf":{"@id":"https:\/\/www.ville-celles-sur-belle.com\/#website"},"datePublished":"2020-02-03T15:09:24+00:00","dateModified":"2026-02-11T14:25:17+00:00","description":"Toutes les informations sur les salles des f\u00eates, r\u00e9union, les salles de l'Abbaye Royale, pour les particuliers et associations.","breadcrumb":{"@id":"https:\/\/www.ville-celles-sur-belle.com\/ville-active\/salles-municipales\/#breadcrumb"},"inLanguage":"en-GB","potentialAction":[{"@type":"ReadAction","target":["https:\/\/www.ville-celles-sur-belle.com\/ville-active\/salles-municipales\/"]}]},{"@type":"BreadcrumbList","@id":"https:\/\/www.ville-celles-sur-belle.com\/ville-active\/salles-municipales\/#breadcrumb","itemListElement":[{"@type":"ListItem","position":1,"name":"Accueil","item":"https:\/\/www.ville-celles-sur-belle.com\/"},{"@type":"ListItem","position":2,"name":"Ville active","item":"https:\/\/www.ville-celles-sur-belle.com\/ville-active\/"},{"@type":"ListItem","position":3,"name":"Salles municipales"}]}]}},"_links":{"self":[{"href":"https:\/\/www.ville-celles-sur-belle.com\/en\/wp-json\/wp\/v2\/pages\/15720"}],"collection":[{"href":"https:\/\/www.ville-celles-sur-belle.com\/en\/wp-json\/wp\/v2\/pages"}],"about":[{"href":"https:\/\/www.ville-celles-sur-belle.com\/en\/wp-json\/wp\/v2\/types\/page"}],"author":[{"embeddable":true,"href":"https:\/\/www.ville-celles-sur-belle.com\/en\/wp-json\/wp\/v2\/users\/4"}],"replies":[{"embeddable":true,"href":"https:\/\/www.ville-celles-sur-belle.com\/en\/wp-json\/wp\/v2\/comments?post=15720"}],"version-history":[{"count":22,"href":"https:\/\/www.ville-celles-sur-belle.com\/en\/wp-json\/wp\/v2\/pages\/15720\/revisions"}],"predecessor-version":[{"id":20191,"href":"https:\/\/www.ville-celles-sur-belle.com\/en\/wp-json\/wp\/v2\/pages\/15720\/revisions\/20191"}],"up":[{"embeddable":true,"href":"https:\/\/www.ville-celles-sur-belle.com\/en\/wp-json\/wp\/v2\/pages\/15628"}],"wp:attachment":[{"href":"https:\/\/www.ville-celles-sur-belle.com\/en\/wp-json\/wp\/v2\/media?parent=15720"}],"curies":[{"name":"wp","href":"https:\/\/api.w.org\/{rel}","templated":true}]}}