{"id":15728,"date":"2020-02-03T16:12:18","date_gmt":"2020-02-03T15:12:18","guid":{"rendered":"https:\/\/www.ville-celles-sur-belle.com\/?page_id=15728"},"modified":"2025-10-03T09:22:29","modified_gmt":"2025-10-03T07:22:29","slug":"piscine","status":"publish","type":"page","link":"https:\/\/www.ville-celles-sur-belle.com\/en\/ville-active\/installations-sportives\/piscine\/","title":{"rendered":"Piscine"},"content":{"rendered":"<div id=\"banniere_contenu\" class=\"wpb_row vc_row-fluid full-width-section section  section-no-parallax  stretch\" data-speed=\"1\" style=\"\"><div class=\"col span_12 color-dark left\">\n\t<div class=\"vc_col-sm-12 wpb_column column_container col no-padding color-dark\" style=\"\" data-animation=\"\" data-delay=\"\">\n\t\t<div class=\"wpb_wrapper\">\n\t\t\t<div class=\"single_image wpb_content_element align-left\" data-animation=\"none\" data-delay=\"0\"><img width=\"2304\" height=\"912\" src=\"https:\/\/www.ville-celles-sur-belle.com\/wp-content\/uploads\/2020\/01\/slide1.jpg\" class=\"attachment-full\" alt=\"\" loading=\"lazy\" srcset=\"https:\/\/www.ville-celles-sur-belle.com\/wp-content\/uploads\/2020\/01\/slide1.jpg 2304w, https:\/\/www.ville-celles-sur-belle.com\/wp-content\/uploads\/2020\/01\/slide1-300x119.jpg 300w, https:\/\/www.ville-celles-sur-belle.com\/wp-content\/uploads\/2020\/01\/slide1-1024x405.jpg 1024w, https:\/\/www.ville-celles-sur-belle.com\/wp-content\/uploads\/2020\/01\/slide1-768x304.jpg 768w, https:\/\/www.ville-celles-sur-belle.com\/wp-content\/uploads\/2020\/01\/slide1-1536x608.jpg 1536w, https:\/\/www.ville-celles-sur-belle.com\/wp-content\/uploads\/2020\/01\/slide1-2048x811.jpg 2048w\" sizes=\"(max-width: 2304px) 100vw, 2304px\" \/><\/div>\n\t\t<\/div> \n\t<\/div> \n<\/div><\/div><div  class=\"wpb_row vc_row-fluid standard-section section  section-no-parallax  stretch\" data-speed=\"1\" style=\"padding-top: 100px; \"><div class=\"col span_12 color-dark left\">\n\t<div class=\"vc_col-sm-6 wpb_column column_container col no-padding color-dark\" style=\"\" data-animation=\"\" data-delay=\"\">\n\t\t<div class=\"wpb_wrapper\">\n\t\t\t\n\t<div class=\"wpb_text_column wpb_content_element\" >\n\t\t<div class=\"wpb_wrapper\">\n\t\t\t<h2>Une piscine de plein air<\/h2>\n\n\t\t<\/div>\n\t<\/div>\n\n\t<div class=\"wpb_text_column wpb_content_element\" >\n\t\t<div class=\"wpb_wrapper\">\n\t\t\t<p>La communaut\u00e9 de communes <strong>Mellois en Poitou<\/strong> poss\u00e8de 6 \u00e9tablissements aquatiques dont 5 piscines d\u2019\u00e9t\u00e9 situ\u00e9es \u00e0 Brioux-sur-Boutonne, Celles-sur-Belle, Chef-Boutonne, Lezay et Sauz\u00e9-Vaussais, et Aqua\u2019Melle ouverte toute l\u2019ann\u00e9e.<\/p>\n<p>Situ\u00e9e \u00e0 proximit\u00e9 de la mairie et du camping, la <strong>piscine de Celles-sur-Belle<\/strong> est accessible \u00e0 tous les publics et dispose de 2 bassins chauff\u00e9s :<\/p>\n<ul>\n<li>un bassin sportif de 25 m x 12,50 m d\u2019une profondeur qui varie de 0,80 m \u00e0 2,60 m,<\/li>\n<li>une pataugeoire de 12 m\u00b2<\/li>\n<\/ul>\n<p>La pataugeoire est \u00e9quip\u00e9e d\u2019un jeu d\u2019eau. Un toboggan d&rsquo;une hauteur de 1,70 m donne \u00e0 cet \u00e9tablissement une dimension ludique tr\u00e8s appr\u00e9ci\u00e9e par les jeunes.<\/p>\n<p>&nbsp;<\/p>\n<p><strong>Si\u00e8ge administratif<\/strong><\/p>\n<p>T\u00e9l : 05 49 27 01 91<\/p>\n<p>Adresse : Piscine Aqua&rsquo;Melle, 1 all\u00e9e du Pinier &#8211; 79500 Melle<\/p>\n\n\t\t<\/div>\n\t<\/div>\n\n\t\t<\/div> \n\t<\/div> \n\n\t<div class=\"vc_col-sm-6 wpb_column column_container col no-padding color-dark\" style=\"\" data-animation=\"\" data-delay=\"\">\n\t\t<div class=\"wpb_wrapper\">\n\t\t\t<div class=\"single_image wpb_content_element align-left\" data-animation=\"none\" data-delay=\"0\"><img width=\"1161\" height=\"600\" src=\"https:\/\/www.ville-celles-sur-belle.com\/wp-content\/uploads\/2020\/03\/celles-sur-belle-com-2016.jpg\" class=\"attachment-full\" alt=\"piscine celles\" loading=\"lazy\" srcset=\"https:\/\/www.ville-celles-sur-belle.com\/wp-content\/uploads\/2020\/03\/celles-sur-belle-com-2016.jpg 1161w, https:\/\/www.ville-celles-sur-belle.com\/wp-content\/uploads\/2020\/03\/celles-sur-belle-com-2016-300x155.jpg 300w, https:\/\/www.ville-celles-sur-belle.com\/wp-content\/uploads\/2020\/03\/celles-sur-belle-com-2016-1024x529.jpg 1024w, https:\/\/www.ville-celles-sur-belle.com\/wp-content\/uploads\/2020\/03\/celles-sur-belle-com-2016-768x397.jpg 768w\" sizes=\"(max-width: 1161px) 100vw, 1161px\" \/><\/div><div class=\"box clearfix style-6 wpb_content_element align-left\" style=\"padding: 40px 40px 40px 40px; \"><strong>Adresse<\/strong> : 1a, avenue de Limoges &#8211; 79370 CELLES-SUR-BELLE<\/div><a href=\"https:\/\/www.melloisenpoitou.fr\/les-actions\/animation-sportive\/un-reseau-de-6-piscines\" target=\"_blank\" class=\"button color-1 small\" style=\"border-radius: 2px;\">En savoir plus<\/a>\n\t\t<\/div> \n\t<\/div> \n<\/div><\/div>","protected":false},"excerpt":{"rendered":"Une piscine de plein air La communaut\u00e9 de communes Mellois en Poitou poss\u00e8de 6 \u00e9tablissements aquatiques dont 5 piscines d\u2019\u00e9t\u00e9 situ\u00e9es \u00e0 Brioux-sur-Boutonne, Celles-sur-Belle, Chef-Boutonne, Lezay et Sauz\u00e9-Vaussais, et Aqua\u2019Melle ouverte toute l\u2019ann\u00e9e. Situ\u00e9e \u00e0 proximit\u00e9 de la mairie et du camping, la piscine de Celles-sur-Belle est accessible \u00e0 tous les publics et dispose de 2 bassins chauff\u00e9s : un bassin sportif de 25 m x 12,50 m d\u2019une profondeur qui varie de 0,80 m \u00e0 2,60 m, une pataugeoire de 12 m\u00b2 La pataugeoire est \u00e9quip\u00e9e d\u2019un jeu d\u2019eau. Un toboggan d'une hauteur de 1,70 m donne \u00e0 cet \u00e9tablissement une dimension ludique tr\u00e8s appr\u00e9ci\u00e9e par les jeunes. &nbsp; Si\u00e8ge administratif T\u00e9l : 05 49 27 01 91 Adresse : Piscine Aqua'Melle, 1 all\u00e9e du Pinier - 79500 Melle Adresse : 1a, avenue de Limoges - 79370 CELLES-SUR-BELLEEn savoir plus","protected":false},"author":4,"featured_media":0,"parent":16015,"menu_order":3,"comment_status":"closed","ping_status":"closed","template":"","meta":[],"yoast_head":"<!-- This site is optimized with the Yoast SEO plugin v17.0 - https:\/\/yoast.com\/wordpress\/plugins\/seo\/ -->\n<title>Piscine - Mairie de Celles-sur-Belle<\/title>\n<meta name=\"robots\" content=\"index, follow, max-snippet:-1, max-image-preview:large, max-video-preview:-1\" \/>\n<link rel=\"canonical\" href=\"https:\/\/www.ville-celles-sur-belle.com\/en\/ville-active\/installations-sportives\/piscine\/\" \/>\n<meta property=\"og:locale\" content=\"en_GB\" \/>\n<meta property=\"og:type\" content=\"article\" \/>\n<meta property=\"og:title\" content=\"Piscine - Mairie de Celles-sur-Belle\" \/>\n<meta property=\"og:url\" content=\"https:\/\/www.ville-celles-sur-belle.com\/en\/ville-active\/installations-sportives\/piscine\/\" \/>\n<meta property=\"og:site_name\" content=\"Mairie de Celles-sur-Belle\" \/>\n<meta property=\"article:modified_time\" content=\"2025-10-03T07:22:29+00:00\" \/>\n<meta name=\"twitter:card\" content=\"summary_large_image\" \/>\n<meta name=\"twitter:label1\" content=\"Estimated reading time\" \/>\n\t<meta name=\"twitter:data1\" content=\"1 minute\" \/>\n<script type=\"application\/ld+json\" class=\"yoast-schema-graph\">{\"@context\":\"https:\/\/schema.org\",\"@graph\":[{\"@type\":\"WebSite\",\"@id\":\"https:\/\/www.ville-celles-sur-belle.com\/#website\",\"url\":\"https:\/\/www.ville-celles-sur-belle.com\/\",\"name\":\"Mairie de Celles-sur-Belle\",\"description\":\"Belle \\u00e0 investir\",\"potentialAction\":[{\"@type\":\"SearchAction\",\"target\":{\"@type\":\"EntryPoint\",\"urlTemplate\":\"https:\/\/www.ville-celles-sur-belle.com\/?s={search_term_string}\"},\"query-input\":\"required name=search_term_string\"}],\"inLanguage\":\"en-GB\"},{\"@type\":\"WebPage\",\"@id\":\"https:\/\/www.ville-celles-sur-belle.com\/ville-active\/installations-sportives\/piscine\/#webpage\",\"url\":\"https:\/\/www.ville-celles-sur-belle.com\/ville-active\/installations-sportives\/piscine\/\",\"name\":\"Piscine - Mairie de Celles-sur-Belle\",\"isPartOf\":{\"@id\":\"https:\/\/www.ville-celles-sur-belle.com\/#website\"},\"datePublished\":\"2020-02-03T15:12:18+00:00\",\"dateModified\":\"2025-10-03T07:22:29+00:00\",\"breadcrumb\":{\"@id\":\"https:\/\/www.ville-celles-sur-belle.com\/ville-active\/installations-sportives\/piscine\/#breadcrumb\"},\"inLanguage\":\"en-GB\",\"potentialAction\":[{\"@type\":\"ReadAction\",\"target\":[\"https:\/\/www.ville-celles-sur-belle.com\/ville-active\/installations-sportives\/piscine\/\"]}]},{\"@type\":\"BreadcrumbList\",\"@id\":\"https:\/\/www.ville-celles-sur-belle.com\/ville-active\/installations-sportives\/piscine\/#breadcrumb\",\"itemListElement\":[{\"@type\":\"ListItem\",\"position\":1,\"name\":\"Accueil\",\"item\":\"https:\/\/www.ville-celles-sur-belle.com\/\"},{\"@type\":\"ListItem\",\"position\":2,\"name\":\"Ville active\",\"item\":\"https:\/\/www.ville-celles-sur-belle.com\/ville-active\/\"},{\"@type\":\"ListItem\",\"position\":3,\"name\":\"Installations Sportives\",\"item\":\"https:\/\/www.ville-celles-sur-belle.com\/ville-active\/installations-sportives\/\"},{\"@type\":\"ListItem\",\"position\":4,\"name\":\"Piscine\"}]}]}<\/script>\n<!-- \/ Yoast SEO plugin. -->","yoast_head_json":{"title":"Piscine - Mairie de Celles-sur-Belle","robots":{"index":"index","follow":"follow","max-snippet":"max-snippet:-1","max-image-preview":"max-image-preview:large","max-video-preview":"max-video-preview:-1"},"canonical":"https:\/\/www.ville-celles-sur-belle.com\/en\/ville-active\/installations-sportives\/piscine\/","og_locale":"en_GB","og_type":"article","og_title":"Piscine - Mairie de Celles-sur-Belle","og_url":"https:\/\/www.ville-celles-sur-belle.com\/en\/ville-active\/installations-sportives\/piscine\/","og_site_name":"Mairie de Celles-sur-Belle","article_modified_time":"2025-10-03T07:22:29+00:00","twitter_card":"summary_large_image","twitter_misc":{"Estimated reading time":"1 minute"},"schema":{"@context":"https:\/\/schema.org","@graph":[{"@type":"WebSite","@id":"https:\/\/www.ville-celles-sur-belle.com\/#website","url":"https:\/\/www.ville-celles-sur-belle.com\/","name":"Mairie de Celles-sur-Belle","description":"Belle \u00e0 investir","potentialAction":[{"@type":"SearchAction","target":{"@type":"EntryPoint","urlTemplate":"https:\/\/www.ville-celles-sur-belle.com\/?s={search_term_string}"},"query-input":"required name=search_term_string"}],"inLanguage":"en-GB"},{"@type":"WebPage","@id":"https:\/\/www.ville-celles-sur-belle.com\/ville-active\/installations-sportives\/piscine\/#webpage","url":"https:\/\/www.ville-celles-sur-belle.com\/ville-active\/installations-sportives\/piscine\/","name":"Piscine - Mairie de Celles-sur-Belle","isPartOf":{"@id":"https:\/\/www.ville-celles-sur-belle.com\/#website"},"datePublished":"2020-02-03T15:12:18+00:00","dateModified":"2025-10-03T07:22:29+00:00","breadcrumb":{"@id":"https:\/\/www.ville-celles-sur-belle.com\/ville-active\/installations-sportives\/piscine\/#breadcrumb"},"inLanguage":"en-GB","potentialAction":[{"@type":"ReadAction","target":["https:\/\/www.ville-celles-sur-belle.com\/ville-active\/installations-sportives\/piscine\/"]}]},{"@type":"BreadcrumbList","@id":"https:\/\/www.ville-celles-sur-belle.com\/ville-active\/installations-sportives\/piscine\/#breadcrumb","itemListElement":[{"@type":"ListItem","position":1,"name":"Accueil","item":"https:\/\/www.ville-celles-sur-belle.com\/"},{"@type":"ListItem","position":2,"name":"Ville active","item":"https:\/\/www.ville-celles-sur-belle.com\/ville-active\/"},{"@type":"ListItem","position":3,"name":"Installations Sportives","item":"https:\/\/www.ville-celles-sur-belle.com\/ville-active\/installations-sportives\/"},{"@type":"ListItem","position":4,"name":"Piscine"}]}]}},"_links":{"self":[{"href":"https:\/\/www.ville-celles-sur-belle.com\/en\/wp-json\/wp\/v2\/pages\/15728"}],"collection":[{"href":"https:\/\/www.ville-celles-sur-belle.com\/en\/wp-json\/wp\/v2\/pages"}],"about":[{"href":"https:\/\/www.ville-celles-sur-belle.com\/en\/wp-json\/wp\/v2\/types\/page"}],"author":[{"embeddable":true,"href":"https:\/\/www.ville-celles-sur-belle.com\/en\/wp-json\/wp\/v2\/users\/4"}],"replies":[{"embeddable":true,"href":"https:\/\/www.ville-celles-sur-belle.com\/en\/wp-json\/wp\/v2\/comments?post=15728"}],"version-history":[{"count":12,"href":"https:\/\/www.ville-celles-sur-belle.com\/en\/wp-json\/wp\/v2\/pages\/15728\/revisions"}],"predecessor-version":[{"id":20463,"href":"https:\/\/www.ville-celles-sur-belle.com\/en\/wp-json\/wp\/v2\/pages\/15728\/revisions\/20463"}],"up":[{"embeddable":true,"href":"https:\/\/www.ville-celles-sur-belle.com\/en\/wp-json\/wp\/v2\/pages\/16015"}],"wp:attachment":[{"href":"https:\/\/www.ville-celles-sur-belle.com\/en\/wp-json\/wp\/v2\/media?parent=15728"}],"curies":[{"name":"wp","href":"https:\/\/api.w.org\/{rel}","templated":true}]}}