{"id":15772,"date":"2020-02-03T16:26:09","date_gmt":"2020-02-03T15:26:09","guid":{"rendered":"https:\/\/www.ville-celles-sur-belle.com\/?page_id=15772"},"modified":"2024-02-12T09:32:06","modified_gmt":"2024-02-12T08:32:06","slug":"ehpad","status":"publish","type":"page","link":"https:\/\/www.ville-celles-sur-belle.com\/en\/vie-municipale\/vie-sociale\/ehpad\/","title":{"rendered":"EHPAD Les Chanterelles"},"content":{"rendered":"<div id=\"banniere_contenu\" class=\"wpb_row vc_row-fluid full-width-section section  section-no-parallax  stretch\" data-speed=\"1\" style=\"\"><div class=\"col span_12 color-dark left\">\n\t<div class=\"vc_col-sm-12 wpb_column column_container col no-padding color-dark\" style=\"\" data-animation=\"\" data-delay=\"\">\n\t\t<div class=\"wpb_wrapper\">\n\t\t\t<div class=\"single_image wpb_content_element align-left\" data-animation=\"none\" data-delay=\"0\"><img width=\"2304\" height=\"912\" src=\"https:\/\/www.ville-celles-sur-belle.com\/wp-content\/uploads\/2020\/01\/slide1.jpg\" class=\"attachment-full\" alt=\"\" loading=\"lazy\" srcset=\"https:\/\/www.ville-celles-sur-belle.com\/wp-content\/uploads\/2020\/01\/slide1.jpg 2304w, https:\/\/www.ville-celles-sur-belle.com\/wp-content\/uploads\/2020\/01\/slide1-300x119.jpg 300w, https:\/\/www.ville-celles-sur-belle.com\/wp-content\/uploads\/2020\/01\/slide1-1024x405.jpg 1024w, https:\/\/www.ville-celles-sur-belle.com\/wp-content\/uploads\/2020\/01\/slide1-768x304.jpg 768w, https:\/\/www.ville-celles-sur-belle.com\/wp-content\/uploads\/2020\/01\/slide1-1536x608.jpg 1536w, https:\/\/www.ville-celles-sur-belle.com\/wp-content\/uploads\/2020\/01\/slide1-2048x811.jpg 2048w\" sizes=\"(max-width: 2304px) 100vw, 2304px\" \/><\/div>\n\t\t<\/div> \n\t<\/div> \n<\/div><\/div><div  class=\"wpb_row vc_row-fluid standard-section section  section-no-parallax  stretch\" data-speed=\"1\" style=\"padding-top: 100px; padding-bottom: 40px; \"><div class=\"col span_12 color-dark left\">\n\t<div class=\"vc_col-sm-6 wpb_column column_container col no-padding color-dark\" style=\"\" data-animation=\"\" data-delay=\"\">\n\t\t<div class=\"wpb_wrapper\">\n\t\t\t\n\t<div class=\"wpb_text_column wpb_content_element\" >\n\t\t<div class=\"wpb_wrapper\">\n\t\t\t<h2>Les Chanterelles<\/h2>\n\n\t\t<\/div>\n\t<\/div>\n\n\t<div class=\"wpb_text_column wpb_content_element\" >\n\t\t<div class=\"wpb_wrapper\">\n\t\t\t<p>Cet EHPAD (\u00e9tablissement d\u2018h\u00e9bergement pour personnes \u00e2g\u00e9es d\u00e9pendantes) public dispose<\/p>\n<ul>\n<li>d&rsquo;une unit\u00e9 d\u2019accueil permanent d\u2019une capacit\u00e9 de 93 chambres,<\/li>\n<li>d&rsquo;un PASA (P\u00f4le d\u2019Activit\u00e9s et de Soins Adapt\u00e9s),<\/li>\n<li>d&rsquo;un service d\u2019accueil de jour et d\u2019accueil de nuit,<\/li>\n<li>d&rsquo;un service de t\u00e9l\u00e9assistance,<\/li>\n<li>d&rsquo;une unit\u00e9 Alzheimer ou assimil\u00e9e d&rsquo;une capacit\u00e9 de 22 places,<\/li>\n<li>le <a href=\"https:\/\/www.ville-celles-sur-belle.com\/en\/vie-municipale\/vie-sociale\/entourage\/\">service Entour&rsquo;\u00e2ge<\/a>, pour l\u2019accompagnement au maintien \u00e0 domicile.<\/li>\n<\/ul>\n<p>&nbsp;<\/p>\n<p><strong>Directrice : Sandra SAUSSEAU<br \/>\n<\/strong><\/p>\n<p>T\u00e9l : 05 49 79 80 39<br \/>\n<a href=\"mailto:accueil@ehpadchanterelles.fr\">accueil@ehpadchanterelles.fr<\/a><br \/>\n<a href=\"https:\/\/www.facebook.com\/EHPAD-Les-Chanterelles-108093158262010\/\" target=\"_blank\" rel=\"noopener\">Page Facebook<\/a><\/p>\n\n\t\t<\/div>\n\t<\/div>\n<a href=\"https:\/\/www.ville-celles-sur-belle.com\/wp-content\/uploads\/2020\/03\/EHPAD-Les-Chanterelles-7-rue-du-Treuil-79370-Celles.pdf\" target=\"_blank\" class=\"button color-1 small\" style=\"border-radius: 2px;\">En savoir plus<\/a>\n\t\t<\/div> \n\t<\/div> \n\n\t<div class=\"vc_col-sm-6 wpb_column column_container col no-padding color-dark\" style=\"\" data-animation=\"\" data-delay=\"\">\n\t\t<div class=\"wpb_wrapper\">\n\t\t\t<div class=\"flexslider wpb_content_element\"><ul class=\"slides\"><li><img src=\"https:\/\/www.ville-celles-sur-belle.com\/wp-content\/uploads\/2020\/03\/Capture-6.png\" alt=\"ext\u00e9rieur ehpad\" \/><\/li><li><img src=\"https:\/\/www.ville-celles-sur-belle.com\/wp-content\/uploads\/2020\/04\/EHPAD-celles-sur-belle_1560934714.jpg\" alt=\"\" \/><\/li><\/ul><\/div><div class=\"box clearfix style-6 wpb_content_element align-left\" style=\"padding: 40px 40px 40px 40px; \">Adresse : 7 rue du Treuil &#8211; 79370 Celles-sur-Belle<\/div>\n\t\t<\/div> \n\t<\/div> \n<\/div><\/div><div  class=\"wpb_row vc_row-fluid standard-section section  section-no-parallax  stretch\" data-speed=\"1\" style=\"padding-top: 30px; \"><div class=\"col span_12 color-dark left\">\n\t<div class=\"vc_col-sm-3 wpb_column column_container col no-padding color-dark\" style=\"\" data-animation=\"\" data-delay=\"\">\n\t\t<div class=\"wpb_wrapper\">\n\t\t\t<div class=\"single_image wpb_content_element align-left\" data-animation=\"none\" data-delay=\"0\"><img width=\"720\" height=\"720\" src=\"https:\/\/www.ville-celles-sur-belle.com\/wp-content\/uploads\/2020\/04\/seniors-1505937_960_720.jpg\" class=\"attachment-full\" alt=\"\" loading=\"lazy\" srcset=\"https:\/\/www.ville-celles-sur-belle.com\/wp-content\/uploads\/2020\/04\/seniors-1505937_960_720.jpg 720w, https:\/\/www.ville-celles-sur-belle.com\/wp-content\/uploads\/2020\/04\/seniors-1505937_960_720-300x300.jpg 300w, https:\/\/www.ville-celles-sur-belle.com\/wp-content\/uploads\/2020\/04\/seniors-1505937_960_720-150x150.jpg 150w, https:\/\/www.ville-celles-sur-belle.com\/wp-content\/uploads\/2020\/04\/seniors-1505937_960_720-80x80.jpg 80w, https:\/\/www.ville-celles-sur-belle.com\/wp-content\/uploads\/2020\/04\/seniors-1505937_960_720-500x500.jpg 500w\" sizes=\"(max-width: 720px) 100vw, 720px\" \/><\/div>\n\t\t<\/div> \n\t<\/div> \n\n\t<div class=\"vc_col-sm-9 wpb_column column_container col no-padding color-dark\" style=\"\" data-animation=\"\" data-delay=\"\">\n\t\t<div class=\"wpb_wrapper\">\n\t\t\t\n\t<div class=\"wpb_text_column wpb_content_element\" >\n\t\t<div class=\"wpb_wrapper\">\n\t\t\t<h3>T\u00e9l\u00e9assistance &#8211; Plateforme de service<\/h3>\n\n\t\t<\/div>\n\t<\/div>\n\n\t<div class=\"wpb_text_column wpb_content_element\" >\n\t\t<div class=\"wpb_wrapper\">\n\t\t\t<p>La t\u00e9l\u00e9assistance est un service qui permet de mettre en contact une personne \u00e2g\u00e9e et\/ou handicap\u00e9e avec un t\u00e9l\u00e9op\u00e9rateur en cas de probl\u00e8me \u00e0 domicile (chute, malaise\u2026) 24 heures sur 24 et 7 jours sur 7, par le biais d&rsquo;un \u00e9metteur (pendentif ou montre). La journ\u00e9e, ce sont les professionnels de l&rsquo;<a href=\"https:\/\/www.ville-celles-sur-belle.com\/en\/vie-municipale\/vie-sociale\/ehpad\/\">EHPAD Les Chanterelles<\/a> qui interviennent, la nuit un service d\u2019aide \u00e0 domicile 24h\/24.<\/p>\n<p>&nbsp;<\/p>\n<p><strong>Contact<\/strong><\/p>\n<p>Laure SERVANT, Coordinatrice de la plateforme de service<br \/>\nT\u00e9l : 05 49 79 47 10<\/p>\n\n\t\t<\/div>\n\t<\/div>\n<a href=\"https:\/\/www.ville-celles-sur-belle.com\/wp-content\/uploads\/2020\/04\/Plaquette-ACCUEIL-DE-JOUR-TELEASSISTANCE.pdf\" target=\"_blank\" class=\"button color-1 small\" style=\"border-radius: 2px;\">En savoir plus<\/a>\n\t\t<\/div> \n\t<\/div> \n<\/div><\/div>","protected":false},"excerpt":{"rendered":"Les Chanterelles Cet EHPAD (\u00e9tablissement d\u2018h\u00e9bergement pour personnes \u00e2g\u00e9es d\u00e9pendantes) public dispose d'une unit\u00e9 d\u2019accueil permanent d\u2019une capacit\u00e9 de 93 chambres, d'un PASA (P\u00f4le d\u2019Activit\u00e9s et de Soins Adapt\u00e9s), d'un service d\u2019accueil de jour et d\u2019accueil de nuit, d'un service de t\u00e9l\u00e9assistance, d'une unit\u00e9 Alzheimer ou assimil\u00e9e d'une capacit\u00e9 de 22 places, le service Entour'\u00e2ge, pour l\u2019accompagnement au maintien \u00e0 domicile. &nbsp; Directrice : Sandra SAUSSEAU T\u00e9l : 05 49 79 80 39 accueil@ehpadchanterelles.fr Page Facebook En savoir plus Adresse : 7 rue du Treuil - 79370 Celles-sur-Belle T\u00e9l\u00e9assistance - Plateforme de service La t\u00e9l\u00e9assistance est un service qui permet de mettre en contact une personne \u00e2g\u00e9e et\/ou handicap\u00e9e avec un t\u00e9l\u00e9op\u00e9rateur en cas de probl\u00e8me \u00e0 domicile (chute, malaise\u2026) 24 heures sur 24 et 7 jours sur 7, par le biais d'un \u00e9metteur (pendentif ou montre). La journ\u00e9e, ce sont les professionnels de l'EHPAD Les Chanterelles qui interviennent, la nuit un service d\u2019aide \u00e0 domicile 24h\/24. &nbsp; Contact Laure SERVANT, Coordinatrice de la plateforme de service T\u00e9l : 05 49 79 47 10 En savoir plus","protected":false},"author":4,"featured_media":0,"parent":15765,"menu_order":0,"comment_status":"closed","ping_status":"closed","template":"","meta":[],"yoast_head":"<!-- This site is optimized with the Yoast SEO plugin v17.0 - https:\/\/yoast.com\/wordpress\/plugins\/seo\/ -->\n<title>EHPAD Les Chanterelles - Mairie de Celles-sur-Belle<\/title>\n<meta name=\"description\" content=\"EHPAD Les Chanterelles - maison de retraite - Le service de t\u00e9l\u00e9assistance permet de mettre en contact une personne \u00e2g\u00e9e et\/ou handicap\u00e9e avec un t\u00e9l\u00e9op\u00e9rateur\" \/>\n<meta name=\"robots\" content=\"index, follow, max-snippet:-1, max-image-preview:large, max-video-preview:-1\" \/>\n<link rel=\"canonical\" href=\"https:\/\/www.ville-celles-sur-belle.com\/en\/vie-municipale\/vie-sociale\/ehpad\/\" \/>\n<meta property=\"og:locale\" content=\"en_GB\" \/>\n<meta property=\"og:type\" content=\"article\" \/>\n<meta property=\"og:title\" content=\"EHPAD Les Chanterelles - Mairie de Celles-sur-Belle\" \/>\n<meta property=\"og:description\" content=\"EHPAD Les Chanterelles - maison de retraite - Le service de t\u00e9l\u00e9assistance permet de mettre en contact une personne \u00e2g\u00e9e et\/ou handicap\u00e9e avec un t\u00e9l\u00e9op\u00e9rateur\" \/>\n<meta property=\"og:url\" content=\"https:\/\/www.ville-celles-sur-belle.com\/en\/vie-municipale\/vie-sociale\/ehpad\/\" \/>\n<meta property=\"og:site_name\" content=\"Mairie de Celles-sur-Belle\" \/>\n<meta property=\"article:modified_time\" content=\"2024-02-12T08:32:06+00:00\" \/>\n<meta name=\"twitter:card\" content=\"summary_large_image\" \/>\n<meta name=\"twitter:label1\" content=\"Estimated reading time\" \/>\n\t<meta name=\"twitter:data1\" content=\"1 minute\" \/>\n<script type=\"application\/ld+json\" class=\"yoast-schema-graph\">{\"@context\":\"https:\/\/schema.org\",\"@graph\":[{\"@type\":\"WebSite\",\"@id\":\"https:\/\/www.ville-celles-sur-belle.com\/#website\",\"url\":\"https:\/\/www.ville-celles-sur-belle.com\/\",\"name\":\"Mairie de Celles-sur-Belle\",\"description\":\"Belle \\u00e0 investir\",\"potentialAction\":[{\"@type\":\"SearchAction\",\"target\":{\"@type\":\"EntryPoint\",\"urlTemplate\":\"https:\/\/www.ville-celles-sur-belle.com\/?s={search_term_string}\"},\"query-input\":\"required name=search_term_string\"}],\"inLanguage\":\"en-GB\"},{\"@type\":\"WebPage\",\"@id\":\"https:\/\/www.ville-celles-sur-belle.com\/vie-municipale\/vie-sociale\/ehpad\/#webpage\",\"url\":\"https:\/\/www.ville-celles-sur-belle.com\/vie-municipale\/vie-sociale\/ehpad\/\",\"name\":\"EHPAD Les Chanterelles - Mairie de Celles-sur-Belle\",\"isPartOf\":{\"@id\":\"https:\/\/www.ville-celles-sur-belle.com\/#website\"},\"datePublished\":\"2020-02-03T15:26:09+00:00\",\"dateModified\":\"2024-02-12T08:32:06+00:00\",\"description\":\"EHPAD Les Chanterelles - maison de retraite - Le service de t\\u00e9l\\u00e9assistance permet de mettre en contact une personne \\u00e2g\\u00e9e et\/ou handicap\\u00e9e avec un t\\u00e9l\\u00e9op\\u00e9rateur\",\"breadcrumb\":{\"@id\":\"https:\/\/www.ville-celles-sur-belle.com\/vie-municipale\/vie-sociale\/ehpad\/#breadcrumb\"},\"inLanguage\":\"en-GB\",\"potentialAction\":[{\"@type\":\"ReadAction\",\"target\":[\"https:\/\/www.ville-celles-sur-belle.com\/vie-municipale\/vie-sociale\/ehpad\/\"]}]},{\"@type\":\"BreadcrumbList\",\"@id\":\"https:\/\/www.ville-celles-sur-belle.com\/vie-municipale\/vie-sociale\/ehpad\/#breadcrumb\",\"itemListElement\":[{\"@type\":\"ListItem\",\"position\":1,\"name\":\"Accueil\",\"item\":\"https:\/\/www.ville-celles-sur-belle.com\/\"},{\"@type\":\"ListItem\",\"position\":2,\"name\":\"Vie municipale\",\"item\":\"https:\/\/www.ville-celles-sur-belle.com\/vie-municipale\/\"},{\"@type\":\"ListItem\",\"position\":3,\"name\":\"Vie sociale\",\"item\":\"https:\/\/www.ville-celles-sur-belle.com\/vie-municipale\/vie-sociale\/\"},{\"@type\":\"ListItem\",\"position\":4,\"name\":\"EHPAD Les Chanterelles\"}]}]}<\/script>\n<!-- \/ Yoast SEO plugin. -->","yoast_head_json":{"title":"EHPAD Les Chanterelles - Mairie de Celles-sur-Belle","description":"EHPAD Les Chanterelles - maison de retraite - Le service de t\u00e9l\u00e9assistance permet de mettre en contact une personne \u00e2g\u00e9e et\/ou handicap\u00e9e avec un t\u00e9l\u00e9op\u00e9rateur","robots":{"index":"index","follow":"follow","max-snippet":"max-snippet:-1","max-image-preview":"max-image-preview:large","max-video-preview":"max-video-preview:-1"},"canonical":"https:\/\/www.ville-celles-sur-belle.com\/en\/vie-municipale\/vie-sociale\/ehpad\/","og_locale":"en_GB","og_type":"article","og_title":"EHPAD Les Chanterelles - Mairie de Celles-sur-Belle","og_description":"EHPAD Les Chanterelles - maison de retraite - Le service de t\u00e9l\u00e9assistance permet de mettre en contact une personne \u00e2g\u00e9e et\/ou handicap\u00e9e avec un t\u00e9l\u00e9op\u00e9rateur","og_url":"https:\/\/www.ville-celles-sur-belle.com\/en\/vie-municipale\/vie-sociale\/ehpad\/","og_site_name":"Mairie de Celles-sur-Belle","article_modified_time":"2024-02-12T08:32:06+00:00","twitter_card":"summary_large_image","twitter_misc":{"Estimated reading time":"1 minute"},"schema":{"@context":"https:\/\/schema.org","@graph":[{"@type":"WebSite","@id":"https:\/\/www.ville-celles-sur-belle.com\/#website","url":"https:\/\/www.ville-celles-sur-belle.com\/","name":"Mairie de Celles-sur-Belle","description":"Belle \u00e0 investir","potentialAction":[{"@type":"SearchAction","target":{"@type":"EntryPoint","urlTemplate":"https:\/\/www.ville-celles-sur-belle.com\/?s={search_term_string}"},"query-input":"required name=search_term_string"}],"inLanguage":"en-GB"},{"@type":"WebPage","@id":"https:\/\/www.ville-celles-sur-belle.com\/vie-municipale\/vie-sociale\/ehpad\/#webpage","url":"https:\/\/www.ville-celles-sur-belle.com\/vie-municipale\/vie-sociale\/ehpad\/","name":"EHPAD Les Chanterelles - Mairie de Celles-sur-Belle","isPartOf":{"@id":"https:\/\/www.ville-celles-sur-belle.com\/#website"},"datePublished":"2020-02-03T15:26:09+00:00","dateModified":"2024-02-12T08:32:06+00:00","description":"EHPAD Les Chanterelles - maison de retraite - Le service de t\u00e9l\u00e9assistance permet de mettre en contact une personne \u00e2g\u00e9e et\/ou handicap\u00e9e avec un t\u00e9l\u00e9op\u00e9rateur","breadcrumb":{"@id":"https:\/\/www.ville-celles-sur-belle.com\/vie-municipale\/vie-sociale\/ehpad\/#breadcrumb"},"inLanguage":"en-GB","potentialAction":[{"@type":"ReadAction","target":["https:\/\/www.ville-celles-sur-belle.com\/vie-municipale\/vie-sociale\/ehpad\/"]}]},{"@type":"BreadcrumbList","@id":"https:\/\/www.ville-celles-sur-belle.com\/vie-municipale\/vie-sociale\/ehpad\/#breadcrumb","itemListElement":[{"@type":"ListItem","position":1,"name":"Accueil","item":"https:\/\/www.ville-celles-sur-belle.com\/"},{"@type":"ListItem","position":2,"name":"Vie municipale","item":"https:\/\/www.ville-celles-sur-belle.com\/vie-municipale\/"},{"@type":"ListItem","position":3,"name":"Vie sociale","item":"https:\/\/www.ville-celles-sur-belle.com\/vie-municipale\/vie-sociale\/"},{"@type":"ListItem","position":4,"name":"EHPAD Les Chanterelles"}]}]}},"_links":{"self":[{"href":"https:\/\/www.ville-celles-sur-belle.com\/en\/wp-json\/wp\/v2\/pages\/15772"}],"collection":[{"href":"https:\/\/www.ville-celles-sur-belle.com\/en\/wp-json\/wp\/v2\/pages"}],"about":[{"href":"https:\/\/www.ville-celles-sur-belle.com\/en\/wp-json\/wp\/v2\/types\/page"}],"author":[{"embeddable":true,"href":"https:\/\/www.ville-celles-sur-belle.com\/en\/wp-json\/wp\/v2\/users\/4"}],"replies":[{"embeddable":true,"href":"https:\/\/www.ville-celles-sur-belle.com\/en\/wp-json\/wp\/v2\/comments?post=15772"}],"version-history":[{"count":21,"href":"https:\/\/www.ville-celles-sur-belle.com\/en\/wp-json\/wp\/v2\/pages\/15772\/revisions"}],"predecessor-version":[{"id":19627,"href":"https:\/\/www.ville-celles-sur-belle.com\/en\/wp-json\/wp\/v2\/pages\/15772\/revisions\/19627"}],"up":[{"embeddable":true,"href":"https:\/\/www.ville-celles-sur-belle.com\/en\/wp-json\/wp\/v2\/pages\/15765"}],"wp:attachment":[{"href":"https:\/\/www.ville-celles-sur-belle.com\/en\/wp-json\/wp\/v2\/media?parent=15772"}],"curies":[{"name":"wp","href":"https:\/\/api.w.org\/{rel}","templated":true}]}}