{"id":15790,"date":"2020-02-03T16:30:31","date_gmt":"2020-02-03T15:30:31","guid":{"rendered":"https:\/\/www.ville-celles-sur-belle.com\/?page_id=15790"},"modified":"2025-10-31T10:35:55","modified_gmt":"2025-10-31T09:35:55","slug":"urbanisme","status":"publish","type":"page","link":"https:\/\/www.ville-celles-sur-belle.com\/en\/vie-municipale\/demarches\/urbanisme\/","title":{"rendered":"Urbanisme"},"content":{"rendered":"<div id=\"banniere_contenu\" class=\"wpb_row vc_row-fluid full-width-section section  section-no-parallax  stretch\" data-speed=\"1\" style=\"\"><div class=\"col span_12 color-dark left\">\n\t<div class=\"vc_col-sm-12 wpb_column column_container col no-padding color-dark\" style=\"\" data-animation=\"\" data-delay=\"\">\n\t\t<div class=\"wpb_wrapper\">\n\t\t\t<div class=\"single_image wpb_content_element align-left\" data-animation=\"none\" data-delay=\"0\"><img width=\"2304\" height=\"912\" src=\"https:\/\/www.ville-celles-sur-belle.com\/wp-content\/uploads\/2020\/01\/slide1.jpg\" class=\"attachment-full\" alt=\"\" loading=\"lazy\" srcset=\"https:\/\/www.ville-celles-sur-belle.com\/wp-content\/uploads\/2020\/01\/slide1.jpg 2304w, https:\/\/www.ville-celles-sur-belle.com\/wp-content\/uploads\/2020\/01\/slide1-300x119.jpg 300w, https:\/\/www.ville-celles-sur-belle.com\/wp-content\/uploads\/2020\/01\/slide1-1024x405.jpg 1024w, https:\/\/www.ville-celles-sur-belle.com\/wp-content\/uploads\/2020\/01\/slide1-768x304.jpg 768w, https:\/\/www.ville-celles-sur-belle.com\/wp-content\/uploads\/2020\/01\/slide1-1536x608.jpg 1536w, https:\/\/www.ville-celles-sur-belle.com\/wp-content\/uploads\/2020\/01\/slide1-2048x811.jpg 2048w\" sizes=\"(max-width: 2304px) 100vw, 2304px\" \/><\/div>\n\t\t<\/div> \n\t<\/div> \n<\/div><\/div><div  class=\"wpb_row vc_row-fluid standard-section section  section-no-parallax  stretch\" data-speed=\"1\" style=\"padding-top: 60px; \"><div class=\"col span_12 color-dark left\">\n\t<div class=\"vc_col-sm-6 wpb_column column_container col no-padding color-dark\" style=\"\" data-animation=\"\" data-delay=\"\">\n\t\t<div class=\"wpb_wrapper\">\n\t\t\t<div class=\"single_image wpb_content_element align-center\" data-animation=\"none\" data-delay=\"0\"><img width=\"600\" height=\"400\" src=\"https:\/\/www.ville-celles-sur-belle.com\/wp-content\/uploads\/2021\/04\/urbanisme.jpg\" class=\"attachment-full\" alt=\"\" loading=\"lazy\" srcset=\"https:\/\/www.ville-celles-sur-belle.com\/wp-content\/uploads\/2021\/04\/urbanisme.jpg 600w, https:\/\/www.ville-celles-sur-belle.com\/wp-content\/uploads\/2021\/04\/urbanisme-300x200.jpg 300w, https:\/\/www.ville-celles-sur-belle.com\/wp-content\/uploads\/2021\/04\/urbanisme-391x260.jpg 391w\" sizes=\"(max-width: 600px) 100vw, 600px\" \/><\/div>\n\t\t<\/div> \n\t<\/div> \n\n\t<div class=\"vc_col-sm-6 wpb_column column_container col no-padding color-dark\" style=\"\" data-animation=\"\" data-delay=\"\">\n\t\t<div class=\"wpb_wrapper\">\n\t\t\t\n\t<div class=\"wpb_text_column wpb_content_element\" >\n\t\t<div class=\"wpb_wrapper\">\n\t\t\t<h2>Le service urbanisme<\/h2>\n<p><strong>Permanences sans rendez-vous :<\/strong> LUNDI 13h30 &#8211; 16h et JEUDI 8h30 &#8211; 12h<\/p>\n<p><strong>Contact et prise de rendez-vous :<\/strong> 05 49 79 80 17\u00a0 \/\/\u00a0 <a href=\"mailto:urba@villecellessurbelle.fr\">urba@villecellessurbelle.fr<\/a><\/p>\n\n\t\t<\/div>\n\t<\/div>\n\n\t<div class=\"wpb_text_column wpb_content_element\" >\n\t\t<div class=\"wpb_wrapper\">\n\t\t\t<h3>D\u00e9poser un dossier d&rsquo;urbanisme<\/h3>\n<p>Il est actuellement possible de d\u00e9poser un dossier de demande :<\/p>\n<ul style=\"font-weight: 400;\">\n<li>en version papier, par courrier ou en mains-propres, en mairie,<\/li>\n<li>en version d\u00e9mat\u00e9rialis\u00e9e, via la <a href=\"https:\/\/gnau-sieds.operis.fr\/#\/\" target=\"_blank\" rel=\"noopener\">plateforme du SIEDS<\/a><\/li>\n<\/ul>\n<p>Sur le <a href=\"https:\/\/www.melloisenpoitou.fr\/les-actions\/amenagement\/jaiunprojetimmobilier\" target=\"_blank\" rel=\"noopener\">site de la communaut\u00e9 de communes Mellois en Poitou<\/a>, de nombreux guides pratiques de l&rsquo;urbanisme sont disponibles pour faciliter vos d\u00e9marches.<\/p>\n\n\t\t<\/div>\n\t<\/div>\n\n\t\t<\/div> \n\t<\/div> \n<\/div><\/div><div  class=\"wpb_row vc_row-fluid standard-section section  section-no-parallax  stretch\" data-speed=\"1\" style=\"padding-top: 80px; \"><div class=\"col span_12 color-dark left\">\n\t<div class=\"vc_col-sm-6 wpb_column column_container col no-padding color-dark\" style=\"\" data-animation=\"\" data-delay=\"\">\n\t\t<div class=\"wpb_wrapper\">\n\t\t\t\n\t<div class=\"wpb_text_column wpb_content_element\" >\n\t\t<div class=\"wpb_wrapper\">\n\t\t\t<h2>Plan Local d&rsquo;Urbanisme<\/h2>\n\n\t\t<\/div>\n\t<\/div>\n\n\t<div class=\"wpb_text_column wpb_content_element\" >\n\t\t<div class=\"wpb_wrapper\">\n\t\t\t<p>Le PLU a \u00e9t\u00e9 approuv\u00e9 par d\u00e9lib\u00e9ration du conseil municipal du <strong>11 avril 2013<\/strong>.<\/p>\n<p>Il est applicable sur le territoire des communes de Celles-sur-Belle, Verrines-sous-Celles et Montign\u00e9.<br \/>\nSur la commune de Saint-M\u00e9dard, le r\u00e8glement national d&rsquo;urbanisme (RNU) constitue \u00e0 ce jour le seul document d&rsquo;urbanisme applicable.<\/p>\n<p>Pour conna\u00eetre les r\u00e8gles d&rsquo;urbanisme qui s&rsquo;appliquent \u00e0 votre parcelle, vous pouvez consulter le site <a href=\"https:\/\/www.geoportail-urbanisme.gouv.fr\/\" target=\"_blank\" rel=\"noopener\">G\u00e9oportail de l&rsquo;urbanisme<\/a>.<\/p>\n\n\t\t<\/div>\n\t<\/div>\n\n\t<div class=\"wpb_text_column wpb_content_element\" >\n\t\t<div class=\"wpb_wrapper\">\n\t\t\t<h3>Consulter le dossier<\/h3>\n\n\t\t<\/div>\n\t<\/div>\n<a href=\"https:\/\/www.ville-celles-sur-belle.com\/wp-content\/uploads\/2020\/03\/reglement.pdf\" target=\"_blank\" class=\"button color-1 small\" style=\"border-radius: 2px;\">R\u00e8glement<\/a><a href=\"https:\/\/www.ville-celles-sur-belle.com\/wp-content\/uploads\/2020\/03\/zonage_nord1_2500.pdf\" target=\"_blank\" class=\"button color-1 small\" style=\"border-radius: 2px;\">Zonage Nord 1\/2500<\/a><a href=\"https:\/\/www.ville-celles-sur-belle.com\/wp-content\/uploads\/2020\/03\/zonage_nord1_5000.pdf\" target=\"_blank\" class=\"button color-1 small\" style=\"border-radius: 2px;\">Zonage Nord 1\/5000<\/a><a href=\"https:\/\/www.ville-celles-sur-belle.com\/wp-content\/uploads\/2020\/03\/zonage_sud1_5000.pdf\" target=\"_blank\" class=\"button color-1 small\" style=\"border-radius: 2px;\">Zonage Sud 1\/5000<\/a>\n\t\t<\/div> \n\t<\/div> \n\n\t<div class=\"vc_col-sm-6 wpb_column column_container col no-padding color-dark\" style=\"\" data-animation=\"\" data-delay=\"\">\n\t\t<div class=\"wpb_wrapper\">\n\t\t\t\n\t<div class=\"wpb_text_column wpb_content_element\" >\n\t\t<div class=\"wpb_wrapper\">\n\t\t\t<h2>Les sites patrimoniaux remarquables (SPR)<\/h2>\n\n\t\t<\/div>\n\t<\/div>\n\n\t<div class=\"wpb_text_column wpb_content_element\" >\n\t\t<div class=\"wpb_wrapper\">\n\t\t\t<p>Les <strong>sites patrimoniaux remarquables (SPR)<\/strong> correspondent :<br \/>\n&#8211; \u00e0 des villes, des villages ou des quartiers dont la conservation, la restauration, la r\u00e9habilitation ou la mise en valeur pr\u00e9sente, au point de vue historique, architectural, arch\u00e9ologique, artistique ou paysager, un int\u00e9r\u00eat public ;<br \/>\n&#8211; ainsi qu\u2019aux espaces ruraux et paysages qui forment avec ces villes, villages ou quartiers un ensemble coh\u00e9rent, ou qui sont susceptibles de contribuer \u00e0 leur conservation ou \u00e0 leur mise en valeur.<br \/>\nIls se substituent aux AVAP, ZPPAUP et secteurs sauvegard\u00e9s.<\/p>\n<p>L&rsquo;<strong>Aire de Valorisation de l&rsquo;Architecture et du Patrimoine (AVAP) de Celles-sur-Belle<\/strong> a \u00e9t\u00e9 approuv\u00e9e par d\u00e9lib\u00e9ration du conseil municipal du <strong>12 juillet 2016<\/strong>. Elle est applicable sur une partie du bourg de Celles-sur-Belle et une partie de Verrines-sous-Celles.<\/p>\n\n\t\t<\/div>\n\t<\/div>\n\n\t<div class=\"wpb_text_column wpb_content_element\" >\n\t\t<div class=\"wpb_wrapper\">\n\t\t\t<h3>Consulter le dossier<\/h3>\n\n\t\t<\/div>\n\t<\/div>\n<a href=\"https:\/\/www.ville-celles-sur-belle.com\/wp-content\/uploads\/2020\/03\/COUV_CELLES-SUR-BELLE_AVAP_R\u00e8glement_JUILLET2016-fusionn\u00e9.pdf\" target=\"_blank\" class=\"button color-1 small\" style=\"border-radius: 2px;\">R\u00e8glement AVAP<\/a><a href=\"https:\/\/www.ville-celles-sur-belle.com\/wp-content\/uploads\/2021\/04\/CELLES-SUR-BELLE_AVAP_Cartographies_MARS2016.pdf\" target=\"_blank\" class=\"button color-1 small\" style=\"border-radius: 2px;\">Cartographies<\/a><a href=\"https:\/\/www.ville-celles-sur-belle.com\/wp-content\/uploads\/2025\/09\/Nuancier-de-lUDAP-des-Deux-Sevres.pdf\" target=\"_blank\" class=\"button color-1 small\" style=\"border-radius: 2px;\">Nuancier de l&rsquo;UDAP<\/a>\n\t\t<\/div> \n\t<\/div> \n<\/div><\/div>","protected":false},"excerpt":{"rendered":"Le service urbanisme Permanences sans rendez-vous : LUNDI 13h30 - 16h et JEUDI 8h30 - 12h Contact et prise de rendez-vous : 05 49 79 80 17\u00a0 \/\/\u00a0 urba@villecellessurbelle.fr D\u00e9poser un dossier d'urbanisme Il est actuellement possible de d\u00e9poser un dossier de demande : en version papier, par courrier ou en mains-propres, en mairie, en version d\u00e9mat\u00e9rialis\u00e9e, via la plateforme du SIEDS Sur le site de la communaut\u00e9 de communes Mellois en Poitou, de nombreux guides pratiques de l'urbanisme sont disponibles pour faciliter vos d\u00e9marches. Plan Local d'Urbanisme Le PLU a \u00e9t\u00e9 approuv\u00e9 par d\u00e9lib\u00e9ration du conseil municipal du 11 avril 2013. Il est applicable sur le territoire des communes de Celles-sur-Belle, Verrines-sous-Celles et Montign\u00e9. Sur la commune de Saint-M\u00e9dard, le r\u00e8glement national d'urbanisme (RNU) constitue \u00e0 ce jour le seul document d'urbanisme applicable. Pour conna\u00eetre les r\u00e8gles d'urbanisme qui s'appliquent \u00e0 votre parcelle, vous pouvez consulter le site G\u00e9oportail de l'urbanisme. Consulter le dossier R\u00e8glementZonage Nord 1\/2500Zonage Nord 1\/5000Zonage Sud 1\/5000 Les sites patrimoniaux remarquables (SPR) Les sites patrimoniaux remarquables (SPR) correspondent : - \u00e0 des villes, des villages ou des quartiers dont la conservation, la restauration, la r\u00e9habilitation ou la mise en valeur pr\u00e9sente, au point de vue [...]","protected":false},"author":4,"featured_media":0,"parent":15788,"menu_order":0,"comment_status":"closed","ping_status":"closed","template":"","meta":[],"yoast_head":"<!-- This site is optimized with the Yoast SEO plugin v17.0 - https:\/\/yoast.com\/wordpress\/plugins\/seo\/ -->\n<title>Urbanisme - Mairie de Celles-sur-Belle<\/title>\n<meta name=\"robots\" content=\"index, follow, max-snippet:-1, max-image-preview:large, max-video-preview:-1\" \/>\n<link rel=\"canonical\" href=\"https:\/\/www.ville-celles-sur-belle.com\/en\/vie-municipale\/demarches\/urbanisme\/\" \/>\n<meta property=\"og:locale\" content=\"en_GB\" \/>\n<meta property=\"og:type\" content=\"article\" \/>\n<meta property=\"og:title\" content=\"Urbanisme - Mairie de Celles-sur-Belle\" \/>\n<meta property=\"og:url\" content=\"https:\/\/www.ville-celles-sur-belle.com\/en\/vie-municipale\/demarches\/urbanisme\/\" \/>\n<meta property=\"og:site_name\" content=\"Mairie de Celles-sur-Belle\" \/>\n<meta property=\"article:modified_time\" content=\"2025-10-31T09:35:55+00:00\" \/>\n<meta name=\"twitter:card\" content=\"summary_large_image\" \/>\n<meta name=\"twitter:label1\" content=\"Estimated reading time\" \/>\n\t<meta name=\"twitter:data1\" content=\"2 minutes\" \/>\n<script type=\"application\/ld+json\" class=\"yoast-schema-graph\">{\"@context\":\"https:\/\/schema.org\",\"@graph\":[{\"@type\":\"WebSite\",\"@id\":\"https:\/\/www.ville-celles-sur-belle.com\/#website\",\"url\":\"https:\/\/www.ville-celles-sur-belle.com\/\",\"name\":\"Mairie de Celles-sur-Belle\",\"description\":\"Belle \\u00e0 investir\",\"potentialAction\":[{\"@type\":\"SearchAction\",\"target\":{\"@type\":\"EntryPoint\",\"urlTemplate\":\"https:\/\/www.ville-celles-sur-belle.com\/?s={search_term_string}\"},\"query-input\":\"required name=search_term_string\"}],\"inLanguage\":\"en-GB\"},{\"@type\":\"WebPage\",\"@id\":\"https:\/\/www.ville-celles-sur-belle.com\/vie-municipale\/demarches\/urbanisme\/#webpage\",\"url\":\"https:\/\/www.ville-celles-sur-belle.com\/vie-municipale\/demarches\/urbanisme\/\",\"name\":\"Urbanisme - Mairie de Celles-sur-Belle\",\"isPartOf\":{\"@id\":\"https:\/\/www.ville-celles-sur-belle.com\/#website\"},\"datePublished\":\"2020-02-03T15:30:31+00:00\",\"dateModified\":\"2025-10-31T09:35:55+00:00\",\"breadcrumb\":{\"@id\":\"https:\/\/www.ville-celles-sur-belle.com\/vie-municipale\/demarches\/urbanisme\/#breadcrumb\"},\"inLanguage\":\"en-GB\",\"potentialAction\":[{\"@type\":\"ReadAction\",\"target\":[\"https:\/\/www.ville-celles-sur-belle.com\/vie-municipale\/demarches\/urbanisme\/\"]}]},{\"@type\":\"BreadcrumbList\",\"@id\":\"https:\/\/www.ville-celles-sur-belle.com\/vie-municipale\/demarches\/urbanisme\/#breadcrumb\",\"itemListElement\":[{\"@type\":\"ListItem\",\"position\":1,\"name\":\"Accueil\",\"item\":\"https:\/\/www.ville-celles-sur-belle.com\/\"},{\"@type\":\"ListItem\",\"position\":2,\"name\":\"Vie municipale\",\"item\":\"https:\/\/www.ville-celles-sur-belle.com\/vie-municipale\/\"},{\"@type\":\"ListItem\",\"position\":3,\"name\":\"Vos d\\u00e9marches\",\"item\":\"https:\/\/www.ville-celles-sur-belle.com\/vie-municipale\/demarches\/\"},{\"@type\":\"ListItem\",\"position\":4,\"name\":\"Urbanisme\"}]}]}<\/script>\n<!-- \/ Yoast SEO plugin. -->","yoast_head_json":{"title":"Urbanisme - Mairie de Celles-sur-Belle","robots":{"index":"index","follow":"follow","max-snippet":"max-snippet:-1","max-image-preview":"max-image-preview:large","max-video-preview":"max-video-preview:-1"},"canonical":"https:\/\/www.ville-celles-sur-belle.com\/en\/vie-municipale\/demarches\/urbanisme\/","og_locale":"en_GB","og_type":"article","og_title":"Urbanisme - Mairie de Celles-sur-Belle","og_url":"https:\/\/www.ville-celles-sur-belle.com\/en\/vie-municipale\/demarches\/urbanisme\/","og_site_name":"Mairie de Celles-sur-Belle","article_modified_time":"2025-10-31T09:35:55+00:00","twitter_card":"summary_large_image","twitter_misc":{"Estimated reading time":"2 minutes"},"schema":{"@context":"https:\/\/schema.org","@graph":[{"@type":"WebSite","@id":"https:\/\/www.ville-celles-sur-belle.com\/#website","url":"https:\/\/www.ville-celles-sur-belle.com\/","name":"Mairie de Celles-sur-Belle","description":"Belle \u00e0 investir","potentialAction":[{"@type":"SearchAction","target":{"@type":"EntryPoint","urlTemplate":"https:\/\/www.ville-celles-sur-belle.com\/?s={search_term_string}"},"query-input":"required name=search_term_string"}],"inLanguage":"en-GB"},{"@type":"WebPage","@id":"https:\/\/www.ville-celles-sur-belle.com\/vie-municipale\/demarches\/urbanisme\/#webpage","url":"https:\/\/www.ville-celles-sur-belle.com\/vie-municipale\/demarches\/urbanisme\/","name":"Urbanisme - Mairie de Celles-sur-Belle","isPartOf":{"@id":"https:\/\/www.ville-celles-sur-belle.com\/#website"},"datePublished":"2020-02-03T15:30:31+00:00","dateModified":"2025-10-31T09:35:55+00:00","breadcrumb":{"@id":"https:\/\/www.ville-celles-sur-belle.com\/vie-municipale\/demarches\/urbanisme\/#breadcrumb"},"inLanguage":"en-GB","potentialAction":[{"@type":"ReadAction","target":["https:\/\/www.ville-celles-sur-belle.com\/vie-municipale\/demarches\/urbanisme\/"]}]},{"@type":"BreadcrumbList","@id":"https:\/\/www.ville-celles-sur-belle.com\/vie-municipale\/demarches\/urbanisme\/#breadcrumb","itemListElement":[{"@type":"ListItem","position":1,"name":"Accueil","item":"https:\/\/www.ville-celles-sur-belle.com\/"},{"@type":"ListItem","position":2,"name":"Vie municipale","item":"https:\/\/www.ville-celles-sur-belle.com\/vie-municipale\/"},{"@type":"ListItem","position":3,"name":"Vos d\u00e9marches","item":"https:\/\/www.ville-celles-sur-belle.com\/vie-municipale\/demarches\/"},{"@type":"ListItem","position":4,"name":"Urbanisme"}]}]}},"_links":{"self":[{"href":"https:\/\/www.ville-celles-sur-belle.com\/en\/wp-json\/wp\/v2\/pages\/15790"}],"collection":[{"href":"https:\/\/www.ville-celles-sur-belle.com\/en\/wp-json\/wp\/v2\/pages"}],"about":[{"href":"https:\/\/www.ville-celles-sur-belle.com\/en\/wp-json\/wp\/v2\/types\/page"}],"author":[{"embeddable":true,"href":"https:\/\/www.ville-celles-sur-belle.com\/en\/wp-json\/wp\/v2\/users\/4"}],"replies":[{"embeddable":true,"href":"https:\/\/www.ville-celles-sur-belle.com\/en\/wp-json\/wp\/v2\/comments?post=15790"}],"version-history":[{"count":43,"href":"https:\/\/www.ville-celles-sur-belle.com\/en\/wp-json\/wp\/v2\/pages\/15790\/revisions"}],"predecessor-version":[{"id":20543,"href":"https:\/\/www.ville-celles-sur-belle.com\/en\/wp-json\/wp\/v2\/pages\/15790\/revisions\/20543"}],"up":[{"embeddable":true,"href":"https:\/\/www.ville-celles-sur-belle.com\/en\/wp-json\/wp\/v2\/pages\/15788"}],"wp:attachment":[{"href":"https:\/\/www.ville-celles-sur-belle.com\/en\/wp-json\/wp\/v2\/media?parent=15790"}],"curies":[{"name":"wp","href":"https:\/\/api.w.org\/{rel}","templated":true}]}}