{"id":15792,"date":"2020-02-03T16:31:04","date_gmt":"2020-02-03T15:31:04","guid":{"rendered":"https:\/\/www.ville-celles-sur-belle.com\/?page_id=15792"},"modified":"2023-12-07T15:39:12","modified_gmt":"2023-12-07T14:39:12","slug":"etat-civil-2","status":"publish","type":"page","link":"https:\/\/www.ville-celles-sur-belle.com\/en\/vie-municipale\/demarches\/etat-civil-2\/","title":{"rendered":"\u00c9tat Civil"},"content":{"rendered":"<div id=\"banniere_contenu\" class=\"wpb_row vc_row-fluid full-width-section section  section-no-parallax  stretch\" data-speed=\"1\" style=\"\"><div class=\"col span_12 color-dark left\">\n\t<div class=\"vc_col-sm-12 wpb_column column_container col no-padding color-dark\" style=\"\" data-animation=\"\" data-delay=\"\">\n\t\t<div class=\"wpb_wrapper\">\n\t\t\t<div class=\"single_image wpb_content_element align-left\" data-animation=\"none\" data-delay=\"0\"><img width=\"2304\" height=\"912\" src=\"https:\/\/www.ville-celles-sur-belle.com\/wp-content\/uploads\/2020\/01\/slide1.jpg\" class=\"attachment-full\" alt=\"\" loading=\"lazy\" srcset=\"https:\/\/www.ville-celles-sur-belle.com\/wp-content\/uploads\/2020\/01\/slide1.jpg 2304w, https:\/\/www.ville-celles-sur-belle.com\/wp-content\/uploads\/2020\/01\/slide1-300x119.jpg 300w, https:\/\/www.ville-celles-sur-belle.com\/wp-content\/uploads\/2020\/01\/slide1-1024x405.jpg 1024w, https:\/\/www.ville-celles-sur-belle.com\/wp-content\/uploads\/2020\/01\/slide1-768x304.jpg 768w, https:\/\/www.ville-celles-sur-belle.com\/wp-content\/uploads\/2020\/01\/slide1-1536x608.jpg 1536w, https:\/\/www.ville-celles-sur-belle.com\/wp-content\/uploads\/2020\/01\/slide1-2048x811.jpg 2048w\" sizes=\"(max-width: 2304px) 100vw, 2304px\" \/><\/div>\n\t\t<\/div> \n\t<\/div> \n<\/div><\/div><div  class=\"wpb_row vc_row-fluid standard-section section  section-no-parallax  stretch\" data-speed=\"1\" style=\"padding-top: 100px; \"><div class=\"col span_12 color-dark left\">\n\t<div class=\"vc_col-sm-12 wpb_column column_container col no-padding color-dark\" style=\"\" data-animation=\"\" data-delay=\"\">\n\t\t<div class=\"wpb_wrapper\">\n\t\t\t\n\t<div class=\"wpb_text_column wpb_content_element\" >\n\t\t<div class=\"wpb_wrapper\">\n\t\t\t<p><strong>Le service \u00c9tat Civil se trouve \u00e0 l&rsquo;accueil de la mairie de Celles-sur-Belle.<\/strong><\/p>\n\n\t\t<\/div>\n\t<\/div>\n<div class=\"vc_tta-container\" data-vc-action=\"collapse\"><div class=\"vc_general vc_tta vc_tta-tabs vc_tta-color-peacoc vc_tta-style-classic vc_tta-shape-rounded vc_tta-spacing-1 vc_tta-tabs-position-top vc_tta-controls-align-left vc_custom_1584739754411\"><div class=\"vc_tta-tabs-container\"><ul class=\"vc_tta-tabs-list\"><li class=\"vc_tta-tab vc_active\" data-vc-tab><a href=\"#1584740287913-daaecd31-4136\" data-vc-tabs data-vc-container=\".vc_tta\"><span class=\"vc_tta-title-text\">Naissance, Vie de couple, D\u00e9c\u00e8s<\/span><\/a><\/li><li class=\"vc_tta-tab\" data-vc-tab><a href=\"#1584739890196-73053f99-1a1e\" data-vc-tabs data-vc-container=\".vc_tta\"><span class=\"vc_tta-title-text\">Titres d'identit\u00e9<\/span><\/a><\/li><li class=\"vc_tta-tab\" data-vc-tab><a href=\"#1584736672400-9fc50aaf-d81b\" data-vc-tabs data-vc-container=\".vc_tta\"><span class=\"vc_tta-title-text\">Demande d'Actes<\/span><\/a><\/li><\/ul><\/div><div class=\"vc_tta-panels-container\"><div class=\"vc_tta-panels\"><div class=\"vc_tta-panel vc_active\" id=\"1584740287913-daaecd31-4136\" data-vc-content=\".vc_tta-panel-body\"><div class=\"vc_tta-panel-heading\"><h4 class=\"vc_tta-panel-title\"><a href=\"#1584740287913-daaecd31-4136\" data-vc-accordion data-vc-container=\".vc_tta-container\"><span class=\"vc_tta-title-text\">Naissance, Vie de couple, D\u00e9c\u00e8s<\/span><\/a><\/h4><\/div><div class=\"vc_tta-panel-body\">\n\t<div class=\"wpb_text_column wpb_content_element\" >\n\t\t<div class=\"wpb_wrapper\">\n\t\t\t<h3>Des d\u00e9marches pr\u00e9sentes dans votre vie quotidienne<\/h3>\n<ul>\n<li><a href=\"https:\/\/www.ville-celles-sur-belle.com\/en\/vie-municipale\/demarches-administratives\/etat-civil\/\" rel=\"attachment wp-att-19463\"><img loading=\"lazy\" class=\"alignleft wp-image-19463 size-medium\" src=\"https:\/\/www.ville-celles-sur-belle.com\/wp-content\/uploads\/2023\/12\/etat-civil-300x212.jpg\" alt=\"\" width=\"300\" height=\"212\" srcset=\"https:\/\/www.ville-celles-sur-belle.com\/wp-content\/uploads\/2023\/12\/etat-civil-300x212.jpg 300w, https:\/\/www.ville-celles-sur-belle.com\/wp-content\/uploads\/2023\/12\/etat-civil-18x12.jpg 18w, https:\/\/www.ville-celles-sur-belle.com\/wp-content\/uploads\/2023\/12\/etat-civil.jpg 566w\" sizes=\"(max-width: 300px) 100vw, 300px\" \/><\/a><\/li>\n<li>Reconnaissance anticip\u00e9e de votre enfant,<\/li>\n<li>Parrainage Civil,<\/li>\n<li>PACS,<\/li>\n<li>Mariage,<\/li>\n<li>Livret de famille,<\/li>\n<li>D\u00e9c\u00e8s et cimeti\u00e8res.<\/li>\n<\/ul>\n<p>&nbsp;<\/p>\n<p>Pour toutes informations, <a href=\"https:\/\/www.ville-celles-sur-belle.com\/en\/contact\/\">contactez<\/a> la mairie de Celles-sur-Belle.<\/p>\n\n\t\t<\/div>\n\t<\/div>\n<\/div><\/div><div class=\"vc_tta-panel\" id=\"1584739890196-73053f99-1a1e\" data-vc-content=\".vc_tta-panel-body\"><div class=\"vc_tta-panel-heading\"><h4 class=\"vc_tta-panel-title\"><a href=\"#1584739890196-73053f99-1a1e\" data-vc-accordion data-vc-container=\".vc_tta-container\"><span class=\"vc_tta-title-text\">Titres d'identit\u00e9<\/span><\/a><\/h4><\/div><div class=\"vc_tta-panel-body\">\n\t<div class=\"wpb_text_column wpb_content_element\" >\n\t\t<div class=\"wpb_wrapper\">\n\t\t\t<h3>Passeports et Cartes Nationales d&rsquo;Identit\u00e9<\/h3>\n<p><strong>La mairie de Celles-sur-Belle ne propose pas de rendez-vous CNI\/passeports.<\/strong><\/p>\n<p>Pour un renouvellement, une perte, une premi\u00e8re demande, vous devez effectuer une <a href=\"https:\/\/passeport.ants.gouv.fr\" target=\"_blank\" rel=\"noopener\">pr\u00e9-demande en ligne<\/a> (en cas de difficult\u00e9s, n&rsquo;h\u00e9sitez pas \u00e0 contacter <a href=\"https:\/\/www.ville-celles-sur-belle.com\/en\/vie-municipale\/cc-mellois-en-poitou\/france-services\/\">France Services<\/a>). Il faudra ensuite vous pr\u00e9senter en personne dans une mairie pour finaliser votre demande.<\/p>\n<p>Au sein du d\u00e9partement des Deux-S\u00e8vres, <a href=\"https:\/\/www.deux-sevres.gouv.fr\/Demarches\/Documents-d-identite\/Deposer-votre-demande-de-titre-d-identite-en-mairie\" target=\"_blank\" rel=\"noopener\">plusieurs communes<\/a> proposent des rendez-vous. Ces mairies d\u00e9tiennent un \u00ab\u00a0dispositif de recueil\u00a0\u00bb qui permet de s\u00e9curiser votre carte d&rsquo;identit\u00e9 en collectant vos empreintes par voie num\u00e9rique.<\/p>\n<p><strong>POUR PRENDRE RENDEZ-VOUS :<\/strong><br \/>\n<a href=\"https:\/\/rendezvousonline.fr\/\" target=\"_blank\" rel=\"noopener\">rendezvousonline.fr<\/a> ou <a href=\"https:\/\/rendezvouspasseport.ants.gouv.fr\/\" target=\"_blank\" rel=\"noopener\">rendezvouspasseport.ants.gouv.fr<\/a><br \/>\nou par t\u00e9l\u00e9phone aupr\u00e8s de chaque mairie<br \/>\nATTENTION : le d\u00e9lai de rendez-vous peut-\u00eatre relativement long suivant la saison !<\/p>\n<p>Il est tout \u00e0 fait possible de prendre un rendez-vous dans un autre d\u00e9partement.<\/p>\n\n\t\t<\/div>\n\t<\/div>\n<\/div><\/div><div class=\"vc_tta-panel\" id=\"1584736672400-9fc50aaf-d81b\" data-vc-content=\".vc_tta-panel-body\"><div class=\"vc_tta-panel-heading\"><h4 class=\"vc_tta-panel-title\"><a href=\"#1584736672400-9fc50aaf-d81b\" data-vc-accordion data-vc-container=\".vc_tta-container\"><span class=\"vc_tta-title-text\">Demande d'Actes<\/span><\/a><\/h4><\/div><div class=\"vc_tta-panel-body\">\n\t<div class=\"wpb_text_column wpb_content_element\" >\n\t\t<div class=\"wpb_wrapper\">\n\t\t\t<h3>Demande d&rsquo;actes d&rsquo;\u00c9tat civil<\/h3>\n<p>La mairie peut d\u00e9livrer les copies\/extraits de naissance, mariage et d\u00e9c\u00e8s pour les personnes n\u00e9es, mari\u00e9es ou d\u00e9c\u00e9d\u00e9es \u00e0 Celles-sur-Belle sur pr\u00e9sentation d&rsquo;une pi\u00e8ce d&rsquo;identit\u00e9.<\/p>\n<p>Vous pouvez faire la demande <a href=\"https:\/\/www.service-public.fr\/particuliers\/vosdroits\/N359\" target=\"_blank\" rel=\"noopener\">en ligne<\/a>, par courrier ou par mail. Une pi\u00e8ce d\u2019identit\u00e9 vous sera demand\u00e9e, et \u00e9ventuellement le livret de famille prouvant la qualit\u00e9 d\u2019ascendant ou descendant. La mairie de Celles-sur-Belle transmettra l&rsquo;acte demand\u00e9 par courrier (pas de retour par mail) \u00e0 votre domicile.<\/p>\n<p>Cette d\u00e9marche est totalement <strong>GRATUITE<\/strong><\/p>\n<p><strong>ATTENTION<\/strong> : Chaque commune d\u00e9l\u00e9gu\u00e9e conserve sa comp\u00e9tence \u00c9tat Civil. Vous devez donc faire la d\u00e9marche aupr\u00e8s de celle qui est concern\u00e9e.<br \/>\nExemple : Vous \u00eates n\u00e9 \u00e0 Montign\u00e9, <a href=\"https:\/\/www.ville-celles-sur-belle.com\/en\/contact\/\">contactez directement<\/a> la mairie de Montign\u00e9.<\/p>\n\n\t\t<\/div>\n\t<\/div>\n<\/div><\/div><\/div><\/div><\/div><\/div>\n\t\t<\/div> \n\t<\/div> \n<\/div><\/div>","protected":false},"excerpt":{"rendered":"Le service \u00c9tat Civil se trouve \u00e0 l'accueil de la mairie de Celles-sur-Belle. Naissance, Vie de couple, D\u00e9c\u00e8sTitres d'identit\u00e9Demande d'ActesNaissance, Vie de couple, D\u00e9c\u00e8s Des d\u00e9marches pr\u00e9sentes dans votre vie quotidienne Reconnaissance anticip\u00e9e de votre enfant, Parrainage Civil, PACS, Mariage, Livret de famille, D\u00e9c\u00e8s et cimeti\u00e8res. &nbsp; Pour toutes informations, contactez la mairie de Celles-sur-Belle. Titres d'identit\u00e9 Passeports et Cartes Nationales d'Identit\u00e9 La mairie de Celles-sur-Belle ne propose pas de rendez-vous CNI\/passeports. Pour un renouvellement, une perte, une premi\u00e8re demande, vous devez effectuer une pr\u00e9-demande en ligne (en cas de difficult\u00e9s, n'h\u00e9sitez pas \u00e0 contacter France Services). Il faudra ensuite vous pr\u00e9senter en personne dans une mairie pour finaliser votre demande. Au sein du d\u00e9partement des Deux-S\u00e8vres, plusieurs communes proposent des rendez-vous. Ces mairies d\u00e9tiennent un \"dispositif de recueil\" qui permet de s\u00e9curiser votre carte d'identit\u00e9 en collectant vos empreintes par voie num\u00e9rique. POUR PRENDRE RENDEZ-VOUS : rendezvousonline.fr ou rendezvouspasseport.ants.gouv.fr ou par t\u00e9l\u00e9phone aupr\u00e8s de chaque mairie ATTENTION : le d\u00e9lai de rendez-vous peut-\u00eatre relativement long suivant la saison ! Il est tout \u00e0 fait possible de prendre un rendez-vous dans un autre d\u00e9partement. Demande d'Actes Demande d'actes d'\u00c9tat civil La mairie peut d\u00e9livrer les copies\/extraits de naissance, mariage et [...]","protected":false},"author":4,"featured_media":0,"parent":15788,"menu_order":0,"comment_status":"closed","ping_status":"closed","template":"","meta":[],"yoast_head":"<!-- This site is optimized with the Yoast SEO plugin v17.0 - https:\/\/yoast.com\/wordpress\/plugins\/seo\/ -->\n<title>\u00c9tat Civil - Mairie de Celles-sur-Belle<\/title>\n<meta name=\"robots\" content=\"index, follow, max-snippet:-1, max-image-preview:large, max-video-preview:-1\" \/>\n<link rel=\"canonical\" href=\"https:\/\/www.ville-celles-sur-belle.com\/en\/vie-municipale\/demarches\/etat-civil-2\/\" \/>\n<meta property=\"og:locale\" content=\"en_GB\" \/>\n<meta property=\"og:type\" content=\"article\" \/>\n<meta property=\"og:title\" content=\"\u00c9tat Civil - Mairie de Celles-sur-Belle\" \/>\n<meta property=\"og:url\" content=\"https:\/\/www.ville-celles-sur-belle.com\/en\/vie-municipale\/demarches\/etat-civil-2\/\" \/>\n<meta property=\"og:site_name\" content=\"Mairie de Celles-sur-Belle\" \/>\n<meta property=\"article:modified_time\" content=\"2023-12-07T14:39:12+00:00\" \/>\n<meta property=\"og:image\" content=\"https:\/\/www.ville-celles-sur-belle.com\/wp-content\/uploads\/2023\/12\/etat-civil-300x212.jpg\" \/>\n<meta name=\"twitter:card\" content=\"summary_large_image\" \/>\n<meta name=\"twitter:label1\" content=\"Estimated reading time\" \/>\n\t<meta name=\"twitter:data1\" content=\"2 minutes\" \/>\n<script type=\"application\/ld+json\" class=\"yoast-schema-graph\">{\"@context\":\"https:\/\/schema.org\",\"@graph\":[{\"@type\":\"WebSite\",\"@id\":\"https:\/\/www.ville-celles-sur-belle.com\/#website\",\"url\":\"https:\/\/www.ville-celles-sur-belle.com\/\",\"name\":\"Mairie de Celles-sur-Belle\",\"description\":\"Belle \\u00e0 investir\",\"potentialAction\":[{\"@type\":\"SearchAction\",\"target\":{\"@type\":\"EntryPoint\",\"urlTemplate\":\"https:\/\/www.ville-celles-sur-belle.com\/?s={search_term_string}\"},\"query-input\":\"required name=search_term_string\"}],\"inLanguage\":\"en-GB\"},{\"@type\":\"ImageObject\",\"@id\":\"https:\/\/www.ville-celles-sur-belle.com\/vie-municipale\/demarches\/etat-civil-2\/#primaryimage\",\"inLanguage\":\"en-GB\",\"url\":\"https:\/\/www.ville-celles-sur-belle.com\/wp-content\/uploads\/2023\/12\/etat-civil.jpg\",\"contentUrl\":\"https:\/\/www.ville-celles-sur-belle.com\/wp-content\/uploads\/2023\/12\/etat-civil.jpg\",\"width\":566,\"height\":400},{\"@type\":\"WebPage\",\"@id\":\"https:\/\/www.ville-celles-sur-belle.com\/vie-municipale\/demarches\/etat-civil-2\/#webpage\",\"url\":\"https:\/\/www.ville-celles-sur-belle.com\/vie-municipale\/demarches\/etat-civil-2\/\",\"name\":\"\\u00c9tat Civil - Mairie de Celles-sur-Belle\",\"isPartOf\":{\"@id\":\"https:\/\/www.ville-celles-sur-belle.com\/#website\"},\"primaryImageOfPage\":{\"@id\":\"https:\/\/www.ville-celles-sur-belle.com\/vie-municipale\/demarches\/etat-civil-2\/#primaryimage\"},\"datePublished\":\"2020-02-03T15:31:04+00:00\",\"dateModified\":\"2023-12-07T14:39:12+00:00\",\"breadcrumb\":{\"@id\":\"https:\/\/www.ville-celles-sur-belle.com\/vie-municipale\/demarches\/etat-civil-2\/#breadcrumb\"},\"inLanguage\":\"en-GB\",\"potentialAction\":[{\"@type\":\"ReadAction\",\"target\":[\"https:\/\/www.ville-celles-sur-belle.com\/vie-municipale\/demarches\/etat-civil-2\/\"]}]},{\"@type\":\"BreadcrumbList\",\"@id\":\"https:\/\/www.ville-celles-sur-belle.com\/vie-municipale\/demarches\/etat-civil-2\/#breadcrumb\",\"itemListElement\":[{\"@type\":\"ListItem\",\"position\":1,\"name\":\"Accueil\",\"item\":\"https:\/\/www.ville-celles-sur-belle.com\/\"},{\"@type\":\"ListItem\",\"position\":2,\"name\":\"Vie municipale\",\"item\":\"https:\/\/www.ville-celles-sur-belle.com\/vie-municipale\/\"},{\"@type\":\"ListItem\",\"position\":3,\"name\":\"Vos d\\u00e9marches\",\"item\":\"https:\/\/www.ville-celles-sur-belle.com\/vie-municipale\/demarches\/\"},{\"@type\":\"ListItem\",\"position\":4,\"name\":\"\\u00c9tat Civil\"}]}]}<\/script>\n<!-- \/ Yoast SEO plugin. -->","yoast_head_json":{"title":"\u00c9tat Civil - Mairie de Celles-sur-Belle","robots":{"index":"index","follow":"follow","max-snippet":"max-snippet:-1","max-image-preview":"max-image-preview:large","max-video-preview":"max-video-preview:-1"},"canonical":"https:\/\/www.ville-celles-sur-belle.com\/en\/vie-municipale\/demarches\/etat-civil-2\/","og_locale":"en_GB","og_type":"article","og_title":"\u00c9tat Civil - Mairie de Celles-sur-Belle","og_url":"https:\/\/www.ville-celles-sur-belle.com\/en\/vie-municipale\/demarches\/etat-civil-2\/","og_site_name":"Mairie de Celles-sur-Belle","article_modified_time":"2023-12-07T14:39:12+00:00","og_image":[{"url":"https:\/\/www.ville-celles-sur-belle.com\/wp-content\/uploads\/2023\/12\/etat-civil-300x212.jpg"}],"twitter_card":"summary_large_image","twitter_misc":{"Estimated reading time":"2 minutes"},"schema":{"@context":"https:\/\/schema.org","@graph":[{"@type":"WebSite","@id":"https:\/\/www.ville-celles-sur-belle.com\/#website","url":"https:\/\/www.ville-celles-sur-belle.com\/","name":"Mairie de Celles-sur-Belle","description":"Belle \u00e0 investir","potentialAction":[{"@type":"SearchAction","target":{"@type":"EntryPoint","urlTemplate":"https:\/\/www.ville-celles-sur-belle.com\/?s={search_term_string}"},"query-input":"required name=search_term_string"}],"inLanguage":"en-GB"},{"@type":"ImageObject","@id":"https:\/\/www.ville-celles-sur-belle.com\/vie-municipale\/demarches\/etat-civil-2\/#primaryimage","inLanguage":"en-GB","url":"https:\/\/www.ville-celles-sur-belle.com\/wp-content\/uploads\/2023\/12\/etat-civil.jpg","contentUrl":"https:\/\/www.ville-celles-sur-belle.com\/wp-content\/uploads\/2023\/12\/etat-civil.jpg","width":566,"height":400},{"@type":"WebPage","@id":"https:\/\/www.ville-celles-sur-belle.com\/vie-municipale\/demarches\/etat-civil-2\/#webpage","url":"https:\/\/www.ville-celles-sur-belle.com\/vie-municipale\/demarches\/etat-civil-2\/","name":"\u00c9tat Civil - Mairie de Celles-sur-Belle","isPartOf":{"@id":"https:\/\/www.ville-celles-sur-belle.com\/#website"},"primaryImageOfPage":{"@id":"https:\/\/www.ville-celles-sur-belle.com\/vie-municipale\/demarches\/etat-civil-2\/#primaryimage"},"datePublished":"2020-02-03T15:31:04+00:00","dateModified":"2023-12-07T14:39:12+00:00","breadcrumb":{"@id":"https:\/\/www.ville-celles-sur-belle.com\/vie-municipale\/demarches\/etat-civil-2\/#breadcrumb"},"inLanguage":"en-GB","potentialAction":[{"@type":"ReadAction","target":["https:\/\/www.ville-celles-sur-belle.com\/vie-municipale\/demarches\/etat-civil-2\/"]}]},{"@type":"BreadcrumbList","@id":"https:\/\/www.ville-celles-sur-belle.com\/vie-municipale\/demarches\/etat-civil-2\/#breadcrumb","itemListElement":[{"@type":"ListItem","position":1,"name":"Accueil","item":"https:\/\/www.ville-celles-sur-belle.com\/"},{"@type":"ListItem","position":2,"name":"Vie municipale","item":"https:\/\/www.ville-celles-sur-belle.com\/vie-municipale\/"},{"@type":"ListItem","position":3,"name":"Vos d\u00e9marches","item":"https:\/\/www.ville-celles-sur-belle.com\/vie-municipale\/demarches\/"},{"@type":"ListItem","position":4,"name":"\u00c9tat Civil"}]}]}},"_links":{"self":[{"href":"https:\/\/www.ville-celles-sur-belle.com\/en\/wp-json\/wp\/v2\/pages\/15792"}],"collection":[{"href":"https:\/\/www.ville-celles-sur-belle.com\/en\/wp-json\/wp\/v2\/pages"}],"about":[{"href":"https:\/\/www.ville-celles-sur-belle.com\/en\/wp-json\/wp\/v2\/types\/page"}],"author":[{"embeddable":true,"href":"https:\/\/www.ville-celles-sur-belle.com\/en\/wp-json\/wp\/v2\/users\/4"}],"replies":[{"embeddable":true,"href":"https:\/\/www.ville-celles-sur-belle.com\/en\/wp-json\/wp\/v2\/comments?post=15792"}],"version-history":[{"count":19,"href":"https:\/\/www.ville-celles-sur-belle.com\/en\/wp-json\/wp\/v2\/pages\/15792\/revisions"}],"predecessor-version":[{"id":19478,"href":"https:\/\/www.ville-celles-sur-belle.com\/en\/wp-json\/wp\/v2\/pages\/15792\/revisions\/19478"}],"up":[{"embeddable":true,"href":"https:\/\/www.ville-celles-sur-belle.com\/en\/wp-json\/wp\/v2\/pages\/15788"}],"wp:attachment":[{"href":"https:\/\/www.ville-celles-sur-belle.com\/en\/wp-json\/wp\/v2\/media?parent=15792"}],"curies":[{"name":"wp","href":"https:\/\/api.w.org\/{rel}","templated":true}]}}