{"id":15837,"date":"2020-02-03T16:43:33","date_gmt":"2020-02-03T15:43:33","guid":{"rendered":"https:\/\/www.ville-celles-sur-belle.com\/?page_id=15837"},"modified":"2023-12-07T10:56:20","modified_gmt":"2023-12-07T09:56:20","slug":"talle-teurtous","status":"publish","type":"page","link":"https:\/\/www.ville-celles-sur-belle.com\/en\/tourisme-et-patrimoine\/a-voir\/talle-teurtous\/","title":{"rendered":"LA TALLE A TEURTOUS"},"content":{"rendered":"<div id=\"banniere_contenu\" class=\"wpb_row vc_row-fluid full-width-section section  section-no-parallax  stretch\" data-speed=\"1\" style=\"\"><div class=\"col span_12 color-dark left\">\n\t<div class=\"vc_col-sm-12 wpb_column column_container col no-padding color-dark\" style=\"\" data-animation=\"\" data-delay=\"\">\n\t\t<div class=\"wpb_wrapper\">\n\t\t\t<div class=\"single_image wpb_content_element align-left\" data-animation=\"none\" data-delay=\"0\"><img width=\"2394\" height=\"1796\" src=\"https:\/\/www.ville-celles-sur-belle.com\/wp-content\/uploads\/2021\/11\/Capture-decran-2021-11-02-a-16.13.31.png\" class=\"attachment-full\" alt=\"\" loading=\"lazy\" srcset=\"https:\/\/www.ville-celles-sur-belle.com\/wp-content\/uploads\/2021\/11\/Capture-decran-2021-11-02-a-16.13.31.png 2394w, https:\/\/www.ville-celles-sur-belle.com\/wp-content\/uploads\/2021\/11\/Capture-decran-2021-11-02-a-16.13.31-300x225.png 300w, https:\/\/www.ville-celles-sur-belle.com\/wp-content\/uploads\/2021\/11\/Capture-decran-2021-11-02-a-16.13.31-1024x768.png 1024w, https:\/\/www.ville-celles-sur-belle.com\/wp-content\/uploads\/2021\/11\/Capture-decran-2021-11-02-a-16.13.31-768x576.png 768w, https:\/\/www.ville-celles-sur-belle.com\/wp-content\/uploads\/2021\/11\/Capture-decran-2021-11-02-a-16.13.31-1536x1152.png 1536w, https:\/\/www.ville-celles-sur-belle.com\/wp-content\/uploads\/2021\/11\/Capture-decran-2021-11-02-a-16.13.31-2048x1536.png 2048w, https:\/\/www.ville-celles-sur-belle.com\/wp-content\/uploads\/2021\/11\/Capture-decran-2021-11-02-a-16.13.31-16x12.png 16w\" sizes=\"(max-width: 2394px) 100vw, 2394px\" \/><span class=\"single_image_caption\">\u00a9Terre Sauvage<\/span><\/div>\n\t\t<\/div> \n\t<\/div> \n<\/div><\/div><div  class=\"wpb_row vc_row-fluid standard-section section  section-no-parallax  stretch\" data-speed=\"1\" style=\"padding-top: 100px; \"><div class=\"col span_12 color-dark left\">\n\t<div class=\"vc_col-sm-6 wpb_column column_container col no-padding color-dark\" style=\"\" data-animation=\"\" data-delay=\"\">\n\t\t<div class=\"wpb_wrapper\">\n\t\t\t\n\t<div class=\"wpb_text_column wpb_content_element\" >\n\t\t<div class=\"wpb_wrapper\">\n\t\t\t<h2>Un arbre remarquable<\/h2>\n\n\t\t<\/div>\n\t<\/div>\n\n\t<div class=\"wpb_text_column wpb_content_element\" >\n\t\t<div class=\"wpb_wrapper\">\n\t\t\t<p><span style=\"font-weight: 400;\">\u00c0 la sortie de notre Petite Cit\u00e9 de Caract\u00e8re en direction de la Rev\u00eatizon, ce vieux ch\u00e2taignier de 16 m\u00e8tres de hauteur appartient \u00e0 notre patrimoine naturel. Cet arbre remarquable est empreint d&rsquo;histoires et de l\u00e9gendes : certains racontent qu&rsquo;il aurait servi de cachette d&rsquo;armes, ou encore, de lieu de rencontre pour les amoureux&#8230;\u00a0 <\/span><\/p>\n<p><span style=\"font-weight: 400;\">Cependant une chose est s\u00fbre, ce ch\u00e2taignier est remarquable par son \u00e2ge, mais \u00e9galement par sa forme et sa taille. Le tronc principal est mort et ouvert, si bien que l&rsquo;on peut tenir \u00e0 plusieurs \u00e0 l&rsquo;int\u00e9rieur, cependant des rejets vigoureux l&rsquo;entourent. Selon l&rsquo;angle sous lequel on le regarde, on peut y voir des t\u00eates d&rsquo;oiseaux ou de minotaures, des gargouilles et bien d&rsquo;autres cr\u00e9atures.<\/span><\/p>\n\n\t\t<\/div>\n\t<\/div>\n\n\t\t<\/div> \n\t<\/div> \n\n\t<div class=\"vc_col-sm-6 wpb_column column_container col no-padding color-dark\" style=\"\" data-animation=\"\" data-delay=\"\">\n\t\t<div class=\"wpb_wrapper\">\n\t\t\t<div class=\"single_image wpb_content_element align-left\" data-animation=\"none\" data-delay=\"0\"><img width=\"2394\" height=\"1796\" src=\"https:\/\/www.ville-celles-sur-belle.com\/wp-content\/uploads\/2021\/11\/Capture-decran-2021-11-02-a-16.13.31.png\" class=\"attachment-full\" alt=\"\" loading=\"lazy\" srcset=\"https:\/\/www.ville-celles-sur-belle.com\/wp-content\/uploads\/2021\/11\/Capture-decran-2021-11-02-a-16.13.31.png 2394w, https:\/\/www.ville-celles-sur-belle.com\/wp-content\/uploads\/2021\/11\/Capture-decran-2021-11-02-a-16.13.31-300x225.png 300w, https:\/\/www.ville-celles-sur-belle.com\/wp-content\/uploads\/2021\/11\/Capture-decran-2021-11-02-a-16.13.31-1024x768.png 1024w, https:\/\/www.ville-celles-sur-belle.com\/wp-content\/uploads\/2021\/11\/Capture-decran-2021-11-02-a-16.13.31-768x576.png 768w, https:\/\/www.ville-celles-sur-belle.com\/wp-content\/uploads\/2021\/11\/Capture-decran-2021-11-02-a-16.13.31-1536x1152.png 1536w, https:\/\/www.ville-celles-sur-belle.com\/wp-content\/uploads\/2021\/11\/Capture-decran-2021-11-02-a-16.13.31-2048x1536.png 2048w, https:\/\/www.ville-celles-sur-belle.com\/wp-content\/uploads\/2021\/11\/Capture-decran-2021-11-02-a-16.13.31-16x12.png 16w\" sizes=\"(max-width: 2394px) 100vw, 2394px\" \/><span class=\"single_image_caption\">\u00a9Terre Sauvage<\/span><\/div>\n\t\t<\/div> \n\t<\/div> \n<\/div><\/div><div  class=\"wpb_row vc_row-fluid standard-section section  section-no-parallax  stretch\" data-speed=\"1\" style=\"\"><div class=\"col span_12 color-dark left\">\n\t<div class=\"vc_col-sm-12 wpb_column column_container col no-padding color-dark\" style=\"\" data-animation=\"\" data-delay=\"\">\n\t\t<div class=\"wpb_wrapper\">\n\t\t\t<div class=\"spacer\" style=\"height: 40px;\"><\/div>\n\t\t<\/div> \n\t<\/div> \n<\/div><\/div><div  class=\"wpb_row vc_row-fluid standard-section section  section-no-parallax  stretch\" data-speed=\"1\" style=\"\"><div class=\"col span_12 color-dark left\">\n\t<div class=\"vc_col-sm-12 wpb_column column_container col no-padding color-dark\" style=\"\" data-animation=\"\" data-delay=\"\">\n\t\t<div class=\"wpb_wrapper\">\n\t\t\t\n\t<div class=\"wpb_text_column wpb_content_element\" >\n\t\t<div class=\"wpb_wrapper\">\n\t\t\t<h2 style=\"text-align: center;\"><strong>CONCOURS<span class=\"Apple-converted-space\">\u00a0DE\u00a0<\/span>L&rsquo;ARBRE DE L&rsquo;ANN\u00c9E 2021\u00a0<\/strong><\/h2>\n\n\t\t<\/div>\n\t<\/div>\n\n\t<div class=\"wpb_text_column wpb_content_element\" >\n\t\t<div class=\"wpb_wrapper\">\n\t\t\t<p style=\"text-align: center;\"><span style=\"font-weight: 400;\">\u00a0<\/span><span style=\"font-weight: 400;\">Notre majestueux ch\u00e2taignier <\/span><b>La Talle \u00e0 Teurtous <\/b>a particip\u00e9<span style=\"font-weight: 400;\"> au C<b>oncours National l\u2019Arbre de l\u2019Ann\u00e9e 2021<\/b> organis\u00e9 par le magazine Terre Sauvage et l\u2019Office national des for\u00eats (ONF). Ce concours rend hommage aux arbres exceptionnels de France.\u00a0De <b>grands partenaires<\/b> sont associ\u00e9s \u00e0 ce projet comme l&rsquo;Office national des for\u00eats (ONF), Terre Sauvage, Association A.R.B.R.E.S, Agence des espaces verts, L\u2019Arbre vert, Ligue pour la protection des oiseaux, Milan Presse et Ushua\u00efa TV.\u00a0<\/span><span style=\"font-weight: 400;\">. Vous avez pu voter d<\/span>u 2 novembre 2021 au 4 janvier 2022 pour<strong> le prix du public<\/strong>.<\/p>\n<p style=\"text-align: center;\">Pour cette \u00e9dition, notre ch\u00e2taignier a <strong>remport\u00e9 le prix du Jury.<\/strong><\/p>\n\n\t\t<\/div>\n\t<\/div>\n\n\t\t<\/div> \n\t<\/div> \n<\/div><\/div><div  class=\"wpb_row vc_row-fluid standard-section section  section-no-parallax  stretch\" data-speed=\"1\" style=\"\"><div class=\"col span_12 color-dark left\">\n\t<div class=\"vc_col-sm-12 wpb_column column_container col no-padding color-dark\" style=\"\" data-animation=\"\" data-delay=\"\">\n\t\t<div class=\"wpb_wrapper\">\n\t\t\t<div class=\"spacer\" style=\"height: 40px;\"><\/div>\n\t\t<\/div> \n\t<\/div> \n<\/div><\/div><div  class=\"wpb_row vc_row-fluid standard-section section  section-no-parallax  stretch\" data-speed=\"1\" style=\"\"><div class=\"col span_12 color-dark left\">\n\t<div class=\"vc_col-sm-4 wpb_column column_container col no-padding color-dark\" style=\"background-color: #f2d00e; \" data-animation=\"\" data-delay=\"\">\n\t\t<div class=\"wpb_wrapper\">\n\t\t\t\n\t<div class=\"wpb_text_column wpb_content_element  wpb_animate_when_almost_visible wpb_fadeIn fadeIn\" >\n\t\t<div class=\"wpb_wrapper\">\n\t\t\t<p style=\"text-align: center;\">Voici, ci-dessous, la photo qui nous a fait remport\u00e9 le prix du jury.<\/p>\n<p style=\"text-align: center;\">Emmanuel Boitier, le photographe en charge des photos, a su sublimer notre ch\u00e2taignier.<\/p>\n\n\t\t<\/div>\n\t<\/div>\n<div class=\"vc_row wpb_row vc_inner vc_row-fluid\"><div class=\"wpb_column vc_column_container vc_col-sm-12\"><div class=\"vc_column-inner\"><div class=\"wpb_wrapper\"><div class=\"iconbox  wpb_content_element iconbox-style-1 icon-color-custom color-dark animation-none\"><h3><img src='https:\/\/www.ville-celles-sur-belle.com\/wp-content\/uploads\/2021\/11\/Capture-decran-2021-11-02-a-16.13.31.png' class='iconimg' alt='' \/><span><\/span><\/h3><p><\/p><\/div><\/div><\/div><\/div><\/div>\n\t\t<\/div> \n\t<\/div> \n\n\t<div class=\"vc_col-sm-4 wpb_column column_container col no-padding color-dark\" style=\"\" data-animation=\"\" data-delay=\"\">\n\t\t<div class=\"wpb_wrapper\">\n\t\t\t<div class=\"iconbox  wpb_content_element iconbox-style-1 icon-color-custom color-dark animation-none\"><h3><img src='https:\/\/www.ville-celles-sur-belle.com\/wp-content\/uploads\/2021\/11\/Capture-decran-2021-11-03-a-12.28.18.png' class='iconimg' alt='' \/><span><\/span><\/h3><p><\/p><\/div><div class=\"iconbox  wpb_content_element iconbox-style-1 icon-color-custom color-dark animation-none\"><h3><img src='https:\/\/www.ville-celles-sur-belle.com\/wp-content\/uploads\/2021\/11\/IMG_9091-scaled.jpg' class='iconimg' alt='' \/><span><\/span><\/h3><p><\/p><\/div>\n\t\t<\/div> \n\t<\/div> \n\n\t<div class=\"vc_col-sm-4 wpb_column column_container col no-padding color-dark\" style=\"\" data-animation=\"\" data-delay=\"\">\n\t\t<div class=\"wpb_wrapper\">\n\t\t\t<div class=\"iconbox  wpb_content_element iconbox-style-1 icon-color-custom color-dark animation-none\"><h3><img src='https:\/\/www.ville-celles-sur-belle.com\/wp-content\/uploads\/2021\/11\/Capture-decran-2021-11-02-a-16.13.20.png' class='iconimg' alt='' \/><span><\/span><\/h3><p><\/p><\/div><div class=\"iconbox  wpb_content_element iconbox-style-1 icon-color-custom color-dark animation-none\"><h3><img src='https:\/\/www.ville-celles-sur-belle.com\/wp-content\/uploads\/2021\/11\/IMG_9084-scaled.jpg' class='iconimg' alt='' \/><span><\/span><\/h3><p><\/p><\/div>\n\t\t<\/div> \n\t<\/div> \n<\/div><\/div>","protected":false},"excerpt":{"rendered":"\u00a9Terre Sauvage Un arbre remarquable \u00c0 la sortie de notre Petite Cit\u00e9 de Caract\u00e8re en direction de la Rev\u00eatizon, ce vieux ch\u00e2taignier de 16 m\u00e8tres de hauteur appartient \u00e0 notre patrimoine naturel. Cet arbre remarquable est empreint d'histoires et de l\u00e9gendes : certains racontent qu'il aurait servi de cachette d'armes, ou encore, de lieu de rencontre pour les amoureux...\u00a0 Cependant une chose est s\u00fbre, ce ch\u00e2taignier est remarquable par son \u00e2ge, mais \u00e9galement par sa forme et sa taille. Le tronc principal est mort et ouvert, si bien que l'on peut tenir \u00e0 plusieurs \u00e0 l'int\u00e9rieur, cependant des rejets vigoureux l'entourent. Selon l'angle sous lequel on le regarde, on peut y voir des t\u00eates d'oiseaux ou de minotaures, des gargouilles et bien d'autres cr\u00e9atures. \u00a9Terre Sauvage CONCOURS\u00a0DE\u00a0L'ARBRE DE L'ANN\u00c9E 2021\u00a0 \u00a0Notre majestueux ch\u00e2taignier La Talle \u00e0 Teurtous a particip\u00e9 au Concours National l\u2019Arbre de l\u2019Ann\u00e9e 2021 organis\u00e9 par le magazine Terre Sauvage et l\u2019Office national des for\u00eats (ONF). Ce concours rend hommage aux arbres exceptionnels de France.\u00a0De grands partenaires sont associ\u00e9s \u00e0 ce projet comme l'Office national des for\u00eats (ONF), Terre Sauvage, Association A.R.B.R.E.S, Agence des espaces verts, L\u2019Arbre vert, Ligue pour la protection des oiseaux, Milan Presse et Ushua\u00efa [...]","protected":false},"author":4,"featured_media":0,"parent":15831,"menu_order":0,"comment_status":"closed","ping_status":"closed","template":"","meta":[],"yoast_head":"<!-- This site is optimized with the Yoast SEO plugin v17.0 - https:\/\/yoast.com\/wordpress\/plugins\/seo\/ -->\n<title>LA TALLE A TEURTOUS - Mairie de Celles-sur-Belle<\/title>\n<meta name=\"robots\" content=\"index, follow, max-snippet:-1, max-image-preview:large, max-video-preview:-1\" \/>\n<link rel=\"canonical\" href=\"https:\/\/www.ville-celles-sur-belle.com\/en\/tourisme-et-patrimoine\/a-voir\/talle-teurtous\/\" \/>\n<meta property=\"og:locale\" content=\"en_GB\" \/>\n<meta property=\"og:type\" content=\"article\" \/>\n<meta property=\"og:title\" content=\"LA TALLE A TEURTOUS - Mairie de Celles-sur-Belle\" \/>\n<meta property=\"og:url\" content=\"https:\/\/www.ville-celles-sur-belle.com\/en\/tourisme-et-patrimoine\/a-voir\/talle-teurtous\/\" \/>\n<meta property=\"og:site_name\" content=\"Mairie de Celles-sur-Belle\" \/>\n<meta property=\"article:modified_time\" content=\"2023-12-07T09:56:20+00:00\" \/>\n<meta name=\"twitter:card\" content=\"summary_large_image\" \/>\n<meta name=\"twitter:label1\" content=\"Estimated reading time\" \/>\n\t<meta name=\"twitter:data1\" content=\"2 minutes\" \/>\n<script type=\"application\/ld+json\" class=\"yoast-schema-graph\">{\"@context\":\"https:\/\/schema.org\",\"@graph\":[{\"@type\":\"WebSite\",\"@id\":\"https:\/\/www.ville-celles-sur-belle.com\/#website\",\"url\":\"https:\/\/www.ville-celles-sur-belle.com\/\",\"name\":\"Mairie de Celles-sur-Belle\",\"description\":\"Belle \\u00e0 investir\",\"potentialAction\":[{\"@type\":\"SearchAction\",\"target\":{\"@type\":\"EntryPoint\",\"urlTemplate\":\"https:\/\/www.ville-celles-sur-belle.com\/?s={search_term_string}\"},\"query-input\":\"required name=search_term_string\"}],\"inLanguage\":\"en-GB\"},{\"@type\":\"WebPage\",\"@id\":\"https:\/\/www.ville-celles-sur-belle.com\/tourisme-et-patrimoine\/a-voir\/talle-teurtous\/#webpage\",\"url\":\"https:\/\/www.ville-celles-sur-belle.com\/tourisme-et-patrimoine\/a-voir\/talle-teurtous\/\",\"name\":\"LA TALLE A TEURTOUS - Mairie de Celles-sur-Belle\",\"isPartOf\":{\"@id\":\"https:\/\/www.ville-celles-sur-belle.com\/#website\"},\"datePublished\":\"2020-02-03T15:43:33+00:00\",\"dateModified\":\"2023-12-07T09:56:20+00:00\",\"breadcrumb\":{\"@id\":\"https:\/\/www.ville-celles-sur-belle.com\/tourisme-et-patrimoine\/a-voir\/talle-teurtous\/#breadcrumb\"},\"inLanguage\":\"en-GB\",\"potentialAction\":[{\"@type\":\"ReadAction\",\"target\":[\"https:\/\/www.ville-celles-sur-belle.com\/tourisme-et-patrimoine\/a-voir\/talle-teurtous\/\"]}]},{\"@type\":\"BreadcrumbList\",\"@id\":\"https:\/\/www.ville-celles-sur-belle.com\/tourisme-et-patrimoine\/a-voir\/talle-teurtous\/#breadcrumb\",\"itemListElement\":[{\"@type\":\"ListItem\",\"position\":1,\"name\":\"Accueil\",\"item\":\"https:\/\/www.ville-celles-sur-belle.com\/\"},{\"@type\":\"ListItem\",\"position\":2,\"name\":\"Tourisme et Patrimoine\",\"item\":\"https:\/\/www.ville-celles-sur-belle.com\/tourisme-et-patrimoine\/\"},{\"@type\":\"ListItem\",\"position\":3,\"name\":\"A voir\",\"item\":\"https:\/\/www.ville-celles-sur-belle.com\/tourisme-et-patrimoine\/a-voir\/\"},{\"@type\":\"ListItem\",\"position\":4,\"name\":\"LA TALLE A TEURTOUS\"}]}]}<\/script>\n<!-- \/ Yoast SEO plugin. -->","yoast_head_json":{"title":"LA TALLE A TEURTOUS - Mairie de Celles-sur-Belle","robots":{"index":"index","follow":"follow","max-snippet":"max-snippet:-1","max-image-preview":"max-image-preview:large","max-video-preview":"max-video-preview:-1"},"canonical":"https:\/\/www.ville-celles-sur-belle.com\/en\/tourisme-et-patrimoine\/a-voir\/talle-teurtous\/","og_locale":"en_GB","og_type":"article","og_title":"LA TALLE A TEURTOUS - Mairie de Celles-sur-Belle","og_url":"https:\/\/www.ville-celles-sur-belle.com\/en\/tourisme-et-patrimoine\/a-voir\/talle-teurtous\/","og_site_name":"Mairie de Celles-sur-Belle","article_modified_time":"2023-12-07T09:56:20+00:00","twitter_card":"summary_large_image","twitter_misc":{"Estimated reading time":"2 minutes"},"schema":{"@context":"https:\/\/schema.org","@graph":[{"@type":"WebSite","@id":"https:\/\/www.ville-celles-sur-belle.com\/#website","url":"https:\/\/www.ville-celles-sur-belle.com\/","name":"Mairie de Celles-sur-Belle","description":"Belle \u00e0 investir","potentialAction":[{"@type":"SearchAction","target":{"@type":"EntryPoint","urlTemplate":"https:\/\/www.ville-celles-sur-belle.com\/?s={search_term_string}"},"query-input":"required name=search_term_string"}],"inLanguage":"en-GB"},{"@type":"WebPage","@id":"https:\/\/www.ville-celles-sur-belle.com\/tourisme-et-patrimoine\/a-voir\/talle-teurtous\/#webpage","url":"https:\/\/www.ville-celles-sur-belle.com\/tourisme-et-patrimoine\/a-voir\/talle-teurtous\/","name":"LA TALLE A TEURTOUS - Mairie de Celles-sur-Belle","isPartOf":{"@id":"https:\/\/www.ville-celles-sur-belle.com\/#website"},"datePublished":"2020-02-03T15:43:33+00:00","dateModified":"2023-12-07T09:56:20+00:00","breadcrumb":{"@id":"https:\/\/www.ville-celles-sur-belle.com\/tourisme-et-patrimoine\/a-voir\/talle-teurtous\/#breadcrumb"},"inLanguage":"en-GB","potentialAction":[{"@type":"ReadAction","target":["https:\/\/www.ville-celles-sur-belle.com\/tourisme-et-patrimoine\/a-voir\/talle-teurtous\/"]}]},{"@type":"BreadcrumbList","@id":"https:\/\/www.ville-celles-sur-belle.com\/tourisme-et-patrimoine\/a-voir\/talle-teurtous\/#breadcrumb","itemListElement":[{"@type":"ListItem","position":1,"name":"Accueil","item":"https:\/\/www.ville-celles-sur-belle.com\/"},{"@type":"ListItem","position":2,"name":"Tourisme et Patrimoine","item":"https:\/\/www.ville-celles-sur-belle.com\/tourisme-et-patrimoine\/"},{"@type":"ListItem","position":3,"name":"A voir","item":"https:\/\/www.ville-celles-sur-belle.com\/tourisme-et-patrimoine\/a-voir\/"},{"@type":"ListItem","position":4,"name":"LA TALLE A TEURTOUS"}]}]}},"_links":{"self":[{"href":"https:\/\/www.ville-celles-sur-belle.com\/en\/wp-json\/wp\/v2\/pages\/15837"}],"collection":[{"href":"https:\/\/www.ville-celles-sur-belle.com\/en\/wp-json\/wp\/v2\/pages"}],"about":[{"href":"https:\/\/www.ville-celles-sur-belle.com\/en\/wp-json\/wp\/v2\/types\/page"}],"author":[{"embeddable":true,"href":"https:\/\/www.ville-celles-sur-belle.com\/en\/wp-json\/wp\/v2\/users\/4"}],"replies":[{"embeddable":true,"href":"https:\/\/www.ville-celles-sur-belle.com\/en\/wp-json\/wp\/v2\/comments?post=15837"}],"version-history":[{"count":47,"href":"https:\/\/www.ville-celles-sur-belle.com\/en\/wp-json\/wp\/v2\/pages\/15837\/revisions"}],"predecessor-version":[{"id":16515,"href":"https:\/\/www.ville-celles-sur-belle.com\/en\/wp-json\/wp\/v2\/pages\/15837\/revisions\/16515"}],"up":[{"embeddable":true,"href":"https:\/\/www.ville-celles-sur-belle.com\/en\/wp-json\/wp\/v2\/pages\/15831"}],"wp:attachment":[{"href":"https:\/\/www.ville-celles-sur-belle.com\/en\/wp-json\/wp\/v2\/media?parent=15837"}],"curies":[{"name":"wp","href":"https:\/\/api.w.org\/{rel}","templated":true}]}}