{"id":15847,"date":"2020-02-03T16:45:06","date_gmt":"2020-02-03T15:45:06","guid":{"rendered":"https:\/\/www.ville-celles-sur-belle.com\/?page_id=15847"},"modified":"2020-06-25T15:37:08","modified_gmt":"2020-06-25T13:37:08","slug":"office-de-tourisme","status":"publish","type":"page","link":"https:\/\/www.ville-celles-sur-belle.com\/en\/tourisme-et-patrimoine\/a-voir\/office-de-tourisme\/","title":{"rendered":"Office de tourisme"},"content":{"rendered":"<div id=\"banniere_contenu\" class=\"wpb_row vc_row-fluid full-width-section section  section-no-parallax  stretch\" data-speed=\"1\" style=\"\"><div class=\"col span_12 color-dark left\">\n\t<div class=\"vc_col-sm-12 wpb_column column_container col no-padding color-dark\" style=\"\" data-animation=\"\" data-delay=\"\">\n\t\t<div class=\"wpb_wrapper\">\n\t\t\t<div class=\"single_image wpb_content_element align-left\" data-animation=\"none\" data-delay=\"0\"><img width=\"2304\" height=\"912\" src=\"https:\/\/www.ville-celles-sur-belle.com\/wp-content\/uploads\/2020\/01\/slide1.jpg\" class=\"attachment-full\" alt=\"\" loading=\"lazy\" srcset=\"https:\/\/www.ville-celles-sur-belle.com\/wp-content\/uploads\/2020\/01\/slide1.jpg 2304w, https:\/\/www.ville-celles-sur-belle.com\/wp-content\/uploads\/2020\/01\/slide1-300x119.jpg 300w, https:\/\/www.ville-celles-sur-belle.com\/wp-content\/uploads\/2020\/01\/slide1-1024x405.jpg 1024w, https:\/\/www.ville-celles-sur-belle.com\/wp-content\/uploads\/2020\/01\/slide1-768x304.jpg 768w, https:\/\/www.ville-celles-sur-belle.com\/wp-content\/uploads\/2020\/01\/slide1-1536x608.jpg 1536w, https:\/\/www.ville-celles-sur-belle.com\/wp-content\/uploads\/2020\/01\/slide1-2048x811.jpg 2048w\" sizes=\"(max-width: 2304px) 100vw, 2304px\" \/><\/div>\n\t\t<\/div> \n\t<\/div> \n<\/div><\/div><div  class=\"wpb_row vc_row-fluid standard-section section  section-no-parallax  stretch\" data-speed=\"1\" style=\"padding-top: 100px; \"><div class=\"col span_12 color-dark left\">\n\t<div class=\"vc_col-sm-3 wpb_column column_container col no-padding color-dark\" style=\"\" data-animation=\"\" data-delay=\"\">\n\t\t<div class=\"wpb_wrapper\">\n\t\t\t<div class=\"spacer\" style=\"height: 50px;\"><\/div><div class=\"single_image wpb_content_element align-left\" data-animation=\"none\" data-delay=\"0\"><img width=\"239\" height=\"206\" src=\"https:\/\/www.ville-celles-sur-belle.com\/wp-content\/uploads\/2020\/03\/Capture-4.png\" class=\"attachment-full\" alt=\"\" loading=\"lazy\" \/><\/div>\n\t\t<\/div> \n\t<\/div> \n\n\t<div class=\"vc_col-sm-9 wpb_column column_container col no-padding color-dark\" style=\"\" data-animation=\"\" data-delay=\"\">\n\t\t<div class=\"wpb_wrapper\">\n\t\t\t\n\t<div class=\"wpb_text_column wpb_content_element\" >\n\t\t<div class=\"wpb_wrapper\">\n\t\t\t<p><strong>Celles-sur-Belle et le pays Mellois regorgent de lieux \u00e0 d\u00e9couvrir !<\/strong><\/p>\n<p>&nbsp;<\/p>\n<ul>\n<li>La maison du protestantisme, \u00e0 Beaussais<\/li>\n<li>Le Zoodys\u00e9e de Chiz\u00e9<\/li>\n<li>Les mines d&rsquo;argent des Rois Francs, \u00e0 Melle<\/li>\n<li>Le mus\u00e9e du rauranum<\/li>\n<li>etc .<\/li>\n<\/ul>\n<p>Retrouvez toutes les informations utiles et l&rsquo;agenda des manifestations aupr\u00e8s de l&rsquo;Office de tourisme du Pays Mellois.<\/p>\n<p>&nbsp;<\/p>\n<p>T\u00e9l : 05 49 29 15 10<\/p>\n<p><a href=\"mailto:officedetourisme@paysmellois.org\">officedetourisme@paysmellois.org<\/a><\/p>\n\n\t\t<\/div>\n\t<\/div>\n<div class=\"box clearfix style-6 wpb_content_element align-left\" style=\"padding: 30px 30px 30px 30px; \">Adresse : 2 place Bujault &#8211; 79500 Melle<\/div><a href=\"https:\/\/decouvertes.paysmellois.org\/\" target=\"_blank\" class=\"button color-1 small\" style=\"border-radius: 2px;\">Consulter le site internet de l&rsquo;office<\/a>\n\t\t<\/div> \n\t<\/div> \n<\/div><\/div>","protected":false},"excerpt":{"rendered":"Celles-sur-Belle et le pays Mellois regorgent de lieux \u00e0 d\u00e9couvrir ! &nbsp; La maison du protestantisme, \u00e0 Beaussais Le Zoodys\u00e9e de Chiz\u00e9 Les mines d'argent des Rois Francs, \u00e0 Melle Le mus\u00e9e du rauranum etc . Retrouvez toutes les informations utiles et l'agenda des manifestations aupr\u00e8s de l'Office de tourisme du Pays Mellois. &nbsp; T\u00e9l : 05 49 29 15 10 officedetourisme@paysmellois.org Adresse : 2 place Bujault - 79500 MelleConsulter le site internet de l'office","protected":false},"author":4,"featured_media":0,"parent":15831,"menu_order":0,"comment_status":"closed","ping_status":"closed","template":"","meta":[],"yoast_head":"<!-- This site is optimized with the Yoast SEO plugin v17.0 - https:\/\/yoast.com\/wordpress\/plugins\/seo\/ -->\n<title>Office de tourisme - Mairie de Celles-sur-Belle<\/title>\n<meta name=\"robots\" content=\"index, follow, max-snippet:-1, max-image-preview:large, max-video-preview:-1\" \/>\n<link rel=\"canonical\" href=\"https:\/\/www.ville-celles-sur-belle.com\/en\/tourisme-et-patrimoine\/a-voir\/office-de-tourisme\/\" \/>\n<meta property=\"og:locale\" content=\"en_GB\" \/>\n<meta property=\"og:type\" content=\"article\" \/>\n<meta property=\"og:title\" content=\"Office de tourisme - Mairie de Celles-sur-Belle\" \/>\n<meta property=\"og:url\" content=\"https:\/\/www.ville-celles-sur-belle.com\/en\/tourisme-et-patrimoine\/a-voir\/office-de-tourisme\/\" \/>\n<meta property=\"og:site_name\" content=\"Mairie de Celles-sur-Belle\" \/>\n<meta property=\"article:modified_time\" content=\"2020-06-25T13:37:08+00:00\" \/>\n<meta name=\"twitter:card\" content=\"summary_large_image\" \/>\n<meta name=\"twitter:label1\" content=\"Estimated reading time\" \/>\n\t<meta name=\"twitter:data1\" content=\"1 minute\" \/>\n<script type=\"application\/ld+json\" class=\"yoast-schema-graph\">{\"@context\":\"https:\/\/schema.org\",\"@graph\":[{\"@type\":\"WebSite\",\"@id\":\"https:\/\/www.ville-celles-sur-belle.com\/#website\",\"url\":\"https:\/\/www.ville-celles-sur-belle.com\/\",\"name\":\"Mairie de Celles-sur-Belle\",\"description\":\"Belle \\u00e0 investir\",\"potentialAction\":[{\"@type\":\"SearchAction\",\"target\":{\"@type\":\"EntryPoint\",\"urlTemplate\":\"https:\/\/www.ville-celles-sur-belle.com\/?s={search_term_string}\"},\"query-input\":\"required name=search_term_string\"}],\"inLanguage\":\"en-GB\"},{\"@type\":\"WebPage\",\"@id\":\"https:\/\/www.ville-celles-sur-belle.com\/tourisme-et-patrimoine\/a-voir\/office-de-tourisme\/#webpage\",\"url\":\"https:\/\/www.ville-celles-sur-belle.com\/tourisme-et-patrimoine\/a-voir\/office-de-tourisme\/\",\"name\":\"Office de tourisme - Mairie de Celles-sur-Belle\",\"isPartOf\":{\"@id\":\"https:\/\/www.ville-celles-sur-belle.com\/#website\"},\"datePublished\":\"2020-02-03T15:45:06+00:00\",\"dateModified\":\"2020-06-25T13:37:08+00:00\",\"breadcrumb\":{\"@id\":\"https:\/\/www.ville-celles-sur-belle.com\/tourisme-et-patrimoine\/a-voir\/office-de-tourisme\/#breadcrumb\"},\"inLanguage\":\"en-GB\",\"potentialAction\":[{\"@type\":\"ReadAction\",\"target\":[\"https:\/\/www.ville-celles-sur-belle.com\/tourisme-et-patrimoine\/a-voir\/office-de-tourisme\/\"]}]},{\"@type\":\"BreadcrumbList\",\"@id\":\"https:\/\/www.ville-celles-sur-belle.com\/tourisme-et-patrimoine\/a-voir\/office-de-tourisme\/#breadcrumb\",\"itemListElement\":[{\"@type\":\"ListItem\",\"position\":1,\"name\":\"Accueil\",\"item\":\"https:\/\/www.ville-celles-sur-belle.com\/\"},{\"@type\":\"ListItem\",\"position\":2,\"name\":\"Tourisme et Patrimoine\",\"item\":\"https:\/\/www.ville-celles-sur-belle.com\/tourisme-et-patrimoine\/\"},{\"@type\":\"ListItem\",\"position\":3,\"name\":\"A voir\",\"item\":\"https:\/\/www.ville-celles-sur-belle.com\/tourisme-et-patrimoine\/a-voir\/\"},{\"@type\":\"ListItem\",\"position\":4,\"name\":\"Office de tourisme\"}]}]}<\/script>\n<!-- \/ Yoast SEO plugin. -->","yoast_head_json":{"title":"Office de tourisme - Mairie de Celles-sur-Belle","robots":{"index":"index","follow":"follow","max-snippet":"max-snippet:-1","max-image-preview":"max-image-preview:large","max-video-preview":"max-video-preview:-1"},"canonical":"https:\/\/www.ville-celles-sur-belle.com\/en\/tourisme-et-patrimoine\/a-voir\/office-de-tourisme\/","og_locale":"en_GB","og_type":"article","og_title":"Office de tourisme - Mairie de Celles-sur-Belle","og_url":"https:\/\/www.ville-celles-sur-belle.com\/en\/tourisme-et-patrimoine\/a-voir\/office-de-tourisme\/","og_site_name":"Mairie de Celles-sur-Belle","article_modified_time":"2020-06-25T13:37:08+00:00","twitter_card":"summary_large_image","twitter_misc":{"Estimated reading time":"1 minute"},"schema":{"@context":"https:\/\/schema.org","@graph":[{"@type":"WebSite","@id":"https:\/\/www.ville-celles-sur-belle.com\/#website","url":"https:\/\/www.ville-celles-sur-belle.com\/","name":"Mairie de Celles-sur-Belle","description":"Belle \u00e0 investir","potentialAction":[{"@type":"SearchAction","target":{"@type":"EntryPoint","urlTemplate":"https:\/\/www.ville-celles-sur-belle.com\/?s={search_term_string}"},"query-input":"required name=search_term_string"}],"inLanguage":"en-GB"},{"@type":"WebPage","@id":"https:\/\/www.ville-celles-sur-belle.com\/tourisme-et-patrimoine\/a-voir\/office-de-tourisme\/#webpage","url":"https:\/\/www.ville-celles-sur-belle.com\/tourisme-et-patrimoine\/a-voir\/office-de-tourisme\/","name":"Office de tourisme - Mairie de Celles-sur-Belle","isPartOf":{"@id":"https:\/\/www.ville-celles-sur-belle.com\/#website"},"datePublished":"2020-02-03T15:45:06+00:00","dateModified":"2020-06-25T13:37:08+00:00","breadcrumb":{"@id":"https:\/\/www.ville-celles-sur-belle.com\/tourisme-et-patrimoine\/a-voir\/office-de-tourisme\/#breadcrumb"},"inLanguage":"en-GB","potentialAction":[{"@type":"ReadAction","target":["https:\/\/www.ville-celles-sur-belle.com\/tourisme-et-patrimoine\/a-voir\/office-de-tourisme\/"]}]},{"@type":"BreadcrumbList","@id":"https:\/\/www.ville-celles-sur-belle.com\/tourisme-et-patrimoine\/a-voir\/office-de-tourisme\/#breadcrumb","itemListElement":[{"@type":"ListItem","position":1,"name":"Accueil","item":"https:\/\/www.ville-celles-sur-belle.com\/"},{"@type":"ListItem","position":2,"name":"Tourisme et Patrimoine","item":"https:\/\/www.ville-celles-sur-belle.com\/tourisme-et-patrimoine\/"},{"@type":"ListItem","position":3,"name":"A voir","item":"https:\/\/www.ville-celles-sur-belle.com\/tourisme-et-patrimoine\/a-voir\/"},{"@type":"ListItem","position":4,"name":"Office de tourisme"}]}]}},"_links":{"self":[{"href":"https:\/\/www.ville-celles-sur-belle.com\/en\/wp-json\/wp\/v2\/pages\/15847"}],"collection":[{"href":"https:\/\/www.ville-celles-sur-belle.com\/en\/wp-json\/wp\/v2\/pages"}],"about":[{"href":"https:\/\/www.ville-celles-sur-belle.com\/en\/wp-json\/wp\/v2\/types\/page"}],"author":[{"embeddable":true,"href":"https:\/\/www.ville-celles-sur-belle.com\/en\/wp-json\/wp\/v2\/users\/4"}],"replies":[{"embeddable":true,"href":"https:\/\/www.ville-celles-sur-belle.com\/en\/wp-json\/wp\/v2\/comments?post=15847"}],"version-history":[{"count":9,"href":"https:\/\/www.ville-celles-sur-belle.com\/en\/wp-json\/wp\/v2\/pages\/15847\/revisions"}],"predecessor-version":[{"id":17326,"href":"https:\/\/www.ville-celles-sur-belle.com\/en\/wp-json\/wp\/v2\/pages\/15847\/revisions\/17326"}],"up":[{"embeddable":true,"href":"https:\/\/www.ville-celles-sur-belle.com\/en\/wp-json\/wp\/v2\/pages\/15831"}],"wp:attachment":[{"href":"https:\/\/www.ville-celles-sur-belle.com\/en\/wp-json\/wp\/v2\/media?parent=15847"}],"curies":[{"name":"wp","href":"https:\/\/api.w.org\/{rel}","templated":true}]}}