{"id":15859,"date":"2020-02-03T16:47:11","date_gmt":"2020-02-03T15:47:11","guid":{"rendered":"https:\/\/www.ville-celles-sur-belle.com\/?page_id=15859"},"modified":"2026-02-11T15:42:35","modified_gmt":"2026-02-11T14:42:35","slug":"a-faire","status":"publish","type":"page","link":"https:\/\/www.ville-celles-sur-belle.com\/en\/tourisme-et-patrimoine\/a-faire\/","title":{"rendered":"A faire"},"content":{"rendered":"<div id=\"banniere_contenu\" class=\"wpb_row vc_row-fluid full-width-section section  section-no-parallax  stretch\" data-speed=\"1\" style=\"\"><div class=\"col span_12 color-dark left\">\n\t<div class=\"vc_col-sm-12 wpb_column column_container col no-padding color-dark\" style=\"\" data-animation=\"\" data-delay=\"\">\n\t\t<div class=\"wpb_wrapper\">\n\t\t\t<div class=\"single_image wpb_content_element align-left\" data-animation=\"none\" data-delay=\"0\"><img width=\"2304\" height=\"912\" src=\"https:\/\/www.ville-celles-sur-belle.com\/wp-content\/uploads\/2020\/01\/slide1.jpg\" class=\"attachment-full\" alt=\"\" loading=\"lazy\" srcset=\"https:\/\/www.ville-celles-sur-belle.com\/wp-content\/uploads\/2020\/01\/slide1.jpg 2304w, https:\/\/www.ville-celles-sur-belle.com\/wp-content\/uploads\/2020\/01\/slide1-300x119.jpg 300w, https:\/\/www.ville-celles-sur-belle.com\/wp-content\/uploads\/2020\/01\/slide1-1024x405.jpg 1024w, https:\/\/www.ville-celles-sur-belle.com\/wp-content\/uploads\/2020\/01\/slide1-768x304.jpg 768w, https:\/\/www.ville-celles-sur-belle.com\/wp-content\/uploads\/2020\/01\/slide1-1536x608.jpg 1536w, https:\/\/www.ville-celles-sur-belle.com\/wp-content\/uploads\/2020\/01\/slide1-2048x811.jpg 2048w\" sizes=\"(max-width: 2304px) 100vw, 2304px\" \/><\/div>\n\t\t<\/div> \n\t<\/div> \n<\/div><\/div><div  class=\"wpb_row vc_row-fluid standard-section section  section-no-parallax  stretch\" data-speed=\"1\" style=\"padding-top: 100px; \"><div class=\"col span_12 color-dark left\">\n\t<div class=\"vc_col-sm-4 wpb_column column_container col no-padding color-dark\" style=\"\" data-animation=\"\" data-delay=\"\">\n\t\t<div class=\"wpb_wrapper\">\n\t\t\t<a href=\"https:\/\/www.ville-celles-sur-belle.com\/en\/tourisme-et-patrimoine\/a-faire\/le-promenoir\/\" target=\"_self\" class=\"catimage wpb_content_element color-light\" style=\"height: 300px;;\">\n\t\t\t<span style=\"background-image: url(https:\/\/www.ville-celles-sur-belle.com\/wp-content\/uploads\/2023\/12\/poesie.png); height: 300px;;\"><\/span>\n\t\t\t<div class=\"catimage-overlay clearfix\" style=\"height: 300px;;\">\n\t\t\t\t<div class=\"catimage-text\">Promenoir Po\u00e9tique<\/div>\n\t\t\t<\/div><\/a>\n\t\t<\/div> \n\t<\/div> \n\n\t<div class=\"vc_col-sm-4 wpb_column column_container col no-padding color-dark\" style=\"\" data-animation=\"\" data-delay=\"\">\n\t\t<div class=\"wpb_wrapper\">\n\t\t\t<a href=\"https:\/\/www.ville-celles-sur-belle.com\/en\/tourisme-et-patrimoine\/a-faire\/pistes-cyclables-velo-departement-deux-sevres\/\" target=\"_self\" class=\"catimage wpb_content_element color-light\" style=\"height: 300px;;\">\n\t\t\t<span style=\"background-image: url(https:\/\/www.ville-celles-sur-belle.com\/wp-content\/uploads\/2020\/04\/summer-2462535_960_720.jpg); height: 300px;;\"><\/span>\n\t\t\t<div class=\"catimage-overlay clearfix\" style=\"height: 300px;;\">\n\t\t\t\t<div class=\"catimage-text\">Balades \u00e0 v\u00e9lo<\/div>\n\t\t\t<\/div><\/a>\n\t\t<\/div> \n\t<\/div> \n\n\t<div class=\"vc_col-sm-4 wpb_column column_container col no-padding color-dark\" style=\"\" data-animation=\"\" data-delay=\"\">\n\t\t<div class=\"wpb_wrapper\">\n\t\t\t<a href=\"https:\/\/www.ville-celles-sur-belle.com\/en\/tourisme-et-patrimoine\/a-faire\/sentiers-de-randos\/\" target=\"_self\" class=\"catimage wpb_content_element color-light\" style=\"height: 300px;;\">\n\t\t\t<span style=\"background-image: url(https:\/\/www.ville-celles-sur-belle.com\/wp-content\/uploads\/2020\/04\/ruban-vert.jpg); height: 300px;;\"><\/span>\n\t\t\t<div class=\"catimage-overlay clearfix\" style=\"height: 300px;;\">\n\t\t\t\t<div class=\"catimage-text\">Sentiers de randos<\/div>\n\t\t\t<\/div><\/a>\n\t\t<\/div> \n\t<\/div> \n<\/div><\/div><div  class=\"wpb_row vc_row-fluid standard-section section  section-no-parallax  stretch\" data-speed=\"1\" style=\"padding-top: 100px; \"><div class=\"col span_12 color-dark left\">\n\t<div class=\"vc_col-sm-4 wpb_column column_container col no-padding color-dark\" style=\"\" data-animation=\"\" data-delay=\"\">\n\t\t<div class=\"wpb_wrapper\">\n\t\t\t<a href=\"https:\/\/www.ville-celles-sur-belle.com\/en\/tourisme-et-patrimoine\/a-faire\/base-de-loisir\/\" target=\"_self\" class=\"catimage wpb_content_element color-light\" style=\"height: 300px;;\">\n\t\t\t<span style=\"background-image: url(https:\/\/www.ville-celles-sur-belle.com\/wp-content\/uploads\/2020\/03\/dsc04359.jpg); height: 300px;;\"><\/span>\n\t\t\t<div class=\"catimage-overlay clearfix\" style=\"height: 300px;;\">\n\t\t\t\t<div class=\"catimage-text\">Base de loisirs Lambon<\/div>\n\t\t\t<\/div><\/a>\n\t\t<\/div> \n\t<\/div> \n\n\t<div class=\"vc_col-sm-4 wpb_column column_container col no-padding color-dark\" style=\"\" data-animation=\"\" data-delay=\"\">\n\t\t<div class=\"wpb_wrapper\">\n\t\t\t<a href=\"https:\/\/www.ville-celles-sur-belle.com\/en\/tourisme-et-patrimoine\/a-faire\/maison-fromages-chevre\/\" target=\"_self\" class=\"catimage wpb_content_element color-light\" style=\"height: 300px;;\">\n\t\t\t<span style=\"background-image: url(https:\/\/www.ville-celles-sur-belle.com\/wp-content\/uploads\/2020\/03\/mdfc2015.jpg); height: 300px;;\"><\/span>\n\t\t\t<div class=\"catimage-overlay clearfix\" style=\"height: 300px;;\">\n\t\t\t\t<div class=\"catimage-text\">Maison des Fromages Ch\u00e8vre<\/div>\n\t\t\t<\/div><\/a>\n\t\t<\/div> \n\t<\/div> \n\n\t<div class=\"vc_col-sm-4 wpb_column column_container col no-padding color-dark\" style=\"\" data-animation=\"\" data-delay=\"\">\n\t\t<div class=\"wpb_wrapper\">\n\t\t\t\n\t\t<\/div> \n\t<\/div> \n<\/div><\/div>","protected":false},"excerpt":{"rendered":"Promenoir Po\u00e9tique Balades \u00e0 v\u00e9lo Sentiers de randos Base de loisirs Lambon Maison des Fromages Ch\u00e8vre","protected":false},"author":4,"featured_media":0,"parent":15669,"menu_order":0,"comment_status":"closed","ping_status":"closed","template":"","meta":[],"yoast_head":"<!-- This site is optimized with the Yoast SEO plugin v17.0 - https:\/\/yoast.com\/wordpress\/plugins\/seo\/ -->\n<title>A faire - Mairie de Celles-sur-Belle<\/title>\n<meta name=\"description\" content=\"Tout ce qu&#039;il faut faire \u00e0 Celles-sur-Belle : les balades \u00e0 pied ou \u00e0 v\u00e9lo, le promenoir po\u00e9tique, le Lambon, etc.\" \/>\n<meta name=\"robots\" content=\"index, follow, max-snippet:-1, max-image-preview:large, max-video-preview:-1\" \/>\n<link rel=\"canonical\" href=\"https:\/\/www.ville-celles-sur-belle.com\/en\/tourisme-et-patrimoine\/a-faire\/\" \/>\n<meta property=\"og:locale\" content=\"en_GB\" \/>\n<meta property=\"og:type\" content=\"article\" \/>\n<meta property=\"og:title\" content=\"A faire - Mairie de Celles-sur-Belle\" \/>\n<meta property=\"og:description\" content=\"Tout ce qu&#039;il faut faire \u00e0 Celles-sur-Belle : les balades \u00e0 pied ou \u00e0 v\u00e9lo, le promenoir po\u00e9tique, le Lambon, etc.\" \/>\n<meta property=\"og:url\" content=\"https:\/\/www.ville-celles-sur-belle.com\/en\/tourisme-et-patrimoine\/a-faire\/\" \/>\n<meta property=\"og:site_name\" content=\"Mairie de Celles-sur-Belle\" \/>\n<meta property=\"article:modified_time\" content=\"2026-02-11T14:42:35+00:00\" \/>\n<meta name=\"twitter:card\" content=\"summary_large_image\" \/>\n<meta name=\"twitter:label1\" content=\"Estimated reading time\" \/>\n\t<meta name=\"twitter:data1\" content=\"1 minute\" \/>\n<script type=\"application\/ld+json\" class=\"yoast-schema-graph\">{\"@context\":\"https:\/\/schema.org\",\"@graph\":[{\"@type\":\"WebSite\",\"@id\":\"https:\/\/www.ville-celles-sur-belle.com\/#website\",\"url\":\"https:\/\/www.ville-celles-sur-belle.com\/\",\"name\":\"Mairie de Celles-sur-Belle\",\"description\":\"Belle \\u00e0 investir\",\"potentialAction\":[{\"@type\":\"SearchAction\",\"target\":{\"@type\":\"EntryPoint\",\"urlTemplate\":\"https:\/\/www.ville-celles-sur-belle.com\/?s={search_term_string}\"},\"query-input\":\"required name=search_term_string\"}],\"inLanguage\":\"en-GB\"},{\"@type\":\"WebPage\",\"@id\":\"https:\/\/www.ville-celles-sur-belle.com\/tourisme-et-patrimoine\/a-faire\/#webpage\",\"url\":\"https:\/\/www.ville-celles-sur-belle.com\/tourisme-et-patrimoine\/a-faire\/\",\"name\":\"A faire - Mairie de Celles-sur-Belle\",\"isPartOf\":{\"@id\":\"https:\/\/www.ville-celles-sur-belle.com\/#website\"},\"datePublished\":\"2020-02-03T15:47:11+00:00\",\"dateModified\":\"2026-02-11T14:42:35+00:00\",\"description\":\"Tout ce qu'il faut faire \\u00e0 Celles-sur-Belle : les balades \\u00e0 pied ou \\u00e0 v\\u00e9lo, le promenoir po\\u00e9tique, le Lambon, etc.\",\"breadcrumb\":{\"@id\":\"https:\/\/www.ville-celles-sur-belle.com\/tourisme-et-patrimoine\/a-faire\/#breadcrumb\"},\"inLanguage\":\"en-GB\",\"potentialAction\":[{\"@type\":\"ReadAction\",\"target\":[\"https:\/\/www.ville-celles-sur-belle.com\/tourisme-et-patrimoine\/a-faire\/\"]}]},{\"@type\":\"BreadcrumbList\",\"@id\":\"https:\/\/www.ville-celles-sur-belle.com\/tourisme-et-patrimoine\/a-faire\/#breadcrumb\",\"itemListElement\":[{\"@type\":\"ListItem\",\"position\":1,\"name\":\"Accueil\",\"item\":\"https:\/\/www.ville-celles-sur-belle.com\/\"},{\"@type\":\"ListItem\",\"position\":2,\"name\":\"Tourisme et Patrimoine\",\"item\":\"https:\/\/www.ville-celles-sur-belle.com\/tourisme-et-patrimoine\/\"},{\"@type\":\"ListItem\",\"position\":3,\"name\":\"A faire\"}]}]}<\/script>\n<!-- \/ Yoast SEO plugin. -->","yoast_head_json":{"title":"A faire - Mairie de Celles-sur-Belle","description":"Tout ce qu'il faut faire \u00e0 Celles-sur-Belle : les balades \u00e0 pied ou \u00e0 v\u00e9lo, le promenoir po\u00e9tique, le Lambon, etc.","robots":{"index":"index","follow":"follow","max-snippet":"max-snippet:-1","max-image-preview":"max-image-preview:large","max-video-preview":"max-video-preview:-1"},"canonical":"https:\/\/www.ville-celles-sur-belle.com\/en\/tourisme-et-patrimoine\/a-faire\/","og_locale":"en_GB","og_type":"article","og_title":"A faire - Mairie de Celles-sur-Belle","og_description":"Tout ce qu'il faut faire \u00e0 Celles-sur-Belle : les balades \u00e0 pied ou \u00e0 v\u00e9lo, le promenoir po\u00e9tique, le Lambon, etc.","og_url":"https:\/\/www.ville-celles-sur-belle.com\/en\/tourisme-et-patrimoine\/a-faire\/","og_site_name":"Mairie de Celles-sur-Belle","article_modified_time":"2026-02-11T14:42:35+00:00","twitter_card":"summary_large_image","twitter_misc":{"Estimated reading time":"1 minute"},"schema":{"@context":"https:\/\/schema.org","@graph":[{"@type":"WebSite","@id":"https:\/\/www.ville-celles-sur-belle.com\/#website","url":"https:\/\/www.ville-celles-sur-belle.com\/","name":"Mairie de Celles-sur-Belle","description":"Belle \u00e0 investir","potentialAction":[{"@type":"SearchAction","target":{"@type":"EntryPoint","urlTemplate":"https:\/\/www.ville-celles-sur-belle.com\/?s={search_term_string}"},"query-input":"required name=search_term_string"}],"inLanguage":"en-GB"},{"@type":"WebPage","@id":"https:\/\/www.ville-celles-sur-belle.com\/tourisme-et-patrimoine\/a-faire\/#webpage","url":"https:\/\/www.ville-celles-sur-belle.com\/tourisme-et-patrimoine\/a-faire\/","name":"A faire - Mairie de Celles-sur-Belle","isPartOf":{"@id":"https:\/\/www.ville-celles-sur-belle.com\/#website"},"datePublished":"2020-02-03T15:47:11+00:00","dateModified":"2026-02-11T14:42:35+00:00","description":"Tout ce qu'il faut faire \u00e0 Celles-sur-Belle : les balades \u00e0 pied ou \u00e0 v\u00e9lo, le promenoir po\u00e9tique, le Lambon, etc.","breadcrumb":{"@id":"https:\/\/www.ville-celles-sur-belle.com\/tourisme-et-patrimoine\/a-faire\/#breadcrumb"},"inLanguage":"en-GB","potentialAction":[{"@type":"ReadAction","target":["https:\/\/www.ville-celles-sur-belle.com\/tourisme-et-patrimoine\/a-faire\/"]}]},{"@type":"BreadcrumbList","@id":"https:\/\/www.ville-celles-sur-belle.com\/tourisme-et-patrimoine\/a-faire\/#breadcrumb","itemListElement":[{"@type":"ListItem","position":1,"name":"Accueil","item":"https:\/\/www.ville-celles-sur-belle.com\/"},{"@type":"ListItem","position":2,"name":"Tourisme et Patrimoine","item":"https:\/\/www.ville-celles-sur-belle.com\/tourisme-et-patrimoine\/"},{"@type":"ListItem","position":3,"name":"A faire"}]}]}},"_links":{"self":[{"href":"https:\/\/www.ville-celles-sur-belle.com\/en\/wp-json\/wp\/v2\/pages\/15859"}],"collection":[{"href":"https:\/\/www.ville-celles-sur-belle.com\/en\/wp-json\/wp\/v2\/pages"}],"about":[{"href":"https:\/\/www.ville-celles-sur-belle.com\/en\/wp-json\/wp\/v2\/types\/page"}],"author":[{"embeddable":true,"href":"https:\/\/www.ville-celles-sur-belle.com\/en\/wp-json\/wp\/v2\/users\/4"}],"replies":[{"embeddable":true,"href":"https:\/\/www.ville-celles-sur-belle.com\/en\/wp-json\/wp\/v2\/comments?post=15859"}],"version-history":[{"count":9,"href":"https:\/\/www.ville-celles-sur-belle.com\/en\/wp-json\/wp\/v2\/pages\/15859\/revisions"}],"predecessor-version":[{"id":19444,"href":"https:\/\/www.ville-celles-sur-belle.com\/en\/wp-json\/wp\/v2\/pages\/15859\/revisions\/19444"}],"up":[{"embeddable":true,"href":"https:\/\/www.ville-celles-sur-belle.com\/en\/wp-json\/wp\/v2\/pages\/15669"}],"wp:attachment":[{"href":"https:\/\/www.ville-celles-sur-belle.com\/en\/wp-json\/wp\/v2\/media?parent=15859"}],"curies":[{"name":"wp","href":"https:\/\/api.w.org\/{rel}","templated":true}]}}