{"id":15865,"date":"2020-02-03T16:48:16","date_gmt":"2020-02-03T15:48:16","guid":{"rendered":"https:\/\/www.ville-celles-sur-belle.com\/?page_id=15865"},"modified":"2020-12-14T10:55:58","modified_gmt":"2020-12-14T09:55:58","slug":"pistes-cyclables-velo-departement-deux-sevres","status":"publish","type":"page","link":"https:\/\/www.ville-celles-sur-belle.com\/en\/tourisme-et-patrimoine\/a-faire\/pistes-cyclables-velo-departement-deux-sevres\/","title":{"rendered":"Balades \u00e0 v\u00e9lo"},"content":{"rendered":"<div id=\"banniere_contenu\" class=\"wpb_row vc_row-fluid full-width-section section  section-no-parallax  stretch\" data-speed=\"1\" style=\"\"><div class=\"col span_12 color-dark left\">\n\t<div class=\"vc_col-sm-12 wpb_column column_container col no-padding color-dark\" style=\"\" data-animation=\"\" data-delay=\"\">\n\t\t<div class=\"wpb_wrapper\">\n\t\t\t<div class=\"single_image wpb_content_element align-left\" data-animation=\"none\" data-delay=\"0\"><img width=\"2304\" height=\"912\" src=\"https:\/\/www.ville-celles-sur-belle.com\/wp-content\/uploads\/2020\/01\/slide1.jpg\" class=\"attachment-full\" alt=\"\" loading=\"lazy\" srcset=\"https:\/\/www.ville-celles-sur-belle.com\/wp-content\/uploads\/2020\/01\/slide1.jpg 2304w, https:\/\/www.ville-celles-sur-belle.com\/wp-content\/uploads\/2020\/01\/slide1-300x119.jpg 300w, https:\/\/www.ville-celles-sur-belle.com\/wp-content\/uploads\/2020\/01\/slide1-1024x405.jpg 1024w, https:\/\/www.ville-celles-sur-belle.com\/wp-content\/uploads\/2020\/01\/slide1-768x304.jpg 768w, https:\/\/www.ville-celles-sur-belle.com\/wp-content\/uploads\/2020\/01\/slide1-1536x608.jpg 1536w, https:\/\/www.ville-celles-sur-belle.com\/wp-content\/uploads\/2020\/01\/slide1-2048x811.jpg 2048w\" sizes=\"(max-width: 2304px) 100vw, 2304px\" \/><\/div>\n\t\t<\/div> \n\t<\/div> \n<\/div><\/div><div  class=\"wpb_row vc_row-fluid standard-section section  section-no-parallax  stretch\" data-speed=\"1\" style=\"padding-top: 100px; \"><div class=\"col span_12 color-dark left\">\n\t<div class=\"vc_col-sm-6 wpb_column column_container col no-padding color-dark\" style=\"\" data-animation=\"\" data-delay=\"\">\n\t\t<div class=\"wpb_wrapper\">\n\t\t\t\n\t<div class=\"wpb_text_column wpb_content_element\" >\n\t\t<div class=\"wpb_wrapper\">\n\t\t\t<h2>Piste cyclable : la V93<\/h2>\n\n\t\t<\/div>\n\t<\/div>\n\n\t<div class=\"wpb_text_column wpb_content_element\" >\n\t\t<div class=\"wpb_wrapper\">\n\t\t\t<p>Depuis la fin de l\u2019\u00e9t\u00e9, la commune est travers\u00e9e par la V93, piste cyclable permettant de relier le Marais Poitevin au Lac de Vassivi\u00e8re dans la Creuse. Aujourd\u2019hui les travaux d\u2019am\u00e9nagement r\u00e9alis\u00e9s par le <strong>d\u00e9partement des Deux-S\u00e8vres<\/strong> sont termin\u00e9s et la piste s\u2019arr\u00eate aux limites de la Charente au sud de Chef Boutonne. Cette voie s\u2019inscrit dans un sch\u00e9ma cyclable national qui a pour ambition de relier Saint Malo \u00e0 Palavas Les Flots dans l\u2019H\u00e9rault.<\/p>\n<p>&nbsp;<\/p>\n<p>En chemin vous pourrez d\u00e9couvrir les villes de Celles sur Belle, Melle, Brioux et Chef Boutonne. Des installations compl\u00e9mentaires seront mises en place avant l\u2019\u00e9t\u00e9, table de pique-nique, garage \u00e0 v\u00e9lo, indication des points d\u2019eau et des visites \u00e0 faire le long du parcours.<\/p>\n<p>&nbsp;<\/p>\n<p>Aujourd\u2019hui \u00ab le ruban vert \u00bb entre Celles et Melle est une ballade tr\u00e8s fr\u00e9quent\u00e9e, un compteur install\u00e9 cet \u00e9t\u00e9 a comptabilis\u00e9 pr\u00e9s de 2000 passages. La v\u00e9lo route permet aussi d\u2019aller jusqu\u2019\u00e0 La Rochelle et le <a href=\"https:\/\/www.deux-sevres.fr\/nos-missions\/lenvironnement-leau-lassainissement\/les-randonnees-et-les-itineraires-cyclables\" target=\"_blank\" rel=\"noopener noreferrer\">d\u00e9partement des Deux S\u00e8vres<\/a> a d\u2019ores et d\u00e9j\u00e0 programm\u00e9 une nouvelle piste entre La Cr\u00e8che et Rom le long de la S\u00e8vre. Un r\u00e9seau qui se densifie et permettra dans l\u2019avenir de faire des promenades en v\u00e9lo entre Niort, Zoodyss\u00e9e, La Mothe, Celles et Chef Boutonne.<\/p>\n\n\t\t<\/div>\n\t<\/div>\n\n\t\t<\/div> \n\t<\/div> \n\n\t<div class=\"vc_col-sm-6 wpb_column column_container col no-padding color-dark\" style=\"\" data-animation=\"\" data-delay=\"\">\n\t\t<div class=\"wpb_wrapper\">\n\t\t\t<div class=\"single_image wpb_content_element align-left\" data-animation=\"none\" data-delay=\"0\"><img width=\"1240\" height=\"1754\" src=\"https:\/\/www.ville-celles-sur-belle.com\/wp-content\/uploads\/2020\/12\/veloroute_v93-1_page-0001.jpg\" class=\"attachment-full\" alt=\"\" loading=\"lazy\" srcset=\"https:\/\/www.ville-celles-sur-belle.com\/wp-content\/uploads\/2020\/12\/veloroute_v93-1_page-0001.jpg 1240w, https:\/\/www.ville-celles-sur-belle.com\/wp-content\/uploads\/2020\/12\/veloroute_v93-1_page-0001-212x300.jpg 212w, https:\/\/www.ville-celles-sur-belle.com\/wp-content\/uploads\/2020\/12\/veloroute_v93-1_page-0001-724x1024.jpg 724w, https:\/\/www.ville-celles-sur-belle.com\/wp-content\/uploads\/2020\/12\/veloroute_v93-1_page-0001-768x1086.jpg 768w, https:\/\/www.ville-celles-sur-belle.com\/wp-content\/uploads\/2020\/12\/veloroute_v93-1_page-0001-1086x1536.jpg 1086w\" sizes=\"(max-width: 1240px) 100vw, 1240px\" \/><\/div>\n\t\t<\/div> \n\t<\/div> \n<\/div><\/div><div  class=\"wpb_row vc_row-fluid standard-section section  section-no-parallax  stretch\" data-speed=\"1\" style=\"padding-top: 60px; \"><div class=\"col span_12 color-dark left\">\n\t<div class=\"vc_col-sm-12 wpb_column column_container col no-padding color-dark\" style=\"\" data-animation=\"\" data-delay=\"\">\n\t\t<div class=\"wpb_wrapper\">\n\t\t\t<div class=\"single_image wpb_content_element align-left\" data-animation=\"none\" data-delay=\"0\"><img width=\"1754\" height=\"1240\" src=\"https:\/\/www.ville-celles-sur-belle.com\/wp-content\/uploads\/2020\/12\/veloroute_v93-2_page-0001.jpg\" class=\"attachment-full\" alt=\"\" loading=\"lazy\" srcset=\"https:\/\/www.ville-celles-sur-belle.com\/wp-content\/uploads\/2020\/12\/veloroute_v93-2_page-0001.jpg 1754w, https:\/\/www.ville-celles-sur-belle.com\/wp-content\/uploads\/2020\/12\/veloroute_v93-2_page-0001-300x212.jpg 300w, https:\/\/www.ville-celles-sur-belle.com\/wp-content\/uploads\/2020\/12\/veloroute_v93-2_page-0001-1024x724.jpg 1024w, https:\/\/www.ville-celles-sur-belle.com\/wp-content\/uploads\/2020\/12\/veloroute_v93-2_page-0001-768x543.jpg 768w, https:\/\/www.ville-celles-sur-belle.com\/wp-content\/uploads\/2020\/12\/veloroute_v93-2_page-0001-1536x1086.jpg 1536w\" sizes=\"(max-width: 1754px) 100vw, 1754px\" \/><\/div>\n\t\t<\/div> \n\t<\/div> \n<\/div><\/div>","protected":false},"excerpt":{"rendered":"Piste cyclable : la V93 Depuis la fin de l\u2019\u00e9t\u00e9, la commune est travers\u00e9e par la V93, piste cyclable permettant de relier le Marais Poitevin au Lac de Vassivi\u00e8re dans la Creuse. Aujourd\u2019hui les travaux d\u2019am\u00e9nagement r\u00e9alis\u00e9s par le d\u00e9partement des Deux-S\u00e8vres sont termin\u00e9s et la piste s\u2019arr\u00eate aux limites de la Charente au sud de Chef Boutonne. Cette voie s\u2019inscrit dans un sch\u00e9ma cyclable national qui a pour ambition de relier Saint Malo \u00e0 Palavas Les Flots dans l\u2019H\u00e9rault. &nbsp; En chemin vous pourrez d\u00e9couvrir les villes de Celles sur Belle, Melle, Brioux et Chef Boutonne. Des installations compl\u00e9mentaires seront mises en place avant l\u2019\u00e9t\u00e9, table de pique-nique, garage \u00e0 v\u00e9lo, indication des points d\u2019eau et des visites \u00e0 faire le long du parcours. &nbsp; Aujourd\u2019hui \u00ab le ruban vert \u00bb entre Celles et Melle est une ballade tr\u00e8s fr\u00e9quent\u00e9e, un compteur install\u00e9 cet \u00e9t\u00e9 a comptabilis\u00e9 pr\u00e9s de 2000 passages. La v\u00e9lo route permet aussi d\u2019aller jusqu\u2019\u00e0 La Rochelle et le d\u00e9partement des Deux S\u00e8vres a d\u2019ores et d\u00e9j\u00e0 programm\u00e9 une nouvelle piste entre La Cr\u00e8che et Rom le long de la S\u00e8vre. Un r\u00e9seau qui se densifie et permettra dans l\u2019avenir de faire des promenades en v\u00e9lo [...]","protected":false},"author":4,"featured_media":0,"parent":15859,"menu_order":0,"comment_status":"closed","ping_status":"closed","template":"","meta":[],"yoast_head":"<!-- This site is optimized with the Yoast SEO plugin v17.0 - https:\/\/yoast.com\/wordpress\/plugins\/seo\/ -->\n<title>Balades \u00e0 v\u00e9lo - Mairie de Celles-sur-Belle<\/title>\n<meta name=\"robots\" content=\"index, follow, max-snippet:-1, max-image-preview:large, max-video-preview:-1\" \/>\n<link rel=\"canonical\" href=\"https:\/\/www.ville-celles-sur-belle.com\/en\/tourisme-et-patrimoine\/a-faire\/pistes-cyclables-velo-departement-deux-sevres\/\" \/>\n<meta property=\"og:locale\" content=\"en_GB\" \/>\n<meta property=\"og:type\" content=\"article\" \/>\n<meta property=\"og:title\" content=\"Balades \u00e0 v\u00e9lo - Mairie de Celles-sur-Belle\" \/>\n<meta property=\"og:url\" content=\"https:\/\/www.ville-celles-sur-belle.com\/en\/tourisme-et-patrimoine\/a-faire\/pistes-cyclables-velo-departement-deux-sevres\/\" \/>\n<meta property=\"og:site_name\" content=\"Mairie de Celles-sur-Belle\" \/>\n<meta property=\"article:modified_time\" content=\"2020-12-14T09:55:58+00:00\" \/>\n<meta name=\"twitter:card\" content=\"summary_large_image\" \/>\n<meta name=\"twitter:label1\" content=\"Estimated reading time\" \/>\n\t<meta name=\"twitter:data1\" content=\"2 minutes\" \/>\n<script type=\"application\/ld+json\" class=\"yoast-schema-graph\">{\"@context\":\"https:\/\/schema.org\",\"@graph\":[{\"@type\":\"WebSite\",\"@id\":\"https:\/\/www.ville-celles-sur-belle.com\/#website\",\"url\":\"https:\/\/www.ville-celles-sur-belle.com\/\",\"name\":\"Mairie de Celles-sur-Belle\",\"description\":\"Belle \\u00e0 investir\",\"potentialAction\":[{\"@type\":\"SearchAction\",\"target\":{\"@type\":\"EntryPoint\",\"urlTemplate\":\"https:\/\/www.ville-celles-sur-belle.com\/?s={search_term_string}\"},\"query-input\":\"required name=search_term_string\"}],\"inLanguage\":\"en-GB\"},{\"@type\":\"WebPage\",\"@id\":\"https:\/\/www.ville-celles-sur-belle.com\/tourisme-et-patrimoine\/a-faire\/pistes-cyclables-velo-departement-deux-sevres\/#webpage\",\"url\":\"https:\/\/www.ville-celles-sur-belle.com\/tourisme-et-patrimoine\/a-faire\/pistes-cyclables-velo-departement-deux-sevres\/\",\"name\":\"Balades \\u00e0 v\\u00e9lo - Mairie de Celles-sur-Belle\",\"isPartOf\":{\"@id\":\"https:\/\/www.ville-celles-sur-belle.com\/#website\"},\"datePublished\":\"2020-02-03T15:48:16+00:00\",\"dateModified\":\"2020-12-14T09:55:58+00:00\",\"breadcrumb\":{\"@id\":\"https:\/\/www.ville-celles-sur-belle.com\/tourisme-et-patrimoine\/a-faire\/pistes-cyclables-velo-departement-deux-sevres\/#breadcrumb\"},\"inLanguage\":\"en-GB\",\"potentialAction\":[{\"@type\":\"ReadAction\",\"target\":[\"https:\/\/www.ville-celles-sur-belle.com\/tourisme-et-patrimoine\/a-faire\/pistes-cyclables-velo-departement-deux-sevres\/\"]}]},{\"@type\":\"BreadcrumbList\",\"@id\":\"https:\/\/www.ville-celles-sur-belle.com\/tourisme-et-patrimoine\/a-faire\/pistes-cyclables-velo-departement-deux-sevres\/#breadcrumb\",\"itemListElement\":[{\"@type\":\"ListItem\",\"position\":1,\"name\":\"Accueil\",\"item\":\"https:\/\/www.ville-celles-sur-belle.com\/\"},{\"@type\":\"ListItem\",\"position\":2,\"name\":\"Tourisme et Patrimoine\",\"item\":\"https:\/\/www.ville-celles-sur-belle.com\/tourisme-et-patrimoine\/\"},{\"@type\":\"ListItem\",\"position\":3,\"name\":\"A faire\",\"item\":\"https:\/\/www.ville-celles-sur-belle.com\/tourisme-et-patrimoine\/a-faire\/\"},{\"@type\":\"ListItem\",\"position\":4,\"name\":\"Balades \\u00e0 v\\u00e9lo\"}]}]}<\/script>\n<!-- \/ Yoast SEO plugin. -->","yoast_head_json":{"title":"Balades \u00e0 v\u00e9lo - Mairie de Celles-sur-Belle","robots":{"index":"index","follow":"follow","max-snippet":"max-snippet:-1","max-image-preview":"max-image-preview:large","max-video-preview":"max-video-preview:-1"},"canonical":"https:\/\/www.ville-celles-sur-belle.com\/en\/tourisme-et-patrimoine\/a-faire\/pistes-cyclables-velo-departement-deux-sevres\/","og_locale":"en_GB","og_type":"article","og_title":"Balades \u00e0 v\u00e9lo - Mairie de Celles-sur-Belle","og_url":"https:\/\/www.ville-celles-sur-belle.com\/en\/tourisme-et-patrimoine\/a-faire\/pistes-cyclables-velo-departement-deux-sevres\/","og_site_name":"Mairie de Celles-sur-Belle","article_modified_time":"2020-12-14T09:55:58+00:00","twitter_card":"summary_large_image","twitter_misc":{"Estimated reading time":"2 minutes"},"schema":{"@context":"https:\/\/schema.org","@graph":[{"@type":"WebSite","@id":"https:\/\/www.ville-celles-sur-belle.com\/#website","url":"https:\/\/www.ville-celles-sur-belle.com\/","name":"Mairie de Celles-sur-Belle","description":"Belle \u00e0 investir","potentialAction":[{"@type":"SearchAction","target":{"@type":"EntryPoint","urlTemplate":"https:\/\/www.ville-celles-sur-belle.com\/?s={search_term_string}"},"query-input":"required name=search_term_string"}],"inLanguage":"en-GB"},{"@type":"WebPage","@id":"https:\/\/www.ville-celles-sur-belle.com\/tourisme-et-patrimoine\/a-faire\/pistes-cyclables-velo-departement-deux-sevres\/#webpage","url":"https:\/\/www.ville-celles-sur-belle.com\/tourisme-et-patrimoine\/a-faire\/pistes-cyclables-velo-departement-deux-sevres\/","name":"Balades \u00e0 v\u00e9lo - Mairie de Celles-sur-Belle","isPartOf":{"@id":"https:\/\/www.ville-celles-sur-belle.com\/#website"},"datePublished":"2020-02-03T15:48:16+00:00","dateModified":"2020-12-14T09:55:58+00:00","breadcrumb":{"@id":"https:\/\/www.ville-celles-sur-belle.com\/tourisme-et-patrimoine\/a-faire\/pistes-cyclables-velo-departement-deux-sevres\/#breadcrumb"},"inLanguage":"en-GB","potentialAction":[{"@type":"ReadAction","target":["https:\/\/www.ville-celles-sur-belle.com\/tourisme-et-patrimoine\/a-faire\/pistes-cyclables-velo-departement-deux-sevres\/"]}]},{"@type":"BreadcrumbList","@id":"https:\/\/www.ville-celles-sur-belle.com\/tourisme-et-patrimoine\/a-faire\/pistes-cyclables-velo-departement-deux-sevres\/#breadcrumb","itemListElement":[{"@type":"ListItem","position":1,"name":"Accueil","item":"https:\/\/www.ville-celles-sur-belle.com\/"},{"@type":"ListItem","position":2,"name":"Tourisme et Patrimoine","item":"https:\/\/www.ville-celles-sur-belle.com\/tourisme-et-patrimoine\/"},{"@type":"ListItem","position":3,"name":"A faire","item":"https:\/\/www.ville-celles-sur-belle.com\/tourisme-et-patrimoine\/a-faire\/"},{"@type":"ListItem","position":4,"name":"Balades \u00e0 v\u00e9lo"}]}]}},"_links":{"self":[{"href":"https:\/\/www.ville-celles-sur-belle.com\/en\/wp-json\/wp\/v2\/pages\/15865"}],"collection":[{"href":"https:\/\/www.ville-celles-sur-belle.com\/en\/wp-json\/wp\/v2\/pages"}],"about":[{"href":"https:\/\/www.ville-celles-sur-belle.com\/en\/wp-json\/wp\/v2\/types\/page"}],"author":[{"embeddable":true,"href":"https:\/\/www.ville-celles-sur-belle.com\/en\/wp-json\/wp\/v2\/users\/4"}],"replies":[{"embeddable":true,"href":"https:\/\/www.ville-celles-sur-belle.com\/en\/wp-json\/wp\/v2\/comments?post=15865"}],"version-history":[{"count":8,"href":"https:\/\/www.ville-celles-sur-belle.com\/en\/wp-json\/wp\/v2\/pages\/15865\/revisions"}],"predecessor-version":[{"id":17582,"href":"https:\/\/www.ville-celles-sur-belle.com\/en\/wp-json\/wp\/v2\/pages\/15865\/revisions\/17582"}],"up":[{"embeddable":true,"href":"https:\/\/www.ville-celles-sur-belle.com\/en\/wp-json\/wp\/v2\/pages\/15859"}],"wp:attachment":[{"href":"https:\/\/www.ville-celles-sur-belle.com\/en\/wp-json\/wp\/v2\/media?parent=15865"}],"curies":[{"name":"wp","href":"https:\/\/api.w.org\/{rel}","templated":true}]}}