{"id":15873,"date":"2020-02-03T16:49:43","date_gmt":"2020-02-03T15:49:43","guid":{"rendered":"https:\/\/www.ville-celles-sur-belle.com\/?page_id=15873"},"modified":"2020-03-22T16:26:18","modified_gmt":"2020-03-22T15:26:18","slug":"base-de-loisir","status":"publish","type":"page","link":"https:\/\/www.ville-celles-sur-belle.com\/en\/tourisme-et-patrimoine\/a-faire\/base-de-loisir\/","title":{"rendered":"Base de loisirs du Lambon"},"content":{"rendered":"<div id=\"banniere_contenu\" class=\"wpb_row vc_row-fluid full-width-section section  section-no-parallax  stretch\" data-speed=\"1\" style=\"\"><div class=\"col span_12 color-dark left\">\n\t<div class=\"vc_col-sm-12 wpb_column column_container col no-padding color-dark\" style=\"\" data-animation=\"\" data-delay=\"\">\n\t\t<div class=\"wpb_wrapper\">\n\t\t\t<div class=\"single_image wpb_content_element align-left\" data-animation=\"none\" data-delay=\"0\"><img width=\"2304\" height=\"912\" src=\"https:\/\/www.ville-celles-sur-belle.com\/wp-content\/uploads\/2020\/01\/slide1.jpg\" class=\"attachment-full\" alt=\"\" loading=\"lazy\" srcset=\"https:\/\/www.ville-celles-sur-belle.com\/wp-content\/uploads\/2020\/01\/slide1.jpg 2304w, https:\/\/www.ville-celles-sur-belle.com\/wp-content\/uploads\/2020\/01\/slide1-300x119.jpg 300w, https:\/\/www.ville-celles-sur-belle.com\/wp-content\/uploads\/2020\/01\/slide1-1024x405.jpg 1024w, https:\/\/www.ville-celles-sur-belle.com\/wp-content\/uploads\/2020\/01\/slide1-768x304.jpg 768w, https:\/\/www.ville-celles-sur-belle.com\/wp-content\/uploads\/2020\/01\/slide1-1536x608.jpg 1536w, https:\/\/www.ville-celles-sur-belle.com\/wp-content\/uploads\/2020\/01\/slide1-2048x811.jpg 2048w\" sizes=\"(max-width: 2304px) 100vw, 2304px\" \/><\/div>\n\t\t<\/div> \n\t<\/div> \n<\/div><\/div><div  class=\"wpb_row vc_row-fluid standard-section section  section-no-parallax  stretch\" data-speed=\"1\" style=\"padding-top: 100px; \"><div class=\"col span_12 color-dark left\">\n\t<div class=\"vc_col-sm-6 wpb_column column_container col no-padding color-dark\" style=\"\" data-animation=\"\" data-delay=\"\">\n\t\t<div class=\"wpb_wrapper\">\n\t\t\t\n\t<div class=\"wpb_text_column wpb_content_element\" >\n\t\t<div class=\"wpb_wrapper\">\n\t\t\t<h2>Le Lambon<\/h2>\n\n\t\t<\/div>\n\t<\/div>\n\n\t<div class=\"wpb_text_column wpb_content_element\" >\n\t\t<div class=\"wpb_wrapper\">\n\t\t\t<p>La <strong>Base de Loisirs et de plein air du Lambon<\/strong> appartient \u00e0 la communaut\u00e9 de communes Mellois en Poitou. D\u00e9couvrez et vivez des activit\u00e9s en pleine nature, ludiques et sportives pour tous (accrobranche, cano\u00eb, tir \u00e0 l&rsquo;arc, minigolf, etc.) !<\/p>\n<p>L\u2019\u00e9t\u00e9, les vacanciers et habitants peuvent profiter de la buvette, d&rsquo;animations diverses ou encore de structures gonflables.<\/p>\n<p>Le<strong> village vacances<\/strong> surplombe le plan d\u2019eau (39 g\u00eetes, 7 mobil-homes, 44 emplacements de camping) et poss\u00e8de deux salles de r\u00e9ception (disponibles \u00e0 la location).<\/p>\n<p>&nbsp;<\/p>\n<p><strong>Contact<\/strong><\/p>\n<p>Village vacances<br \/>\nT\u00e9l : 05 49 32 85 11<br \/>\n<a href=\"mailto:village.vacances@lelambon.com\">village.vacances@lelambon.com<\/a><\/p>\n<p>Base de plein air<br \/>\nT\u00e9l : 05 49 35 13 57<br \/>\n<a href=\"mailto:base@lelambon.com\">base@lelambon.com<\/a><\/p>\n\n\t\t<\/div>\n\t<\/div>\n<a href=\"http:\/\/www.lelambon.com\/index.php\" target=\"_blank\" class=\"button color-1 small\" style=\"border-radius: 2px;\">En savoir plus<\/a>\n\t\t<\/div> \n\t<\/div> \n\n\t<div class=\"vc_col-sm-6 wpb_column column_container col no-padding color-dark\" style=\"\" data-animation=\"\" data-delay=\"\">\n\t\t<div class=\"wpb_wrapper\">\n\t\t\t<div class=\"flexslider wpb_content_element\"><ul class=\"slides\"><li><img src=\"https:\/\/www.ville-celles-sur-belle.com\/wp-content\/uploads\/2020\/03\/dsc04359.jpg\" alt=\"\" \/><\/li><li><img src=\"https:\/\/www.ville-celles-sur-belle.com\/wp-content\/uploads\/2020\/03\/lambon4.jpg\" alt=\"\" \/><\/li><li><img src=\"https:\/\/www.ville-celles-sur-belle.com\/wp-content\/uploads\/2020\/03\/dsc04484.jpg\" alt=\"\" \/><\/li><li><img src=\"https:\/\/www.ville-celles-sur-belle.com\/wp-content\/uploads\/2020\/03\/lambon-ventriglisse-web2.jpg\" alt=\"\" \/><\/li><\/ul><\/div>\n\t<div class=\"wpb_text_column wpb_content_element\" >\n\t\t<div class=\"wpb_wrapper\">\n\t\t\t<p style=\"text-align: center;\">\u00a9 Mellois en Poitou<\/p>\n\n\t\t<\/div>\n\t<\/div>\n<div class=\"box clearfix style-6 wpb_content_element align-left\" style=\"padding: 40px 40px 40px 40px; \">Adresse : Lieu-dit Pied l&rsquo;Ouaille &#8211; 79370 Prailles-La Couarde<\/div>\n\t\t<\/div> \n\t<\/div> \n<\/div><\/div>","protected":false},"excerpt":{"rendered":"Le Lambon La Base de Loisirs et de plein air du Lambon appartient \u00e0 la communaut\u00e9 de communes Mellois en Poitou. D\u00e9couvrez et vivez des activit\u00e9s en pleine nature, ludiques et sportives pour tous (accrobranche, cano\u00eb, tir \u00e0 l'arc, minigolf, etc.) ! L\u2019\u00e9t\u00e9, les vacanciers et habitants peuvent profiter de la buvette, d'animations diverses ou encore de structures gonflables. Le village vacances surplombe le plan d\u2019eau (39 g\u00eetes, 7 mobil-homes, 44 emplacements de camping) et poss\u00e8de deux salles de r\u00e9ception (disponibles \u00e0 la location). &nbsp; Contact Village vacances T\u00e9l : 05 49 32 85 11 village.vacances@lelambon.com Base de plein air T\u00e9l : 05 49 35 13 57 base@lelambon.com En savoir plus \u00a9 Mellois en Poitou Adresse : Lieu-dit Pied l'Ouaille - 79370 Prailles-La Couarde","protected":false},"author":4,"featured_media":0,"parent":15859,"menu_order":0,"comment_status":"closed","ping_status":"closed","template":"","meta":[],"yoast_head":"<!-- This site is optimized with the Yoast SEO plugin v17.0 - https:\/\/yoast.com\/wordpress\/plugins\/seo\/ -->\n<title>Base de loisirs du Lambon - Mairie de Celles-sur-Belle<\/title>\n<meta name=\"robots\" content=\"index, follow, max-snippet:-1, max-image-preview:large, max-video-preview:-1\" \/>\n<link rel=\"canonical\" href=\"https:\/\/www.ville-celles-sur-belle.com\/en\/tourisme-et-patrimoine\/a-faire\/base-de-loisir\/\" \/>\n<meta property=\"og:locale\" content=\"en_GB\" \/>\n<meta property=\"og:type\" content=\"article\" \/>\n<meta property=\"og:title\" content=\"Base de loisirs du Lambon - Mairie de Celles-sur-Belle\" \/>\n<meta property=\"og:url\" content=\"https:\/\/www.ville-celles-sur-belle.com\/en\/tourisme-et-patrimoine\/a-faire\/base-de-loisir\/\" \/>\n<meta property=\"og:site_name\" content=\"Mairie de Celles-sur-Belle\" \/>\n<meta property=\"article:modified_time\" content=\"2020-03-22T15:26:18+00:00\" \/>\n<meta name=\"twitter:card\" content=\"summary_large_image\" \/>\n<meta name=\"twitter:label1\" content=\"Estimated reading time\" \/>\n\t<meta name=\"twitter:data1\" content=\"1 minute\" \/>\n<script type=\"application\/ld+json\" class=\"yoast-schema-graph\">{\"@context\":\"https:\/\/schema.org\",\"@graph\":[{\"@type\":\"WebSite\",\"@id\":\"https:\/\/www.ville-celles-sur-belle.com\/#website\",\"url\":\"https:\/\/www.ville-celles-sur-belle.com\/\",\"name\":\"Mairie de Celles-sur-Belle\",\"description\":\"Belle \\u00e0 investir\",\"potentialAction\":[{\"@type\":\"SearchAction\",\"target\":{\"@type\":\"EntryPoint\",\"urlTemplate\":\"https:\/\/www.ville-celles-sur-belle.com\/?s={search_term_string}\"},\"query-input\":\"required name=search_term_string\"}],\"inLanguage\":\"en-GB\"},{\"@type\":\"WebPage\",\"@id\":\"https:\/\/www.ville-celles-sur-belle.com\/tourisme-et-patrimoine\/a-faire\/base-de-loisir\/#webpage\",\"url\":\"https:\/\/www.ville-celles-sur-belle.com\/tourisme-et-patrimoine\/a-faire\/base-de-loisir\/\",\"name\":\"Base de loisirs du Lambon - Mairie de Celles-sur-Belle\",\"isPartOf\":{\"@id\":\"https:\/\/www.ville-celles-sur-belle.com\/#website\"},\"datePublished\":\"2020-02-03T15:49:43+00:00\",\"dateModified\":\"2020-03-22T15:26:18+00:00\",\"breadcrumb\":{\"@id\":\"https:\/\/www.ville-celles-sur-belle.com\/tourisme-et-patrimoine\/a-faire\/base-de-loisir\/#breadcrumb\"},\"inLanguage\":\"en-GB\",\"potentialAction\":[{\"@type\":\"ReadAction\",\"target\":[\"https:\/\/www.ville-celles-sur-belle.com\/tourisme-et-patrimoine\/a-faire\/base-de-loisir\/\"]}]},{\"@type\":\"BreadcrumbList\",\"@id\":\"https:\/\/www.ville-celles-sur-belle.com\/tourisme-et-patrimoine\/a-faire\/base-de-loisir\/#breadcrumb\",\"itemListElement\":[{\"@type\":\"ListItem\",\"position\":1,\"name\":\"Accueil\",\"item\":\"https:\/\/www.ville-celles-sur-belle.com\/\"},{\"@type\":\"ListItem\",\"position\":2,\"name\":\"Tourisme et Patrimoine\",\"item\":\"https:\/\/www.ville-celles-sur-belle.com\/tourisme-et-patrimoine\/\"},{\"@type\":\"ListItem\",\"position\":3,\"name\":\"A faire\",\"item\":\"https:\/\/www.ville-celles-sur-belle.com\/tourisme-et-patrimoine\/a-faire\/\"},{\"@type\":\"ListItem\",\"position\":4,\"name\":\"Base de loisirs du Lambon\"}]}]}<\/script>\n<!-- \/ Yoast SEO plugin. -->","yoast_head_json":{"title":"Base de loisirs du Lambon - Mairie de Celles-sur-Belle","robots":{"index":"index","follow":"follow","max-snippet":"max-snippet:-1","max-image-preview":"max-image-preview:large","max-video-preview":"max-video-preview:-1"},"canonical":"https:\/\/www.ville-celles-sur-belle.com\/en\/tourisme-et-patrimoine\/a-faire\/base-de-loisir\/","og_locale":"en_GB","og_type":"article","og_title":"Base de loisirs du Lambon - Mairie de Celles-sur-Belle","og_url":"https:\/\/www.ville-celles-sur-belle.com\/en\/tourisme-et-patrimoine\/a-faire\/base-de-loisir\/","og_site_name":"Mairie de Celles-sur-Belle","article_modified_time":"2020-03-22T15:26:18+00:00","twitter_card":"summary_large_image","twitter_misc":{"Estimated reading time":"1 minute"},"schema":{"@context":"https:\/\/schema.org","@graph":[{"@type":"WebSite","@id":"https:\/\/www.ville-celles-sur-belle.com\/#website","url":"https:\/\/www.ville-celles-sur-belle.com\/","name":"Mairie de Celles-sur-Belle","description":"Belle \u00e0 investir","potentialAction":[{"@type":"SearchAction","target":{"@type":"EntryPoint","urlTemplate":"https:\/\/www.ville-celles-sur-belle.com\/?s={search_term_string}"},"query-input":"required name=search_term_string"}],"inLanguage":"en-GB"},{"@type":"WebPage","@id":"https:\/\/www.ville-celles-sur-belle.com\/tourisme-et-patrimoine\/a-faire\/base-de-loisir\/#webpage","url":"https:\/\/www.ville-celles-sur-belle.com\/tourisme-et-patrimoine\/a-faire\/base-de-loisir\/","name":"Base de loisirs du Lambon - Mairie de Celles-sur-Belle","isPartOf":{"@id":"https:\/\/www.ville-celles-sur-belle.com\/#website"},"datePublished":"2020-02-03T15:49:43+00:00","dateModified":"2020-03-22T15:26:18+00:00","breadcrumb":{"@id":"https:\/\/www.ville-celles-sur-belle.com\/tourisme-et-patrimoine\/a-faire\/base-de-loisir\/#breadcrumb"},"inLanguage":"en-GB","potentialAction":[{"@type":"ReadAction","target":["https:\/\/www.ville-celles-sur-belle.com\/tourisme-et-patrimoine\/a-faire\/base-de-loisir\/"]}]},{"@type":"BreadcrumbList","@id":"https:\/\/www.ville-celles-sur-belle.com\/tourisme-et-patrimoine\/a-faire\/base-de-loisir\/#breadcrumb","itemListElement":[{"@type":"ListItem","position":1,"name":"Accueil","item":"https:\/\/www.ville-celles-sur-belle.com\/"},{"@type":"ListItem","position":2,"name":"Tourisme et Patrimoine","item":"https:\/\/www.ville-celles-sur-belle.com\/tourisme-et-patrimoine\/"},{"@type":"ListItem","position":3,"name":"A faire","item":"https:\/\/www.ville-celles-sur-belle.com\/tourisme-et-patrimoine\/a-faire\/"},{"@type":"ListItem","position":4,"name":"Base de loisirs du Lambon"}]}]}},"_links":{"self":[{"href":"https:\/\/www.ville-celles-sur-belle.com\/en\/wp-json\/wp\/v2\/pages\/15873"}],"collection":[{"href":"https:\/\/www.ville-celles-sur-belle.com\/en\/wp-json\/wp\/v2\/pages"}],"about":[{"href":"https:\/\/www.ville-celles-sur-belle.com\/en\/wp-json\/wp\/v2\/types\/page"}],"author":[{"embeddable":true,"href":"https:\/\/www.ville-celles-sur-belle.com\/en\/wp-json\/wp\/v2\/users\/4"}],"replies":[{"embeddable":true,"href":"https:\/\/www.ville-celles-sur-belle.com\/en\/wp-json\/wp\/v2\/comments?post=15873"}],"version-history":[{"count":6,"href":"https:\/\/www.ville-celles-sur-belle.com\/en\/wp-json\/wp\/v2\/pages\/15873\/revisions"}],"predecessor-version":[{"id":16389,"href":"https:\/\/www.ville-celles-sur-belle.com\/en\/wp-json\/wp\/v2\/pages\/15873\/revisions\/16389"}],"up":[{"embeddable":true,"href":"https:\/\/www.ville-celles-sur-belle.com\/en\/wp-json\/wp\/v2\/pages\/15859"}],"wp:attachment":[{"href":"https:\/\/www.ville-celles-sur-belle.com\/en\/wp-json\/wp\/v2\/media?parent=15873"}],"curies":[{"name":"wp","href":"https:\/\/api.w.org\/{rel}","templated":true}]}}