{"id":15892,"date":"2020-02-03T16:54:26","date_gmt":"2020-02-03T15:54:26","guid":{"rendered":"https:\/\/www.ville-celles-sur-belle.com\/?page_id=15892"},"modified":"2026-03-16T13:32:48","modified_gmt":"2026-03-16T12:32:48","slug":"contact","status":"publish","type":"page","link":"https:\/\/www.ville-celles-sur-belle.com\/en\/contact\/","title":{"rendered":"Contact"},"content":{"rendered":"<div  class=\"wpb_row vc_row-fluid standard-section section  section-no-parallax  stretch\" data-speed=\"1\" style=\"padding-top: 60px; \"><div class=\"col span_12 color-dark left\">\n\t<div class=\"vc_col-sm-12 wpb_column column_container col no-padding color-dark\" style=\"\" data-animation=\"\" data-delay=\"\">\n\t\t<div class=\"wpb_wrapper\">\n\t\t\t<div class=\"single_image wpb_content_element align-center\" data-animation=\"none\" data-delay=\"0\"><img width=\"1040\" height=\"550\" src=\"https:\/\/www.ville-celles-sur-belle.com\/wp-content\/uploads\/2024\/04\/mairie_celles_sur_belle-e1712231506273.jpg\" class=\"attachment-full\" alt=\"\" loading=\"lazy\" srcset=\"https:\/\/www.ville-celles-sur-belle.com\/wp-content\/uploads\/2024\/04\/mairie_celles_sur_belle-e1712231506273.jpg 1040w, https:\/\/www.ville-celles-sur-belle.com\/wp-content\/uploads\/2024\/04\/mairie_celles_sur_belle-e1712231506273-300x159.jpg 300w, https:\/\/www.ville-celles-sur-belle.com\/wp-content\/uploads\/2024\/04\/mairie_celles_sur_belle-e1712231506273-1024x542.jpg 1024w, https:\/\/www.ville-celles-sur-belle.com\/wp-content\/uploads\/2024\/04\/mairie_celles_sur_belle-e1712231506273-768x406.jpg 768w, https:\/\/www.ville-celles-sur-belle.com\/wp-content\/uploads\/2024\/04\/mairie_celles_sur_belle-e1712231506273-18x10.jpg 18w\" sizes=\"(max-width: 1040px) 100vw, 1040px\" \/><\/div>\n\t\t<\/div> \n\t<\/div> \n<\/div><\/div><div  class=\"wpb_row vc_row-fluid standard-section section  section-no-parallax  stretch\" data-speed=\"1\" style=\"background-color: #ffffff; padding-top: 60px; padding-bottom: 60px; \"><div class=\"col span_12 color-dark left\">\n\t<div class=\"vc_col-sm-6 wpb_column column_container col no-padding color-dark\" style=\"\" data-animation=\"\" data-delay=\"\">\n\t\t<div class=\"wpb_wrapper\">\n\t\t\t<h3 class=\"headline font-special fontsize-m fontweight-700 lh-inherit align-left transform-uppercase\" style=\"margin: 0 0 20px 0;\">Nos coordonn\u00e9es<\/h3>\n\t<div class=\"wpb_text_column wpb_content_element\" >\n\t\t<div class=\"wpb_wrapper\">\n\t\t\t<p><strong>Mairie de Celles-sur-Belle<\/strong><br \/>\n<strong>1 avenue de Limoges<\/strong><br \/>\n<strong>79370 Celles-sur-Belle<\/strong><\/p>\n<p><a href=\"mailto:accueil@villecellessurbelle.fr\">accueil@villecellessurbelle.fr<\/a><br \/>\n05 49 79 80 17<\/p>\n\n\t\t<\/div>\n\t<\/div>\n\n\t<div class=\"wpb_text_column wpb_content_element\" >\n\t\t<div class=\"wpb_wrapper\">\n\t\t\t<p><strong>Centre Technique Municipal<\/strong><br \/>\n<strong>2 impasse de l&rsquo;usine<\/strong><br \/>\n<strong>79370 Celles-sur-Belle<\/strong><\/p>\n<p>09 65 11 08 80<br \/>\n<a href=\"mailto:ctmsecretariat@villecellessurbelle.fr\">ctmsecretariat@villecellessurbelle.fr<\/a><\/p>\n\n\t\t<\/div>\n\t<\/div>\n\n\t<div class=\"wpb_text_column wpb_content_element\" >\n\t\t<div class=\"wpb_wrapper\">\n\t\t\t<p><strong>Communication<\/strong><br \/>\n<a href=\"mailto:communication.cellessurbelle@gmail.com\">communication.cellessurbelle@gmail.com<\/a><\/p>\n<p><a href=\"https:\/\/www.facebook.com\/Commairie\"><img loading=\"lazy\" class=\"aligncenter wp-image-16748 size-full\" src=\"https:\/\/www.ville-celles-sur-belle.com\/wp-content\/uploads\/2020\/04\/logo-facebook.png\" alt=\"\" width=\"60\" height=\"60\" \/><\/a><a href=\"https:\/\/play.google.com\/store\/apps\/details?id=com.lumiplan.city.wall&amp;hl=fr&amp;gl=US&amp;pli=1\"><img loading=\"lazy\" class=\"aligncenter wp-image-17511\" src=\"https:\/\/www.ville-celles-sur-belle.com\/wp-content\/uploads\/2020\/11\/logo-150x150.png\" alt=\"\" width=\"63\" height=\"68\" \/><\/a><\/p>\n\n\t\t<\/div>\n\t<\/div>\n<h3 class=\"headline font-special fontsize-m fontweight-700 lh-inherit align-left transform-uppercase\" style=\"margin: 0 0 20px 0;\">Horaires d&rsquo;ouverture<\/h3>\n\t<div class=\"wpb_text_column wpb_content_element\" >\n\t\t<div class=\"wpb_wrapper\">\n\t\t\t<ul>\n<li>Lundi : 8h30 &#8211; 12h et 13h30 &#8211; 16h<\/li>\n<li>Mardi : 13h30 &#8211; 17h<\/li>\n<li>Mercredi : 8h30 &#8211; 12h et 13h30 &#8211; 16h30<\/li>\n<li>Jeudi : 8h30 &#8211; 12h et 13h30 &#8211; 16h<\/li>\n<li>Vendredi : 8h30 &#8211; 12h et 13h30 &#8211; 16h30<\/li>\n<\/ul>\n\n\t\t<\/div>\n\t<\/div>\n\n\t\t<\/div> \n\t<\/div> \n\n\t<div class=\"vc_col-sm-6 wpb_column column_container col no-padding color-dark\" style=\"\" data-animation=\"\" data-delay=\"\">\n\t\t<div class=\"wpb_wrapper\">\n\t\t\t<h3 class=\"headline font-special fontsize-m fontweight-700 lh-inherit align-left transform-uppercase\" style=\"margin: 0 0 20px 0;\">Nous contacter<\/h3><div role=\"form\" class=\"wpcf7\" id=\"wpcf7-f6-o1\" lang=\"fr-FR\" dir=\"ltr\">\n<div class=\"screen-reader-response\"><p role=\"status\" aria-live=\"polite\" aria-atomic=\"true\"><\/p> <ul><\/ul><\/div>\n<form action=\"\/en\/wp-json\/wp\/v2\/pages\/15892#wpcf7-f6-o1\" method=\"post\" class=\"wpcf7-form init\" novalidate=\"novalidate\" data-status=\"init\" data-trp-original-action=\"\/en\/wp-json\/wp\/v2\/pages\/15892#wpcf7-f6-o1\">\n<div style=\"display: none;\">\n<input type=\"hidden\" name=\"_wpcf7\" value=\"6\" \/>\n<input type=\"hidden\" name=\"_wpcf7_version\" value=\"5.4.2\" \/>\n<input type=\"hidden\" name=\"_wpcf7_locale\" value=\"fr_FR\" \/>\n<input type=\"hidden\" name=\"_wpcf7_unit_tag\" value=\"wpcf7-f6-o1\" \/>\n<input type=\"hidden\" name=\"_wpcf7_container_post\" value=\"0\" \/>\n<input type=\"hidden\" name=\"_wpcf7_posted_data_hash\" value=\"\" \/>\n<\/div>\n<p><label> Votre nom (obligatoire)<br \/>\n    <span class=\"wpcf7-form-control-wrap your-name\"><input type=\"text\" name=\"your-name\" value=\"\" size=\"40\" class=\"wpcf7-form-control wpcf7-text wpcf7-validates-as-required\" aria-required=\"true\" aria-invalid=\"false\" \/><\/span> <\/label><\/p>\n<p><label> Votre adresse de messagerie (obligatoire)<br \/>\n    <span class=\"wpcf7-form-control-wrap your-email\"><input type=\"email\" name=\"your-email\" value=\"\" size=\"40\" class=\"wpcf7-form-control wpcf7-text wpcf7-email wpcf7-validates-as-required wpcf7-validates-as-email\" aria-required=\"true\" aria-invalid=\"false\" \/><\/span> <\/label><\/p>\n<p><label> Objet<br \/>\n    <span class=\"wpcf7-form-control-wrap your-subject\"><input type=\"text\" name=\"your-subject\" value=\"\" size=\"40\" class=\"wpcf7-form-control wpcf7-text\" aria-invalid=\"false\" \/><\/span> <\/label><\/p>\n<p><label> Votre message<br \/>\n    <span class=\"wpcf7-form-control-wrap your-message\"><textarea name=\"your-message\" cols=\"40\" rows=\"10\" class=\"wpcf7-form-control wpcf7-textarea\" aria-invalid=\"false\"><\/textarea><\/span> <\/label><\/p>\n<p><input type=\"submit\" value=\"Envoyer\" class=\"wpcf7-form-control wpcf7-submit\" \/><\/p>\n<div class=\"wpcf7-response-output\" aria-hidden=\"true\"><\/div><input type=\"hidden\" name=\"trp-form-language\" value=\"en\"\/><\/form><\/div>\n\t<div class=\"wpb_text_column wpb_content_element\" >\n\t\t<div class=\"wpb_wrapper\">\n\t\t\t<p>Les informations recueillies \u00e0 partir de ce formulaire sont n\u00e9cessaires pour r\u00e9pondre \u00e0 votre demande et sont transmises au service concern\u00e9 de la mairie de Celles-sur-Belle.<\/p>\n<p><a href=\"https:\/\/www.ville-celles-sur-belle.com\/en\/politique-de-confidentialite-2\/\">En savoir plus sur la gestion de vos donn\u00e9es et de vos droits.<\/a><\/p>\n\n\t\t<\/div>\n\t<\/div>\n\n\t\t<\/div> \n\t<\/div> \n<\/div><\/div><div class=\"section-triangle\"><div class=\"section-triangle-color\" style=\"border-color: #ffffff transparent transparent transparent;\"><\/div><\/div><div  class=\"wpb_row vc_row-fluid standard-section section  section-no-parallax  stretch\" data-speed=\"1\" style=\"\"><div class=\"col span_12 color-dark left\">\n\t<div class=\"vc_col-sm-12 wpb_column column_container col no-padding color-dark\" style=\"\" data-animation=\"\" data-delay=\"\">\n\t\t<div class=\"wpb_wrapper\">\n\t\t\t\n\t<div class=\"wpb_text_column wpb_content_element\" >\n\t\t<div class=\"wpb_wrapper\">\n\t\t\t<h2>Mairies d\u00e9l\u00e9gu\u00e9es<\/h2>\n\n\t\t<\/div>\n\t<\/div>\n<div class=\"spacer\" style=\"height: 20px;\"><\/div>\n\t\t<\/div> \n\t<\/div> \n<\/div><\/div><section class=\"vc_section\"><div  class=\"wpb_row vc_row-fluid standard-section section  section-no-parallax  stretch\" data-speed=\"1\" style=\"\"><div class=\"col span_12 color-dark left\">\n\t<div class=\"vc_col-sm-4 wpb_column column_container col no-padding color-dark\" style=\"\" data-animation=\"\" data-delay=\"\">\n\t\t<div class=\"wpb_wrapper\">\n\t\t\t<h3 class=\"headline font-special fontsize-m fontweight-700 lh-inherit align-left transform-uppercase\" style=\"margin: 0 0 20px 0;\">Montign\u00e9<\/h3>\n\t<div class=\"wpb_text_column wpb_content_element\" >\n\t\t<div class=\"wpb_wrapper\">\n\t\t\t<p><strong>Mairie de Montign\u00e9<\/strong><br \/>\n<strong>2 Rue de l&rsquo;\u00e9glise Saint-Martin, Montign\u00e9<br \/>\n79370 Celles-sur-Belle<br \/>\n<\/strong><\/p>\n<p><a href=\"mailto:mairiemontigne@villecellessurbelle.fr\">mairiemontigne@villecellessurbelle.fr<\/a><\/p>\n\n\t\t<\/div>\n\t<\/div>\n\n\t\t<\/div> \n\t<\/div> \n\n\t<div class=\"vc_col-sm-4 wpb_column column_container col no-padding color-dark\" style=\"\" data-animation=\"\" data-delay=\"\">\n\t\t<div class=\"wpb_wrapper\">\n\t\t\t<h3 class=\"headline font-special fontsize-m fontweight-700 lh-inherit align-left transform-uppercase\" style=\"margin: 0 0 20px 0;\">Saint-M\u00e9dard<\/h3>\n\t<div class=\"wpb_text_column wpb_content_element\" >\n\t\t<div class=\"wpb_wrapper\">\n\t\t\t<p><strong>Mairie de Saint-M\u00e9dard<\/strong><br \/>\n<strong>3 place du Platane, Sainte Rue, Saint-M\u00e9dard, 79370 Celles-sur-Belle<\/strong><\/p>\n<p><a href=\"mailto:mairiestmedard@villecellessurbelle.fr\">mairiestmedard@villecellessurbelle.fr<\/a><\/p>\n\n\t\t<\/div>\n\t<\/div>\n\n\t\t<\/div> \n\t<\/div> \n\n\t<div class=\"vc_col-sm-4 wpb_column column_container col no-padding color-dark\" style=\"\" data-animation=\"\" data-delay=\"\">\n\t\t<div class=\"wpb_wrapper\">\n\t\t\t<h3 class=\"headline font-special fontsize-m fontweight-700 lh-inherit align-left transform-uppercase\" style=\"margin: 0 0 20px 0;\">Verrines-sous-Celles<\/h3>\n\t<div class=\"wpb_text_column wpb_content_element\" >\n\t\t<div class=\"wpb_wrapper\">\n\t\t\t<p><strong>Mairie de Verrines-sous-Celles<\/strong><br \/>\n<strong>2 rue de la Cure, Verrines-sous-Celles<\/strong><br \/>\n<strong>79370 Celles-sur-Belle<\/strong><\/p>\n<p><a href=\"mailto:mairieverrines@villecellessurbelle.fr\">mairieverrines@villecellessurbelle.fr<\/a><\/p>\n\n\t\t<\/div>\n\t<\/div>\n\n\t\t<\/div> \n\t<\/div> \n<\/div><\/div><\/section>","protected":false},"excerpt":{"rendered":"Nos coordonn\u00e9es Mairie de Celles-sur-Belle 1 avenue de Limoges 79370 Celles-sur-Belle accueil@villecellessurbelle.fr 05 49 79 80 17 Centre Technique Municipal 2 impasse de l'usine 79370 Celles-sur-Belle 09 65 11 08 80 ctmsecretariat@villecellessurbelle.fr Communication communication.cellessurbelle@gmail.com Horaires d'ouverture Lundi : 8h30 - 12h et 13h30 - 16h Mardi : 13h30 - 17h Mercredi : 8h30 - 12h et 13h30 - 16h30 Jeudi : 8h30 - 12h et 13h30 - 16h Vendredi : 8h30 - 12h et 13h30 - 16h30 Nous contacter Votre nom (obligatoire) Votre adresse de messagerie (obligatoire) Objet Votre message Les informations recueillies \u00e0 partir de ce formulaire sont n\u00e9cessaires pour r\u00e9pondre \u00e0 votre demande et sont transmises au service concern\u00e9 de la mairie de Celles-sur-Belle. En savoir plus sur la gestion de vos donn\u00e9es et de vos droits. Mairies d\u00e9l\u00e9gu\u00e9es Montign\u00e9 Mairie de Montign\u00e9 2 Rue de l'\u00e9glise Saint-Martin, Montign\u00e9 79370 Celles-sur-Belle mairiemontigne@villecellessurbelle.fr Saint-M\u00e9dard Mairie de Saint-M\u00e9dard 3 place du Platane, Sainte Rue, Saint-M\u00e9dard, 79370 Celles-sur-Belle mairiestmedard@villecellessurbelle.fr Verrines-sous-Celles Mairie de Verrines-sous-Celles 2 rue de la Cure, Verrines-sous-Celles 79370 Celles-sur-Belle mairieverrines@villecellessurbelle.fr","protected":false},"author":4,"featured_media":0,"parent":0,"menu_order":0,"comment_status":"open","ping_status":"open","template":"","meta":[],"yoast_head":"<!-- This site is optimized with the Yoast SEO plugin v17.0 - https:\/\/yoast.com\/wordpress\/plugins\/seo\/ -->\n<title>Contact - Mairie de Celles-sur-Belle<\/title>\n<meta name=\"description\" content=\"Coordonn\u00e9es et horaires de la mairie de Celles-sur-Belle et de ses services municipaux. Formulaire de contact\" \/>\n<meta name=\"robots\" content=\"index, follow, max-snippet:-1, max-image-preview:large, max-video-preview:-1\" \/>\n<link rel=\"canonical\" href=\"https:\/\/www.ville-celles-sur-belle.com\/en\/contact\/\" \/>\n<meta property=\"og:locale\" content=\"en_GB\" \/>\n<meta property=\"og:type\" content=\"article\" \/>\n<meta property=\"og:title\" content=\"Contact - Mairie de Celles-sur-Belle\" \/>\n<meta property=\"og:description\" content=\"Coordonn\u00e9es et horaires de la mairie de Celles-sur-Belle et de ses services municipaux. Formulaire de contact\" \/>\n<meta property=\"og:url\" content=\"https:\/\/www.ville-celles-sur-belle.com\/en\/contact\/\" \/>\n<meta property=\"og:site_name\" content=\"Mairie de Celles-sur-Belle\" \/>\n<meta property=\"article:modified_time\" content=\"2026-03-16T12:32:48+00:00\" \/>\n<meta property=\"og:image\" content=\"https:\/\/www.ville-celles-sur-belle.com\/wp-content\/uploads\/2020\/04\/logo-facebook.png\" \/>\n<meta name=\"twitter:card\" content=\"summary_large_image\" \/>\n<meta name=\"twitter:label1\" content=\"Estimated reading time\" \/>\n\t<meta name=\"twitter:data1\" content=\"2 minutes\" \/>\n<script type=\"application\/ld+json\" class=\"yoast-schema-graph\">{\"@context\":\"https:\/\/schema.org\",\"@graph\":[{\"@type\":\"WebSite\",\"@id\":\"https:\/\/www.ville-celles-sur-belle.com\/#website\",\"url\":\"https:\/\/www.ville-celles-sur-belle.com\/\",\"name\":\"Mairie de Celles-sur-Belle\",\"description\":\"Belle \\u00e0 investir\",\"potentialAction\":[{\"@type\":\"SearchAction\",\"target\":{\"@type\":\"EntryPoint\",\"urlTemplate\":\"https:\/\/www.ville-celles-sur-belle.com\/?s={search_term_string}\"},\"query-input\":\"required name=search_term_string\"}],\"inLanguage\":\"en-GB\"},{\"@type\":\"ImageObject\",\"@id\":\"https:\/\/www.ville-celles-sur-belle.com\/contact\/#primaryimage\",\"inLanguage\":\"en-GB\",\"url\":\"https:\/\/www.ville-celles-sur-belle.com\/wp-content\/uploads\/2020\/04\/logo-facebook.png\",\"contentUrl\":\"https:\/\/www.ville-celles-sur-belle.com\/wp-content\/uploads\/2020\/04\/logo-facebook.png\",\"width\":60,\"height\":60},{\"@type\":\"WebPage\",\"@id\":\"https:\/\/www.ville-celles-sur-belle.com\/contact\/#webpage\",\"url\":\"https:\/\/www.ville-celles-sur-belle.com\/contact\/\",\"name\":\"Contact - Mairie de Celles-sur-Belle\",\"isPartOf\":{\"@id\":\"https:\/\/www.ville-celles-sur-belle.com\/#website\"},\"primaryImageOfPage\":{\"@id\":\"https:\/\/www.ville-celles-sur-belle.com\/contact\/#primaryimage\"},\"datePublished\":\"2020-02-03T15:54:26+00:00\",\"dateModified\":\"2026-03-16T12:32:48+00:00\",\"description\":\"Coordonn\\u00e9es et horaires de la mairie de Celles-sur-Belle et de ses services municipaux. Formulaire de contact\",\"breadcrumb\":{\"@id\":\"https:\/\/www.ville-celles-sur-belle.com\/contact\/#breadcrumb\"},\"inLanguage\":\"en-GB\",\"potentialAction\":[{\"@type\":\"ReadAction\",\"target\":[\"https:\/\/www.ville-celles-sur-belle.com\/contact\/\"]}]},{\"@type\":\"BreadcrumbList\",\"@id\":\"https:\/\/www.ville-celles-sur-belle.com\/contact\/#breadcrumb\",\"itemListElement\":[{\"@type\":\"ListItem\",\"position\":1,\"name\":\"Accueil\",\"item\":\"https:\/\/www.ville-celles-sur-belle.com\/\"},{\"@type\":\"ListItem\",\"position\":2,\"name\":\"Contact\"}]}]}<\/script>\n<!-- \/ Yoast SEO plugin. -->","yoast_head_json":{"title":"Contact - Mairie de Celles-sur-Belle","description":"Coordonn\u00e9es et horaires de la mairie de Celles-sur-Belle et de ses services municipaux. Formulaire de contact","robots":{"index":"index","follow":"follow","max-snippet":"max-snippet:-1","max-image-preview":"max-image-preview:large","max-video-preview":"max-video-preview:-1"},"canonical":"https:\/\/www.ville-celles-sur-belle.com\/en\/contact\/","og_locale":"en_GB","og_type":"article","og_title":"Contact - Mairie de Celles-sur-Belle","og_description":"Coordonn\u00e9es et horaires de la mairie de Celles-sur-Belle et de ses services municipaux. Formulaire de contact","og_url":"https:\/\/www.ville-celles-sur-belle.com\/en\/contact\/","og_site_name":"Mairie de Celles-sur-Belle","article_modified_time":"2026-03-16T12:32:48+00:00","og_image":[{"url":"https:\/\/www.ville-celles-sur-belle.com\/wp-content\/uploads\/2020\/04\/logo-facebook.png"}],"twitter_card":"summary_large_image","twitter_misc":{"Estimated reading time":"2 minutes"},"schema":{"@context":"https:\/\/schema.org","@graph":[{"@type":"WebSite","@id":"https:\/\/www.ville-celles-sur-belle.com\/#website","url":"https:\/\/www.ville-celles-sur-belle.com\/","name":"Mairie de Celles-sur-Belle","description":"Belle \u00e0 investir","potentialAction":[{"@type":"SearchAction","target":{"@type":"EntryPoint","urlTemplate":"https:\/\/www.ville-celles-sur-belle.com\/?s={search_term_string}"},"query-input":"required name=search_term_string"}],"inLanguage":"en-GB"},{"@type":"ImageObject","@id":"https:\/\/www.ville-celles-sur-belle.com\/contact\/#primaryimage","inLanguage":"en-GB","url":"https:\/\/www.ville-celles-sur-belle.com\/wp-content\/uploads\/2020\/04\/logo-facebook.png","contentUrl":"https:\/\/www.ville-celles-sur-belle.com\/wp-content\/uploads\/2020\/04\/logo-facebook.png","width":60,"height":60},{"@type":"WebPage","@id":"https:\/\/www.ville-celles-sur-belle.com\/contact\/#webpage","url":"https:\/\/www.ville-celles-sur-belle.com\/contact\/","name":"Contact - Mairie de Celles-sur-Belle","isPartOf":{"@id":"https:\/\/www.ville-celles-sur-belle.com\/#website"},"primaryImageOfPage":{"@id":"https:\/\/www.ville-celles-sur-belle.com\/contact\/#primaryimage"},"datePublished":"2020-02-03T15:54:26+00:00","dateModified":"2026-03-16T12:32:48+00:00","description":"Coordonn\u00e9es et horaires de la mairie de Celles-sur-Belle et de ses services municipaux. Formulaire de contact","breadcrumb":{"@id":"https:\/\/www.ville-celles-sur-belle.com\/contact\/#breadcrumb"},"inLanguage":"en-GB","potentialAction":[{"@type":"ReadAction","target":["https:\/\/www.ville-celles-sur-belle.com\/contact\/"]}]},{"@type":"BreadcrumbList","@id":"https:\/\/www.ville-celles-sur-belle.com\/contact\/#breadcrumb","itemListElement":[{"@type":"ListItem","position":1,"name":"Accueil","item":"https:\/\/www.ville-celles-sur-belle.com\/"},{"@type":"ListItem","position":2,"name":"Contact"}]}]}},"_links":{"self":[{"href":"https:\/\/www.ville-celles-sur-belle.com\/en\/wp-json\/wp\/v2\/pages\/15892"}],"collection":[{"href":"https:\/\/www.ville-celles-sur-belle.com\/en\/wp-json\/wp\/v2\/pages"}],"about":[{"href":"https:\/\/www.ville-celles-sur-belle.com\/en\/wp-json\/wp\/v2\/types\/page"}],"author":[{"embeddable":true,"href":"https:\/\/www.ville-celles-sur-belle.com\/en\/wp-json\/wp\/v2\/users\/4"}],"replies":[{"embeddable":true,"href":"https:\/\/www.ville-celles-sur-belle.com\/en\/wp-json\/wp\/v2\/comments?post=15892"}],"version-history":[{"count":51,"href":"https:\/\/www.ville-celles-sur-belle.com\/en\/wp-json\/wp\/v2\/pages\/15892\/revisions"}],"predecessor-version":[{"id":20688,"href":"https:\/\/www.ville-celles-sur-belle.com\/en\/wp-json\/wp\/v2\/pages\/15892\/revisions\/20688"}],"wp:attachment":[{"href":"https:\/\/www.ville-celles-sur-belle.com\/en\/wp-json\/wp\/v2\/media?parent=15892"}],"curies":[{"name":"wp","href":"https:\/\/api.w.org\/{rel}","templated":true}]}}