{"id":15993,"date":"2020-02-19T09:48:06","date_gmt":"2020-02-19T08:48:06","guid":{"rendered":"https:\/\/www.ville-celles-sur-belle.com\/?page_id=15993"},"modified":"2026-01-05T13:52:29","modified_gmt":"2026-01-05T12:52:29","slug":"salle-des-jardins","status":"publish","type":"page","link":"https:\/\/www.ville-celles-sur-belle.com\/en\/ville-active\/salles-municipales\/salle-des-jardins\/","title":{"rendered":"Salle des Jardins"},"content":{"rendered":"<div id=\"banniere_contenu\" class=\"wpb_row vc_row-fluid full-width-section section  section-no-parallax  stretch\" data-speed=\"1\" style=\"\"><div class=\"col span_12 color-dark left\">\n\t<div class=\"vc_col-sm-12 wpb_column column_container col no-padding color-dark\" style=\"\" data-animation=\"\" data-delay=\"\">\n\t\t<div class=\"wpb_wrapper\">\n\t\t\t<div class=\"single_image wpb_content_element align-left\" data-animation=\"none\" data-delay=\"0\"><img width=\"2304\" height=\"912\" src=\"https:\/\/www.ville-celles-sur-belle.com\/wp-content\/uploads\/2020\/01\/slide1.jpg\" class=\"attachment-full\" alt=\"\" loading=\"lazy\" srcset=\"https:\/\/www.ville-celles-sur-belle.com\/wp-content\/uploads\/2020\/01\/slide1.jpg 2304w, https:\/\/www.ville-celles-sur-belle.com\/wp-content\/uploads\/2020\/01\/slide1-300x119.jpg 300w, https:\/\/www.ville-celles-sur-belle.com\/wp-content\/uploads\/2020\/01\/slide1-1024x405.jpg 1024w, https:\/\/www.ville-celles-sur-belle.com\/wp-content\/uploads\/2020\/01\/slide1-768x304.jpg 768w, https:\/\/www.ville-celles-sur-belle.com\/wp-content\/uploads\/2020\/01\/slide1-1536x608.jpg 1536w, https:\/\/www.ville-celles-sur-belle.com\/wp-content\/uploads\/2020\/01\/slide1-2048x811.jpg 2048w\" sizes=\"(max-width: 2304px) 100vw, 2304px\" \/><\/div>\n\t\t<\/div> \n\t<\/div> \n<\/div><\/div><div  class=\"wpb_row vc_row-fluid standard-section section  section-no-parallax  stretch\" data-speed=\"1\" style=\"padding-top: 100px; \"><div class=\"col span_12 color-dark left\">\n\t<div class=\"vc_col-sm-6 wpb_column column_container col no-padding color-dark\" style=\"\" data-animation=\"\" data-delay=\"\">\n\t\t<div class=\"wpb_wrapper\">\n\t\t\t\n\t<div class=\"wpb_text_column wpb_content_element\" >\n\t\t<div class=\"wpb_wrapper\">\n\t\t\t<h2>Salle des Jardins (S\u00e9pia)<\/h2>\n\n\t\t<\/div>\n\t<\/div>\n\n\t<div class=\"wpb_text_column wpb_content_element\" >\n\t\t<div class=\"wpb_wrapper\">\n\t\t\t<p><strong>Cette salle est compos\u00e9e de<br \/>\n<\/strong><\/p>\n<ul>\n<li>une grande pi\u00e8ce de 72 m\u00b2 lumineuse (pas de rideaux occultant)<br \/>\n4 entr\u00e9es possibles, chauffage au sol et convecteur \u00e9lectrique, ventilateur \u00e0 pales r\u00e9glables en vitesse, diverses prises \u00e9lectriques (220 V),<\/li>\n<li>une annexe de restauration de 7,50 m\u00b2 un point d&rsquo;eau froide et chaude avec \u00e9vier double bac, un petit plan de travail, un r\u00e9frig\u00e9rateur &#8211; <strong>Pas de vaisselle<\/strong>,<\/li>\n<li>une annexe de rangement,<\/li>\n<li>un sanitaire compos\u00e9 de 2 cabines dont 1 pour handicap\u00e9s (papier de toilette, essuie-mains et savon fournis).<\/li>\n<\/ul>\n<p><strong>Le mat\u00e9riel disponible :<\/strong><\/p>\n<ul>\n<li>15 tables de 120 x 80 cm,<\/li>\n<li>50 chaises pliantes blanches.<\/li>\n<\/ul>\n<p><strong>Les am\u00e9nagements ext\u00e9rieurs :<\/strong><\/p>\n<ul>\n<li>un parking \u00e0 proximit\u00e9,<\/li>\n<li>un pr\u00e9au de 70 m\u00b2 ferm\u00e9 sur un c\u00f4t\u00e9 et \u00e9clair\u00e9 avec bancs.<\/li>\n<\/ul>\n\n\t\t<\/div>\n\t<\/div>\n\n\t\t<\/div> \n\t<\/div> \n\n\t<div class=\"vc_col-sm-6 wpb_column column_container col no-padding color-dark\" style=\"\" data-animation=\"\" data-delay=\"\">\n\t\t<div class=\"wpb_wrapper\">\n\t\t\t<div class=\"flexslider wpb_content_element\"><ul class=\"slides\"><li><img src=\"https:\/\/www.ville-celles-sur-belle.com\/wp-content\/uploads\/2020\/02\/IMAGE0032.jpg\" alt=\"Salle Jardins S\u00e9pia Pr\u00e9au\" \/><\/li><li><img src=\"https:\/\/www.ville-celles-sur-belle.com\/wp-content\/uploads\/2020\/02\/IMAGE0034.jpg\" alt=\"Salle Jardins S\u00e9pia\" \/><\/li><\/ul><\/div><div class=\"box clearfix style-6 wpb_content_element align-left\" style=\"padding: 40px 40px 40px 40px; \"><strong>Capacit\u00e9 d&rsquo;accueil :<\/strong> 60 places assises<br \/>\nAccessibilit\u00e9 aux personnes \u00e0 mobilit\u00e9 r\u00e9duite<\/p>\n<p><strong>Adresse :<\/strong> 7 rue des Jardins &#8211; 79370 Celles-sur-Belle<\/p>\n<p><strong>R\u00e9servation<\/strong> : 05 49 79 80 17<\/div><a href=\"https:\/\/www.ville-celles-sur-belle.com\/wp-content\/uploads\/2025\/10\/del_7_tarifs_salle_jardins.pdf\" target=\"_self\" class=\"button color-1 full\" style=\"border-radius: 4px;\">Tarifs 2026<\/a>\n\t\t<\/div> \n\t<\/div> \n<\/div><\/div>","protected":false},"excerpt":{"rendered":"Salle des Jardins (S\u00e9pia) Cette salle est compos\u00e9e de une grande pi\u00e8ce de 72 m\u00b2 lumineuse (pas de rideaux occultant) 4 entr\u00e9es possibles, chauffage au sol et convecteur \u00e9lectrique, ventilateur \u00e0 pales r\u00e9glables en vitesse, diverses prises \u00e9lectriques (220 V), une annexe de restauration de 7,50 m\u00b2 un point d'eau froide et chaude avec \u00e9vier double bac, un petit plan de travail, un r\u00e9frig\u00e9rateur - Pas de vaisselle, une annexe de rangement, un sanitaire compos\u00e9 de 2 cabines dont 1 pour handicap\u00e9s (papier de toilette, essuie-mains et savon fournis). Le mat\u00e9riel disponible : 15 tables de 120 x 80 cm, 50 chaises pliantes blanches. Les am\u00e9nagements ext\u00e9rieurs : un parking \u00e0 proximit\u00e9, un pr\u00e9au de 70 m\u00b2 ferm\u00e9 sur un c\u00f4t\u00e9 et \u00e9clair\u00e9 avec bancs. Capacit\u00e9 d'accueil : 60 places assises Accessibilit\u00e9 aux personnes \u00e0 mobilit\u00e9 r\u00e9duite Adresse : 7 rue des Jardins - 79370 Celles-sur-Belle R\u00e9servation : 05 49 79 80 17Tarifs 2026","protected":false},"author":4,"featured_media":0,"parent":15720,"menu_order":2,"comment_status":"closed","ping_status":"closed","template":"","meta":[],"yoast_head":"<!-- This site is optimized with the Yoast SEO plugin v17.0 - https:\/\/yoast.com\/wordpress\/plugins\/seo\/ -->\n<title>Salle des Jardins - Mairie de Celles-sur-Belle<\/title>\n<meta name=\"robots\" content=\"index, follow, max-snippet:-1, max-image-preview:large, max-video-preview:-1\" \/>\n<link rel=\"canonical\" href=\"https:\/\/www.ville-celles-sur-belle.com\/en\/ville-active\/salles-municipales\/salle-des-jardins\/\" \/>\n<meta property=\"og:locale\" content=\"en_GB\" \/>\n<meta property=\"og:type\" content=\"article\" \/>\n<meta property=\"og:title\" content=\"Salle des Jardins - Mairie de Celles-sur-Belle\" \/>\n<meta property=\"og:url\" content=\"https:\/\/www.ville-celles-sur-belle.com\/en\/ville-active\/salles-municipales\/salle-des-jardins\/\" \/>\n<meta property=\"og:site_name\" content=\"Mairie de Celles-sur-Belle\" \/>\n<meta property=\"article:modified_time\" content=\"2026-01-05T12:52:29+00:00\" \/>\n<meta name=\"twitter:card\" content=\"summary_large_image\" \/>\n<meta name=\"twitter:label1\" content=\"Estimated reading time\" \/>\n\t<meta name=\"twitter:data1\" content=\"1 minute\" \/>\n<script type=\"application\/ld+json\" class=\"yoast-schema-graph\">{\"@context\":\"https:\/\/schema.org\",\"@graph\":[{\"@type\":\"WebSite\",\"@id\":\"https:\/\/www.ville-celles-sur-belle.com\/#website\",\"url\":\"https:\/\/www.ville-celles-sur-belle.com\/\",\"name\":\"Mairie de Celles-sur-Belle\",\"description\":\"Belle \\u00e0 investir\",\"potentialAction\":[{\"@type\":\"SearchAction\",\"target\":{\"@type\":\"EntryPoint\",\"urlTemplate\":\"https:\/\/www.ville-celles-sur-belle.com\/?s={search_term_string}\"},\"query-input\":\"required name=search_term_string\"}],\"inLanguage\":\"en-GB\"},{\"@type\":\"WebPage\",\"@id\":\"https:\/\/www.ville-celles-sur-belle.com\/ville-active\/salles-municipales\/salle-des-jardins\/#webpage\",\"url\":\"https:\/\/www.ville-celles-sur-belle.com\/ville-active\/salles-municipales\/salle-des-jardins\/\",\"name\":\"Salle des Jardins - Mairie de Celles-sur-Belle\",\"isPartOf\":{\"@id\":\"https:\/\/www.ville-celles-sur-belle.com\/#website\"},\"datePublished\":\"2020-02-19T08:48:06+00:00\",\"dateModified\":\"2026-01-05T12:52:29+00:00\",\"breadcrumb\":{\"@id\":\"https:\/\/www.ville-celles-sur-belle.com\/ville-active\/salles-municipales\/salle-des-jardins\/#breadcrumb\"},\"inLanguage\":\"en-GB\",\"potentialAction\":[{\"@type\":\"ReadAction\",\"target\":[\"https:\/\/www.ville-celles-sur-belle.com\/ville-active\/salles-municipales\/salle-des-jardins\/\"]}]},{\"@type\":\"BreadcrumbList\",\"@id\":\"https:\/\/www.ville-celles-sur-belle.com\/ville-active\/salles-municipales\/salle-des-jardins\/#breadcrumb\",\"itemListElement\":[{\"@type\":\"ListItem\",\"position\":1,\"name\":\"Accueil\",\"item\":\"https:\/\/www.ville-celles-sur-belle.com\/\"},{\"@type\":\"ListItem\",\"position\":2,\"name\":\"Ville active\",\"item\":\"https:\/\/www.ville-celles-sur-belle.com\/ville-active\/\"},{\"@type\":\"ListItem\",\"position\":3,\"name\":\"Salles municipales\",\"item\":\"https:\/\/www.ville-celles-sur-belle.com\/ville-active\/salles-municipales\/\"},{\"@type\":\"ListItem\",\"position\":4,\"name\":\"Salle des Jardins\"}]}]}<\/script>\n<!-- \/ Yoast SEO plugin. -->","yoast_head_json":{"title":"Salle des Jardins - Mairie de Celles-sur-Belle","robots":{"index":"index","follow":"follow","max-snippet":"max-snippet:-1","max-image-preview":"max-image-preview:large","max-video-preview":"max-video-preview:-1"},"canonical":"https:\/\/www.ville-celles-sur-belle.com\/en\/ville-active\/salles-municipales\/salle-des-jardins\/","og_locale":"en_GB","og_type":"article","og_title":"Salle des Jardins - Mairie de Celles-sur-Belle","og_url":"https:\/\/www.ville-celles-sur-belle.com\/en\/ville-active\/salles-municipales\/salle-des-jardins\/","og_site_name":"Mairie de Celles-sur-Belle","article_modified_time":"2026-01-05T12:52:29+00:00","twitter_card":"summary_large_image","twitter_misc":{"Estimated reading time":"1 minute"},"schema":{"@context":"https:\/\/schema.org","@graph":[{"@type":"WebSite","@id":"https:\/\/www.ville-celles-sur-belle.com\/#website","url":"https:\/\/www.ville-celles-sur-belle.com\/","name":"Mairie de Celles-sur-Belle","description":"Belle \u00e0 investir","potentialAction":[{"@type":"SearchAction","target":{"@type":"EntryPoint","urlTemplate":"https:\/\/www.ville-celles-sur-belle.com\/?s={search_term_string}"},"query-input":"required name=search_term_string"}],"inLanguage":"en-GB"},{"@type":"WebPage","@id":"https:\/\/www.ville-celles-sur-belle.com\/ville-active\/salles-municipales\/salle-des-jardins\/#webpage","url":"https:\/\/www.ville-celles-sur-belle.com\/ville-active\/salles-municipales\/salle-des-jardins\/","name":"Salle des Jardins - Mairie de Celles-sur-Belle","isPartOf":{"@id":"https:\/\/www.ville-celles-sur-belle.com\/#website"},"datePublished":"2020-02-19T08:48:06+00:00","dateModified":"2026-01-05T12:52:29+00:00","breadcrumb":{"@id":"https:\/\/www.ville-celles-sur-belle.com\/ville-active\/salles-municipales\/salle-des-jardins\/#breadcrumb"},"inLanguage":"en-GB","potentialAction":[{"@type":"ReadAction","target":["https:\/\/www.ville-celles-sur-belle.com\/ville-active\/salles-municipales\/salle-des-jardins\/"]}]},{"@type":"BreadcrumbList","@id":"https:\/\/www.ville-celles-sur-belle.com\/ville-active\/salles-municipales\/salle-des-jardins\/#breadcrumb","itemListElement":[{"@type":"ListItem","position":1,"name":"Accueil","item":"https:\/\/www.ville-celles-sur-belle.com\/"},{"@type":"ListItem","position":2,"name":"Ville active","item":"https:\/\/www.ville-celles-sur-belle.com\/ville-active\/"},{"@type":"ListItem","position":3,"name":"Salles municipales","item":"https:\/\/www.ville-celles-sur-belle.com\/ville-active\/salles-municipales\/"},{"@type":"ListItem","position":4,"name":"Salle des Jardins"}]}]}},"_links":{"self":[{"href":"https:\/\/www.ville-celles-sur-belle.com\/en\/wp-json\/wp\/v2\/pages\/15993"}],"collection":[{"href":"https:\/\/www.ville-celles-sur-belle.com\/en\/wp-json\/wp\/v2\/pages"}],"about":[{"href":"https:\/\/www.ville-celles-sur-belle.com\/en\/wp-json\/wp\/v2\/types\/page"}],"author":[{"embeddable":true,"href":"https:\/\/www.ville-celles-sur-belle.com\/en\/wp-json\/wp\/v2\/users\/4"}],"replies":[{"embeddable":true,"href":"https:\/\/www.ville-celles-sur-belle.com\/en\/wp-json\/wp\/v2\/comments?post=15993"}],"version-history":[{"count":14,"href":"https:\/\/www.ville-celles-sur-belle.com\/en\/wp-json\/wp\/v2\/pages\/15993\/revisions"}],"predecessor-version":[{"id":20604,"href":"https:\/\/www.ville-celles-sur-belle.com\/en\/wp-json\/wp\/v2\/pages\/15993\/revisions\/20604"}],"up":[{"embeddable":true,"href":"https:\/\/www.ville-celles-sur-belle.com\/en\/wp-json\/wp\/v2\/pages\/15720"}],"wp:attachment":[{"href":"https:\/\/www.ville-celles-sur-belle.com\/en\/wp-json\/wp\/v2\/media?parent=15993"}],"curies":[{"name":"wp","href":"https:\/\/api.w.org\/{rel}","templated":true}]}}