{"id":16000,"date":"2020-02-19T10:04:47","date_gmt":"2020-02-19T09:04:47","guid":{"rendered":"https:\/\/www.ville-celles-sur-belle.com\/?page_id=16000"},"modified":"2026-01-05T13:52:41","modified_gmt":"2026-01-05T12:52:41","slug":"salle-des-fetes-de-montigne","status":"publish","type":"page","link":"https:\/\/www.ville-celles-sur-belle.com\/en\/ville-active\/salles-municipales\/salle-des-fetes-de-montigne\/","title":{"rendered":"Salle des f\u00eates de Montign\u00e9"},"content":{"rendered":"<div id=\"banniere_contenu\" class=\"wpb_row vc_row-fluid full-width-section section  section-no-parallax  stretch\" data-speed=\"1\" style=\"\"><div class=\"col span_12 color-dark left\">\n\t<div class=\"vc_col-sm-12 wpb_column column_container col no-padding color-dark\" style=\"\" data-animation=\"\" data-delay=\"\">\n\t\t<div class=\"wpb_wrapper\">\n\t\t\t<div class=\"single_image wpb_content_element align-left\" data-animation=\"none\" data-delay=\"0\"><img width=\"2304\" height=\"912\" src=\"https:\/\/www.ville-celles-sur-belle.com\/wp-content\/uploads\/2020\/01\/slide1.jpg\" class=\"attachment-full\" alt=\"\" loading=\"lazy\" srcset=\"https:\/\/www.ville-celles-sur-belle.com\/wp-content\/uploads\/2020\/01\/slide1.jpg 2304w, https:\/\/www.ville-celles-sur-belle.com\/wp-content\/uploads\/2020\/01\/slide1-300x119.jpg 300w, https:\/\/www.ville-celles-sur-belle.com\/wp-content\/uploads\/2020\/01\/slide1-1024x405.jpg 1024w, https:\/\/www.ville-celles-sur-belle.com\/wp-content\/uploads\/2020\/01\/slide1-768x304.jpg 768w, https:\/\/www.ville-celles-sur-belle.com\/wp-content\/uploads\/2020\/01\/slide1-1536x608.jpg 1536w, https:\/\/www.ville-celles-sur-belle.com\/wp-content\/uploads\/2020\/01\/slide1-2048x811.jpg 2048w\" sizes=\"(max-width: 2304px) 100vw, 2304px\" \/><\/div>\n\t\t<\/div> \n\t<\/div> \n<\/div><\/div><div  class=\"wpb_row vc_row-fluid standard-section section  section-no-parallax  stretch\" data-speed=\"1\" style=\"padding-top: 100px; \"><div class=\"col span_12 color-dark left\">\n\t<div class=\"vc_col-sm-6 wpb_column column_container col no-padding color-dark\" style=\"\" data-animation=\"\" data-delay=\"\">\n\t\t<div class=\"wpb_wrapper\">\n\t\t\t\n\t<div class=\"wpb_text_column wpb_content_element\" >\n\t\t<div class=\"wpb_wrapper\">\n\t\t\t<h2>Salle des f\u00eates de Montign\u00e9<\/h2>\n\n\t\t<\/div>\n\t<\/div>\n\n\t<div class=\"wpb_text_column wpb_content_element\" >\n\t\t<div class=\"wpb_wrapper\">\n\t\t\t<p><strong>Cette salle est compos\u00e9e<br \/>\n<\/strong><\/p>\n<ul>\n<li>d&rsquo;une cuisine de 38 m\u00b2 avec gazini\u00e8re fonctionnant au gaz (\u00e9quip\u00e9e de 5 feux, 2 fours gaz), 1 lave-vaisselle, 2 bacs \u00e0 vaisselle, 2 r\u00e9frig\u00e9rateurs de taille moyenne, 1 hotte aspirante, 1 table de travail inox, prise 380 volts &#8211; <strong>Pas de vaisselle<\/strong>,<\/li>\n<li>de toilettes de 20 m\u00b2 avec 2 cabines dont une pour les personnes \u00e0 mobilit\u00e9 r\u00e9duite, 2 urinoirs (1 petit, 1 grand) et 2 lavabos, papier WC fourni, savon, essuie-mains,<\/li>\n<li>d&rsquo;une salle carrel\u00e9e de 160 m\u00b2, chauffage \u00e0 caissettes radiantes,<\/li>\n<li>d&rsquo;une sc\u00e8ne de 57 m\u00b2 : fond noir, rideau de sc\u00e8ne, prises \u00e9lectriques 220 volts.<\/li>\n<\/ul>\n<p><strong>Le mat\u00e9riel disponible :<\/strong><\/p>\n<ul>\n<li>100 chaises,<\/li>\n<li>16 bancs,<\/li>\n<li>20 tables (1,83 m)<\/li>\n<\/ul>\n<p><strong>Les am\u00e9nagements ext\u00e9rieurs :<\/strong><\/p>\n<ul>\n<li>un parking \u00e0 proximit\u00e9<\/li>\n<\/ul>\n\n\t\t<\/div>\n\t<\/div>\n\n\t\t<\/div> \n\t<\/div> \n\n\t<div class=\"vc_col-sm-6 wpb_column column_container col no-padding color-dark\" style=\"\" data-animation=\"\" data-delay=\"\">\n\t\t<div class=\"wpb_wrapper\">\n\t\t\t<div class=\"flexslider wpb_content_element\"><ul class=\"slides\"><li><img src=\"https:\/\/www.ville-celles-sur-belle.com\/wp-content\/uploads\/2020\/02\/Salle-f\u00eate-Montign\u00e9.jpg\" alt=\"Entr\u00e9e Salle des f\u00eates Montign\u00e9\" \/><\/li><\/ul><\/div><div class=\"box clearfix style-6 wpb_content_element align-left\" style=\"padding: 40px 40px 40px 40px; \"><strong>Capacit\u00e9 d&rsquo;accueil :<\/strong> 217 personnes debout, environ 80 \u00e0 90 personnes assises.<br \/>\nAccessibilit\u00e9 aux personnes \u00e0 mobilit\u00e9 r\u00e9duite<\/p>\n<p><strong>Adresse :<\/strong> 2 rue des Sept Perrons, Montign\u00e9 &#8211; 79370 Celles-sur-Belle<\/p>\n<p><strong>R\u00e9servation<\/strong> : 05 49 79 80 17<\/div><a href=\"https:\/\/www.ville-celles-sur-belle.com\/wp-content\/uploads\/2025\/10\/del_6_tarifs_sdf.pdf\" target=\"_self\" class=\"button color-1 full\" style=\"border-radius: 4px;\">Tarifs 2026<\/a>\n\t\t<\/div> \n\t<\/div> \n<\/div><\/div>","protected":false},"excerpt":{"rendered":"Salle des f\u00eates de Montign\u00e9 Cette salle est compos\u00e9e d'une cuisine de 38 m\u00b2 avec gazini\u00e8re fonctionnant au gaz (\u00e9quip\u00e9e de 5 feux, 2 fours gaz), 1 lave-vaisselle, 2 bacs \u00e0 vaisselle, 2 r\u00e9frig\u00e9rateurs de taille moyenne, 1 hotte aspirante, 1 table de travail inox, prise 380 volts - Pas de vaisselle, de toilettes de 20 m\u00b2 avec 2 cabines dont une pour les personnes \u00e0 mobilit\u00e9 r\u00e9duite, 2 urinoirs (1 petit, 1 grand) et 2 lavabos, papier WC fourni, savon, essuie-mains, d'une salle carrel\u00e9e de 160 m\u00b2, chauffage \u00e0 caissettes radiantes, d'une sc\u00e8ne de 57 m\u00b2 : fond noir, rideau de sc\u00e8ne, prises \u00e9lectriques 220 volts. Le mat\u00e9riel disponible : 100 chaises, 16 bancs, 20 tables (1,83 m) Les am\u00e9nagements ext\u00e9rieurs : un parking \u00e0 proximit\u00e9 Capacit\u00e9 d'accueil : 217 personnes debout, environ 80 \u00e0 90 personnes assises. Accessibilit\u00e9 aux personnes \u00e0 mobilit\u00e9 r\u00e9duite Adresse : 2 rue des Sept Perrons, Montign\u00e9 - 79370 Celles-sur-Belle R\u00e9servation : 05 49 79 80 17Tarifs 2026","protected":false},"author":4,"featured_media":0,"parent":15720,"menu_order":2,"comment_status":"closed","ping_status":"closed","template":"","meta":[],"yoast_head":"<!-- This site is optimized with the Yoast SEO plugin v17.0 - https:\/\/yoast.com\/wordpress\/plugins\/seo\/ -->\n<title>Salle des f\u00eates de Montign\u00e9 - Mairie de Celles-sur-Belle<\/title>\n<meta name=\"robots\" content=\"index, follow, max-snippet:-1, max-image-preview:large, max-video-preview:-1\" \/>\n<link rel=\"canonical\" href=\"https:\/\/www.ville-celles-sur-belle.com\/en\/ville-active\/salles-municipales\/salle-des-fetes-de-montigne\/\" \/>\n<meta property=\"og:locale\" content=\"en_GB\" \/>\n<meta property=\"og:type\" content=\"article\" \/>\n<meta property=\"og:title\" content=\"Salle des f\u00eates de Montign\u00e9 - Mairie de Celles-sur-Belle\" \/>\n<meta property=\"og:url\" content=\"https:\/\/www.ville-celles-sur-belle.com\/en\/ville-active\/salles-municipales\/salle-des-fetes-de-montigne\/\" \/>\n<meta property=\"og:site_name\" content=\"Mairie de Celles-sur-Belle\" \/>\n<meta property=\"article:modified_time\" content=\"2026-01-05T12:52:41+00:00\" \/>\n<meta name=\"twitter:card\" content=\"summary_large_image\" \/>\n<meta name=\"twitter:label1\" content=\"Estimated reading time\" \/>\n\t<meta name=\"twitter:data1\" content=\"1 minute\" \/>\n<script type=\"application\/ld+json\" class=\"yoast-schema-graph\">{\"@context\":\"https:\/\/schema.org\",\"@graph\":[{\"@type\":\"WebSite\",\"@id\":\"https:\/\/www.ville-celles-sur-belle.com\/#website\",\"url\":\"https:\/\/www.ville-celles-sur-belle.com\/\",\"name\":\"Mairie de Celles-sur-Belle\",\"description\":\"Belle \\u00e0 investir\",\"potentialAction\":[{\"@type\":\"SearchAction\",\"target\":{\"@type\":\"EntryPoint\",\"urlTemplate\":\"https:\/\/www.ville-celles-sur-belle.com\/?s={search_term_string}\"},\"query-input\":\"required name=search_term_string\"}],\"inLanguage\":\"en-GB\"},{\"@type\":\"WebPage\",\"@id\":\"https:\/\/www.ville-celles-sur-belle.com\/ville-active\/salles-municipales\/salle-des-fetes-de-montigne\/#webpage\",\"url\":\"https:\/\/www.ville-celles-sur-belle.com\/ville-active\/salles-municipales\/salle-des-fetes-de-montigne\/\",\"name\":\"Salle des f\\u00eates de Montign\\u00e9 - Mairie de Celles-sur-Belle\",\"isPartOf\":{\"@id\":\"https:\/\/www.ville-celles-sur-belle.com\/#website\"},\"datePublished\":\"2020-02-19T09:04:47+00:00\",\"dateModified\":\"2026-01-05T12:52:41+00:00\",\"breadcrumb\":{\"@id\":\"https:\/\/www.ville-celles-sur-belle.com\/ville-active\/salles-municipales\/salle-des-fetes-de-montigne\/#breadcrumb\"},\"inLanguage\":\"en-GB\",\"potentialAction\":[{\"@type\":\"ReadAction\",\"target\":[\"https:\/\/www.ville-celles-sur-belle.com\/ville-active\/salles-municipales\/salle-des-fetes-de-montigne\/\"]}]},{\"@type\":\"BreadcrumbList\",\"@id\":\"https:\/\/www.ville-celles-sur-belle.com\/ville-active\/salles-municipales\/salle-des-fetes-de-montigne\/#breadcrumb\",\"itemListElement\":[{\"@type\":\"ListItem\",\"position\":1,\"name\":\"Accueil\",\"item\":\"https:\/\/www.ville-celles-sur-belle.com\/\"},{\"@type\":\"ListItem\",\"position\":2,\"name\":\"Ville active\",\"item\":\"https:\/\/www.ville-celles-sur-belle.com\/ville-active\/\"},{\"@type\":\"ListItem\",\"position\":3,\"name\":\"Salles municipales\",\"item\":\"https:\/\/www.ville-celles-sur-belle.com\/ville-active\/salles-municipales\/\"},{\"@type\":\"ListItem\",\"position\":4,\"name\":\"Salle des f\\u00eates de Montign\\u00e9\"}]}]}<\/script>\n<!-- \/ Yoast SEO plugin. -->","yoast_head_json":{"title":"Salle des f\u00eates de Montign\u00e9 - Mairie de Celles-sur-Belle","robots":{"index":"index","follow":"follow","max-snippet":"max-snippet:-1","max-image-preview":"max-image-preview:large","max-video-preview":"max-video-preview:-1"},"canonical":"https:\/\/www.ville-celles-sur-belle.com\/en\/ville-active\/salles-municipales\/salle-des-fetes-de-montigne\/","og_locale":"en_GB","og_type":"article","og_title":"Salle des f\u00eates de Montign\u00e9 - Mairie de Celles-sur-Belle","og_url":"https:\/\/www.ville-celles-sur-belle.com\/en\/ville-active\/salles-municipales\/salle-des-fetes-de-montigne\/","og_site_name":"Mairie de Celles-sur-Belle","article_modified_time":"2026-01-05T12:52:41+00:00","twitter_card":"summary_large_image","twitter_misc":{"Estimated reading time":"1 minute"},"schema":{"@context":"https:\/\/schema.org","@graph":[{"@type":"WebSite","@id":"https:\/\/www.ville-celles-sur-belle.com\/#website","url":"https:\/\/www.ville-celles-sur-belle.com\/","name":"Mairie de Celles-sur-Belle","description":"Belle \u00e0 investir","potentialAction":[{"@type":"SearchAction","target":{"@type":"EntryPoint","urlTemplate":"https:\/\/www.ville-celles-sur-belle.com\/?s={search_term_string}"},"query-input":"required name=search_term_string"}],"inLanguage":"en-GB"},{"@type":"WebPage","@id":"https:\/\/www.ville-celles-sur-belle.com\/ville-active\/salles-municipales\/salle-des-fetes-de-montigne\/#webpage","url":"https:\/\/www.ville-celles-sur-belle.com\/ville-active\/salles-municipales\/salle-des-fetes-de-montigne\/","name":"Salle des f\u00eates de Montign\u00e9 - Mairie de Celles-sur-Belle","isPartOf":{"@id":"https:\/\/www.ville-celles-sur-belle.com\/#website"},"datePublished":"2020-02-19T09:04:47+00:00","dateModified":"2026-01-05T12:52:41+00:00","breadcrumb":{"@id":"https:\/\/www.ville-celles-sur-belle.com\/ville-active\/salles-municipales\/salle-des-fetes-de-montigne\/#breadcrumb"},"inLanguage":"en-GB","potentialAction":[{"@type":"ReadAction","target":["https:\/\/www.ville-celles-sur-belle.com\/ville-active\/salles-municipales\/salle-des-fetes-de-montigne\/"]}]},{"@type":"BreadcrumbList","@id":"https:\/\/www.ville-celles-sur-belle.com\/ville-active\/salles-municipales\/salle-des-fetes-de-montigne\/#breadcrumb","itemListElement":[{"@type":"ListItem","position":1,"name":"Accueil","item":"https:\/\/www.ville-celles-sur-belle.com\/"},{"@type":"ListItem","position":2,"name":"Ville active","item":"https:\/\/www.ville-celles-sur-belle.com\/ville-active\/"},{"@type":"ListItem","position":3,"name":"Salles municipales","item":"https:\/\/www.ville-celles-sur-belle.com\/ville-active\/salles-municipales\/"},{"@type":"ListItem","position":4,"name":"Salle des f\u00eates de Montign\u00e9"}]}]}},"_links":{"self":[{"href":"https:\/\/www.ville-celles-sur-belle.com\/en\/wp-json\/wp\/v2\/pages\/16000"}],"collection":[{"href":"https:\/\/www.ville-celles-sur-belle.com\/en\/wp-json\/wp\/v2\/pages"}],"about":[{"href":"https:\/\/www.ville-celles-sur-belle.com\/en\/wp-json\/wp\/v2\/types\/page"}],"author":[{"embeddable":true,"href":"https:\/\/www.ville-celles-sur-belle.com\/en\/wp-json\/wp\/v2\/users\/4"}],"replies":[{"embeddable":true,"href":"https:\/\/www.ville-celles-sur-belle.com\/en\/wp-json\/wp\/v2\/comments?post=16000"}],"version-history":[{"count":18,"href":"https:\/\/www.ville-celles-sur-belle.com\/en\/wp-json\/wp\/v2\/pages\/16000\/revisions"}],"predecessor-version":[{"id":20605,"href":"https:\/\/www.ville-celles-sur-belle.com\/en\/wp-json\/wp\/v2\/pages\/16000\/revisions\/20605"}],"up":[{"embeddable":true,"href":"https:\/\/www.ville-celles-sur-belle.com\/en\/wp-json\/wp\/v2\/pages\/15720"}],"wp:attachment":[{"href":"https:\/\/www.ville-celles-sur-belle.com\/en\/wp-json\/wp\/v2\/media?parent=16000"}],"curies":[{"name":"wp","href":"https:\/\/api.w.org\/{rel}","templated":true}]}}