{"id":16008,"date":"2020-02-19T11:12:30","date_gmt":"2020-02-19T10:12:30","guid":{"rendered":"https:\/\/www.ville-celles-sur-belle.com\/?page_id=16008"},"modified":"2026-01-05T13:53:06","modified_gmt":"2026-01-05T12:53:06","slug":"salle-des-fetes-de-verrines-sous-celles","status":"publish","type":"page","link":"https:\/\/www.ville-celles-sur-belle.com\/en\/ville-active\/salles-municipales\/salle-des-fetes-de-verrines-sous-celles\/","title":{"rendered":"Salle des f\u00eates de Verrines-sous-Celles"},"content":{"rendered":"<div id=\"banniere_contenu\" class=\"wpb_row vc_row-fluid full-width-section section  section-no-parallax  stretch\" data-speed=\"1\" style=\"\"><div class=\"col span_12 color-dark left\">\n\t<div class=\"vc_col-sm-12 wpb_column column_container col no-padding color-dark\" style=\"\" data-animation=\"\" data-delay=\"\">\n\t\t<div class=\"wpb_wrapper\">\n\t\t\t<div class=\"single_image wpb_content_element align-left\" data-animation=\"none\" data-delay=\"0\"><img width=\"2304\" height=\"912\" src=\"https:\/\/www.ville-celles-sur-belle.com\/wp-content\/uploads\/2020\/01\/slide1.jpg\" class=\"attachment-full\" alt=\"\" loading=\"lazy\" srcset=\"https:\/\/www.ville-celles-sur-belle.com\/wp-content\/uploads\/2020\/01\/slide1.jpg 2304w, https:\/\/www.ville-celles-sur-belle.com\/wp-content\/uploads\/2020\/01\/slide1-300x119.jpg 300w, https:\/\/www.ville-celles-sur-belle.com\/wp-content\/uploads\/2020\/01\/slide1-1024x405.jpg 1024w, https:\/\/www.ville-celles-sur-belle.com\/wp-content\/uploads\/2020\/01\/slide1-768x304.jpg 768w, https:\/\/www.ville-celles-sur-belle.com\/wp-content\/uploads\/2020\/01\/slide1-1536x608.jpg 1536w, https:\/\/www.ville-celles-sur-belle.com\/wp-content\/uploads\/2020\/01\/slide1-2048x811.jpg 2048w\" sizes=\"(max-width: 2304px) 100vw, 2304px\" \/><\/div>\n\t\t<\/div> \n\t<\/div> \n<\/div><\/div><div  class=\"wpb_row vc_row-fluid standard-section section  section-no-parallax  stretch\" data-speed=\"1\" style=\"padding-top: 100px; \"><div class=\"col span_12 color-dark left\">\n\t<div class=\"vc_col-sm-6 wpb_column column_container col no-padding color-dark\" style=\"\" data-animation=\"\" data-delay=\"\">\n\t\t<div class=\"wpb_wrapper\">\n\t\t\t\n\t<div class=\"wpb_text_column wpb_content_element\" >\n\t\t<div class=\"wpb_wrapper\">\n\t\t\t<h2>Salle des f\u00eates de Verrines<\/h2>\n\n\t\t<\/div>\n\t<\/div>\n\n\t<div class=\"wpb_text_column wpb_content_element\" >\n\t\t<div class=\"wpb_wrapper\">\n\t\t\t<p><strong>Cette salle est compos\u00e9e<br \/>\n<\/strong><\/p>\n<ul>\n<li>d&rsquo;une salle de 200 m\u00b2 (sc\u00e8ne non comprise),<\/li>\n<li>d&rsquo;une sc\u00e8ne de 42 m\u00b2 avec un rideau \u00e0 cordes,<\/li>\n<li>d&rsquo;une cuisine de 25 m\u00b2 comprenant une gazini\u00e8re collective avec 4 feux, un four, une sauteuse collectivit\u00e9, un lave-vaisselle, un r\u00e9frig\u00e9rateur, un grand bac \u00e0 vaisselle, un plan de travail carrel\u00e9, une hotte aspirante &#8211; <strong>Pas de vaisselle<\/strong>,<\/li>\n<li>d&rsquo;un bar de 15 m\u00b2 avec un \u00e9vier (eau chaude et froide),<\/li>\n<li>d&rsquo;un hall d&rsquo;entr\u00e9e avec vestiaires de 8 m\u00b2 et t\u00e9l\u00e9phone.<\/li>\n<\/ul>\n<p><strong>Le mat\u00e9riel disponible :<\/strong><\/p>\n<ul>\n<li>40 tables de 120 x 80 cm,<\/li>\n<li>250 chaises.<\/li>\n<\/ul>\n<p><strong>Les am\u00e9nagements ext\u00e9rieurs :<\/strong><\/p>\n<ul>\n<li>un parking \u00e9clair\u00e9 \u00e0 proximit\u00e9<\/li>\n<\/ul>\n\n\t\t<\/div>\n\t<\/div>\n\n\t\t<\/div> \n\t<\/div> \n\n\t<div class=\"vc_col-sm-6 wpb_column column_container col no-padding color-dark\" style=\"\" data-animation=\"\" data-delay=\"\">\n\t\t<div class=\"wpb_wrapper\">\n\t\t\t<div class=\"flexslider wpb_content_element\"><ul class=\"slides\"><li><img src=\"https:\/\/www.ville-celles-sur-belle.com\/wp-content\/uploads\/2020\/02\/salle-f\u00eates-verrines.jpg\" alt=\"Salle des f\u00eates Verrines-sous-Celles\" \/><\/li><li><img src=\"https:\/\/www.ville-celles-sur-belle.com\/wp-content\/uploads\/2020\/02\/IMAGE0006.jpg\" alt=\"Salle des f\u00eates Verrines-sous-Celles\" \/><\/li><li><img src=\"https:\/\/www.ville-celles-sur-belle.com\/wp-content\/uploads\/2020\/06\/interieur-sdfetes-de-Verrines2018.jpg\" alt=\"int\u00e9rieur sdf verrines 2018\" \/><\/li><\/ul><\/div><div class=\"box clearfix style-6 wpb_content_element align-left\" style=\"padding: 40px 40px 40px 40px; \"><strong>Capacit\u00e9 d&rsquo;accueil :<\/strong> 298 personnes debout, environ 150 personnes assises.<br \/>\nAccessibilit\u00e9 aux personnes \u00e0 mobilit\u00e9 r\u00e9duite<\/p>\n<p><strong>Adresse :<\/strong> 4 chemin des \u00e9coliers, Verrines-sous-Celles &#8211; 79370 Celles-sur-Belle<\/p>\n<p><strong>R\u00e9servation<\/strong> : 05 49 79 80 17<\/div><a href=\"https:\/\/www.ville-celles-sur-belle.com\/wp-content\/uploads\/2025\/10\/del_6_tarifs_sdf.pdf\" target=\"_self\" class=\"button color-1 full\" style=\"border-radius: 4px;\">Tarifs 2026<\/a>\n\t\t<\/div> \n\t<\/div> \n<\/div><\/div>","protected":false},"excerpt":{"rendered":"Salle des f\u00eates de Verrines Cette salle est compos\u00e9e d'une salle de 200 m\u00b2 (sc\u00e8ne non comprise), d'une sc\u00e8ne de 42 m\u00b2 avec un rideau \u00e0 cordes, d'une cuisine de 25 m\u00b2 comprenant une gazini\u00e8re collective avec 4 feux, un four, une sauteuse collectivit\u00e9, un lave-vaisselle, un r\u00e9frig\u00e9rateur, un grand bac \u00e0 vaisselle, un plan de travail carrel\u00e9, une hotte aspirante - Pas de vaisselle, d'un bar de 15 m\u00b2 avec un \u00e9vier (eau chaude et froide), d'un hall d'entr\u00e9e avec vestiaires de 8 m\u00b2 et t\u00e9l\u00e9phone. Le mat\u00e9riel disponible : 40 tables de 120 x 80 cm, 250 chaises. Les am\u00e9nagements ext\u00e9rieurs : un parking \u00e9clair\u00e9 \u00e0 proximit\u00e9 Capacit\u00e9 d'accueil : 298 personnes debout, environ 150 personnes assises. Accessibilit\u00e9 aux personnes \u00e0 mobilit\u00e9 r\u00e9duite Adresse : 4 chemin des \u00e9coliers, Verrines-sous-Celles - 79370 Celles-sur-Belle R\u00e9servation : 05 49 79 80 17Tarifs 2026","protected":false},"author":4,"featured_media":0,"parent":15720,"menu_order":5,"comment_status":"closed","ping_status":"closed","template":"","meta":[],"yoast_head":"<!-- This site is optimized with the Yoast SEO plugin v17.0 - https:\/\/yoast.com\/wordpress\/plugins\/seo\/ -->\n<title>Salle des f\u00eates de Verrines-sous-Celles - Mairie de Celles-sur-Belle<\/title>\n<meta name=\"robots\" content=\"index, follow, max-snippet:-1, max-image-preview:large, max-video-preview:-1\" \/>\n<link rel=\"canonical\" href=\"https:\/\/www.ville-celles-sur-belle.com\/en\/ville-active\/salles-municipales\/salle-des-fetes-de-verrines-sous-celles\/\" \/>\n<meta property=\"og:locale\" content=\"en_GB\" \/>\n<meta property=\"og:type\" content=\"article\" \/>\n<meta property=\"og:title\" content=\"Salle des f\u00eates de Verrines-sous-Celles - Mairie de Celles-sur-Belle\" \/>\n<meta property=\"og:url\" content=\"https:\/\/www.ville-celles-sur-belle.com\/en\/ville-active\/salles-municipales\/salle-des-fetes-de-verrines-sous-celles\/\" \/>\n<meta property=\"og:site_name\" content=\"Mairie de Celles-sur-Belle\" \/>\n<meta property=\"article:modified_time\" content=\"2026-01-05T12:53:06+00:00\" \/>\n<meta name=\"twitter:card\" content=\"summary_large_image\" \/>\n<meta name=\"twitter:label1\" content=\"Estimated reading time\" \/>\n\t<meta name=\"twitter:data1\" content=\"1 minute\" \/>\n<script type=\"application\/ld+json\" class=\"yoast-schema-graph\">{\"@context\":\"https:\/\/schema.org\",\"@graph\":[{\"@type\":\"WebSite\",\"@id\":\"https:\/\/www.ville-celles-sur-belle.com\/#website\",\"url\":\"https:\/\/www.ville-celles-sur-belle.com\/\",\"name\":\"Mairie de Celles-sur-Belle\",\"description\":\"Belle \\u00e0 investir\",\"potentialAction\":[{\"@type\":\"SearchAction\",\"target\":{\"@type\":\"EntryPoint\",\"urlTemplate\":\"https:\/\/www.ville-celles-sur-belle.com\/?s={search_term_string}\"},\"query-input\":\"required name=search_term_string\"}],\"inLanguage\":\"en-GB\"},{\"@type\":\"WebPage\",\"@id\":\"https:\/\/www.ville-celles-sur-belle.com\/ville-active\/salles-municipales\/salle-des-fetes-de-verrines-sous-celles\/#webpage\",\"url\":\"https:\/\/www.ville-celles-sur-belle.com\/ville-active\/salles-municipales\/salle-des-fetes-de-verrines-sous-celles\/\",\"name\":\"Salle des f\\u00eates de Verrines-sous-Celles - Mairie de Celles-sur-Belle\",\"isPartOf\":{\"@id\":\"https:\/\/www.ville-celles-sur-belle.com\/#website\"},\"datePublished\":\"2020-02-19T10:12:30+00:00\",\"dateModified\":\"2026-01-05T12:53:06+00:00\",\"breadcrumb\":{\"@id\":\"https:\/\/www.ville-celles-sur-belle.com\/ville-active\/salles-municipales\/salle-des-fetes-de-verrines-sous-celles\/#breadcrumb\"},\"inLanguage\":\"en-GB\",\"potentialAction\":[{\"@type\":\"ReadAction\",\"target\":[\"https:\/\/www.ville-celles-sur-belle.com\/ville-active\/salles-municipales\/salle-des-fetes-de-verrines-sous-celles\/\"]}]},{\"@type\":\"BreadcrumbList\",\"@id\":\"https:\/\/www.ville-celles-sur-belle.com\/ville-active\/salles-municipales\/salle-des-fetes-de-verrines-sous-celles\/#breadcrumb\",\"itemListElement\":[{\"@type\":\"ListItem\",\"position\":1,\"name\":\"Accueil\",\"item\":\"https:\/\/www.ville-celles-sur-belle.com\/\"},{\"@type\":\"ListItem\",\"position\":2,\"name\":\"Ville active\",\"item\":\"https:\/\/www.ville-celles-sur-belle.com\/ville-active\/\"},{\"@type\":\"ListItem\",\"position\":3,\"name\":\"Salles municipales\",\"item\":\"https:\/\/www.ville-celles-sur-belle.com\/ville-active\/salles-municipales\/\"},{\"@type\":\"ListItem\",\"position\":4,\"name\":\"Salle des f\\u00eates de Verrines-sous-Celles\"}]}]}<\/script>\n<!-- \/ Yoast SEO plugin. -->","yoast_head_json":{"title":"Salle des f\u00eates de Verrines-sous-Celles - Mairie de Celles-sur-Belle","robots":{"index":"index","follow":"follow","max-snippet":"max-snippet:-1","max-image-preview":"max-image-preview:large","max-video-preview":"max-video-preview:-1"},"canonical":"https:\/\/www.ville-celles-sur-belle.com\/en\/ville-active\/salles-municipales\/salle-des-fetes-de-verrines-sous-celles\/","og_locale":"en_GB","og_type":"article","og_title":"Salle des f\u00eates de Verrines-sous-Celles - Mairie de Celles-sur-Belle","og_url":"https:\/\/www.ville-celles-sur-belle.com\/en\/ville-active\/salles-municipales\/salle-des-fetes-de-verrines-sous-celles\/","og_site_name":"Mairie de Celles-sur-Belle","article_modified_time":"2026-01-05T12:53:06+00:00","twitter_card":"summary_large_image","twitter_misc":{"Estimated reading time":"1 minute"},"schema":{"@context":"https:\/\/schema.org","@graph":[{"@type":"WebSite","@id":"https:\/\/www.ville-celles-sur-belle.com\/#website","url":"https:\/\/www.ville-celles-sur-belle.com\/","name":"Mairie de Celles-sur-Belle","description":"Belle \u00e0 investir","potentialAction":[{"@type":"SearchAction","target":{"@type":"EntryPoint","urlTemplate":"https:\/\/www.ville-celles-sur-belle.com\/?s={search_term_string}"},"query-input":"required name=search_term_string"}],"inLanguage":"en-GB"},{"@type":"WebPage","@id":"https:\/\/www.ville-celles-sur-belle.com\/ville-active\/salles-municipales\/salle-des-fetes-de-verrines-sous-celles\/#webpage","url":"https:\/\/www.ville-celles-sur-belle.com\/ville-active\/salles-municipales\/salle-des-fetes-de-verrines-sous-celles\/","name":"Salle des f\u00eates de Verrines-sous-Celles - Mairie de Celles-sur-Belle","isPartOf":{"@id":"https:\/\/www.ville-celles-sur-belle.com\/#website"},"datePublished":"2020-02-19T10:12:30+00:00","dateModified":"2026-01-05T12:53:06+00:00","breadcrumb":{"@id":"https:\/\/www.ville-celles-sur-belle.com\/ville-active\/salles-municipales\/salle-des-fetes-de-verrines-sous-celles\/#breadcrumb"},"inLanguage":"en-GB","potentialAction":[{"@type":"ReadAction","target":["https:\/\/www.ville-celles-sur-belle.com\/ville-active\/salles-municipales\/salle-des-fetes-de-verrines-sous-celles\/"]}]},{"@type":"BreadcrumbList","@id":"https:\/\/www.ville-celles-sur-belle.com\/ville-active\/salles-municipales\/salle-des-fetes-de-verrines-sous-celles\/#breadcrumb","itemListElement":[{"@type":"ListItem","position":1,"name":"Accueil","item":"https:\/\/www.ville-celles-sur-belle.com\/"},{"@type":"ListItem","position":2,"name":"Ville active","item":"https:\/\/www.ville-celles-sur-belle.com\/ville-active\/"},{"@type":"ListItem","position":3,"name":"Salles municipales","item":"https:\/\/www.ville-celles-sur-belle.com\/ville-active\/salles-municipales\/"},{"@type":"ListItem","position":4,"name":"Salle des f\u00eates de Verrines-sous-Celles"}]}]}},"_links":{"self":[{"href":"https:\/\/www.ville-celles-sur-belle.com\/en\/wp-json\/wp\/v2\/pages\/16008"}],"collection":[{"href":"https:\/\/www.ville-celles-sur-belle.com\/en\/wp-json\/wp\/v2\/pages"}],"about":[{"href":"https:\/\/www.ville-celles-sur-belle.com\/en\/wp-json\/wp\/v2\/types\/page"}],"author":[{"embeddable":true,"href":"https:\/\/www.ville-celles-sur-belle.com\/en\/wp-json\/wp\/v2\/users\/4"}],"replies":[{"embeddable":true,"href":"https:\/\/www.ville-celles-sur-belle.com\/en\/wp-json\/wp\/v2\/comments?post=16008"}],"version-history":[{"count":15,"href":"https:\/\/www.ville-celles-sur-belle.com\/en\/wp-json\/wp\/v2\/pages\/16008\/revisions"}],"predecessor-version":[{"id":20607,"href":"https:\/\/www.ville-celles-sur-belle.com\/en\/wp-json\/wp\/v2\/pages\/16008\/revisions\/20607"}],"up":[{"embeddable":true,"href":"https:\/\/www.ville-celles-sur-belle.com\/en\/wp-json\/wp\/v2\/pages\/15720"}],"wp:attachment":[{"href":"https:\/\/www.ville-celles-sur-belle.com\/en\/wp-json\/wp\/v2\/media?parent=16008"}],"curies":[{"name":"wp","href":"https:\/\/api.w.org\/{rel}","templated":true}]}}