{"id":16046,"date":"2020-02-20T16:24:18","date_gmt":"2020-02-20T15:24:18","guid":{"rendered":"https:\/\/www.ville-celles-sur-belle.com\/?page_id=16046"},"modified":"2025-06-24T15:24:26","modified_gmt":"2025-06-24T13:24:26","slug":"salles-jardin-associations","status":"publish","type":"page","link":"https:\/\/www.ville-celles-sur-belle.com\/en\/ville-active\/salles-municipales\/salles-jardin-associations\/","title":{"rendered":"Le Jardin des Associations"},"content":{"rendered":"<div id=\"banniere_contenu\" class=\"wpb_row vc_row-fluid full-width-section section  section-no-parallax  stretch\" data-speed=\"1\" style=\"\"><div class=\"col span_12 color-dark left\">\n\t<div class=\"vc_col-sm-12 wpb_column column_container col no-padding color-dark\" style=\"\" data-animation=\"\" data-delay=\"\">\n\t\t<div class=\"wpb_wrapper\">\n\t\t\t<div class=\"single_image wpb_content_element align-left\" data-animation=\"none\" data-delay=\"0\"><img width=\"2304\" height=\"912\" src=\"https:\/\/www.ville-celles-sur-belle.com\/wp-content\/uploads\/2020\/01\/slide1.jpg\" class=\"attachment-full\" alt=\"\" loading=\"lazy\" srcset=\"https:\/\/www.ville-celles-sur-belle.com\/wp-content\/uploads\/2020\/01\/slide1.jpg 2304w, https:\/\/www.ville-celles-sur-belle.com\/wp-content\/uploads\/2020\/01\/slide1-300x119.jpg 300w, https:\/\/www.ville-celles-sur-belle.com\/wp-content\/uploads\/2020\/01\/slide1-1024x405.jpg 1024w, https:\/\/www.ville-celles-sur-belle.com\/wp-content\/uploads\/2020\/01\/slide1-768x304.jpg 768w, https:\/\/www.ville-celles-sur-belle.com\/wp-content\/uploads\/2020\/01\/slide1-1536x608.jpg 1536w, https:\/\/www.ville-celles-sur-belle.com\/wp-content\/uploads\/2020\/01\/slide1-2048x811.jpg 2048w\" sizes=\"(max-width: 2304px) 100vw, 2304px\" \/><\/div>\n\t\t<\/div> \n\t<\/div> \n<\/div><\/div><div  class=\"wpb_row vc_row-fluid standard-section section  section-no-parallax  stretch\" data-speed=\"1\" style=\"padding-top: 100px; \"><div class=\"col span_12 color-dark left\">\n\t<div class=\"vc_col-sm-6 wpb_column column_container col no-padding color-dark\" style=\"\" data-animation=\"\" data-delay=\"\">\n\t\t<div class=\"wpb_wrapper\">\n\t\t\t\n\t<div class=\"wpb_text_column wpb_content_element\" >\n\t\t<div class=\"wpb_wrapper\">\n\t\t\t<h2>Le Jardin des Associations<\/h2>\n\n\t\t<\/div>\n\t<\/div>\n\n\t<div class=\"wpb_text_column wpb_content_element\" >\n\t\t<div class=\"wpb_wrapper\">\n\t\t\t<p>Autrefois mairie, poste, biblioth\u00e8que&#8230; Aujourd&rsquo;hui cet ensemble de plus de dix salles diff\u00e9rentes est attribu\u00e9 \u00e0 diff\u00e9rentes associations, de mani\u00e8re exclusive ou non, notamment des associations \u00e0 caract\u00e8re social (Restos du C\u0153ur, \u00c9picerie Sociale, Secours Catholique) mais aussi des cours de musique (Fanfare Alouette, EMPM, \u00c9chos du Val de S\u00e8vres, etc.).<\/p>\n<p>La plus grande salle, de 93m\u00b2, est la <strong>Salle Marguerite<\/strong>. Celle-ci peut accueillir des r\u00e9unions, formations, etc. CETTE SALLE EST PROPOS\u00c9E UNIQUEMENT AUX ASSOCIATIONS ET COLLECTIVIT\u00c9S.<\/p>\n<p><strong>Elle est compos\u00e9e de<br \/>\n<\/strong><\/p>\n<ul>\n<li>Rideaux occultants, chauffage par a\u00e9rotherme, prise \u00e9lectrique (220 V),<\/li>\n<li>14 tables de 1,20 m et 32 chaises pliantes,<\/li>\n<li>Porte d&rsquo;acc\u00e8s sur parking comprenant 6 places,<\/li>\n<li>des toilettes accessibles aux personnes \u00e0 mobilit\u00e9 r\u00e9duite.<\/li>\n<\/ul>\n\n\t\t<\/div>\n\t<\/div>\n\n\t\t<\/div> \n\t<\/div> \n\n\t<div class=\"vc_col-sm-6 wpb_column column_container col no-padding color-dark\" style=\"\" data-animation=\"\" data-delay=\"\">\n\t\t<div class=\"wpb_wrapper\">\n\t\t\t<div class=\"flexslider wpb_content_element\"><ul class=\"slides\"><li><img src=\"https:\/\/www.ville-celles-sur-belle.com\/wp-content\/uploads\/2020\/02\/Salle-de-la-Poste-scaled.jpg\" alt=\"Salle Poste Ext\u00e9rieur\" \/><\/li><\/ul><\/div><div class=\"box clearfix style-6 wpb_content_element align-left\" style=\"padding: 40px 40px 40px 40px; \"><strong>Capacit\u00e9 d&rsquo;accueil de la Salle Marguerite :<\/strong> environ 60 personnes assises. Accessibilit\u00e9 aux personnes \u00e0 mobilit\u00e9 r\u00e9duite<\/p>\n<p><strong>Acc\u00e8s : <\/strong>3 rue de l&rsquo;ancienne mairie et 5 rue du Four Banal &#8211; 79370 Celles-sur-Belle<\/p>\n<p><strong>R\u00e9servation<\/strong> : 05 49 79 80 17<\/div>\n\t\t<\/div> \n\t<\/div> \n<\/div><\/div>","protected":false},"excerpt":{"rendered":"Le Jardin des Associations Autrefois mairie, poste, biblioth\u00e8que... Aujourd'hui cet ensemble de plus de dix salles diff\u00e9rentes est attribu\u00e9 \u00e0 diff\u00e9rentes associations, de mani\u00e8re exclusive ou non, notamment des associations \u00e0 caract\u00e8re social (Restos du C\u0153ur, \u00c9picerie Sociale, Secours Catholique) mais aussi des cours de musique (Fanfare Alouette, EMPM, \u00c9chos du Val de S\u00e8vres, etc.). La plus grande salle, de 93m\u00b2, est la Salle Marguerite. Celle-ci peut accueillir des r\u00e9unions, formations, etc. CETTE SALLE EST PROPOS\u00c9E UNIQUEMENT AUX ASSOCIATIONS ET COLLECTIVIT\u00c9S. Elle est compos\u00e9e de Rideaux occultants, chauffage par a\u00e9rotherme, prise \u00e9lectrique (220 V), 14 tables de 1,20 m et 32 chaises pliantes, Porte d'acc\u00e8s sur parking comprenant 6 places, des toilettes accessibles aux personnes \u00e0 mobilit\u00e9 r\u00e9duite. Capacit\u00e9 d'accueil de la Salle Marguerite : environ 60 personnes assises. Accessibilit\u00e9 aux personnes \u00e0 mobilit\u00e9 r\u00e9duite Acc\u00e8s : 3 rue de l'ancienne mairie et 5 rue du Four Banal - 79370 Celles-sur-Belle R\u00e9servation : 05 49 79 80 17","protected":false},"author":4,"featured_media":0,"parent":15720,"menu_order":7,"comment_status":"closed","ping_status":"closed","template":"","meta":[],"yoast_head":"<!-- This site is optimized with the Yoast SEO plugin v17.0 - https:\/\/yoast.com\/wordpress\/plugins\/seo\/ -->\n<title>Le Jardin des Associations - Mairie de Celles-sur-Belle<\/title>\n<meta name=\"robots\" content=\"index, follow, max-snippet:-1, max-image-preview:large, max-video-preview:-1\" \/>\n<link rel=\"canonical\" href=\"https:\/\/www.ville-celles-sur-belle.com\/en\/ville-active\/salles-municipales\/salles-jardin-associations\/\" \/>\n<meta property=\"og:locale\" content=\"en_GB\" \/>\n<meta property=\"og:type\" content=\"article\" \/>\n<meta property=\"og:title\" content=\"Le Jardin des Associations - Mairie de Celles-sur-Belle\" \/>\n<meta property=\"og:url\" content=\"https:\/\/www.ville-celles-sur-belle.com\/en\/ville-active\/salles-municipales\/salles-jardin-associations\/\" \/>\n<meta property=\"og:site_name\" content=\"Mairie de Celles-sur-Belle\" \/>\n<meta property=\"article:modified_time\" content=\"2025-06-24T13:24:26+00:00\" \/>\n<meta name=\"twitter:card\" content=\"summary_large_image\" \/>\n<meta name=\"twitter:label1\" content=\"Estimated reading time\" \/>\n\t<meta name=\"twitter:data1\" content=\"1 minute\" \/>\n<script type=\"application\/ld+json\" class=\"yoast-schema-graph\">{\"@context\":\"https:\/\/schema.org\",\"@graph\":[{\"@type\":\"WebSite\",\"@id\":\"https:\/\/www.ville-celles-sur-belle.com\/#website\",\"url\":\"https:\/\/www.ville-celles-sur-belle.com\/\",\"name\":\"Mairie de Celles-sur-Belle\",\"description\":\"Belle \\u00e0 investir\",\"potentialAction\":[{\"@type\":\"SearchAction\",\"target\":{\"@type\":\"EntryPoint\",\"urlTemplate\":\"https:\/\/www.ville-celles-sur-belle.com\/?s={search_term_string}\"},\"query-input\":\"required name=search_term_string\"}],\"inLanguage\":\"en-GB\"},{\"@type\":\"WebPage\",\"@id\":\"https:\/\/www.ville-celles-sur-belle.com\/ville-active\/salles-municipales\/salles-jardin-associations\/#webpage\",\"url\":\"https:\/\/www.ville-celles-sur-belle.com\/ville-active\/salles-municipales\/salles-jardin-associations\/\",\"name\":\"Le Jardin des Associations - Mairie de Celles-sur-Belle\",\"isPartOf\":{\"@id\":\"https:\/\/www.ville-celles-sur-belle.com\/#website\"},\"datePublished\":\"2020-02-20T15:24:18+00:00\",\"dateModified\":\"2025-06-24T13:24:26+00:00\",\"breadcrumb\":{\"@id\":\"https:\/\/www.ville-celles-sur-belle.com\/ville-active\/salles-municipales\/salles-jardin-associations\/#breadcrumb\"},\"inLanguage\":\"en-GB\",\"potentialAction\":[{\"@type\":\"ReadAction\",\"target\":[\"https:\/\/www.ville-celles-sur-belle.com\/ville-active\/salles-municipales\/salles-jardin-associations\/\"]}]},{\"@type\":\"BreadcrumbList\",\"@id\":\"https:\/\/www.ville-celles-sur-belle.com\/ville-active\/salles-municipales\/salles-jardin-associations\/#breadcrumb\",\"itemListElement\":[{\"@type\":\"ListItem\",\"position\":1,\"name\":\"Accueil\",\"item\":\"https:\/\/www.ville-celles-sur-belle.com\/\"},{\"@type\":\"ListItem\",\"position\":2,\"name\":\"Ville active\",\"item\":\"https:\/\/www.ville-celles-sur-belle.com\/ville-active\/\"},{\"@type\":\"ListItem\",\"position\":3,\"name\":\"Salles municipales\",\"item\":\"https:\/\/www.ville-celles-sur-belle.com\/ville-active\/salles-municipales\/\"},{\"@type\":\"ListItem\",\"position\":4,\"name\":\"Le Jardin des Associations\"}]}]}<\/script>\n<!-- \/ Yoast SEO plugin. -->","yoast_head_json":{"title":"Le Jardin des Associations - Mairie de Celles-sur-Belle","robots":{"index":"index","follow":"follow","max-snippet":"max-snippet:-1","max-image-preview":"max-image-preview:large","max-video-preview":"max-video-preview:-1"},"canonical":"https:\/\/www.ville-celles-sur-belle.com\/en\/ville-active\/salles-municipales\/salles-jardin-associations\/","og_locale":"en_GB","og_type":"article","og_title":"Le Jardin des Associations - Mairie de Celles-sur-Belle","og_url":"https:\/\/www.ville-celles-sur-belle.com\/en\/ville-active\/salles-municipales\/salles-jardin-associations\/","og_site_name":"Mairie de Celles-sur-Belle","article_modified_time":"2025-06-24T13:24:26+00:00","twitter_card":"summary_large_image","twitter_misc":{"Estimated reading time":"1 minute"},"schema":{"@context":"https:\/\/schema.org","@graph":[{"@type":"WebSite","@id":"https:\/\/www.ville-celles-sur-belle.com\/#website","url":"https:\/\/www.ville-celles-sur-belle.com\/","name":"Mairie de Celles-sur-Belle","description":"Belle \u00e0 investir","potentialAction":[{"@type":"SearchAction","target":{"@type":"EntryPoint","urlTemplate":"https:\/\/www.ville-celles-sur-belle.com\/?s={search_term_string}"},"query-input":"required name=search_term_string"}],"inLanguage":"en-GB"},{"@type":"WebPage","@id":"https:\/\/www.ville-celles-sur-belle.com\/ville-active\/salles-municipales\/salles-jardin-associations\/#webpage","url":"https:\/\/www.ville-celles-sur-belle.com\/ville-active\/salles-municipales\/salles-jardin-associations\/","name":"Le Jardin des Associations - Mairie de Celles-sur-Belle","isPartOf":{"@id":"https:\/\/www.ville-celles-sur-belle.com\/#website"},"datePublished":"2020-02-20T15:24:18+00:00","dateModified":"2025-06-24T13:24:26+00:00","breadcrumb":{"@id":"https:\/\/www.ville-celles-sur-belle.com\/ville-active\/salles-municipales\/salles-jardin-associations\/#breadcrumb"},"inLanguage":"en-GB","potentialAction":[{"@type":"ReadAction","target":["https:\/\/www.ville-celles-sur-belle.com\/ville-active\/salles-municipales\/salles-jardin-associations\/"]}]},{"@type":"BreadcrumbList","@id":"https:\/\/www.ville-celles-sur-belle.com\/ville-active\/salles-municipales\/salles-jardin-associations\/#breadcrumb","itemListElement":[{"@type":"ListItem","position":1,"name":"Accueil","item":"https:\/\/www.ville-celles-sur-belle.com\/"},{"@type":"ListItem","position":2,"name":"Ville active","item":"https:\/\/www.ville-celles-sur-belle.com\/ville-active\/"},{"@type":"ListItem","position":3,"name":"Salles municipales","item":"https:\/\/www.ville-celles-sur-belle.com\/ville-active\/salles-municipales\/"},{"@type":"ListItem","position":4,"name":"Le Jardin des Associations"}]}]}},"_links":{"self":[{"href":"https:\/\/www.ville-celles-sur-belle.com\/en\/wp-json\/wp\/v2\/pages\/16046"}],"collection":[{"href":"https:\/\/www.ville-celles-sur-belle.com\/en\/wp-json\/wp\/v2\/pages"}],"about":[{"href":"https:\/\/www.ville-celles-sur-belle.com\/en\/wp-json\/wp\/v2\/types\/page"}],"author":[{"embeddable":true,"href":"https:\/\/www.ville-celles-sur-belle.com\/en\/wp-json\/wp\/v2\/users\/4"}],"replies":[{"embeddable":true,"href":"https:\/\/www.ville-celles-sur-belle.com\/en\/wp-json\/wp\/v2\/comments?post=16046"}],"version-history":[{"count":11,"href":"https:\/\/www.ville-celles-sur-belle.com\/en\/wp-json\/wp\/v2\/pages\/16046\/revisions"}],"predecessor-version":[{"id":20376,"href":"https:\/\/www.ville-celles-sur-belle.com\/en\/wp-json\/wp\/v2\/pages\/16046\/revisions\/20376"}],"up":[{"embeddable":true,"href":"https:\/\/www.ville-celles-sur-belle.com\/en\/wp-json\/wp\/v2\/pages\/15720"}],"wp:attachment":[{"href":"https:\/\/www.ville-celles-sur-belle.com\/en\/wp-json\/wp\/v2\/media?parent=16046"}],"curies":[{"name":"wp","href":"https:\/\/api.w.org\/{rel}","templated":true}]}}