{"id":16346,"date":"2020-03-20T23:29:55","date_gmt":"2020-03-20T22:29:55","guid":{"rendered":"https:\/\/www.ville-celles-sur-belle.com\/?page_id=16346"},"modified":"2025-12-17T14:11:03","modified_gmt":"2025-12-17T13:11:03","slug":"elections","status":"publish","type":"page","link":"https:\/\/www.ville-celles-sur-belle.com\/en\/vie-municipale\/demarches\/elections\/","title":{"rendered":"\u00c9lections"},"content":{"rendered":"<div id=\"banniere_contenu\" class=\"wpb_row vc_row-fluid full-width-section section  section-no-parallax  stretch\" data-speed=\"1\" style=\"\"><div class=\"col span_12 color-dark left\">\n\t<div class=\"vc_col-sm-12 wpb_column column_container col no-padding color-dark\" style=\"\" data-animation=\"\" data-delay=\"\">\n\t\t<div class=\"wpb_wrapper\">\n\t\t\t<div class=\"single_image wpb_content_element align-left\" data-animation=\"none\" data-delay=\"0\"><img width=\"2304\" height=\"912\" src=\"https:\/\/www.ville-celles-sur-belle.com\/wp-content\/uploads\/2020\/01\/slide1.jpg\" class=\"attachment-full\" alt=\"\" loading=\"lazy\" srcset=\"https:\/\/www.ville-celles-sur-belle.com\/wp-content\/uploads\/2020\/01\/slide1.jpg 2304w, https:\/\/www.ville-celles-sur-belle.com\/wp-content\/uploads\/2020\/01\/slide1-300x119.jpg 300w, https:\/\/www.ville-celles-sur-belle.com\/wp-content\/uploads\/2020\/01\/slide1-1024x405.jpg 1024w, https:\/\/www.ville-celles-sur-belle.com\/wp-content\/uploads\/2020\/01\/slide1-768x304.jpg 768w, https:\/\/www.ville-celles-sur-belle.com\/wp-content\/uploads\/2020\/01\/slide1-1536x608.jpg 1536w, https:\/\/www.ville-celles-sur-belle.com\/wp-content\/uploads\/2020\/01\/slide1-2048x811.jpg 2048w\" sizes=\"(max-width: 2304px) 100vw, 2304px\" \/><\/div>\n\t\t<\/div> \n\t<\/div> \n<\/div><\/div><div  class=\"wpb_row vc_row-fluid standard-section section  section-no-parallax  stretch\" data-speed=\"1\" style=\"padding-top: 100px; \"><div class=\"col span_12 color-dark left\">\n\t<div class=\"vc_col-sm-3 wpb_column column_container col no-padding color-dark\" style=\"\" data-animation=\"\" data-delay=\"\">\n\t\t<div class=\"wpb_wrapper\">\n\t\t\t<div class=\"spacer\" style=\"height: 30px;\"><\/div><div class=\"single_image wpb_content_element align-left\" data-animation=\"none\" data-delay=\"0\"><img width=\"220\" height=\"226\" src=\"https:\/\/www.ville-celles-sur-belle.com\/wp-content\/uploads\/2020\/03\/Urne-Vote.png\" class=\"attachment-full\" alt=\"\" loading=\"lazy\" \/><\/div>\n\t\t<\/div> \n\t<\/div> \n\n\t<div class=\"vc_col-sm-9 wpb_column column_container col no-padding color-dark\" style=\"\" data-animation=\"\" data-delay=\"\">\n\t\t<div class=\"wpb_wrapper\">\n\t\t\t\n\t<div class=\"wpb_text_column wpb_content_element\" >\n\t\t<div class=\"wpb_wrapper\">\n\t\t\t<h3>S&rsquo;inscrire sur les listes \u00e9lectorales<\/h3>\n\n\t\t<\/div>\n\t<\/div>\n\n\t<div class=\"wpb_text_column wpb_content_element\" >\n\t\t<div class=\"wpb_wrapper\">\n\t\t\t<p>En cas d&rsquo;<strong>arriv\u00e9e<\/strong> sur la commune ou de <strong>changement d&rsquo;adresse<\/strong> au sein de la commune, vous devez faire la d\u00e9marche de vous inscrire sur les listes \u00e9lectorales, afin de pouvoir voter au prochain scrutin.<\/p>\n<p>Les jeunes qui se sont fait <a href=\"https:\/\/www.ville-celles-sur-belle.com\/en\/vie-municipale\/demarches-administratives\/recensement-citoyen\/\" target=\"_blank\" rel=\"noopener noreferrer\">recenser<\/a> \u00e0 16 ans \u00e0 Celles-sur-Belle sont normalement inscrits d\u2019office sur les listes. En cas de doute, v\u00e9rifiez votre inscription sur le site <a href=\"https:\/\/www.service-public.fr\/particuliers\/vosdroits\/services-en-ligne-et-formulaires\/ISE\" target=\"_blank\" rel=\"noopener noreferrer\">Service Public<\/a> ou contactez la mairie.<\/p>\n\n\t\t<\/div>\n\t<\/div>\n\n\t<div class=\"wpb_text_column wpb_content_element\" >\n\t\t<div class=\"wpb_wrapper\">\n\t\t\t<p><strong>INSCRIPTION EN LIGNE<\/strong><\/p>\n<p>Utiliser le formulaire en ligne de <a href=\"https:\/\/www.service-public.gouv.fr\/particuliers\/vosdroits\/R16396\" target=\"_blank\" rel=\"noopener noreferrer\">Service-Public.fr<\/a><\/p>\n\n\t\t<\/div>\n\t<\/div>\n\n\t<div class=\"wpb_text_column wpb_content_element\" >\n\t\t<div class=\"wpb_wrapper\">\n\t\t\t<p><strong>INSCRIPTION PAPIER<\/strong><\/p>\n<p>Envoyer par courrier ou d\u00e9poser \u00e0 l&rsquo;accueil de la mairie :<\/p>\n<ul>\n<li>Le formulaire d\u2019inscription <a href=\"https:\/\/www.ville-celles-sur-belle.com\/wp-content\/uploads\/2020\/03\/cerfa_12669-02.pdf\" target=\"_blank\" rel=\"noopener noreferrer\"><strong>CERFA 12669*02<\/strong><\/a>,<\/li>\n<li>une <strong>copie d\u2019un titre d\u2019identit\u00e9<\/strong> (passeport ou carte nationale d\u2019identit\u00e9 recto-verso),<\/li>\n<li><strong>justificatif de domicile<\/strong> \u00e9tabli aux nom et pr\u00e9nom du demandeur, datant de <strong>moins de 3 mois<\/strong> (facture eau, \u00e9lectricit\u00e9, gaz, t\u00e9l\u00e9phone fixe, quittance de loyer \u00e9tablie par une agence ou un organisme agr\u00e9\u00e9, bulletin de salaire, attestation d\u2019assurance habitation, attestation de r\u00e9sidence \u00e9tablie par un \u00e9tablissement d\u2019h\u00e9bergement &#8211; foyer logement, maison de retraite -)<\/li>\n<\/ul>\n\n\t\t<\/div>\n\t<\/div>\n\n\t\t<\/div> \n\t<\/div> \n<\/div><\/div><div  class=\"wpb_row vc_row-fluid standard-section section  section-no-parallax  stretch\" data-speed=\"1\" style=\"padding-top: 100px; \"><div class=\"col span_12 color-dark left\">\n\t<div class=\"vc_col-sm-12 wpb_column column_container col no-padding color-dark\" style=\"\" data-animation=\"\" data-delay=\"\">\n\t\t<div class=\"wpb_wrapper\">\n\t\t\t\n\t<div class=\"wpb_text_column wpb_content_element\" >\n\t\t<div class=\"wpb_wrapper\">\n\t\t\t<h3>V\u00e9rifier son inscription<\/h3>\n\n\t\t<\/div>\n\t<\/div>\n\n\t<div class=\"wpb_text_column wpb_content_element\" >\n\t\t<div class=\"wpb_wrapper\">\n\t\t\t<p>Cette d\u00e9marche permet de v\u00e9rifier votre inscription sur les listes \u00e9lectorales \u00e0 Celles-sur-Belle et de vous indiquer votre bureau de vote.<\/p>\n<p>Il suffit de remplir le formulaire en saisissant tous les champs.<\/p>\n<p><strong>Attention<\/strong>, merci de renseigner tous les pr\u00e9noms de votre \u00e9tat civil, sinon le r\u00e9sultat indiquera que vous n\u2019\u00eates pas inscrit(e) sur les listes \u00e9lectorales.<br \/>\nSi malgr\u00e9 tout, le t\u00e9l\u00e9service n&rsquo;arrive pas \u00e0 vous identifier, contacter la mairie : 05 49 79 80 17.<\/p>\n\n\t\t<\/div>\n\t<\/div>\n<a href=\"https:\/\/www.service-public.fr\/particuliers\/vosdroits\/services-en-ligne-et-formulaires\/ISE\" target=\"_blank\" class=\"button color-1 small\" style=\"border-radius: 2px;\">Acc\u00e9der au t\u00e9l\u00e9service<\/a>\n\t\t<\/div> \n\t<\/div> \n<\/div><\/div>","protected":false},"excerpt":{"rendered":"S'inscrire sur les listes \u00e9lectorales En cas d'arriv\u00e9e sur la commune ou de changement d'adresse au sein de la commune, vous devez faire la d\u00e9marche de vous inscrire sur les listes \u00e9lectorales, afin de pouvoir voter au prochain scrutin. Les jeunes qui se sont fait recenser \u00e0 16 ans \u00e0 Celles-sur-Belle sont normalement inscrits d\u2019office sur les listes. En cas de doute, v\u00e9rifiez votre inscription sur le site Service Public ou contactez la mairie. INSCRIPTION EN LIGNE Utiliser le formulaire en ligne de Service-Public.fr INSCRIPTION PAPIER Envoyer par courrier ou d\u00e9poser \u00e0 l'accueil de la mairie : Le formulaire d\u2019inscription CERFA 12669*02, une copie d\u2019un titre d\u2019identit\u00e9 (passeport ou carte nationale d\u2019identit\u00e9 recto-verso), justificatif de domicile \u00e9tabli aux nom et pr\u00e9nom du demandeur, datant de moins de 3 mois (facture eau, \u00e9lectricit\u00e9, gaz, t\u00e9l\u00e9phone fixe, quittance de loyer \u00e9tablie par une agence ou un organisme agr\u00e9\u00e9, bulletin de salaire, attestation d\u2019assurance habitation, attestation de r\u00e9sidence \u00e9tablie par un \u00e9tablissement d\u2019h\u00e9bergement - foyer logement, maison de retraite -) V\u00e9rifier son inscription Cette d\u00e9marche permet de v\u00e9rifier votre inscription sur les listes \u00e9lectorales \u00e0 Celles-sur-Belle et de vous indiquer votre bureau de vote. Il suffit de remplir le formulaire en saisissant tous [...]","protected":false},"author":4,"featured_media":0,"parent":15788,"menu_order":3,"comment_status":"closed","ping_status":"closed","template":"","meta":[],"yoast_head":"<!-- This site is optimized with the Yoast SEO plugin v17.0 - https:\/\/yoast.com\/wordpress\/plugins\/seo\/ -->\n<title>\u00c9lections - Mairie de Celles-sur-Belle<\/title>\n<meta name=\"robots\" content=\"index, follow, max-snippet:-1, max-image-preview:large, max-video-preview:-1\" \/>\n<link rel=\"canonical\" href=\"https:\/\/www.ville-celles-sur-belle.com\/en\/vie-municipale\/demarches\/elections\/\" \/>\n<meta property=\"og:locale\" content=\"en_GB\" \/>\n<meta property=\"og:type\" content=\"article\" \/>\n<meta property=\"og:title\" content=\"\u00c9lections - Mairie de Celles-sur-Belle\" \/>\n<meta property=\"og:url\" content=\"https:\/\/www.ville-celles-sur-belle.com\/en\/vie-municipale\/demarches\/elections\/\" \/>\n<meta property=\"og:site_name\" content=\"Mairie de Celles-sur-Belle\" \/>\n<meta property=\"article:modified_time\" content=\"2025-12-17T13:11:03+00:00\" \/>\n<meta name=\"twitter:card\" content=\"summary_large_image\" \/>\n<meta name=\"twitter:label1\" content=\"Estimated reading time\" \/>\n\t<meta name=\"twitter:data1\" content=\"2 minutes\" \/>\n<script type=\"application\/ld+json\" class=\"yoast-schema-graph\">{\"@context\":\"https:\/\/schema.org\",\"@graph\":[{\"@type\":\"WebSite\",\"@id\":\"https:\/\/www.ville-celles-sur-belle.com\/#website\",\"url\":\"https:\/\/www.ville-celles-sur-belle.com\/\",\"name\":\"Mairie de Celles-sur-Belle\",\"description\":\"Belle \\u00e0 investir\",\"potentialAction\":[{\"@type\":\"SearchAction\",\"target\":{\"@type\":\"EntryPoint\",\"urlTemplate\":\"https:\/\/www.ville-celles-sur-belle.com\/?s={search_term_string}\"},\"query-input\":\"required name=search_term_string\"}],\"inLanguage\":\"en-GB\"},{\"@type\":\"WebPage\",\"@id\":\"https:\/\/www.ville-celles-sur-belle.com\/vie-municipale\/demarches\/elections\/#webpage\",\"url\":\"https:\/\/www.ville-celles-sur-belle.com\/vie-municipale\/demarches\/elections\/\",\"name\":\"\\u00c9lections - Mairie de Celles-sur-Belle\",\"isPartOf\":{\"@id\":\"https:\/\/www.ville-celles-sur-belle.com\/#website\"},\"datePublished\":\"2020-03-20T22:29:55+00:00\",\"dateModified\":\"2025-12-17T13:11:03+00:00\",\"breadcrumb\":{\"@id\":\"https:\/\/www.ville-celles-sur-belle.com\/vie-municipale\/demarches\/elections\/#breadcrumb\"},\"inLanguage\":\"en-GB\",\"potentialAction\":[{\"@type\":\"ReadAction\",\"target\":[\"https:\/\/www.ville-celles-sur-belle.com\/vie-municipale\/demarches\/elections\/\"]}]},{\"@type\":\"BreadcrumbList\",\"@id\":\"https:\/\/www.ville-celles-sur-belle.com\/vie-municipale\/demarches\/elections\/#breadcrumb\",\"itemListElement\":[{\"@type\":\"ListItem\",\"position\":1,\"name\":\"Accueil\",\"item\":\"https:\/\/www.ville-celles-sur-belle.com\/\"},{\"@type\":\"ListItem\",\"position\":2,\"name\":\"Vie municipale\",\"item\":\"https:\/\/www.ville-celles-sur-belle.com\/vie-municipale\/\"},{\"@type\":\"ListItem\",\"position\":3,\"name\":\"Vos d\\u00e9marches\",\"item\":\"https:\/\/www.ville-celles-sur-belle.com\/vie-municipale\/demarches\/\"},{\"@type\":\"ListItem\",\"position\":4,\"name\":\"\\u00c9lections\"}]}]}<\/script>\n<!-- \/ Yoast SEO plugin. -->","yoast_head_json":{"title":"\u00c9lections - Mairie de Celles-sur-Belle","robots":{"index":"index","follow":"follow","max-snippet":"max-snippet:-1","max-image-preview":"max-image-preview:large","max-video-preview":"max-video-preview:-1"},"canonical":"https:\/\/www.ville-celles-sur-belle.com\/en\/vie-municipale\/demarches\/elections\/","og_locale":"en_GB","og_type":"article","og_title":"\u00c9lections - Mairie de Celles-sur-Belle","og_url":"https:\/\/www.ville-celles-sur-belle.com\/en\/vie-municipale\/demarches\/elections\/","og_site_name":"Mairie de Celles-sur-Belle","article_modified_time":"2025-12-17T13:11:03+00:00","twitter_card":"summary_large_image","twitter_misc":{"Estimated reading time":"2 minutes"},"schema":{"@context":"https:\/\/schema.org","@graph":[{"@type":"WebSite","@id":"https:\/\/www.ville-celles-sur-belle.com\/#website","url":"https:\/\/www.ville-celles-sur-belle.com\/","name":"Mairie de Celles-sur-Belle","description":"Belle \u00e0 investir","potentialAction":[{"@type":"SearchAction","target":{"@type":"EntryPoint","urlTemplate":"https:\/\/www.ville-celles-sur-belle.com\/?s={search_term_string}"},"query-input":"required name=search_term_string"}],"inLanguage":"en-GB"},{"@type":"WebPage","@id":"https:\/\/www.ville-celles-sur-belle.com\/vie-municipale\/demarches\/elections\/#webpage","url":"https:\/\/www.ville-celles-sur-belle.com\/vie-municipale\/demarches\/elections\/","name":"\u00c9lections - Mairie de Celles-sur-Belle","isPartOf":{"@id":"https:\/\/www.ville-celles-sur-belle.com\/#website"},"datePublished":"2020-03-20T22:29:55+00:00","dateModified":"2025-12-17T13:11:03+00:00","breadcrumb":{"@id":"https:\/\/www.ville-celles-sur-belle.com\/vie-municipale\/demarches\/elections\/#breadcrumb"},"inLanguage":"en-GB","potentialAction":[{"@type":"ReadAction","target":["https:\/\/www.ville-celles-sur-belle.com\/vie-municipale\/demarches\/elections\/"]}]},{"@type":"BreadcrumbList","@id":"https:\/\/www.ville-celles-sur-belle.com\/vie-municipale\/demarches\/elections\/#breadcrumb","itemListElement":[{"@type":"ListItem","position":1,"name":"Accueil","item":"https:\/\/www.ville-celles-sur-belle.com\/"},{"@type":"ListItem","position":2,"name":"Vie municipale","item":"https:\/\/www.ville-celles-sur-belle.com\/vie-municipale\/"},{"@type":"ListItem","position":3,"name":"Vos d\u00e9marches","item":"https:\/\/www.ville-celles-sur-belle.com\/vie-municipale\/demarches\/"},{"@type":"ListItem","position":4,"name":"\u00c9lections"}]}]}},"_links":{"self":[{"href":"https:\/\/www.ville-celles-sur-belle.com\/en\/wp-json\/wp\/v2\/pages\/16346"}],"collection":[{"href":"https:\/\/www.ville-celles-sur-belle.com\/en\/wp-json\/wp\/v2\/pages"}],"about":[{"href":"https:\/\/www.ville-celles-sur-belle.com\/en\/wp-json\/wp\/v2\/types\/page"}],"author":[{"embeddable":true,"href":"https:\/\/www.ville-celles-sur-belle.com\/en\/wp-json\/wp\/v2\/users\/4"}],"replies":[{"embeddable":true,"href":"https:\/\/www.ville-celles-sur-belle.com\/en\/wp-json\/wp\/v2\/comments?post=16346"}],"version-history":[{"count":12,"href":"https:\/\/www.ville-celles-sur-belle.com\/en\/wp-json\/wp\/v2\/pages\/16346\/revisions"}],"predecessor-version":[{"id":20591,"href":"https:\/\/www.ville-celles-sur-belle.com\/en\/wp-json\/wp\/v2\/pages\/16346\/revisions\/20591"}],"up":[{"embeddable":true,"href":"https:\/\/www.ville-celles-sur-belle.com\/en\/wp-json\/wp\/v2\/pages\/15788"}],"wp:attachment":[{"href":"https:\/\/www.ville-celles-sur-belle.com\/en\/wp-json\/wp\/v2\/media?parent=16346"}],"curies":[{"name":"wp","href":"https:\/\/api.w.org\/{rel}","templated":true}]}}