{"id":16758,"date":"2020-04-10T11:44:11","date_gmt":"2020-04-10T09:44:11","guid":{"rendered":"https:\/\/www.ville-celles-sur-belle.com\/?page_id=16758"},"modified":"2024-08-27T15:18:28","modified_gmt":"2024-08-27T13:18:28","slug":"zae","status":"publish","type":"page","link":"https:\/\/www.ville-celles-sur-belle.com\/en\/vie-municipale\/investir-entreprendre\/zae\/","title":{"rendered":"Zones d\u2019Activit\u00e9s \u00c9conomiques"},"content":{"rendered":"<div id=\"banniere_contenu\" class=\"wpb_row vc_row-fluid full-width-section section  section-no-parallax  stretch\" data-speed=\"1\" style=\"\"><div class=\"col span_12 color-dark left\">\n\t<div class=\"vc_col-sm-12 wpb_column column_container col no-padding color-dark\" style=\"\" data-animation=\"\" data-delay=\"\">\n\t\t<div class=\"wpb_wrapper\">\n\t\t\t<div class=\"single_image wpb_content_element align-left\" data-animation=\"none\" data-delay=\"0\"><img width=\"2304\" height=\"912\" src=\"https:\/\/www.ville-celles-sur-belle.com\/wp-content\/uploads\/2020\/01\/slide1.jpg\" class=\"attachment-full\" alt=\"\" loading=\"lazy\" srcset=\"https:\/\/www.ville-celles-sur-belle.com\/wp-content\/uploads\/2020\/01\/slide1.jpg 2304w, https:\/\/www.ville-celles-sur-belle.com\/wp-content\/uploads\/2020\/01\/slide1-300x119.jpg 300w, https:\/\/www.ville-celles-sur-belle.com\/wp-content\/uploads\/2020\/01\/slide1-1024x405.jpg 1024w, https:\/\/www.ville-celles-sur-belle.com\/wp-content\/uploads\/2020\/01\/slide1-768x304.jpg 768w, https:\/\/www.ville-celles-sur-belle.com\/wp-content\/uploads\/2020\/01\/slide1-1536x608.jpg 1536w, https:\/\/www.ville-celles-sur-belle.com\/wp-content\/uploads\/2020\/01\/slide1-2048x811.jpg 2048w\" sizes=\"(max-width: 2304px) 100vw, 2304px\" \/><\/div>\n\t\t<\/div> \n\t<\/div> \n<\/div><\/div><div  class=\"wpb_row vc_row-fluid standard-section section  section-no-parallax  stretch\" data-speed=\"1\" style=\"padding-top: 100px; \"><div class=\"col span_12 color-dark left\">\n\t<div class=\"vc_col-sm-8 wpb_column column_container col no-padding color-dark\" style=\"\" data-animation=\"\" data-delay=\"\">\n\t\t<div class=\"wpb_wrapper\">\n\t\t\t\n\t<div class=\"wpb_text_column wpb_content_element\" >\n\t\t<div class=\"wpb_wrapper\">\n\t\t\t<h2>Zones d&rsquo;Activit\u00e9s \u00c9conomiques (ZAE)<\/h2>\n\n\t\t<\/div>\n\t<\/div>\n\n\t<div class=\"wpb_text_column wpb_content_element\" >\n\t\t<div class=\"wpb_wrapper\">\n\t\t\t<p>Vous avez un projet d&rsquo;acquisition d&rsquo;un terrain pour installer ou d\u00e9velopper votre entreprise : n&rsquo;h\u00e9sitez pas<br \/>\n\u00e0 nous contacter, nous vous proposerons une r\u00e9ponse personnalis\u00e9e et adapt\u00e9e \u00e0 votre projet.<\/p>\n<p>Il existe six Zones d&rsquo;Activit\u00e9s \u00c9conomiques \u00e0 Celles-sur-Belle :<\/p>\n<ul>\n<li>ZA de la Boissi\u00e8re<\/li>\n<li>ZA La Cigogne <strong>avec foncier disponible<\/strong><\/li>\n<li>ZA Les Ombrails<\/li>\n<li>ZA de Bel Air<\/li>\n<li>ZA du chemin de Croizet<\/li>\n<li>ZI Les Chaillettes<\/li>\n<\/ul>\n\n\t\t<\/div>\n\t<\/div>\n\n\t\t<\/div> \n\t<\/div> \n\n\t<div class=\"vc_col-sm-4 wpb_column column_container col no-padding color-dark\" style=\"\" data-animation=\"\" data-delay=\"\">\n\t\t<div class=\"wpb_wrapper\">\n\t\t\t<div class=\"spacer\" style=\"height: 40px;\"><\/div>\n\t<div class=\"wpb_text_column wpb_content_element\" >\n\t\t<div class=\"wpb_wrapper\">\n\t\t\t<p><strong>CONTACT Mairie de Celles-sur-Belle<\/strong><\/p>\n<p>Fabienne ALBERT, directrice g\u00e9n\u00e9rale des services<\/p>\n<p>Adresse : 1 avenue de Limoges,<br \/>\n79370 Celles-sur-Belle<br \/>\nT\u00e9l : 05 49 79 80 17<br \/>\n<a href=\"mailto:accueil@villecellessurbelle.fr\">accueil@villecellessurbelle.fr<\/a><\/p>\n\n\t\t<\/div>\n\t<\/div>\n\n\t\t<\/div> \n\t<\/div> \n<\/div><\/div>","protected":false},"excerpt":{"rendered":"Zones d'Activit\u00e9s \u00c9conomiques (ZAE) Vous avez un projet d'acquisition d'un terrain pour installer ou d\u00e9velopper votre entreprise : n'h\u00e9sitez pas \u00e0 nous contacter, nous vous proposerons une r\u00e9ponse personnalis\u00e9e et adapt\u00e9e \u00e0 votre projet. Il existe six Zones d'Activit\u00e9s \u00c9conomiques \u00e0 Celles-sur-Belle : ZA de la Boissi\u00e8re ZA La Cigogne avec foncier disponible ZA Les Ombrails ZA de Bel Air ZA du chemin de Croizet ZI Les Chaillettes CONTACT Mairie de Celles-sur-Belle Fabienne ALBERT, directrice g\u00e9n\u00e9rale des services Adresse : 1 avenue de Limoges, 79370 Celles-sur-Belle T\u00e9l : 05 49 79 80 17 accueil@villecellessurbelle.fr","protected":false},"author":4,"featured_media":0,"parent":16756,"menu_order":0,"comment_status":"closed","ping_status":"closed","template":"","meta":[],"yoast_head":"<!-- This site is optimized with the Yoast SEO plugin v17.0 - https:\/\/yoast.com\/wordpress\/plugins\/seo\/ -->\n<title>Zones d\u2019Activit\u00e9s \u00c9conomiques - Mairie de Celles-sur-Belle<\/title>\n<meta name=\"robots\" content=\"index, follow, max-snippet:-1, max-image-preview:large, max-video-preview:-1\" \/>\n<link rel=\"canonical\" href=\"https:\/\/www.ville-celles-sur-belle.com\/en\/vie-municipale\/investir-entreprendre\/zae\/\" \/>\n<meta property=\"og:locale\" content=\"en_GB\" \/>\n<meta property=\"og:type\" content=\"article\" \/>\n<meta property=\"og:title\" content=\"Zones d\u2019Activit\u00e9s \u00c9conomiques - Mairie de Celles-sur-Belle\" \/>\n<meta property=\"og:url\" content=\"https:\/\/www.ville-celles-sur-belle.com\/en\/vie-municipale\/investir-entreprendre\/zae\/\" \/>\n<meta property=\"og:site_name\" content=\"Mairie de Celles-sur-Belle\" \/>\n<meta property=\"article:modified_time\" content=\"2024-08-27T13:18:28+00:00\" \/>\n<meta name=\"twitter:card\" content=\"summary_large_image\" \/>\n<meta name=\"twitter:label1\" content=\"Estimated reading time\" \/>\n\t<meta name=\"twitter:data1\" content=\"1 minute\" \/>\n<script type=\"application\/ld+json\" class=\"yoast-schema-graph\">{\"@context\":\"https:\/\/schema.org\",\"@graph\":[{\"@type\":\"WebSite\",\"@id\":\"https:\/\/www.ville-celles-sur-belle.com\/#website\",\"url\":\"https:\/\/www.ville-celles-sur-belle.com\/\",\"name\":\"Mairie de Celles-sur-Belle\",\"description\":\"Belle \\u00e0 investir\",\"potentialAction\":[{\"@type\":\"SearchAction\",\"target\":{\"@type\":\"EntryPoint\",\"urlTemplate\":\"https:\/\/www.ville-celles-sur-belle.com\/?s={search_term_string}\"},\"query-input\":\"required name=search_term_string\"}],\"inLanguage\":\"en-GB\"},{\"@type\":\"WebPage\",\"@id\":\"https:\/\/www.ville-celles-sur-belle.com\/vie-municipale\/investir-entreprendre\/zae\/#webpage\",\"url\":\"https:\/\/www.ville-celles-sur-belle.com\/vie-municipale\/investir-entreprendre\/zae\/\",\"name\":\"Zones d\\u2019Activit\\u00e9s \\u00c9conomiques - Mairie de Celles-sur-Belle\",\"isPartOf\":{\"@id\":\"https:\/\/www.ville-celles-sur-belle.com\/#website\"},\"datePublished\":\"2020-04-10T09:44:11+00:00\",\"dateModified\":\"2024-08-27T13:18:28+00:00\",\"breadcrumb\":{\"@id\":\"https:\/\/www.ville-celles-sur-belle.com\/vie-municipale\/investir-entreprendre\/zae\/#breadcrumb\"},\"inLanguage\":\"en-GB\",\"potentialAction\":[{\"@type\":\"ReadAction\",\"target\":[\"https:\/\/www.ville-celles-sur-belle.com\/vie-municipale\/investir-entreprendre\/zae\/\"]}]},{\"@type\":\"BreadcrumbList\",\"@id\":\"https:\/\/www.ville-celles-sur-belle.com\/vie-municipale\/investir-entreprendre\/zae\/#breadcrumb\",\"itemListElement\":[{\"@type\":\"ListItem\",\"position\":1,\"name\":\"Accueil\",\"item\":\"https:\/\/www.ville-celles-sur-belle.com\/\"},{\"@type\":\"ListItem\",\"position\":2,\"name\":\"Vie municipale\",\"item\":\"https:\/\/www.ville-celles-sur-belle.com\/vie-municipale\/\"},{\"@type\":\"ListItem\",\"position\":3,\"name\":\"Investir et Entreprendre\",\"item\":\"https:\/\/www.ville-celles-sur-belle.com\/vie-municipale\/investir-entreprendre\/\"},{\"@type\":\"ListItem\",\"position\":4,\"name\":\"Zones d\\u2019Activit\\u00e9s \\u00c9conomiques\"}]}]}<\/script>\n<!-- \/ Yoast SEO plugin. -->","yoast_head_json":{"title":"Zones d\u2019Activit\u00e9s \u00c9conomiques - Mairie de Celles-sur-Belle","robots":{"index":"index","follow":"follow","max-snippet":"max-snippet:-1","max-image-preview":"max-image-preview:large","max-video-preview":"max-video-preview:-1"},"canonical":"https:\/\/www.ville-celles-sur-belle.com\/en\/vie-municipale\/investir-entreprendre\/zae\/","og_locale":"en_GB","og_type":"article","og_title":"Zones d\u2019Activit\u00e9s \u00c9conomiques - Mairie de Celles-sur-Belle","og_url":"https:\/\/www.ville-celles-sur-belle.com\/en\/vie-municipale\/investir-entreprendre\/zae\/","og_site_name":"Mairie de Celles-sur-Belle","article_modified_time":"2024-08-27T13:18:28+00:00","twitter_card":"summary_large_image","twitter_misc":{"Estimated reading time":"1 minute"},"schema":{"@context":"https:\/\/schema.org","@graph":[{"@type":"WebSite","@id":"https:\/\/www.ville-celles-sur-belle.com\/#website","url":"https:\/\/www.ville-celles-sur-belle.com\/","name":"Mairie de Celles-sur-Belle","description":"Belle \u00e0 investir","potentialAction":[{"@type":"SearchAction","target":{"@type":"EntryPoint","urlTemplate":"https:\/\/www.ville-celles-sur-belle.com\/?s={search_term_string}"},"query-input":"required name=search_term_string"}],"inLanguage":"en-GB"},{"@type":"WebPage","@id":"https:\/\/www.ville-celles-sur-belle.com\/vie-municipale\/investir-entreprendre\/zae\/#webpage","url":"https:\/\/www.ville-celles-sur-belle.com\/vie-municipale\/investir-entreprendre\/zae\/","name":"Zones d\u2019Activit\u00e9s \u00c9conomiques - Mairie de Celles-sur-Belle","isPartOf":{"@id":"https:\/\/www.ville-celles-sur-belle.com\/#website"},"datePublished":"2020-04-10T09:44:11+00:00","dateModified":"2024-08-27T13:18:28+00:00","breadcrumb":{"@id":"https:\/\/www.ville-celles-sur-belle.com\/vie-municipale\/investir-entreprendre\/zae\/#breadcrumb"},"inLanguage":"en-GB","potentialAction":[{"@type":"ReadAction","target":["https:\/\/www.ville-celles-sur-belle.com\/vie-municipale\/investir-entreprendre\/zae\/"]}]},{"@type":"BreadcrumbList","@id":"https:\/\/www.ville-celles-sur-belle.com\/vie-municipale\/investir-entreprendre\/zae\/#breadcrumb","itemListElement":[{"@type":"ListItem","position":1,"name":"Accueil","item":"https:\/\/www.ville-celles-sur-belle.com\/"},{"@type":"ListItem","position":2,"name":"Vie municipale","item":"https:\/\/www.ville-celles-sur-belle.com\/vie-municipale\/"},{"@type":"ListItem","position":3,"name":"Investir et Entreprendre","item":"https:\/\/www.ville-celles-sur-belle.com\/vie-municipale\/investir-entreprendre\/"},{"@type":"ListItem","position":4,"name":"Zones d\u2019Activit\u00e9s \u00c9conomiques"}]}]}},"_links":{"self":[{"href":"https:\/\/www.ville-celles-sur-belle.com\/en\/wp-json\/wp\/v2\/pages\/16758"}],"collection":[{"href":"https:\/\/www.ville-celles-sur-belle.com\/en\/wp-json\/wp\/v2\/pages"}],"about":[{"href":"https:\/\/www.ville-celles-sur-belle.com\/en\/wp-json\/wp\/v2\/types\/page"}],"author":[{"embeddable":true,"href":"https:\/\/www.ville-celles-sur-belle.com\/en\/wp-json\/wp\/v2\/users\/4"}],"replies":[{"embeddable":true,"href":"https:\/\/www.ville-celles-sur-belle.com\/en\/wp-json\/wp\/v2\/comments?post=16758"}],"version-history":[{"count":15,"href":"https:\/\/www.ville-celles-sur-belle.com\/en\/wp-json\/wp\/v2\/pages\/16758\/revisions"}],"predecessor-version":[{"id":19978,"href":"https:\/\/www.ville-celles-sur-belle.com\/en\/wp-json\/wp\/v2\/pages\/16758\/revisions\/19978"}],"up":[{"embeddable":true,"href":"https:\/\/www.ville-celles-sur-belle.com\/en\/wp-json\/wp\/v2\/pages\/16756"}],"wp:attachment":[{"href":"https:\/\/www.ville-celles-sur-belle.com\/en\/wp-json\/wp\/v2\/media?parent=16758"}],"curies":[{"name":"wp","href":"https:\/\/api.w.org\/{rel}","templated":true}]}}