{"id":18785,"date":"2022-11-03T15:03:56","date_gmt":"2022-11-03T14:03:56","guid":{"rendered":"https:\/\/www.ville-celles-sur-belle.com\/?page_id=18785"},"modified":"2026-01-27T13:54:00","modified_gmt":"2026-01-27T12:54:00","slug":"politique-de-confidentialite-2","status":"publish","type":"page","link":"https:\/\/www.ville-celles-sur-belle.com\/en\/politique-de-confidentialite-2\/","title":{"rendered":"Politique de Confidentialit\u00e9"},"content":{"rendered":"<div  class=\"wpb_row vc_row-fluid standard-section section  section-no-parallax  stretch\" data-speed=\"1\" style=\"\"><div class=\"col span_12 color-dark left\">\n\t<div class=\"vc_col-sm-12 wpb_column column_container col no-padding color-dark\" style=\"\" data-animation=\"\" data-delay=\"\">\n\t\t<div class=\"wpb_wrapper\">\n\t\t\t\n\t<div class=\"wpb_text_column wpb_content_element\" >\n\t\t<div class=\"wpb_wrapper\">\n\t\t\t<div id=\"comp-l9pm371x\" class=\"_2Hij5 _3bcaz\" data-testid=\"richTextElement\">\n<h3 class=\"font_3\">. DONN\u00c9ES PERSONNELLES<\/h3>\n<\/div>\n<div id=\"comp-l9r3k0px\" class=\"_2Hij5 _3bcaz\" data-testid=\"richTextElement\">\n<p class=\"font_8\">La Mairie de Celles-sur-Belle s\u2019engage \u00e0 ce que la collecte et le traitement de vos donn\u00e9es effectu\u00e9s \u00e0 partir du site<a href=\"https:\/\/www.ville-celles-sur-belle.com\/en\/\"> https:\/\/www.ville-celles-sur-belle.com<\/a>\/ soient conformes au r\u00e8glement g\u00e9n\u00e9ral sur la protection des donn\u00e9es (RGPD) et \u00e0 la loi Informatique et Libert\u00e9s.<\/p>\n<p class=\"font_8\">Vous disposez de droits vous permettant d\u2019acc\u00e9der \u00e0 vos donn\u00e9es, demander leur rectification en cas d\u2019erreur, demander leur effacement, demander la limitation de leur traitement, demander leur portabilit\u00e9, vous opposer \u00e0 leur traitement, d\u00e9finir des directives relatives \u00e0 leur sort apr\u00e8s votre d\u00e9c\u00e8s. Pour mieux conna\u00eetre vos droits, consultez le site de la\u00a0<a href=\"https:\/\/www.cnil.fr\/fr\/les-droits-pour-maitriser-vos-donnees-personnelles\/\" target=\"_blank\" rel=\"noreferrer noopener\">CNIL<\/a>.<\/p>\n<p class=\"font_8\">Vous pouvez exercer vos droits aupr\u00e8s du d\u00e9l\u00e9gu\u00e9 \u00e0 la protection des donn\u00e9es en vous adressant \u00e0 :<\/p>\n<p class=\"font_8\">DATA VIGI PROTECTION SAS<\/p>\n<p>26, chauss\u00e9e Marcad\u00e9<\/p>\n<p>80100 ABBEVILLE<\/p>\n<p>03 22 44 22 30<\/p>\n<p>contact@datavigiprotection.fr<\/p>\n<p>&nbsp;<\/p>\n<p class=\"font_8\">De mani\u00e8re g\u00e9n\u00e9rale, vous n\u2019\u00eates pas tenu de nous communiquer vos donn\u00e9es personnelles lorsque vous visitez notre site Internet <a href=\"https:\/\/www.ville-celles-sur-belle.com\/en\/\">https:\/\/www.ville-celles-sur-belle.com\/<\/a><\/p>\n<p class=\"font_8\">Cependant, pour certains services propos\u00e9s par notre site, vous pouvez \u00eatre amen\u00e9s \u00e0 nous communiquer certaines donn\u00e9es telles que votre adresse \u00e9lectronique. Tel est le cas lorsque vous remplissez le Formulaire de contact. A tout moment, vous pouvez refuser de fournir ces donn\u00e9es personnelles. Dans ce cas, vous ne pourrez pas utiliser les services du site, notamment celui de solliciter en ligne des renseignements sur notre soci\u00e9t\u00e9.<\/p>\n<p class=\"font_8\">Enfin, nous pouvons collecter de mani\u00e8re automatique certaines informations vous concernant lors d\u2019une simple<\/p>\n<p class=\"font_8\">navigation sur notre site Internet. R\u00e9f\u00e9rez-vous au paragraphe \u201cUtilisation de cookies\u201d, ci-dessous.<\/p>\n<p class=\"font_8\"><span class=\"wixGuard\">\u200b<\/span><\/p>\n<h3 class=\"font_3\">.\u00a0UTILISATION DE COOKIES<\/h3>\n<p class=\"font_8\">Les \u00ab\u00a0Cookies\u00a0\u00bb (ou t\u00e9moins de connexion) sont des petits fichiers texte de taille limit\u00e9e qui nous permettent de reconna\u00eetre votre ordinateur, votre tablette ou votre mobile aux fins de personnaliser les services que nous vous proposons. Ils sont utilis\u00e9s exclusivement pour nos besoins propres afin d&rsquo;am\u00e9liorer l&rsquo;interactivit\u00e9 et la performance de notre site web.<\/p>\n<p class=\"font_8\"><span class=\"wixGuard\">\u200b<\/span><\/p>\n<p class=\"font_8\">Lors de votre premi\u00e8re connexion sur le site web <a href=\"https:\/\/www.ville-celles-sur-belle.com\/en\/\">https:\/\/www.ville-celles-sur-belle.com\/<\/a> vous \u00eates avertis par un bandeau en bas de votre \u00e9cran que des informations relatives \u00e0 voter navigation sont susceptibles d&rsquo;\u00eatre enregistr\u00e9es dans ces fichiers d\u00e9nomm\u00e9s \u00ab\u00a0cookies\u00a0\u00bb.<\/p>\n<p class=\"font_8\"><span class=\"wixGuard\">\u200b<\/span><\/p>\n<p class=\"font_8\">Nous collectons notamment\u00a0 des informations concernant l&rsquo;utilisation de notre site, comme les zones que vous visitez et les services auxquels vous acc\u00e9dez, votre adresse IP, le type de votre navigateur, vos temps d&rsquo;acc\u00e8s, destin\u00e9s \u00e0 mesurer l&rsquo;audience de notre site internet.<\/p>\n<p class=\"font_8\">Vous pouvez accepter ou refuser le d\u00e9p\u00f4t de cookies \u00e0 tout moment.<\/p>\n<p class=\"font_8\"><span class=\"wixGuard\">\u200b<\/span><\/p>\n<p class=\"font_8\">Lors de votre premi\u00e8re connexion sur le site internet <a href=\"https:\/\/www.ville-celles-sur-belle.com\/en\/\">https:\/\/www.ville-celles-sur-belle.com\/<\/a>, une banni\u00e8re pr\u00e9sentant bri\u00e8vement des informations relatives au d\u00e9p\u00f4ts de cookies et de technologies similaires appara\u00eet en bas de votre \u00e9cran. Cette banni\u00e8re vous avertit qu&rsquo;en poursuivant votre navigation sur le site internet <a href=\"https:\/\/www.ville-celles-sur-belle.com\/en\/\">https:\/\/www.ville-celles-sur-belle.com\/<\/a>(en chargeant une nouvelle page ou en cliquant sur divers \u00e9l\u00e9ments du site par exemple), vous acceptez le d\u00e9p\u00f4t de cookies sur votre terminal.<\/p>\n<p class=\"font_8\">Vous pouvez modifier votre choix concernant l&rsquo;utilisation des cookies \u00e0 tout moment en cliquant sur l&rsquo;ic\u00f4ne<img loading=\"lazy\" class=\"alignnone wp-image-18798\" src=\"https:\/\/www.ville-celles-sur-belle.com\/wp-content\/uploads\/2022\/11\/icone-cookie-site-mairie.png\" alt=\"\" width=\"50\" height=\"53\" srcset=\"https:\/\/www.ville-celles-sur-belle.com\/wp-content\/uploads\/2022\/11\/icone-cookie-site-mairie.png 52w, https:\/\/www.ville-celles-sur-belle.com\/wp-content\/uploads\/2022\/11\/icone-cookie-site-mairie-11x12.png 11w\" sizes=\"(max-width: 50px) 100vw, 50px\" \/> qui s&rsquo;affiche en bas \u00e0 droite de votre \u00e9cran<\/p>\n<p class=\"font_8\"><span class=\"wixGuard\">\u200b<\/span><\/p>\n<\/div>\n\n\t\t<\/div>\n\t<\/div>\n\n\t\t<\/div> \n\t<\/div> \n<\/div><\/div>","protected":false},"excerpt":{"rendered":". DONN\u00c9ES PERSONNELLES La Mairie de Celles-sur-Belle s\u2019engage \u00e0 ce que la collecte et le traitement de vos donn\u00e9es effectu\u00e9s \u00e0 partir du site https:\/\/www.ville-celles-sur-belle.com\/ soient conformes au r\u00e8glement g\u00e9n\u00e9ral sur la protection des donn\u00e9es (RGPD) et \u00e0 la loi Informatique et Libert\u00e9s. Vous disposez de droits vous permettant d\u2019acc\u00e9der \u00e0 vos donn\u00e9es, demander leur rectification en cas d\u2019erreur, demander leur effacement, demander la limitation de leur traitement, demander leur portabilit\u00e9, vous opposer \u00e0 leur traitement, d\u00e9finir des directives relatives \u00e0 leur sort apr\u00e8s votre d\u00e9c\u00e8s. Pour mieux conna\u00eetre vos droits, consultez le site de la\u00a0CNIL. Vous pouvez exercer vos droits aupr\u00e8s du d\u00e9l\u00e9gu\u00e9 \u00e0 la protection des donn\u00e9es en vous adressant \u00e0 : DATA VIGI PROTECTION SAS 26, chauss\u00e9e Marcad\u00e9 80100 ABBEVILLE 03 22 44 22 30 contact@datavigiprotection.fr &nbsp; De mani\u00e8re g\u00e9n\u00e9rale, vous n\u2019\u00eates pas tenu de nous communiquer vos donn\u00e9es personnelles lorsque vous visitez notre site Internet https:\/\/www.ville-celles-sur-belle.com\/ Cependant, pour certains services propos\u00e9s par notre site, vous pouvez \u00eatre amen\u00e9s \u00e0 nous communiquer certaines donn\u00e9es telles que votre adresse \u00e9lectronique. Tel est le cas lorsque vous remplissez le Formulaire de contact. A tout moment, vous pouvez refuser de fournir ces donn\u00e9es personnelles. Dans ce cas, vous ne pourrez [...]","protected":false},"author":4,"featured_media":0,"parent":0,"menu_order":0,"comment_status":"closed","ping_status":"closed","template":"","meta":[],"yoast_head":"<!-- This site is optimized with the Yoast SEO plugin v17.0 - https:\/\/yoast.com\/wordpress\/plugins\/seo\/ -->\n<title>Politique de Confidentialit\u00e9 - Mairie de Celles-sur-Belle<\/title>\n<meta name=\"robots\" content=\"index, follow, max-snippet:-1, max-image-preview:large, max-video-preview:-1\" \/>\n<link rel=\"canonical\" href=\"https:\/\/www.ville-celles-sur-belle.com\/en\/politique-de-confidentialite-2\/\" \/>\n<meta property=\"og:locale\" content=\"en_GB\" \/>\n<meta property=\"og:type\" content=\"article\" \/>\n<meta property=\"og:title\" content=\"Politique de Confidentialit\u00e9 - Mairie de Celles-sur-Belle\" \/>\n<meta property=\"og:url\" content=\"https:\/\/www.ville-celles-sur-belle.com\/en\/politique-de-confidentialite-2\/\" \/>\n<meta property=\"og:site_name\" content=\"Mairie de Celles-sur-Belle\" \/>\n<meta property=\"article:modified_time\" content=\"2026-01-27T12:54:00+00:00\" \/>\n<meta property=\"og:image\" content=\"https:\/\/www.ville-celles-sur-belle.com\/wp-content\/uploads\/2022\/11\/icone-cookie-site-mairie.png\" \/>\n<meta name=\"twitter:card\" content=\"summary_large_image\" \/>\n<meta name=\"twitter:label1\" content=\"Estimated reading time\" \/>\n\t<meta name=\"twitter:data1\" content=\"3 minutes\" \/>\n<script type=\"application\/ld+json\" class=\"yoast-schema-graph\">{\"@context\":\"https:\/\/schema.org\",\"@graph\":[{\"@type\":\"WebSite\",\"@id\":\"https:\/\/www.ville-celles-sur-belle.com\/#website\",\"url\":\"https:\/\/www.ville-celles-sur-belle.com\/\",\"name\":\"Mairie de Celles-sur-Belle\",\"description\":\"Belle \\u00e0 investir\",\"potentialAction\":[{\"@type\":\"SearchAction\",\"target\":{\"@type\":\"EntryPoint\",\"urlTemplate\":\"https:\/\/www.ville-celles-sur-belle.com\/?s={search_term_string}\"},\"query-input\":\"required name=search_term_string\"}],\"inLanguage\":\"en-GB\"},{\"@type\":\"ImageObject\",\"@id\":\"https:\/\/www.ville-celles-sur-belle.com\/politique-de-confidentialite-2\/#primaryimage\",\"inLanguage\":\"en-GB\",\"url\":\"https:\/\/www.ville-celles-sur-belle.com\/wp-content\/uploads\/2022\/11\/icone-cookie-site-mairie.png\",\"contentUrl\":\"https:\/\/www.ville-celles-sur-belle.com\/wp-content\/uploads\/2022\/11\/icone-cookie-site-mairie.png\",\"width\":52,\"height\":55},{\"@type\":\"WebPage\",\"@id\":\"https:\/\/www.ville-celles-sur-belle.com\/politique-de-confidentialite-2\/#webpage\",\"url\":\"https:\/\/www.ville-celles-sur-belle.com\/politique-de-confidentialite-2\/\",\"name\":\"Politique de Confidentialit\\u00e9 - Mairie de Celles-sur-Belle\",\"isPartOf\":{\"@id\":\"https:\/\/www.ville-celles-sur-belle.com\/#website\"},\"primaryImageOfPage\":{\"@id\":\"https:\/\/www.ville-celles-sur-belle.com\/politique-de-confidentialite-2\/#primaryimage\"},\"datePublished\":\"2022-11-03T14:03:56+00:00\",\"dateModified\":\"2026-01-27T12:54:00+00:00\",\"breadcrumb\":{\"@id\":\"https:\/\/www.ville-celles-sur-belle.com\/politique-de-confidentialite-2\/#breadcrumb\"},\"inLanguage\":\"en-GB\",\"potentialAction\":[{\"@type\":\"ReadAction\",\"target\":[\"https:\/\/www.ville-celles-sur-belle.com\/politique-de-confidentialite-2\/\"]}]},{\"@type\":\"BreadcrumbList\",\"@id\":\"https:\/\/www.ville-celles-sur-belle.com\/politique-de-confidentialite-2\/#breadcrumb\",\"itemListElement\":[{\"@type\":\"ListItem\",\"position\":1,\"name\":\"Accueil\",\"item\":\"https:\/\/www.ville-celles-sur-belle.com\/\"},{\"@type\":\"ListItem\",\"position\":2,\"name\":\"Politique de Confidentialit\\u00e9\"}]}]}<\/script>\n<!-- \/ Yoast SEO plugin. -->","yoast_head_json":{"title":"Politique de Confidentialit\u00e9 - Mairie de Celles-sur-Belle","robots":{"index":"index","follow":"follow","max-snippet":"max-snippet:-1","max-image-preview":"max-image-preview:large","max-video-preview":"max-video-preview:-1"},"canonical":"https:\/\/www.ville-celles-sur-belle.com\/en\/politique-de-confidentialite-2\/","og_locale":"en_GB","og_type":"article","og_title":"Politique de Confidentialit\u00e9 - Mairie de Celles-sur-Belle","og_url":"https:\/\/www.ville-celles-sur-belle.com\/en\/politique-de-confidentialite-2\/","og_site_name":"Mairie de Celles-sur-Belle","article_modified_time":"2026-01-27T12:54:00+00:00","og_image":[{"url":"https:\/\/www.ville-celles-sur-belle.com\/wp-content\/uploads\/2022\/11\/icone-cookie-site-mairie.png"}],"twitter_card":"summary_large_image","twitter_misc":{"Estimated reading time":"3 minutes"},"schema":{"@context":"https:\/\/schema.org","@graph":[{"@type":"WebSite","@id":"https:\/\/www.ville-celles-sur-belle.com\/#website","url":"https:\/\/www.ville-celles-sur-belle.com\/","name":"Mairie de Celles-sur-Belle","description":"Belle \u00e0 investir","potentialAction":[{"@type":"SearchAction","target":{"@type":"EntryPoint","urlTemplate":"https:\/\/www.ville-celles-sur-belle.com\/?s={search_term_string}"},"query-input":"required name=search_term_string"}],"inLanguage":"en-GB"},{"@type":"ImageObject","@id":"https:\/\/www.ville-celles-sur-belle.com\/politique-de-confidentialite-2\/#primaryimage","inLanguage":"en-GB","url":"https:\/\/www.ville-celles-sur-belle.com\/wp-content\/uploads\/2022\/11\/icone-cookie-site-mairie.png","contentUrl":"https:\/\/www.ville-celles-sur-belle.com\/wp-content\/uploads\/2022\/11\/icone-cookie-site-mairie.png","width":52,"height":55},{"@type":"WebPage","@id":"https:\/\/www.ville-celles-sur-belle.com\/politique-de-confidentialite-2\/#webpage","url":"https:\/\/www.ville-celles-sur-belle.com\/politique-de-confidentialite-2\/","name":"Politique de Confidentialit\u00e9 - Mairie de Celles-sur-Belle","isPartOf":{"@id":"https:\/\/www.ville-celles-sur-belle.com\/#website"},"primaryImageOfPage":{"@id":"https:\/\/www.ville-celles-sur-belle.com\/politique-de-confidentialite-2\/#primaryimage"},"datePublished":"2022-11-03T14:03:56+00:00","dateModified":"2026-01-27T12:54:00+00:00","breadcrumb":{"@id":"https:\/\/www.ville-celles-sur-belle.com\/politique-de-confidentialite-2\/#breadcrumb"},"inLanguage":"en-GB","potentialAction":[{"@type":"ReadAction","target":["https:\/\/www.ville-celles-sur-belle.com\/politique-de-confidentialite-2\/"]}]},{"@type":"BreadcrumbList","@id":"https:\/\/www.ville-celles-sur-belle.com\/politique-de-confidentialite-2\/#breadcrumb","itemListElement":[{"@type":"ListItem","position":1,"name":"Accueil","item":"https:\/\/www.ville-celles-sur-belle.com\/"},{"@type":"ListItem","position":2,"name":"Politique de Confidentialit\u00e9"}]}]}},"_links":{"self":[{"href":"https:\/\/www.ville-celles-sur-belle.com\/en\/wp-json\/wp\/v2\/pages\/18785"}],"collection":[{"href":"https:\/\/www.ville-celles-sur-belle.com\/en\/wp-json\/wp\/v2\/pages"}],"about":[{"href":"https:\/\/www.ville-celles-sur-belle.com\/en\/wp-json\/wp\/v2\/types\/page"}],"author":[{"embeddable":true,"href":"https:\/\/www.ville-celles-sur-belle.com\/en\/wp-json\/wp\/v2\/users\/4"}],"replies":[{"embeddable":true,"href":"https:\/\/www.ville-celles-sur-belle.com\/en\/wp-json\/wp\/v2\/comments?post=18785"}],"version-history":[{"count":9,"href":"https:\/\/www.ville-celles-sur-belle.com\/en\/wp-json\/wp\/v2\/pages\/18785\/revisions"}],"predecessor-version":[{"id":20631,"href":"https:\/\/www.ville-celles-sur-belle.com\/en\/wp-json\/wp\/v2\/pages\/18785\/revisions\/20631"}],"wp:attachment":[{"href":"https:\/\/www.ville-celles-sur-belle.com\/en\/wp-json\/wp\/v2\/media?parent=18785"}],"curies":[{"name":"wp","href":"https:\/\/api.w.org\/{rel}","templated":true}]}}