{"id":19419,"date":"2023-12-07T10:24:27","date_gmt":"2023-12-07T09:24:27","guid":{"rendered":"https:\/\/www.ville-celles-sur-belle.com\/?page_id=19419"},"modified":"2024-06-06T14:10:19","modified_gmt":"2024-06-06T12:10:19","slug":"ludotheque","status":"publish","type":"page","link":"https:\/\/www.ville-celles-sur-belle.com\/en\/ville-active\/ludotheque\/","title":{"rendered":"Ludoth\u00e8que"},"content":{"rendered":"<div id=\"banniere_contenu\" class=\"wpb_row vc_row-fluid full-width-section section  section-no-parallax  stretch\" data-speed=\"1\" style=\"\"><div class=\"col span_12 color-dark left\">\n\t<div class=\"vc_col-sm-12 wpb_column column_container col no-padding color-dark\" style=\"\" data-animation=\"\" data-delay=\"\">\n\t\t<div class=\"wpb_wrapper\">\n\t\t\t<div class=\"single_image wpb_content_element align-left\" data-animation=\"none\" data-delay=\"0\"><img width=\"2304\" height=\"912\" src=\"https:\/\/www.ville-celles-sur-belle.com\/wp-content\/uploads\/2020\/01\/slide1.jpg\" class=\"attachment-full\" alt=\"\" loading=\"lazy\" srcset=\"https:\/\/www.ville-celles-sur-belle.com\/wp-content\/uploads\/2020\/01\/slide1.jpg 2304w, https:\/\/www.ville-celles-sur-belle.com\/wp-content\/uploads\/2020\/01\/slide1-300x119.jpg 300w, https:\/\/www.ville-celles-sur-belle.com\/wp-content\/uploads\/2020\/01\/slide1-1024x405.jpg 1024w, https:\/\/www.ville-celles-sur-belle.com\/wp-content\/uploads\/2020\/01\/slide1-768x304.jpg 768w, https:\/\/www.ville-celles-sur-belle.com\/wp-content\/uploads\/2020\/01\/slide1-1536x608.jpg 1536w, https:\/\/www.ville-celles-sur-belle.com\/wp-content\/uploads\/2020\/01\/slide1-2048x811.jpg 2048w\" sizes=\"(max-width: 2304px) 100vw, 2304px\" \/><\/div>\n\t\t<\/div> \n\t<\/div> \n<\/div><\/div><div  class=\"wpb_row vc_row-fluid standard-section section  section-no-parallax  stretch\" data-speed=\"1\" style=\"padding-top: 100px; \"><div class=\"col span_12 color-dark left\">\n\t<div class=\"vc_col-sm-12 wpb_column column_container col no-padding color-dark\" style=\"\" data-animation=\"\" data-delay=\"\">\n\t\t<div class=\"wpb_wrapper\">\n\t\t\t\n\t<div class=\"wpb_text_column wpb_content_element\" >\n\t\t<div class=\"wpb_wrapper\">\n\t\t\t<h2>Ludoth\u00e8que Malle de jeux<\/h2>\n\n\t\t<\/div>\n\t<\/div>\n\n\t<div class=\"wpb_text_column wpb_content_element\" >\n\t\t<div class=\"wpb_wrapper\">\n\t\t\t<p>Depuis le 13 avril 2024, la Ludoth\u00e8que est situ\u00e9e au 12 avenue de Limoges, dans l\u2019<strong>Espace les 3 Arches<\/strong>, qui accueille \u00e9galement la <a href=\"https:\/\/www.ville-celles-sur-belle.com\/en\/ville-active\/mediatheque\/\">M\u00e9diath\u00e8que municipale<\/a>.<\/p>\n<p>Cet espace de jeu g\u00e9r\u00e9 par la communaut\u00e9 de communes <strong>Mellois en Poitou<\/strong> adapt\u00e9 \u00e0 tous les \u00e2ges favorise les rencontres interculturelles et interg\u00e9n\u00e9rationnelles. C\u2019est un lieu de partage, de plaisir et de d\u00e9couverte.<br \/>\nLa ludoth\u00e8que Malle de Jeux poss\u00e8de une collection de plus de 1000 jeux et jouets pouvant \u00eatre utilis\u00e9s sur place et\/ou en pr\u00eat.<\/p>\n\n\t\t<\/div>\n\t<\/div>\n<div class=\"flexslider wpb_content_element\"><ul class=\"slides\"><li><img src=\"https:\/\/www.ville-celles-sur-belle.com\/wp-content\/uploads\/2024\/04\/437146521_447984331223994_2652290776000224432_n.jpg\" alt=\"\" \/><\/li><li><img src=\"https:\/\/www.ville-celles-sur-belle.com\/wp-content\/uploads\/2024\/04\/439114460_832587618906021_9185905138291309375_n.jpg\" alt=\"\" \/><\/li><li><img src=\"https:\/\/www.ville-celles-sur-belle.com\/wp-content\/uploads\/2024\/04\/439076313_832587588906024_2568933055914727043_n.jpg\" alt=\"\" \/><\/li><li><img src=\"https:\/\/www.ville-celles-sur-belle.com\/wp-content\/uploads\/2024\/04\/439127852_832587595572690_5264322756323799876_n.jpg\" alt=\"\" \/><\/li><li><img src=\"https:\/\/www.ville-celles-sur-belle.com\/wp-content\/uploads\/2024\/04\/439071797_832587728906010_3524509568934901343_n.jpg\" alt=\"\" \/><\/li><li><img src=\"https:\/\/www.ville-celles-sur-belle.com\/wp-content\/uploads\/2024\/04\/mediatheque_exterieur1.jpg\" alt=\"\" \/><\/li><li><img src=\"https:\/\/www.ville-celles-sur-belle.com\/wp-content\/uploads\/2024\/04\/mediatheque_ouverture.jpg\" alt=\"\" \/><\/li><\/ul><\/div>\n\t\t<\/div> \n\t<\/div> \n<\/div><\/div><div  class=\"wpb_row vc_row-fluid standard-section section  section-no-parallax  stretch\" data-speed=\"1\" style=\"padding-top: 30px; \"><div class=\"col span_12 color-dark left\">\n\t<div class=\"vc_col-sm-6 wpb_column column_container col no-padding color-dark\" style=\"\" data-animation=\"\" data-delay=\"\">\n\t\t<div class=\"wpb_wrapper\">\n\t\t\t\n\t<div class=\"wpb_text_column wpb_content_element\" >\n\t\t<div class=\"wpb_wrapper\">\n\t\t\t<p style=\"text-align: center;\">Actualit\u00e9s, animations (F\u00eate du Jeu), rendez-vous sur la <a href=\"https:\/\/www.facebook.com\/ludotheque.cccelles\" target=\"_blank\" rel=\"noopener\">Page Facebook<\/a>.<\/p>\n<p style=\"text-align: center;\">T\u00e9l : <span class=\"x193iq5w xeuugli x13faqbe x1vvkbs x1xmvt09 x1lliihq x1s928wv xhkezso x1gmr53x x1cpjm7i x1fgarty x1943h6x xudqn12 x3x7a5m x6prxxf xvq8zen xo1l8bm xzsf02u x1yc453h\" dir=\"auto\">05 16 18 79 32<\/span><br \/>\n<a href=\"mailto:ludotheque.celles@melloisenpoitou.fr\">ludotheque.celles@melloisenpoitou.fr<\/a><\/p>\n\n\t\t<\/div>\n\t<\/div>\n\n\t\t<\/div> \n\t<\/div> \n\n\t<div class=\"vc_col-sm-6 wpb_column column_container col no-padding color-dark\" style=\"\" data-animation=\"\" data-delay=\"\">\n\t\t<div class=\"wpb_wrapper\">\n\t\t\t\n\t<div class=\"wpb_text_column wpb_content_element\" >\n\t\t<div class=\"wpb_wrapper\">\n\t\t\t<p><strong><a href=\"https:\/\/www.ville-celles-sur-belle.com\/en\/page-type\/ludotheque\/logo-4\/\" rel=\"attachment wp-att-19445\"><img loading=\"lazy\" class=\"wp-image-19445 size-thumbnail alignleft\" src=\"https:\/\/www.ville-celles-sur-belle.com\/wp-content\/uploads\/2023\/12\/logo-150x150.jpg\" alt=\"\" width=\"150\" height=\"150\" srcset=\"https:\/\/www.ville-celles-sur-belle.com\/wp-content\/uploads\/2023\/12\/logo-150x150.jpg 150w, https:\/\/www.ville-celles-sur-belle.com\/wp-content\/uploads\/2023\/12\/logo-12x12.jpg 12w, https:\/\/www.ville-celles-sur-belle.com\/wp-content\/uploads\/2023\/12\/logo-80x80.jpg 80w\" sizes=\"(max-width: 150px) 100vw, 150px\" \/><\/a><\/strong><\/p>\n<p><strong>HORAIRES :<\/strong><br \/>\nMercredi : 10h &#8211; 12h \/ 14h &#8211; 18h<br \/>\nJeudi : 10h &#8211; 12h<br \/>\nVendredi : 15h30 &#8211; 18h<br \/>\nSamedi : 09h30 &#8211; 12h<\/p>\n\n\t\t<\/div>\n\t<\/div>\n\n\t\t<\/div> \n\t<\/div> \n<\/div><\/div>","protected":false},"excerpt":{"rendered":"Ludoth\u00e8que Malle de jeux Depuis le 13 avril 2024, la Ludoth\u00e8que est situ\u00e9e au 12 avenue de Limoges, dans l\u2019Espace les 3 Arches, qui accueille \u00e9galement la M\u00e9diath\u00e8que municipale. Cet espace de jeu g\u00e9r\u00e9 par la communaut\u00e9 de communes Mellois en Poitou adapt\u00e9 \u00e0 tous les \u00e2ges favorise les rencontres interculturelles et interg\u00e9n\u00e9rationnelles. C\u2019est un lieu de partage, de plaisir et de d\u00e9couverte. La ludoth\u00e8que Malle de Jeux poss\u00e8de une collection de plus de 1000 jeux et jouets pouvant \u00eatre utilis\u00e9s sur place et\/ou en pr\u00eat. Actualit\u00e9s, animations (F\u00eate du Jeu), rendez-vous sur la Page Facebook. T\u00e9l : 05 16 18 79 32 ludotheque.celles@melloisenpoitou.fr HORAIRES : Mercredi : 10h - 12h \/ 14h - 18h Jeudi : 10h - 12h Vendredi : 15h30 - 18h Samedi : 09h30 - 12h","protected":false},"author":4,"featured_media":0,"parent":15628,"menu_order":0,"comment_status":"closed","ping_status":"closed","template":"","meta":[],"yoast_head":"<!-- This site is optimized with the Yoast SEO plugin v17.0 - https:\/\/yoast.com\/wordpress\/plugins\/seo\/ -->\n<title>Ludoth\u00e8que - Mairie de Celles-sur-Belle<\/title>\n<meta name=\"robots\" content=\"index, follow, max-snippet:-1, max-image-preview:large, max-video-preview:-1\" \/>\n<link rel=\"canonical\" href=\"https:\/\/www.ville-celles-sur-belle.com\/en\/ville-active\/ludotheque\/\" \/>\n<meta property=\"og:locale\" content=\"en_GB\" \/>\n<meta property=\"og:type\" content=\"article\" \/>\n<meta property=\"og:title\" content=\"Ludoth\u00e8que - Mairie de Celles-sur-Belle\" \/>\n<meta property=\"og:url\" content=\"https:\/\/www.ville-celles-sur-belle.com\/en\/ville-active\/ludotheque\/\" \/>\n<meta property=\"og:site_name\" content=\"Mairie de Celles-sur-Belle\" \/>\n<meta property=\"article:modified_time\" content=\"2024-06-06T12:10:19+00:00\" \/>\n<meta property=\"og:image\" content=\"https:\/\/www.ville-celles-sur-belle.com\/wp-content\/uploads\/2023\/12\/logo-150x150.jpg\" \/>\n<meta name=\"twitter:card\" content=\"summary_large_image\" \/>\n<meta name=\"twitter:label1\" content=\"Estimated reading time\" \/>\n\t<meta name=\"twitter:data1\" content=\"2 minutes\" \/>\n<script type=\"application\/ld+json\" class=\"yoast-schema-graph\">{\"@context\":\"https:\/\/schema.org\",\"@graph\":[{\"@type\":\"WebSite\",\"@id\":\"https:\/\/www.ville-celles-sur-belle.com\/#website\",\"url\":\"https:\/\/www.ville-celles-sur-belle.com\/\",\"name\":\"Mairie de Celles-sur-Belle\",\"description\":\"Belle \\u00e0 investir\",\"potentialAction\":[{\"@type\":\"SearchAction\",\"target\":{\"@type\":\"EntryPoint\",\"urlTemplate\":\"https:\/\/www.ville-celles-sur-belle.com\/?s={search_term_string}\"},\"query-input\":\"required name=search_term_string\"}],\"inLanguage\":\"en-GB\"},{\"@type\":\"ImageObject\",\"@id\":\"https:\/\/www.ville-celles-sur-belle.com\/ville-active\/ludotheque\/#primaryimage\",\"inLanguage\":\"en-GB\",\"url\":\"https:\/\/www.ville-celles-sur-belle.com\/wp-content\/uploads\/2023\/12\/logo.jpg\",\"contentUrl\":\"https:\/\/www.ville-celles-sur-belle.com\/wp-content\/uploads\/2023\/12\/logo.jpg\",\"width\":449,\"height\":455},{\"@type\":\"WebPage\",\"@id\":\"https:\/\/www.ville-celles-sur-belle.com\/ville-active\/ludotheque\/#webpage\",\"url\":\"https:\/\/www.ville-celles-sur-belle.com\/ville-active\/ludotheque\/\",\"name\":\"Ludoth\\u00e8que - Mairie de Celles-sur-Belle\",\"isPartOf\":{\"@id\":\"https:\/\/www.ville-celles-sur-belle.com\/#website\"},\"primaryImageOfPage\":{\"@id\":\"https:\/\/www.ville-celles-sur-belle.com\/ville-active\/ludotheque\/#primaryimage\"},\"datePublished\":\"2023-12-07T09:24:27+00:00\",\"dateModified\":\"2024-06-06T12:10:19+00:00\",\"breadcrumb\":{\"@id\":\"https:\/\/www.ville-celles-sur-belle.com\/ville-active\/ludotheque\/#breadcrumb\"},\"inLanguage\":\"en-GB\",\"potentialAction\":[{\"@type\":\"ReadAction\",\"target\":[\"https:\/\/www.ville-celles-sur-belle.com\/ville-active\/ludotheque\/\"]}]},{\"@type\":\"BreadcrumbList\",\"@id\":\"https:\/\/www.ville-celles-sur-belle.com\/ville-active\/ludotheque\/#breadcrumb\",\"itemListElement\":[{\"@type\":\"ListItem\",\"position\":1,\"name\":\"Accueil\",\"item\":\"https:\/\/www.ville-celles-sur-belle.com\/\"},{\"@type\":\"ListItem\",\"position\":2,\"name\":\"Ville active\",\"item\":\"https:\/\/www.ville-celles-sur-belle.com\/ville-active\/\"},{\"@type\":\"ListItem\",\"position\":3,\"name\":\"Ludoth\\u00e8que\"}]}]}<\/script>\n<!-- \/ Yoast SEO plugin. -->","yoast_head_json":{"title":"Ludoth\u00e8que - Mairie de Celles-sur-Belle","robots":{"index":"index","follow":"follow","max-snippet":"max-snippet:-1","max-image-preview":"max-image-preview:large","max-video-preview":"max-video-preview:-1"},"canonical":"https:\/\/www.ville-celles-sur-belle.com\/en\/ville-active\/ludotheque\/","og_locale":"en_GB","og_type":"article","og_title":"Ludoth\u00e8que - Mairie de Celles-sur-Belle","og_url":"https:\/\/www.ville-celles-sur-belle.com\/en\/ville-active\/ludotheque\/","og_site_name":"Mairie de Celles-sur-Belle","article_modified_time":"2024-06-06T12:10:19+00:00","og_image":[{"url":"https:\/\/www.ville-celles-sur-belle.com\/wp-content\/uploads\/2023\/12\/logo-150x150.jpg"}],"twitter_card":"summary_large_image","twitter_misc":{"Estimated reading time":"2 minutes"},"schema":{"@context":"https:\/\/schema.org","@graph":[{"@type":"WebSite","@id":"https:\/\/www.ville-celles-sur-belle.com\/#website","url":"https:\/\/www.ville-celles-sur-belle.com\/","name":"Mairie de Celles-sur-Belle","description":"Belle \u00e0 investir","potentialAction":[{"@type":"SearchAction","target":{"@type":"EntryPoint","urlTemplate":"https:\/\/www.ville-celles-sur-belle.com\/?s={search_term_string}"},"query-input":"required name=search_term_string"}],"inLanguage":"en-GB"},{"@type":"ImageObject","@id":"https:\/\/www.ville-celles-sur-belle.com\/ville-active\/ludotheque\/#primaryimage","inLanguage":"en-GB","url":"https:\/\/www.ville-celles-sur-belle.com\/wp-content\/uploads\/2023\/12\/logo.jpg","contentUrl":"https:\/\/www.ville-celles-sur-belle.com\/wp-content\/uploads\/2023\/12\/logo.jpg","width":449,"height":455},{"@type":"WebPage","@id":"https:\/\/www.ville-celles-sur-belle.com\/ville-active\/ludotheque\/#webpage","url":"https:\/\/www.ville-celles-sur-belle.com\/ville-active\/ludotheque\/","name":"Ludoth\u00e8que - Mairie de Celles-sur-Belle","isPartOf":{"@id":"https:\/\/www.ville-celles-sur-belle.com\/#website"},"primaryImageOfPage":{"@id":"https:\/\/www.ville-celles-sur-belle.com\/ville-active\/ludotheque\/#primaryimage"},"datePublished":"2023-12-07T09:24:27+00:00","dateModified":"2024-06-06T12:10:19+00:00","breadcrumb":{"@id":"https:\/\/www.ville-celles-sur-belle.com\/ville-active\/ludotheque\/#breadcrumb"},"inLanguage":"en-GB","potentialAction":[{"@type":"ReadAction","target":["https:\/\/www.ville-celles-sur-belle.com\/ville-active\/ludotheque\/"]}]},{"@type":"BreadcrumbList","@id":"https:\/\/www.ville-celles-sur-belle.com\/ville-active\/ludotheque\/#breadcrumb","itemListElement":[{"@type":"ListItem","position":1,"name":"Accueil","item":"https:\/\/www.ville-celles-sur-belle.com\/"},{"@type":"ListItem","position":2,"name":"Ville active","item":"https:\/\/www.ville-celles-sur-belle.com\/ville-active\/"},{"@type":"ListItem","position":3,"name":"Ludoth\u00e8que"}]}]}},"_links":{"self":[{"href":"https:\/\/www.ville-celles-sur-belle.com\/en\/wp-json\/wp\/v2\/pages\/19419"}],"collection":[{"href":"https:\/\/www.ville-celles-sur-belle.com\/en\/wp-json\/wp\/v2\/pages"}],"about":[{"href":"https:\/\/www.ville-celles-sur-belle.com\/en\/wp-json\/wp\/v2\/types\/page"}],"author":[{"embeddable":true,"href":"https:\/\/www.ville-celles-sur-belle.com\/en\/wp-json\/wp\/v2\/users\/4"}],"replies":[{"embeddable":true,"href":"https:\/\/www.ville-celles-sur-belle.com\/en\/wp-json\/wp\/v2\/comments?post=19419"}],"version-history":[{"count":16,"href":"https:\/\/www.ville-celles-sur-belle.com\/en\/wp-json\/wp\/v2\/pages\/19419\/revisions"}],"predecessor-version":[{"id":19872,"href":"https:\/\/www.ville-celles-sur-belle.com\/en\/wp-json\/wp\/v2\/pages\/19419\/revisions\/19872"}],"up":[{"embeddable":true,"href":"https:\/\/www.ville-celles-sur-belle.com\/en\/wp-json\/wp\/v2\/pages\/15628"}],"wp:attachment":[{"href":"https:\/\/www.ville-celles-sur-belle.com\/en\/wp-json\/wp\/v2\/media?parent=19419"}],"curies":[{"name":"wp","href":"https:\/\/api.w.org\/{rel}","templated":true}]}}