{"id":20406,"date":"2025-07-16T16:34:50","date_gmt":"2025-07-16T14:34:50","guid":{"rendered":"https:\/\/www.ville-celles-sur-belle.com\/?page_id=20406"},"modified":"2025-07-16T16:40:55","modified_gmt":"2025-07-16T14:40:55","slug":"location-de-velos","status":"publish","type":"page","link":"https:\/\/www.ville-celles-sur-belle.com\/en\/location-de-velos\/","title":{"rendered":"Location de v\u00e9los"},"content":{"rendered":"<p>Pendant l&rsquo;\u00e9t\u00e9, d\u00e9couvrez les paysages du Pays Mellois \u00e0 v\u00e9lo.<\/p>\n\n\n\n<p>3 VTC (V\u00e9los Tout Chemin) et 3 VAE (V\u00e9los \u00e0 Assistance Electrique) sont \u00e0 disposition \u00e0 l&rsquo;Abbaye Royale.<\/p>\n\n\n\n<figure class=\"wp-block-gallery columns-1 is-cropped\"><ul class=\"blocks-gallery-grid\"><li class=\"blocks-gallery-item\"><figure><img loading=\"lazy\" width=\"715\" height=\"727\" src=\"https:\/\/www.ville-celles-sur-belle.com\/wp-content\/uploads\/2025\/07\/502603043_739090138780077_2540693637381707503_n-1.jpg\" alt=\"\" data-id=\"20412\" data-full-url=\"https:\/\/www.ville-celles-sur-belle.com\/wp-content\/uploads\/2025\/07\/502603043_739090138780077_2540693637381707503_n-1.jpg\" data-link=\"https:\/\/www.ville-celles-sur-belle.com\/location-de-velos\/502603043_739090138780077_2540693637381707503_n-1\/\" class=\"wp-image-20412\" srcset=\"https:\/\/www.ville-celles-sur-belle.com\/wp-content\/uploads\/2025\/07\/502603043_739090138780077_2540693637381707503_n-1.jpg 715w, https:\/\/www.ville-celles-sur-belle.com\/wp-content\/uploads\/2025\/07\/502603043_739090138780077_2540693637381707503_n-1-295x300.jpg 295w, https:\/\/www.ville-celles-sur-belle.com\/wp-content\/uploads\/2025\/07\/502603043_739090138780077_2540693637381707503_n-1-12x12.jpg 12w, https:\/\/www.ville-celles-sur-belle.com\/wp-content\/uploads\/2025\/07\/502603043_739090138780077_2540693637381707503_n-1-80x80.jpg 80w\" sizes=\"(max-width: 715px) 100vw, 715px\" \/><\/figure><\/li><\/ul><\/figure>\n\n\n\n<p><span class=\"has-inline-color has-black-color\"><strong>\u00a0Tarifs de location\u00a0<\/strong><\/span><\/p>\n\n\n\n<p><strong>V\u00e9los tout chemin<\/strong>&nbsp;:<\/p>\n\n\n\n<p>&#8211; Demi-journ\u00e9e : 15,00\u20ac<\/p>\n\n\n\n<p>&#8211; Journ\u00e9e : 20,00\u20ac<\/p>\n\n\n\n<p>&#8211; Location 24H : 30,00\u20ac<\/p>\n\n\n\n<p>&#8211; Journ\u00e9e suppl\u00e9mentaire 12,00\u20ac<\/p>\n\n\n\n<p>&#8211; Week-end (du vendredi 16h00 au lundi 10h30) : 40,00\u20ac<\/p>\n\n\n\n<p><strong>Caution : 350,00\u20ac par ch\u00e8que uniquement<\/strong><\/p>\n\n\n\n<p><strong>V\u00e9los \u00e0 assistance \u00e9lectrique<\/strong>&nbsp;:<\/p>\n\n\n\n<p>&#8211; Demi-journ\u00e9e : 25,00\u20ac<\/p>\n\n\n\n<p>&#8211; Journ\u00e9e : 35,00\u20ac<\/p>\n\n\n\n<p>&#8211; Location 24H : 50,00\u20ac<\/p>\n\n\n\n<p>&#8211; Journ\u00e9e suppl\u00e9mentaire 15,00\u20ac<\/p>\n\n\n\n<p>&#8211; Week-end (du vendredi 16h00 au lundi 10h30) : 70,00\u20ac<\/p>\n\n\n\n<p><strong>Caution : 500,00\u20ac par ch\u00e8que uniquement<\/strong><\/p>\n\n\n\n<p><\/p>\n\n\n\n<p><\/p>\n\n\n\n<p><img alt=\"\ud83d\udccd\" src=\"https:\/\/static.xx.fbcdn.net\/images\/emoji.php\/v9\/t2d\/1\/16\/1f4cd.png\">&nbsp;Location assur\u00e9e \u00e0 d\u2019accueil de l\u2019Abbaye<\/p>\n\n\n\n<p><img alt=\"\ud83d\udc55\" src=\"https:\/\/static.xx.fbcdn.net\/images\/emoji.php\/v9\/tec\/1\/16\/1f455.png\">&nbsp;Gilets jaunes, cadenas et kit de r\u00e9paration inclus.<\/p>\n\n\n\n<p><\/p>\n\n\n\n<p>Contact : 05 49 32 92 28<\/p>\n\n\n\n<p>Initi\u00e9 par l&rsquo;Office de tourisme Mellois en Poitou.<\/p>","protected":false},"excerpt":{"rendered":"<p>Pendant l&rsquo;\u00e9t\u00e9, d\u00e9couvrez les paysages du Pays Mellois \u00e0 v\u00e9lo. 3 VTC (V\u00e9los Tout Chemin) et 3 VAE (V\u00e9los \u00e0 Assistance Electrique) sont \u00e0 disposition \u00e0 l&rsquo;Abbaye Royale. \u00a0Tarifs de location\u00a0 V\u00e9los tout chemin&nbsp;: &#8211; Demi-journ\u00e9e : 15,00\u20ac &#8211; Journ\u00e9e : 20,00\u20ac &#8211; Location 24H : 30,00\u20ac &#8211; Journ\u00e9e suppl\u00e9mentaire 12,00\u20ac &#8211; Week-end (du vendredi 16h00 au lundi 10h30) : 40,00\u20ac Caution : 350,00\u20ac par ch\u00e8que uniquement V\u00e9los \u00e0 assistance \u00e9lectrique&nbsp;: &#8211; Demi-journ\u00e9e : 25,00\u20ac &#8211; Journ\u00e9e : 35,00\u20ac &#8211; Location 24H : 50,00\u20ac &#8211; Journ\u00e9e suppl\u00e9mentaire 15,00\u20ac &#8211; Week-end (du vendredi 16h00 au lundi 10h30) : 70,00\u20ac Caution : 500,00\u20ac par ch\u00e8que uniquement &nbsp;Location assur\u00e9e \u00e0 d\u2019accueil de l\u2019Abbaye &nbsp;Gilets jaunes, cadenas et kit de r\u00e9paration inclus. Contact : 05 49 32 92 28 Initi\u00e9 par l&rsquo;Office de tourisme Mellois en Poitou.<\/p>","protected":false},"author":4,"featured_media":0,"parent":0,"menu_order":0,"comment_status":"closed","ping_status":"closed","template":"","meta":[],"yoast_head":"<!-- This site is optimized with the Yoast SEO plugin v17.0 - https:\/\/yoast.com\/wordpress\/plugins\/seo\/ -->\n<title>Location de v\u00e9los - Mairie de Celles-sur-Belle<\/title>\n<meta name=\"robots\" content=\"index, follow, max-snippet:-1, max-image-preview:large, max-video-preview:-1\" \/>\n<link rel=\"canonical\" href=\"https:\/\/www.ville-celles-sur-belle.com\/en\/location-de-velos\/\" \/>\n<meta property=\"og:locale\" content=\"en_GB\" \/>\n<meta property=\"og:type\" content=\"article\" \/>\n<meta property=\"og:title\" content=\"Location de v\u00e9los - Mairie de Celles-sur-Belle\" \/>\n<meta property=\"og:description\" content=\"Pendant l&rsquo;\u00e9t\u00e9, d\u00e9couvrez les paysages du Pays Mellois \u00e0 v\u00e9lo. 3 VTC (V\u00e9los Tout Chemin) et 3 VAE (V\u00e9los \u00e0 Assistance Electrique) sont \u00e0 disposition \u00e0 l&rsquo;Abbaye Royale. \u00a0Tarifs de location\u00a0 V\u00e9los tout chemin&nbsp;: &#8211; Demi-journ\u00e9e : 15,00\u20ac &#8211; Journ\u00e9e : 20,00\u20ac &#8211; Location 24H : 30,00\u20ac &#8211; Journ\u00e9e suppl\u00e9mentaire 12,00\u20ac &#8211; Week-end (du vendredi 16h00 au lundi 10h30) : 40,00\u20ac Caution : 350,00\u20ac par ch\u00e8que uniquement V\u00e9los \u00e0 assistance \u00e9lectrique&nbsp;: &#8211; Demi-journ\u00e9e : 25,00\u20ac &#8211; Journ\u00e9e : 35,00\u20ac &#8211; Location 24H : 50,00\u20ac &#8211; Journ\u00e9e suppl\u00e9mentaire 15,00\u20ac &#8211; Week-end (du vendredi 16h00 au lundi 10h30) : 70,00\u20ac Caution : 500,00\u20ac par ch\u00e8que uniquement &nbsp;Location assur\u00e9e \u00e0 d\u2019accueil de l\u2019Abbaye &nbsp;Gilets jaunes, cadenas et kit de r\u00e9paration inclus. Contact : 05 49 32 92 28 Initi\u00e9 par l&rsquo;Office de tourisme Mellois en Poitou.\" \/>\n<meta property=\"og:url\" content=\"https:\/\/www.ville-celles-sur-belle.com\/en\/location-de-velos\/\" \/>\n<meta property=\"og:site_name\" content=\"Mairie de Celles-sur-Belle\" \/>\n<meta property=\"article:modified_time\" content=\"2025-07-16T14:40:55+00:00\" \/>\n<meta property=\"og:image\" content=\"https:\/\/www.ville-celles-sur-belle.com\/wp-content\/uploads\/2025\/07\/502603043_739090138780077_2540693637381707503_n-1.jpg\" \/>\n<meta name=\"twitter:card\" content=\"summary_large_image\" \/>\n<meta name=\"twitter:label1\" content=\"Estimated reading time\" \/>\n\t<meta name=\"twitter:data1\" content=\"2 minutes\" \/>\n<script type=\"application\/ld+json\" class=\"yoast-schema-graph\">{\"@context\":\"https:\/\/schema.org\",\"@graph\":[{\"@type\":\"WebSite\",\"@id\":\"https:\/\/www.ville-celles-sur-belle.com\/#website\",\"url\":\"https:\/\/www.ville-celles-sur-belle.com\/\",\"name\":\"Mairie de Celles-sur-Belle\",\"description\":\"Belle \\u00e0 investir\",\"potentialAction\":[{\"@type\":\"SearchAction\",\"target\":{\"@type\":\"EntryPoint\",\"urlTemplate\":\"https:\/\/www.ville-celles-sur-belle.com\/?s={search_term_string}\"},\"query-input\":\"required name=search_term_string\"}],\"inLanguage\":\"en-GB\"},{\"@type\":\"ImageObject\",\"@id\":\"https:\/\/www.ville-celles-sur-belle.com\/location-de-velos\/#primaryimage\",\"inLanguage\":\"en-GB\",\"url\":\"https:\/\/www.ville-celles-sur-belle.com\/wp-content\/uploads\/2025\/07\/502603043_739090138780077_2540693637381707503_n-1.jpg\",\"contentUrl\":\"https:\/\/www.ville-celles-sur-belle.com\/wp-content\/uploads\/2025\/07\/502603043_739090138780077_2540693637381707503_n-1.jpg\",\"width\":715,\"height\":727},{\"@type\":\"WebPage\",\"@id\":\"https:\/\/www.ville-celles-sur-belle.com\/location-de-velos\/#webpage\",\"url\":\"https:\/\/www.ville-celles-sur-belle.com\/location-de-velos\/\",\"name\":\"Location de v\\u00e9los - Mairie de Celles-sur-Belle\",\"isPartOf\":{\"@id\":\"https:\/\/www.ville-celles-sur-belle.com\/#website\"},\"primaryImageOfPage\":{\"@id\":\"https:\/\/www.ville-celles-sur-belle.com\/location-de-velos\/#primaryimage\"},\"datePublished\":\"2025-07-16T14:34:50+00:00\",\"dateModified\":\"2025-07-16T14:40:55+00:00\",\"breadcrumb\":{\"@id\":\"https:\/\/www.ville-celles-sur-belle.com\/location-de-velos\/#breadcrumb\"},\"inLanguage\":\"en-GB\",\"potentialAction\":[{\"@type\":\"ReadAction\",\"target\":[\"https:\/\/www.ville-celles-sur-belle.com\/location-de-velos\/\"]}]},{\"@type\":\"BreadcrumbList\",\"@id\":\"https:\/\/www.ville-celles-sur-belle.com\/location-de-velos\/#breadcrumb\",\"itemListElement\":[{\"@type\":\"ListItem\",\"position\":1,\"name\":\"Accueil\",\"item\":\"https:\/\/www.ville-celles-sur-belle.com\/\"},{\"@type\":\"ListItem\",\"position\":2,\"name\":\"Location de v\\u00e9los\"}]}]}<\/script>\n<!-- \/ Yoast SEO plugin. -->","yoast_head_json":{"title":"Location de v\u00e9los - Mairie de Celles-sur-Belle","robots":{"index":"index","follow":"follow","max-snippet":"max-snippet:-1","max-image-preview":"max-image-preview:large","max-video-preview":"max-video-preview:-1"},"canonical":"https:\/\/www.ville-celles-sur-belle.com\/en\/location-de-velos\/","og_locale":"en_GB","og_type":"article","og_title":"Location de v\u00e9los - Mairie de Celles-sur-Belle","og_description":"Pendant l&rsquo;\u00e9t\u00e9, d\u00e9couvrez les paysages du Pays Mellois \u00e0 v\u00e9lo. 3 VTC (V\u00e9los Tout Chemin) et 3 VAE (V\u00e9los \u00e0 Assistance Electrique) sont \u00e0 disposition \u00e0 l&rsquo;Abbaye Royale. \u00a0Tarifs de location\u00a0 V\u00e9los tout chemin&nbsp;: &#8211; Demi-journ\u00e9e : 15,00\u20ac &#8211; Journ\u00e9e : 20,00\u20ac &#8211; Location 24H : 30,00\u20ac &#8211; Journ\u00e9e suppl\u00e9mentaire 12,00\u20ac &#8211; Week-end (du vendredi 16h00 au lundi 10h30) : 40,00\u20ac Caution : 350,00\u20ac par ch\u00e8que uniquement V\u00e9los \u00e0 assistance \u00e9lectrique&nbsp;: &#8211; Demi-journ\u00e9e : 25,00\u20ac &#8211; Journ\u00e9e : 35,00\u20ac &#8211; Location 24H : 50,00\u20ac &#8211; Journ\u00e9e suppl\u00e9mentaire 15,00\u20ac &#8211; Week-end (du vendredi 16h00 au lundi 10h30) : 70,00\u20ac Caution : 500,00\u20ac par ch\u00e8que uniquement &nbsp;Location assur\u00e9e \u00e0 d\u2019accueil de l\u2019Abbaye &nbsp;Gilets jaunes, cadenas et kit de r\u00e9paration inclus. Contact : 05 49 32 92 28 Initi\u00e9 par l&rsquo;Office de tourisme Mellois en Poitou.","og_url":"https:\/\/www.ville-celles-sur-belle.com\/en\/location-de-velos\/","og_site_name":"Mairie de Celles-sur-Belle","article_modified_time":"2025-07-16T14:40:55+00:00","og_image":[{"url":"https:\/\/www.ville-celles-sur-belle.com\/wp-content\/uploads\/2025\/07\/502603043_739090138780077_2540693637381707503_n-1.jpg"}],"twitter_card":"summary_large_image","twitter_misc":{"Estimated reading time":"2 minutes"},"schema":{"@context":"https:\/\/schema.org","@graph":[{"@type":"WebSite","@id":"https:\/\/www.ville-celles-sur-belle.com\/#website","url":"https:\/\/www.ville-celles-sur-belle.com\/","name":"Mairie de Celles-sur-Belle","description":"Belle \u00e0 investir","potentialAction":[{"@type":"SearchAction","target":{"@type":"EntryPoint","urlTemplate":"https:\/\/www.ville-celles-sur-belle.com\/?s={search_term_string}"},"query-input":"required name=search_term_string"}],"inLanguage":"en-GB"},{"@type":"ImageObject","@id":"https:\/\/www.ville-celles-sur-belle.com\/location-de-velos\/#primaryimage","inLanguage":"en-GB","url":"https:\/\/www.ville-celles-sur-belle.com\/wp-content\/uploads\/2025\/07\/502603043_739090138780077_2540693637381707503_n-1.jpg","contentUrl":"https:\/\/www.ville-celles-sur-belle.com\/wp-content\/uploads\/2025\/07\/502603043_739090138780077_2540693637381707503_n-1.jpg","width":715,"height":727},{"@type":"WebPage","@id":"https:\/\/www.ville-celles-sur-belle.com\/location-de-velos\/#webpage","url":"https:\/\/www.ville-celles-sur-belle.com\/location-de-velos\/","name":"Location de v\u00e9los - Mairie de Celles-sur-Belle","isPartOf":{"@id":"https:\/\/www.ville-celles-sur-belle.com\/#website"},"primaryImageOfPage":{"@id":"https:\/\/www.ville-celles-sur-belle.com\/location-de-velos\/#primaryimage"},"datePublished":"2025-07-16T14:34:50+00:00","dateModified":"2025-07-16T14:40:55+00:00","breadcrumb":{"@id":"https:\/\/www.ville-celles-sur-belle.com\/location-de-velos\/#breadcrumb"},"inLanguage":"en-GB","potentialAction":[{"@type":"ReadAction","target":["https:\/\/www.ville-celles-sur-belle.com\/location-de-velos\/"]}]},{"@type":"BreadcrumbList","@id":"https:\/\/www.ville-celles-sur-belle.com\/location-de-velos\/#breadcrumb","itemListElement":[{"@type":"ListItem","position":1,"name":"Accueil","item":"https:\/\/www.ville-celles-sur-belle.com\/"},{"@type":"ListItem","position":2,"name":"Location de v\u00e9los"}]}]}},"_links":{"self":[{"href":"https:\/\/www.ville-celles-sur-belle.com\/en\/wp-json\/wp\/v2\/pages\/20406"}],"collection":[{"href":"https:\/\/www.ville-celles-sur-belle.com\/en\/wp-json\/wp\/v2\/pages"}],"about":[{"href":"https:\/\/www.ville-celles-sur-belle.com\/en\/wp-json\/wp\/v2\/types\/page"}],"author":[{"embeddable":true,"href":"https:\/\/www.ville-celles-sur-belle.com\/en\/wp-json\/wp\/v2\/users\/4"}],"replies":[{"embeddable":true,"href":"https:\/\/www.ville-celles-sur-belle.com\/en\/wp-json\/wp\/v2\/comments?post=20406"}],"version-history":[{"count":3,"href":"https:\/\/www.ville-celles-sur-belle.com\/en\/wp-json\/wp\/v2\/pages\/20406\/revisions"}],"predecessor-version":[{"id":20413,"href":"https:\/\/www.ville-celles-sur-belle.com\/en\/wp-json\/wp\/v2\/pages\/20406\/revisions\/20413"}],"wp:attachment":[{"href":"https:\/\/www.ville-celles-sur-belle.com\/en\/wp-json\/wp\/v2\/media?parent=20406"}],"curies":[{"name":"wp","href":"https:\/\/api.w.org\/{rel}","templated":true}]}}